{"id":12794,"date":"2023-01-10T04:41:14","date_gmt":"2023-01-10T07:41:14","guid":{"rendered":"https:\/\/cursos.talentup.cl\/?post_type=product&#038;p=12794"},"modified":"2024-02-07T23:38:08","modified_gmt":"2024-02-08T02:38:08","slug":"crochet-como-negocio","status":"publish","type":"product","link":"https:\/\/cursos.talentup.cl\/?product=crochet-como-negocio","title":{"rendered":"CROCHET COMO NEGOCIO"},"content":{"rendered":"<p>\u00bfSab\u00edas que el crochet es una t\u00e9cnica de tejido muy valorada que puedes realizar desde casa y con una m\u00ednima inversi\u00f3n?<\/p>\n<p>Con el MasterClass CROCHET COMO NEGOCIO aprender\u00e1s paso a paso t\u00e9cnicas profesionales para dise\u00f1ar prendas \u00fanicas y herramientas para monetizar tus creaciones en Crochet<\/p>\n<p>\u00bfQU\u00c9 VAS A LOGRAR?<\/p>\n<p>Conocer\u00e1s los Materiales, Conceptos y Puntos B\u00e1sicos de Crochet.<\/p>\n<p>Aprender\u00e1s las T\u00e9cnicas de Crochet para dar forma a tus Proyectos, como Resortes, Aumentos, Disminuciones y Tejido Circular.<\/p>\n<p>Realizar\u00e1s un muestrario con los puntos b\u00e1sicos de Crochet: Punto Bajo, Medio Punto Alto, Punto Alto, Doble Punto Alto y Triple Punto Alto.<\/p>\n<p>Aprender\u00e1s Puntadas Especiales, las cuales aplicar\u00e1s en los Proyectos Finales.<\/p>\n<p>Crear\u00e1s tus primeras Prendas y Accesorios a Crochet.<\/p>\n<p>Aprender\u00e1s a Leer Diagramas (Patrones).<\/p>\n<p>Desarrollar\u00e1s de la mano de la experta, dos maravillosos proyectos a Crochet a partir de los cuales podr\u00e1s crear variedad de prendas, los proyectos son unos Guantes y un Crop Top.<\/p>\n<p>Te entregaremos herramientas para crear tu propia marca, as\u00ed podr\u00e1s generar ingresos adicionales en un Negocio que tiene una alta demanda.<\/p>\n<p>Acceder\u00e1s al certificado avalado por Hotmart y Seminarios Online.<\/p>\n<p>\u00bfC\u00d3MO LO VAS A LOGRAR?<\/p>\n<p>A trav\u00e9s de un completo programa estructurado paso a paso:<\/p>\n<p>M\u00d3DULO 1 BIENVENIDA<\/p>\n<p>Video 1: Presentaci\u00f3n de la experta.<\/p>\n<p>M\u00d3DULO 2 HERRAMIENTAS Y MATERIALES<\/p>\n<p>Video 2. La Aguja (Anexos en PDF).<br \/>\nVideo 3. Tensi\u00f3n del Hilo.<br \/>\nVideo 4. Accesorios adicionales.<br \/>\nVideo 5. Presentaci\u00f3n de las fibras.<br \/>\nVideo 6. Aprende a leer las Etiquetas.<br \/>\nVideo 7. Desmadejado.<br \/>\nVideo 8. Tabla de Grosores de Lana (Anexo PDF).<br \/>\nVideo 9. Recomendaciones para comprar tus materiales por internet (Curado de informaci\u00f3n).<\/p>\n<p>M\u00d3DULO 3: Puntos B\u00e1sicos<\/p>\n<p>Video 10: Nudo deslizado y cadeneta.<br \/>\nVideo 11: Punto deslizado.<br \/>\nVideo 12: Punto bajo.<br \/>\nVideo 13: Punto Medio Alto.<br \/>\nVideo 14: Punto Alto.<br \/>\nVideo 15: Punto Doble Alto.<br \/>\nVideo 16: Punto Triple Alto.<br \/>\nAnexo de Puntos B\u00e1sicos en PDF.<\/p>\n<p>M\u00d3DULO 4: T\u00e9cnicas de crochet para dar forma a tus proyectos<\/p>\n<p>Video 17: Resorte #1.<br \/>\nVideo 18: Resorte #2.<br \/>\nVideo 19: Resorte #3.<br \/>\nVideo 20: Aumentos.<br \/>\nVideo 21: Disminuciones.<br \/>\nVideo 22: Tejido circular con cadeneta.<br \/>\nVideo 23: Tejido circular con Anillo M\u00e1gico.<\/p>\n<p>M\u00d3DULO 5: Puntadas Especiales<\/p>\n<p>Video 24: Flor en 3D.<br \/>\nVideo 25: Cord\u00f3n en Crochet.<br \/>\nVideo 26: Punto Abanico.<br \/>\nVideo 27: Punto red o malla.<br \/>\nVideo 28: Punto Cangrejo.<\/p>\n<p>M\u00d3DULO 6 \u2013 Lectura de Diagramas<\/p>\n<p>Video 29: C\u00f3mo leer Diagramas (Patrones).<br \/>\nVideo 30: Ejemplo Pr\u00e1ctico.<\/p>\n<p>M\u00d3DULO 7: Proyectos con Base en lo Aprendido<\/p>\n<p>Video 31: Proyecto Guantes.<br \/>\nVideo 32: Proyecto Avanzado Crop Top.         <\/p>\n<p>M\u00d3DULO 8. Preguntas Frecuentes<\/p>\n<p>Video 33: C\u00f3mo evito que mi bola de Lana ruede.<br \/>\nVideo 34: Porqu\u00e9 sacar la hebra desde el centro de la madeja.<\/p>\n<p>M\u00d3DULO 9. Material Complementario &#8211; BONUS<\/p>\n<p>Video 35: Creaci\u00f3n de Fanpage en Facebook.<br \/>\nVideo 36: Creaci\u00f3n de logo y piezas publicitarias.<br \/>\nVideo 37: C\u00f3mo costear y dar valor a tus proyectos.<\/p>\n<p>ACERCA DE LA PRODUCTORA<\/p>\n<p>Desarrollado por SANDY DOM\u00cdNGUEZ; Dise\u00f1adora textil de profesi\u00f3n con m\u00e1s de 20 a\u00f1os de experiencia, apasionada por el dise\u00f1o de prendas y accesorios en Crochet, colombiana, emprendedora y con deseos de ense\u00f1ar a otros este bello arte como oportunidad de negocio.<\/p>\n","protected":false},"excerpt":{"rendered":"<p>\u00bfSab\u00edas que el crochet es una t\u00e9cnica de tejido muy valorada que puedes realizar desde casa y con una m\u00ednima inversi\u00f3n?<\/p>\n<p>Con el MasterClass CROCHET COMO NEGOCIO aprender\u00e1s paso a paso t\u00e9cnicas profesionales para dise\u00f1ar prendas \u00fanicas y herramientas para monetizar tus creaciones en Crochet<\/p>\n","protected":false},"featured_media":4849,"template":"","meta":{"_joinchat":[]},"product_brand":[],"product_cat":[333,344],"product_tag":[],"class_list":{"0":"post-12794","1":"product","2":"type-product","3":"status-publish","4":"has-post-thumbnail","6":"product_cat-negocios-y-marketing","7":"product_cat-todos","9":"first","10":"instock","11":"sale","12":"shipping-taxable","13":"product-type-external"},"_links":{"self":[{"href":"https:\/\/cursos.talentup.cl\/index.php?rest_route=\/wp\/v2\/product\/12794","targetHints":{"allow":["GET"]}}],"collection":[{"href":"https:\/\/cursos.talentup.cl\/index.php?rest_route=\/wp\/v2\/product"}],"about":[{"href":"https:\/\/cursos.talentup.cl\/index.php?rest_route=\/wp\/v2\/types\/product"}],"version-history":[{"count":2,"href":"https:\/\/cursos.talentup.cl\/index.php?rest_route=\/wp\/v2\/product\/12794\/revisions"}],"predecessor-version":[{"id":14691,"href":"https:\/\/cursos.talentup.cl\/index.php?rest_route=\/wp\/v2\/product\/12794\/revisions\/14691"}],"wp:featuredmedia":[{"embeddable":true,"href":"https:\/\/cursos.talentup.cl\/index.php?rest_route=\/wp\/v2\/media\/4849"}],"wp:attachment":[{"href":"https:\/\/cursos.talentup.cl\/index.php?rest_route=%2Fwp%2Fv2%2Fmedia&parent=12794"}],"wp:term":[{"taxonomy":"product_brand","embeddable":true,"href":"https:\/\/cursos.talentup.cl\/index.php?rest_route=%2Fwp%2Fv2%2Fproduct_brand&post=12794"},{"taxonomy":"product_cat","embeddable":true,"href":"https:\/\/cursos.talentup.cl\/index.php?rest_route=%2Fwp%2Fv2%2Fproduct_cat&post=12794"},{"taxonomy":"product_tag","embeddable":true,"href":"https:\/\/cursos.talentup.cl\/index.php?rest_route=%2Fwp%2Fv2%2Fproduct_tag&post=12794"}],"curies":[{"name":"wp","href":"https:\/\/api.w.org\/{rel}","templated":true}]}}