{"id":12797,"date":"2023-01-10T04:41:14","date_gmt":"2023-01-10T07:41:14","guid":{"rendered":"https:\/\/cursos.talentup.cl\/?post_type=product&#038;p=12797"},"modified":"2024-02-07T23:38:08","modified_gmt":"2024-02-08T02:38:08","slug":"florales-modernos-para-negocio","status":"publish","type":"product","link":"https:\/\/cursos.talentup.cl\/?product=florales-modernos-para-negocio","title":{"rendered":"FLORALES MODERNOS PARA NEGOCIO"},"content":{"rendered":"<p>\u00bfSab\u00edas que las flores tienen un profundo significado para los seres humanos?<\/p>\n<p>Con el MasterClass FLORALES MODERNOS PARA NEGOCIO, aprender\u00e1s a dise\u00f1ar arreglos florales de estilos estilos \u00fanicos y modernos, para emprender un negocio muy lucrativo y de alta demanda.<\/p>\n<p>\u00bfQU\u00c9 VAS A LOGRAR?<\/p>\n<p>Aprender\u00e1s a emprender tu negocio floral sin altas inversiones de dinero.<\/p>\n<p>Dominaras t\u00e9cnicas florales como base para crear incre\u00edbles dise\u00f1os.<\/p>\n<p>Conocer\u00e1s m\u00e1s a fondo el mercado floral y sus llamativos acompa\u00f1amientos.<\/p>\n<p>Mediante tips y recomendaciones, evitar\u00e1s cometer errores dentro de la industria floral.<\/p>\n<p>Aplicaras 3 t\u00e9cnicas florales con las cuales podr\u00e1s ampliar tus servicios en tu cat\u00e1logo y sacarle el m\u00e1ximo provecho.<\/p>\n<p>Aprender\u00e1s t\u00e9cnicas de como derretir el chocolate y la decoraci\u00f3n de fresas.<\/p>\n<p>Desarrollaras tu marca con importantes diferenciadores, estilos \u00fanicos y modernos.<\/p>\n<p>Despertar\u00e1s tu criterio arm\u00f3nico para crear composiciones florales.<\/p>\n<p>Acceder\u00e1s al certificado avalado por Hotmart y Seminarios Online.<\/p>\n<p>\u00bfC\u00d3MO LO VAS A LOGRAR?<\/p>\n<p>A trav\u00e9s del siguiente contenido, estructurado paso a paso:<\/p>\n<p>M\u00f3dulo no.1 (core) puv<\/p>\n<p>Presentaci\u00f3n<br \/>\nVideo no 1 &#8211; \u00bfPor qu\u00e9 es rentable el negocio?<br \/>\nVideo no 2 &#8211; Tips y recomendaciones (a)<br \/>\nVideo no 3 &#8211; Tips y recomendaciones (b)<br \/>\nVideo no 4 &#8211; Bouquet moderno (a)<br \/>\nVideo no 5 &#8211; Bouquet moderno (b)<br \/>\nVideo no 6 &#8211; Bouquet de novia<br \/>\nVideo no 7 &#8211; Bouquet collage<br \/>\nVideo no 8 &#8211; Botella floral (a)<br \/>\nVideo no 9 &#8211; Botella floral (b)<br \/>\nVideo no 10 &#8211; Dise\u00f1o frutal (a)<br \/>\nVideo no 11 &#8211; Dise\u00f1o frutal (b)<br \/>\nVideo no 12 &#8211; Dise\u00f1o floral redondo (a)<br \/>\nVideo no 13 &#8211; Dise\u00f1o floral redondo (b)<br \/>\nVideo no 14 &#8211; Dise\u00f1o jard\u00edn (a)<br \/>\nVideo no 15 &#8211; Dise\u00f1o jard\u00edn (b)<br \/>\nVideo no 16 &#8211; Errores comunes en bases florales (a)<br \/>\nVideo no 17 &#8211; Errores comunes en bases florales (b)<\/p>\n<p>M\u00f3dulo no.2 (Secado y preservaci\u00f3n de rosas)<\/p>\n<p>Video no 18 &#8211; T\u00e9cnica y secado de rosas<br \/>\nVideo no 19 &#8211; Dise\u00f1o con rosas secas (a)<br \/>\nVideo no 20 &#8211; Dise\u00f1o con rosas secas (b)<\/p>\n<p>M\u00f3dulo no.3 (Elaboraci\u00f3n de rosas en cinta de tela)<\/p>\n<p>Video no 21 &#8211; Rosas en cinta de tela (a)<br \/>\nVideo no 22 &#8211; Rosas en cinta de tela (b)  <\/p>\n<p>M\u00f3dulo no.4 (Material adicional bonos)<\/p>\n<p>Video no 23 &#8211; Presentaci\u00f3n fresas con chocolate<br \/>\nVideo no 24 &#8211; T\u00e9cnica para fundir el chocolate<br \/>\nVideo no 25 &#8211; T\u00e9cnica de color y toppings para fresas<br \/>\nVideo no 26 &#8211; Fresas doradas<br \/>\nVideo no 27 &#8211; Moldes de chocolate<br \/>\nVideo no 28 &#8211; Osa rellana de brownie<\/p>\n<p>M\u00f3dulo no.4 Video respuesta<\/p>\n<p>Video no 29 &#8211; \u00bfC\u00f3mo hidratar un oasis en una composici\u00f3n floral?<\/p>\n<p>ACERCA DE LA PRODUCTORA<\/p>\n<p>Desarrollado por JENNY PAOLA BECERRA, florista experta hace 5 a\u00f1os, creadora de una reconocida marca floral a nivel local, la cual ha obtenido gran \u00e9xito debido a su trabajo visualmente armonioso acompa\u00f1ando las flores con los chocolates como plus en sus composiciones florales.<\/p>\n","protected":false},"excerpt":{"rendered":"<p>\u00bfSab\u00edas que las flores tienen un profundo significado para los seres humanos?<\/p>\n<p>Con el MasterClass FLORALES MODERNOS PARA NEGOCIO, aprender\u00e1s a dise\u00f1ar arreglos florales de estilos estilos \u00fanicos y modernos, para emprender un negocio muy lucrativo y de alta demanda.<\/p>\n","protected":false},"featured_media":4852,"template":"","meta":{"_joinchat":[]},"product_brand":[],"product_cat":[333,344],"product_tag":[],"class_list":{"0":"post-12797","1":"product","2":"type-product","3":"status-publish","4":"has-post-thumbnail","6":"product_cat-negocios-y-marketing","7":"product_cat-todos","9":"first","10":"instock","11":"sale","12":"shipping-taxable","13":"product-type-external"},"_links":{"self":[{"href":"https:\/\/cursos.talentup.cl\/index.php?rest_route=\/wp\/v2\/product\/12797","targetHints":{"allow":["GET"]}}],"collection":[{"href":"https:\/\/cursos.talentup.cl\/index.php?rest_route=\/wp\/v2\/product"}],"about":[{"href":"https:\/\/cursos.talentup.cl\/index.php?rest_route=\/wp\/v2\/types\/product"}],"version-history":[{"count":2,"href":"https:\/\/cursos.talentup.cl\/index.php?rest_route=\/wp\/v2\/product\/12797\/revisions"}],"predecessor-version":[{"id":14694,"href":"https:\/\/cursos.talentup.cl\/index.php?rest_route=\/wp\/v2\/product\/12797\/revisions\/14694"}],"wp:featuredmedia":[{"embeddable":true,"href":"https:\/\/cursos.talentup.cl\/index.php?rest_route=\/wp\/v2\/media\/4852"}],"wp:attachment":[{"href":"https:\/\/cursos.talentup.cl\/index.php?rest_route=%2Fwp%2Fv2%2Fmedia&parent=12797"}],"wp:term":[{"taxonomy":"product_brand","embeddable":true,"href":"https:\/\/cursos.talentup.cl\/index.php?rest_route=%2Fwp%2Fv2%2Fproduct_brand&post=12797"},{"taxonomy":"product_cat","embeddable":true,"href":"https:\/\/cursos.talentup.cl\/index.php?rest_route=%2Fwp%2Fv2%2Fproduct_cat&post=12797"},{"taxonomy":"product_tag","embeddable":true,"href":"https:\/\/cursos.talentup.cl\/index.php?rest_route=%2Fwp%2Fv2%2Fproduct_tag&post=12797"}],"curies":[{"name":"wp","href":"https:\/\/api.w.org\/{rel}","templated":true}]}}