{"id":12799,"date":"2023-01-10T04:41:15","date_gmt":"2023-01-10T07:41:15","guid":{"rendered":"https:\/\/cursos.talentup.cl\/?post_type=product&#038;p=12799"},"modified":"2024-02-07T23:38:10","modified_gmt":"2024-02-08T02:38:10","slug":"el-negocio-de-las-sandalias-artesanales","status":"publish","type":"product","link":"https:\/\/cursos.talentup.cl\/?product=el-negocio-de-las-sandalias-artesanales","title":{"rendered":"EL NEGOCIO DE LAS SANDALIAS ARTESANALES"},"content":{"rendered":"<p>\u00bfQuieres tener tu propia l\u00ednea de calzado?<\/p>\n<p>Con el MasterClass EL NEGOCIO DE LAS SANDALIAS ARTESANALES dise\u00f1ar\u00e1s y confeccionar\u00e1s, diferentes modelos de sandalias y emprender\u00e1s un negocio comercializ\u00e1ndolas en redes sociales.<\/p>\n<p>\u00bfQU\u00c9 VAS A LOGRAR?<\/p>\n<p>Lograr\u00e1s aprender a confeccionar sandalias artesanales, tus propios modelos y dise\u00f1os sin maquinarias y poder comercializarlos en las distintas redes sociales y vender al mayor en distintas partes del mundo.<\/p>\n<p>Crear\u00e1s tu propia l\u00ednea de calzado y emprender tu propio negocio.<\/p>\n<p>Te dar\u00e1s cuenta que posees talento, creatividad y dotes art\u00edsticos que ten\u00edas ocultos.<\/p>\n<p>Tendr\u00e1s la oportunidad de comenzar desde cero sin ninguna experiencia previa ni cursos adicionales.<\/p>\n<p>Podr\u00e1s capacitarte en la comodidad de tu casa a tu propio ritmo y tiempo.<\/p>\n<p>Conocer\u00e1s Las herramientas que debes tener en cuenta para lograr un buen dise\u00f1o e impulsar tu l\u00ednea de calzado.<\/p>\n<p>Aprender\u00e1s sobre forrado de la horma, dise\u00f1ar un patr\u00f3n base, desglose del modelo en la horma y pegado en cartulina, corte de patr\u00f3n en cartulina.<\/p>\n<p>Conocer\u00e1s sobre dise\u00f1o, pegado de plantillas, a dar aumento y acabados.<\/p>\n<p>Aprender\u00e1s c\u00f3mo hacer una plantilla para horma de sandalias bajitas y de sandalias plataformas.<\/p>\n<p>Aprender\u00e1s c\u00f3mo hacer sandalias con tiras tejidas, sandalias con tela jean y sandalias con yute.<\/p>\n<p>Pegar\u00e1s las suelas con el secador de cabello y con cocina o estufa.<\/p>\n<p>Aprender\u00e1s la mejor forma de comercializar y vender tus productos.<\/p>\n<p>Acceder\u00e1s al certificado avalado por Hotmart y Seminarios Online.<\/p>\n<p>\u00bfC\u00d3MO LO VAS A LOGRAR?<\/p>\n<p>A trav\u00e9s del siguiente contenido, estructurado paso a paso:<\/p>\n<p>M\u00f3dulo No.1 PUV<\/p>\n<p>Introducci\u00f3n y bienvenida al programa.<br \/>\nJustificaci\u00f3n y presentaci\u00f3n de las herramientas en general. <\/p>\n<p>M\u00f3dulo No. 2: Anuncio y presentaci\u00f3n de materiales a usar en el curso <\/p>\n<p>Anuncio de preparaci\u00f3n.<br \/>\nPresentaci\u00f3n de los materiales.<\/p>\n<p>M\u00f3dulo No.3 Modelo 1: Sandalias con tiras tejidas <\/p>\n<p>Armado del patr\u00f3n. Parte I.<br \/>\nArmado del patr\u00f3n. Parte II.<br \/>\nMedidas de horma, dibujo, corte de patrones y plantillas.<br \/>\nPegado y armado de patrones.<br \/>\nPegado de tiras y plantillas.<br \/>\nForrado de plantillas.<br \/>\nArmado de plantillas, preparaci\u00f3n de tejido de tiras.<br \/>\nProceso de montado en horma.<br \/>\nCalentamiento de suelas, plantillas y finalizaci\u00f3n de modelo.  <\/p>\n<p>M\u00f3dulo No.4 \u2013 Modelo 2: Sandalias con tiras de tobillo y cruzadas  <\/p>\n<p>Presentaci\u00f3n de los materiales y forrado de plantillas.<br \/>\nMedidas de plantillas y pegado \/ montado en horma.<br \/>\nCalentamiento de suelas y plantillas \/ finalizaci\u00f3n de modelo.<\/p>\n<p>M\u00f3dulo No.5 \u2013 Modelo 3: Sandalias con yute <\/p>\n<p>Presentaci\u00f3n de los materiales \/ pegado de tiras y doblado \/ pegado de yute en la suela.<br \/>\nMontado sobre hormas y colocaci\u00f3n de broches y hebillas \/ finalizaci\u00f3n de modelo de sandalias.<\/p>\n<p>M\u00f3dulo No.6 \u2013 Modelo 4: Sandalias plataformas  <\/p>\n<p>Presentaci\u00f3n de los materiales.<br \/>\nDise\u00f1o y corte del patr\u00f3n.<br \/>\nForrado de horma.<br \/>\nL\u00edneas b\u00e1sicas de un calzado.<br \/>\nCorte y pegado de patr\u00f3n en cartulina.<br \/>\nDise\u00f1o de plantillas.<br \/>\nPegado y montado.<br \/>\nPreparaci\u00f3n de estufa o cocina para calentado de suela.<br \/>\nFinalizaci\u00f3n de modelo.  <\/p>\n<p>M\u00f3dulo No.7 \u2013 Modelo 5: Sandalias con tela jean <\/p>\n<p>Armado de patrones \/ corte de plantillas.<br \/>\nPegado de piezas y doblado \/ armado y montado de piezas.<br \/>\nFinalizaci\u00f3n de modelo. <\/p>\n<p>M\u00f3dulo No.8 \u2013 Modelo 6: Sandalias de dedos con tiras <\/p>\n<p>Materiales a usar \/ medidas de piezas y montado en la horma.<br \/>\nCalentamiento de suela y pegado\/ finalizaci\u00f3n de modelo.  <\/p>\n<p>M\u00f3dulo No.9 Material adicional &#8211; BONOS<br \/>\nEbook <\/p>\n<p>7 pasos para emprender con \u00e9xito.<br \/>\nPasos para crear tu marca personal.<br \/>\nPasos para trabajar en nosotros y luego en los negocios. <\/p>\n<p>M\u00f3dulo No.10 Video respuestas<\/p>\n<p>\u00bfDentro del curso tendr\u00e9 acceso a las medidas, tiempos de calentado y fundamentos b\u00e1sicos para elaboraci\u00f3n de las sandalias?<br \/>\n\u00bfC\u00f3mo Obtener Tu Certificado?<\/p>\n<p>ACERCA DE LA PRODUCTORA<\/p>\n<p>Desarrollado por JESSICKA TINEO venezolana, contadora p\u00fablica, emprendedora y creativa con el alma y coraz\u00f3n; crea y dise\u00f1a lo que le viene en mente, siempre en busca de aprender y darle creatividad a la vida de cualquier forma y ense\u00f1ando lo aprendido. <\/p>\n<p>Con m\u00e1s de 10 a\u00f1os en el mundo del emprendimiento, actualmente reside en Per\u00fa, pa\u00eds que le abri\u00f3 las puertas y le ense\u00f1\u00f3 a realizar hermosas sandalias artesanales para negocio. <\/p>\n<p>Buscando oportunidades conoci\u00f3 y se capacit\u00f3 con los mejores artesanos en la industria del calzado, dedicando varios d\u00edas a la prueba y error, paso de fabricar modelos de sandalias para familiares y amigos, a expandir su negocio y consolidar su marca en redes sociales. <\/p>\n<p>Expres\u00f3 \u00ab\u00a1Me siento feliz porque estoy ense\u00f1ando lo que aprend\u00ed y quiero que aprendan las madres o cabezas de familia para que dependen de ellas mismas y tengan confianza en s\u00ed misma y tomen en cuenta que todo lo pueden si creen que lo lograr\u00e1n\u201d!<\/p>\n","protected":false},"excerpt":{"rendered":"<p>\u00bfQuieres tener tu propia l\u00ednea de calzado?<\/p>\n<p>Con el MasterClass EL NEGOCIO DE LAS SANDALIAS ARTESANALES dise\u00f1ar\u00e1s y confeccionar\u00e1s, diferentes modelos de sandalias y emprender\u00e1s un negocio comercializ\u00e1ndolas en redes sociales.<\/p>\n","protected":false},"featured_media":4855,"template":"","meta":{"_joinchat":[]},"product_brand":[],"product_cat":[333,344],"product_tag":[],"class_list":{"0":"post-12799","1":"product","2":"type-product","3":"status-publish","4":"has-post-thumbnail","6":"product_cat-negocios-y-marketing","7":"product_cat-todos","9":"first","10":"instock","11":"sale","12":"shipping-taxable","13":"product-type-external"},"_links":{"self":[{"href":"https:\/\/cursos.talentup.cl\/index.php?rest_route=\/wp\/v2\/product\/12799","targetHints":{"allow":["GET"]}}],"collection":[{"href":"https:\/\/cursos.talentup.cl\/index.php?rest_route=\/wp\/v2\/product"}],"about":[{"href":"https:\/\/cursos.talentup.cl\/index.php?rest_route=\/wp\/v2\/types\/product"}],"version-history":[{"count":2,"href":"https:\/\/cursos.talentup.cl\/index.php?rest_route=\/wp\/v2\/product\/12799\/revisions"}],"predecessor-version":[{"id":14697,"href":"https:\/\/cursos.talentup.cl\/index.php?rest_route=\/wp\/v2\/product\/12799\/revisions\/14697"}],"wp:featuredmedia":[{"embeddable":true,"href":"https:\/\/cursos.talentup.cl\/index.php?rest_route=\/wp\/v2\/media\/4855"}],"wp:attachment":[{"href":"https:\/\/cursos.talentup.cl\/index.php?rest_route=%2Fwp%2Fv2%2Fmedia&parent=12799"}],"wp:term":[{"taxonomy":"product_brand","embeddable":true,"href":"https:\/\/cursos.talentup.cl\/index.php?rest_route=%2Fwp%2Fv2%2Fproduct_brand&post=12799"},{"taxonomy":"product_cat","embeddable":true,"href":"https:\/\/cursos.talentup.cl\/index.php?rest_route=%2Fwp%2Fv2%2Fproduct_cat&post=12799"},{"taxonomy":"product_tag","embeddable":true,"href":"https:\/\/cursos.talentup.cl\/index.php?rest_route=%2Fwp%2Fv2%2Fproduct_tag&post=12799"}],"curies":[{"name":"wp","href":"https:\/\/api.w.org\/{rel}","templated":true}]}}