{"id":12800,"date":"2023-01-10T04:41:15","date_gmt":"2023-01-10T07:41:15","guid":{"rendered":"https:\/\/cursos.talentup.cl\/?post_type=product&#038;p=12800"},"modified":"2024-02-07T23:38:10","modified_gmt":"2024-02-08T02:38:10","slug":"sublimacion-de-tazas-y-termos-como-negocio","status":"publish","type":"product","link":"https:\/\/cursos.talentup.cl\/?product=sublimacion-de-tazas-y-termos-como-negocio","title":{"rendered":"SUBLIMACI\u00d3N DE TAZAS Y TERMOS COMO NEGOCIO"},"content":{"rendered":"<p>\u00bfConoces el mundo de la sublimaci\u00f3n?<\/p>\n<p>Con el MasterClass SUBLIMACION DE TAZAS Y TERMOS COMO NEGOCIO, Conocer\u00e1s los pasos, las herramientas, los proveedores, los costos y materiales para iniciarte en este maravilloso mundo.<\/p>\n<p>\u00bfQU\u00c9 VAS A LOGRAR?<\/p>\n<p>Conocer\u00e1s todas las claves para crear f\u00e1cilmente tazas y termos sublimados.<\/p>\n<p>Entender\u00e1s los aspectos t\u00e9cnicos de la sublimaci\u00f3n de tazas y termos.<\/p>\n<p>Conocer\u00e1s los pasos para iniciarte en el negocio de la sublimaci\u00f3n de tazas y termos personalizados.<\/p>\n<p>Dominar\u00e1s el uso de tus herramientas para sacarles el m\u00e1ximo provecho.<\/p>\n<p>Aprender\u00e1s c\u00f3mo se sublima desde cero una taza y un termo.<\/p>\n<p>Aprender\u00e1s a sublimar una taza blanca, de color interno, metalizada y m\u00e1gica.<\/p>\n<p>Aprender\u00e1s a sublimar un termo blanco y uno plateado.<\/p>\n<p>Aprender\u00e1s a editar plantillas predise\u00f1adas en Photoshop.<\/p>\n<p>Aprender\u00e1s c\u00f3mo hacer tus propios dise\u00f1os desde cero.<\/p>\n<p>Aprender\u00e1s a crear mockups para mostrar tus dise\u00f1os a tus clientes.<\/p>\n<p>Conocer\u00e1s c\u00f3mo puedes iniciar tu negocio con la m\u00ednima inversi\u00f3n.<\/p>\n<p>Conocer\u00e1s que equipos debes comprar si deseas tener tu negocio completo desde la comodidad de tu casa.<\/p>\n<p>Aprender\u00e1s c\u00f3mo encontrar tus primeros clientes.<\/p>\n<p>Aprender\u00e1s c\u00f3mo empacar y enviar tus pedidos a otras ciudades.<\/p>\n<p>Acceder\u00e1s al certificado avalado por Hotmart y Seminarios Online.<\/p>\n<p>\u00bfC\u00d3MO LO VAS A LOGRAR?<\/p>\n<p>A trav\u00e9s del siguiente contenido, estructurado paso a paso:<\/p>\n<p>M\u00d3DULO 1: PRIMEROS PASOS<\/p>\n<p>Presentaci\u00f3n.<br \/>\nRecomendaciones.<br \/>\nQu\u00e9 es la sublimaci\u00f3n.<br \/>\nPor qu\u00e9 iniciar un negocio de sublimaci\u00f3n de tazas y termos.<br \/>\nConociendo los equipos y las herramientas que vamos a utilizar.<br \/>\nConociendo e instalando los programas que vamos a utilizar.<br \/>\nInstalando los perfiles de color y tipograf\u00edas.<\/p>\n<p>M\u00d3DULO 2: TRABAJANDO CON VECTORES GRAFICOS<\/p>\n<p>Qu\u00e9 son los vectores gr\u00e1ficos.<br \/>\nC\u00f3mo buscar y descargar vectores gr\u00e1ficos.<br \/>\nC\u00f3mo integrar vectores gr\u00e1ficos en mis dise\u00f1os.<\/p>\n<p>M\u00d3DULO 3: TRABAJANDO EN PHOTOSHOP<\/p>\n<p>Creando la plantilla base para taza y para termo.<br \/>\nConozcamos los elementos de una plantilla y c\u00f3mo editar textos.<br \/>\nComo editar fondos y elementos gr\u00e1ficos.<br \/>\nTrabajando con fotograf\u00edas.<br \/>\nC\u00f3mo imprimir desde Photoshop.<\/p>\n<p>M\u00d3DULO 4: VAMOS A SUBLIMAR<\/p>\n<p>Tiempo y temperatura para las tazas.<br \/>\nPr\u00e1ctica: Sublimando tazas.<br \/>\nPractica: Sublimando termos.<\/p>\n<p>M\u00d3DULO 5: EMPEZANDO TU NEGOCIO<\/p>\n<p>\u00bfPor qu\u00e9 es rentable este negocio?<br \/>\n\u00bfQu\u00e9 debo comprar para empezar?<br \/>\nC\u00f3mo iniciar con la m\u00ednima inversi\u00f3n.<br \/>\nC\u00f3mo encontrar proveedores.<br \/>\nCreando las redes sociales.<br \/>\nEncuentra tus primeros clientes.<br \/>\nC\u00f3mo empacar correctamente.<br \/>\nC\u00f3mo gestionar tus clientes.<br \/>\nPrecios y costos.<\/p>\n<p>BONO 1: MIL PLANTILLAS EDITABLES PARA TAZAS<\/p>\n<p>Descarga mil plantillas para tazas listas para imprimir y sublimar.<\/p>\n<p>BONO 2: CREA TUS MOCKUPS DE TAZAS Y TERMOS<\/p>\n<p>Qu\u00e9 son los mockups y para qu\u00e9 sirven.<br \/>\nCreando mockups para tazas.<br \/>\nCreando mockups para termos.<\/p>\n<p>M\u00d3DULO: PREGUNTAS FRECUENTES<\/p>\n<p>\u00bfPuedo sublimar art\u00edculos pl\u00e1sticos?<br \/>\n\u00bfCu\u00e1l debe ser la temperatura ideal para sublimar tazas?<br \/>\n\u00bfPor qu\u00e9 los colores se ven desgastados al imprimir el papel?<br \/>\n\u00bfPor qu\u00e9 imprimen en RGB?<\/p>\n<p>ACERCA DEL PRODUCTOR<\/p>\n<p>Desarrollado por ALEJANDRO VEGA BETANCUR, emprendedor digital con m\u00e1s de 8 a\u00f1os de experiencia en el mundo de la sublimaci\u00f3n de productos personalizados. <\/p>\n<p>Co-fundador de Expresi\u00f3n y Arte, una tienda online de art\u00edculos personalizados que hoy en d\u00eda se especializa en tazas y termos por ser productos de gran demanda durante todo el a\u00f1o.<\/p>\n","protected":false},"excerpt":{"rendered":"<p>\u00bfConoces el mundo de la sublimaci\u00f3n?<\/p>\n<p>Con el MasterClass SUBLIMACION DE TAZAS Y TERMOS COMO NEGOCIO, Conocer\u00e1s los pasos, las herramientas, los proveedores, los costos y materiales para iniciarte en este maravilloso mundo.<\/p>\n","protected":false},"featured_media":4856,"template":"","meta":{"_joinchat":[]},"product_brand":[],"product_cat":[333,344],"product_tag":[],"class_list":{"0":"post-12800","1":"product","2":"type-product","3":"status-publish","4":"has-post-thumbnail","6":"product_cat-negocios-y-marketing","7":"product_cat-todos","9":"first","10":"instock","11":"sale","12":"shipping-taxable","13":"product-type-external"},"_links":{"self":[{"href":"https:\/\/cursos.talentup.cl\/index.php?rest_route=\/wp\/v2\/product\/12800","targetHints":{"allow":["GET"]}}],"collection":[{"href":"https:\/\/cursos.talentup.cl\/index.php?rest_route=\/wp\/v2\/product"}],"about":[{"href":"https:\/\/cursos.talentup.cl\/index.php?rest_route=\/wp\/v2\/types\/product"}],"version-history":[{"count":2,"href":"https:\/\/cursos.talentup.cl\/index.php?rest_route=\/wp\/v2\/product\/12800\/revisions"}],"predecessor-version":[{"id":14698,"href":"https:\/\/cursos.talentup.cl\/index.php?rest_route=\/wp\/v2\/product\/12800\/revisions\/14698"}],"wp:featuredmedia":[{"embeddable":true,"href":"https:\/\/cursos.talentup.cl\/index.php?rest_route=\/wp\/v2\/media\/4856"}],"wp:attachment":[{"href":"https:\/\/cursos.talentup.cl\/index.php?rest_route=%2Fwp%2Fv2%2Fmedia&parent=12800"}],"wp:term":[{"taxonomy":"product_brand","embeddable":true,"href":"https:\/\/cursos.talentup.cl\/index.php?rest_route=%2Fwp%2Fv2%2Fproduct_brand&post=12800"},{"taxonomy":"product_cat","embeddable":true,"href":"https:\/\/cursos.talentup.cl\/index.php?rest_route=%2Fwp%2Fv2%2Fproduct_cat&post=12800"},{"taxonomy":"product_tag","embeddable":true,"href":"https:\/\/cursos.talentup.cl\/index.php?rest_route=%2Fwp%2Fv2%2Fproduct_tag&post=12800"}],"curies":[{"name":"wp","href":"https:\/\/api.w.org\/{rel}","templated":true}]}}