{"id":12834,"date":"2023-01-10T04:41:19","date_gmt":"2023-01-10T07:41:19","guid":{"rendered":"https:\/\/cursos.talentup.cl\/?post_type=product&#038;p=12834"},"modified":"2024-02-07T23:38:11","modified_gmt":"2024-02-08T02:38:11","slug":"aprende-y-emprender-tejiendo-sandalias-en-crochet","status":"publish","type":"product","link":"https:\/\/cursos.talentup.cl\/?product=aprende-y-emprender-tejiendo-sandalias-en-crochet","title":{"rendered":"APRENDE Y EMPRENDE TEJIENDO SANDALIAS EN CROCHET"},"content":{"rendered":"<p>\u00bfSab\u00edas que con la t\u00e9cnica del crochet es posible crear calzado?<\/p>\n<p>Con el MasterClass APRENDE Y EMPRENDE TEJIDO SANDALIAS EN CROCHET, aprender\u00e1s la t\u00e9cnica del crochet, los materiales y las herramientas necesarias para la fabricaci\u00f3n de calzado y as\u00ed lograr\u00e1s desarrollar tu propio negocio.<\/p>\n<p>\u00bfC\u00d3MO LO VAS A LOGRAR?<\/p>\n<p>A trav\u00e9s del siguiente contenido, estructurado paso a paso:<\/p>\n<p>M\u00d3DULO 1 &#8211; UN POCO DE MI <\/p>\n<p>Introducci\u00f3n y bienvenida.<br \/>\nJustificaci\u00f3n \u00bfPor qu\u00e9 el negocio es rentable? <\/p>\n<p>M\u00d3DULO 2 &#8211; SIMBOLOGIA Y PUNTADAS BASICAS DEL CROCHET <\/p>\n<p>Simbolog\u00eda del crochet.<br \/>\nPunto cadeneta.<br \/>\nPunto bajo o medio punto.<br \/>\nPunto alto o vareta.<br \/>\nPunto deslizado.<br \/>\nAumentos.<br \/>\nDisminuciones.<br \/>\nAprende leer patrones en crochet. <\/p>\n<p>M\u00d3DULO 3 &#8211; MATERIALES Y HERRAMIENTAS<\/p>\n<p>Materiales para hacer sandalias.<br \/>\nHerramientas necesarias. <\/p>\n<p>M\u00d3DULO 4 &#8211; PREPARACION DE PLANTILLA Y SUELA. <\/p>\n<p>Como sacar el molde para la plantilla.<br \/>\nForrando la plantilla.<br \/>\nPerforaci\u00f3n de la suela.<br \/>\nLijado de la suela.<br \/>\nPegado de la suela 1 (pistola de calor o secador de pelo).<br \/>\nPegado de suela 2 (con estufa).<br \/>\nPegado de suela 3 (sin pegamento). <\/p>\n<p>M\u00d3DULO 5 &#8211; CONOCE LA TALLA CORRECTA DE TU CLIENTE <\/p>\n<p>Midiendo el pie. <\/p>\n<p>M\u00d3DULO 6 &#8211; SANDALIA FATIMA <\/p>\n<p>Sandalia F\u00e1tima (materiales a usar).<br \/>\nPuntada a realizar.<br \/>\nMidiendo y perforando.<br \/>\nPespunte F\u00e1tima.<br \/>\nTejiendo la capellada.<br \/>\nCorrea larga.<br \/>\nCorrea corta.<br \/>\nSandalia terminada.<br \/>\nRecomendaci\u00f3n 1 (como hacer la sandalia izquierda).<br \/>\nRecomendaci\u00f3n 2 (medidas para capelladas del 34 al 40).<br \/>\nRecomendaci\u00f3n 3 (medidas para elaborar correa larga y corta en talla 34 al 40).<\/p>\n<p>M\u00d3DULO 7 &#8211; SANDALIA POP CORN <\/p>\n<p>Materiales a necesitar.<br \/>\nPuntada popcorn.<br \/>\nTomando medidas.<br \/>\nPespunte popcorn.<br \/>\nTejiendo la capellada parte 1.<br \/>\nTejiendo la capellada parte 2.<br \/>\nTerminaci\u00f3n de la sandalia.<br \/>\nRecomendaciones para las tallas 34 al 40.<\/p>\n<p>M\u00d3DULO 8 &#8211; SANDALIA TRES PUNTADAS <\/p>\n<p>Puntada espiga.<br \/>\nTomando medidas.<br \/>\nPespunte.<br \/>\nTira ancha de empeine.<br \/>\nTira corta empeine.<br \/>\nCorrea larga.<br \/>\nCorrea con hebilla.<br \/>\nFlor.<br \/>\nSandalia terminada.<br \/>\nComo tejer la sandalia izquierda.<br \/>\nMedidas para tallas 34 al 40. <\/p>\n<p>M\u00d3DULO 9 &#8211; SANDALIA PLATAFORMA <\/p>\n<p>Puntada fantas\u00eda.<br \/>\nMateriales y medidas.<br \/>\nPerforaci\u00f3n de la suela.<br \/>\nTejiendo la capellada.<br \/>\nAplique.<br \/>\nEmpeine.<br \/>\nSandalia terminada.<br \/>\nRecomendaciones (tallas 34 al 40).<\/p>\n<p>M\u00d3DULO 10 &#8211; MATERIAL ADICIONAL (BONOS) <\/p>\n<p>Bono 1: marketing digital (creaci\u00f3n cuenta Instagram).<br \/>\nPasar Instagram a cuenta comercial.<br \/>\nMarketing digital (creaci\u00f3n fan page).<br \/>\nBono 2: Facebook Ads (Facebook Ads &#8211; creaci\u00f3n cuenta comercial y cuenta publicitaria).<br \/>\nFacebook ads (creaci\u00f3n de anuncio pagado).<br \/>\nBono 3: WhatsApp business.<br \/>\nLink WhatsApp business.<br \/>\nBono 4: como poner el precio a tus creaciones.<br \/>\nBono 5: patrones para sandalias. <\/p>\n<p>M\u00d3DULO 11 &#8211; VIDEO RESPUESTAS  <\/p>\n<p>\u00bfCu\u00e1l es el mejor hilo para hacer sandalias?<br \/>\n\u00bfTejo muy apretado o muy flojo, que debo hacer?<br \/>\n\u00bfLos mismos puntos sirven para cualquier talla?<br \/>\n\u00bfD\u00f3nde consigo los materiales?<br \/>\n\u00bfQue es mejor, tejer desde la suela o desde la plantilla?<br \/>\n\u00bfPuedo ponerle el precio a mis sandalias el doble de lo que me costaron los materiales?<\/p>\n<p>M\u00d3DULO 12 \u2013 \u00bfC\u00d3MO OBTENER TU CERTIFICADO?<\/p>\n<p>\u00bfC\u00f3mo obtener tu certificado?<\/p>\n<p>ACERCA DE LA PRODUCTORA<\/p>\n<p>Desarrollado por ANDREA MARCELA CAMPOS G\u00d3MEZ crochetera profesional con m\u00e1s de 5 a\u00f1os de experiencia, amante del calzado y apasionada por el tejido en crochet, colombiana, emprendedora y con deseos de ense\u00f1ar a otros este bello arte del crochet plasmado en la moda del calzado viendo as\u00ed una gran oportunidad de negocio.<\/p>\n","protected":false},"excerpt":{"rendered":"<p>\u00bfSab\u00edas que con la t\u00e9cnica del crochet es posible crear calzado?<\/p>\n<p>Con el MasterClass APRENDE Y EMPRENDE TEJIDO SANDALIAS EN CROCHET, aprender\u00e1s la t\u00e9cnica del crochet, los materiales y las herramientas necesarias para la fabricaci\u00f3n de calzado y as\u00ed lograr\u00e1s desarrollar tu propio negocio.<\/p>\n","protected":false},"featured_media":4863,"template":"","meta":{"_joinchat":[]},"product_brand":[],"product_cat":[333,344],"product_tag":[],"class_list":{"0":"post-12834","1":"product","2":"type-product","3":"status-publish","4":"has-post-thumbnail","6":"product_cat-negocios-y-marketing","7":"product_cat-todos","9":"first","10":"instock","11":"sale","12":"shipping-taxable","13":"product-type-external"},"_links":{"self":[{"href":"https:\/\/cursos.talentup.cl\/index.php?rest_route=\/wp\/v2\/product\/12834","targetHints":{"allow":["GET"]}}],"collection":[{"href":"https:\/\/cursos.talentup.cl\/index.php?rest_route=\/wp\/v2\/product"}],"about":[{"href":"https:\/\/cursos.talentup.cl\/index.php?rest_route=\/wp\/v2\/types\/product"}],"version-history":[{"count":3,"href":"https:\/\/cursos.talentup.cl\/index.php?rest_route=\/wp\/v2\/product\/12834\/revisions"}],"predecessor-version":[{"id":15217,"href":"https:\/\/cursos.talentup.cl\/index.php?rest_route=\/wp\/v2\/product\/12834\/revisions\/15217"}],"wp:featuredmedia":[{"embeddable":true,"href":"https:\/\/cursos.talentup.cl\/index.php?rest_route=\/wp\/v2\/media\/4863"}],"wp:attachment":[{"href":"https:\/\/cursos.talentup.cl\/index.php?rest_route=%2Fwp%2Fv2%2Fmedia&parent=12834"}],"wp:term":[{"taxonomy":"product_brand","embeddable":true,"href":"https:\/\/cursos.talentup.cl\/index.php?rest_route=%2Fwp%2Fv2%2Fproduct_brand&post=12834"},{"taxonomy":"product_cat","embeddable":true,"href":"https:\/\/cursos.talentup.cl\/index.php?rest_route=%2Fwp%2Fv2%2Fproduct_cat&post=12834"},{"taxonomy":"product_tag","embeddable":true,"href":"https:\/\/cursos.talentup.cl\/index.php?rest_route=%2Fwp%2Fv2%2Fproduct_tag&post=12834"}],"curies":[{"name":"wp","href":"https:\/\/api.w.org\/{rel}","templated":true}]}}