{"id":12847,"date":"2023-01-10T04:41:20","date_gmt":"2023-01-10T07:41:20","guid":{"rendered":"https:\/\/cursos.talentup.cl\/?post_type=product&#038;p=12847"},"modified":"2024-02-07T23:38:12","modified_gmt":"2024-02-08T02:38:12","slug":"youtube-para-principiantes","status":"publish","type":"product","link":"https:\/\/cursos.talentup.cl\/?product=youtube-para-principiantes","title":{"rendered":"YOUTUBE PARA PRINCIPIANTES"},"content":{"rendered":"<p>\u00bfSab\u00edas que un canal de YouTube exitoso puede ser la estrategia ideal para promover tu negocio?<\/p>\n<p>Con el MasterClass YOUTUBE PARA PRINCIPIANTES, crear\u00e1s tu propio canal, producir\u00e1s y editar\u00e1s tu primer video de presentaci\u00f3n, optimizando tu canal y conociendo todas las caracter\u00edsticas de esta plataforma.<\/p>\n<p>\u00bfQU\u00c9 VAS A LOGRAR?<\/p>\n<p>Abrir\u00e1s por primera vez tu canal en Youtube con SEO.<\/p>\n<p>Aprender\u00e1s c\u00f3mo ponerle el mejor nombre a tu canal.<\/p>\n<p>Descubrir\u00e1s c\u00f3mo debes optimizar por dentro tu canal antes de iniciar a subir alg\u00fan v\u00eddeo.<\/p>\n<p>Dise\u00f1ar\u00e1s el logo y banner para tu canal.<\/p>\n<p>Conocer\u00e1s que son las palabras claves y donde encontrarlas para tu canal.<\/p>\n<p>Conocer\u00e1s dos herramientas para grabar tus videos.<\/p>\n<p>Utilizar\u00e1s OBS como herramienta para grabar videos.<\/p>\n<p>Aprender\u00e1s a usar CAMTASIA como herramienta para grabar videos.<\/p>\n<p>Realizar\u00e1s las miniaturas para tus videos.<\/p>\n<p>Optimizar\u00e1s la imagen de la miniatura de tus videos antes de subir el video a tu canal.<\/p>\n<p>Acceder\u00e1s al certificado avalado por Hotmart y Seminarios Online.<\/p>\n<p>\u00bfC\u00d3MO LO VAS A LOGRAR?<\/p>\n<p>A trav\u00e9s del siguiente contenido, estructurado paso a paso:<\/p>\n<p>M\u00d3DULO 1 \u2013 LANZA, ESCALA Y CONSOLIDA TU CANAL DE YOUTUBE (YOUTUBE PARA PRINCIPIANTES)<\/p>\n<p>Introducci\u00f3n y contenido.<\/p>\n<p>M\u00d3DULO 2 &#8211; CONFIGURACI\u00d3N B\u00c1SICA DE TU CANAL &#8211; PARTE 1 &#8211; <\/p>\n<p>Como elegir un nombre para tu canal.<br \/>\nAbriendo tu canal en YouTube.<br \/>\nConfiguraci\u00f3n b\u00e1sica &#8211; parte i &#8211; logo y portada canal YouTube.<\/p>\n<p>M\u00d3DULO 3 &#8211; ESTUDIO DE LA COMPETENCIA <\/p>\n<p>Estudio de palabras claves.<br \/>\nEspiando a la competencia.<br \/>\nApal\u00e1ncate del complemento VIDIQ.<\/p>\n<p>M\u00d3DULO 4 &#8211; CONFIGURACI\u00d3N B\u00c1SICA DE TU CANAL &#8211; PARTE II &#8211;<\/p>\n<p>Configuraci\u00f3n interna de tu canal &#8211; Parte I.<br \/>\nConfiguraci\u00f3n interna de tu canal &#8211; Parte II.<\/p>\n<p>M\u00d3DULO 5 &#8211; SALIENDO DEL ANONIMATO CON OB<\/p>\n<p>OBS &#8211; Parte I.<br \/>\nOBS &#8211; Parte II.<br \/>\nOBS &#8211; Parte III.<br \/>\nOBS &#8211; Parte IV.<\/p>\n<p>M\u00d3DULO 6 &#8211; SALIENDO DEL ANONIMATO CON CAMTASIA<\/p>\n<p>Camtasia &#8211; Parte I.<br \/>\nCamtasia &#8211; Parte II.<br \/>\nCamtasia &#8211; Parte III.<\/p>\n<p>M\u00d3DULO 7 \u2013 MATERIAL ADICIONAL (BONOS)<\/p>\n<p>Bono 1: Configuraci\u00f3n seo en los v\u00eddeos.<br \/>\nBono 2: Configuraci\u00f3n seo a portadas de videos.<\/p>\n<p>M\u00d3DULO 8 &#8211; SUBIENDO LOS VIDEOS A TU CANAL<\/p>\n<p>Lleg\u00f3 la hora de subir tus videos a tu canal.<\/p>\n<p>M\u00d3DULO 9 &#8211; VIDEO RESPUESTAS<\/p>\n<p>\u00bfPuedo hacer el logo tambi\u00e9n con canva?<br \/>\n\u00bfC\u00f3mo crear listas de reproducci\u00f3n?<\/p>\n<p>M\u00d3DULO 10 &#8211; \u00bfC\u00d3MO OBTENER TU CERTIFICADO?<\/p>\n<p>\u00bfC\u00f3mo obtener tu certificado?<\/p>\n<p>ACERCA DE LA PRODUCTORA<\/p>\n<p>Desarrollado por MARTHA LUC\u00cdA HOYOS CASTILLO, emprendedora de internet desde hace m\u00e1s de 14 a\u00f1os. Colombiana viviendo en M\u00e9xico desde hace 16 a\u00f1os, Ingeniera en Sistemas.<\/p>\n<p>Hoy en d\u00eda es fundadora de su propia Agencia Digital de Performance POR M\u00c1S VENTAS y la agencia de Co-Producci\u00f3n de Cursos Digitales: MONETIZANDO TU CONOCIMIENTO.<\/p>\n<p>Ella es muy pr\u00e1ctica en sus ense\u00f1anzas, no anda con rodeos, va al grano, ya que su objetivo es que cada estudiante al finalizar obtenga los resultados por los cuales compran sus cursos y\/o mentor\u00edas.<\/p>\n<p>Martha es muy espec\u00edfica en cada lecci\u00f3n, su paciencia logra que cada estudiante avance a su ritmo con total facilidad y sin estr\u00e9s<\/p>\n","protected":false},"excerpt":{"rendered":"<p>\u00bfSab\u00edas que un canal de YouTube exitoso puede ser la estrategia ideal para promover tu negocio?<\/p>\n<p>Con el MasterClass YOUTUBE PARA PRINCIPIANTES, crear\u00e1s tu propio canal, producir\u00e1s y editar\u00e1s tu primer video de presentaci\u00f3n, optimizando tu canal y conociendo todas las caracter\u00edsticas de esta plataforma.<\/p>\n","protected":false},"featured_media":4878,"template":"","meta":{"_joinchat":[]},"product_brand":[],"product_cat":[333,344],"product_tag":[],"class_list":{"0":"post-12847","1":"product","2":"type-product","3":"status-publish","4":"has-post-thumbnail","6":"product_cat-negocios-y-marketing","7":"product_cat-todos","9":"first","10":"instock","11":"sale","12":"shipping-taxable","13":"product-type-external"},"_links":{"self":[{"href":"https:\/\/cursos.talentup.cl\/index.php?rest_route=\/wp\/v2\/product\/12847","targetHints":{"allow":["GET"]}}],"collection":[{"href":"https:\/\/cursos.talentup.cl\/index.php?rest_route=\/wp\/v2\/product"}],"about":[{"href":"https:\/\/cursos.talentup.cl\/index.php?rest_route=\/wp\/v2\/types\/product"}],"version-history":[{"count":2,"href":"https:\/\/cursos.talentup.cl\/index.php?rest_route=\/wp\/v2\/product\/12847\/revisions"}],"predecessor-version":[{"id":14717,"href":"https:\/\/cursos.talentup.cl\/index.php?rest_route=\/wp\/v2\/product\/12847\/revisions\/14717"}],"wp:featuredmedia":[{"embeddable":true,"href":"https:\/\/cursos.talentup.cl\/index.php?rest_route=\/wp\/v2\/media\/4878"}],"wp:attachment":[{"href":"https:\/\/cursos.talentup.cl\/index.php?rest_route=%2Fwp%2Fv2%2Fmedia&parent=12847"}],"wp:term":[{"taxonomy":"product_brand","embeddable":true,"href":"https:\/\/cursos.talentup.cl\/index.php?rest_route=%2Fwp%2Fv2%2Fproduct_brand&post=12847"},{"taxonomy":"product_cat","embeddable":true,"href":"https:\/\/cursos.talentup.cl\/index.php?rest_route=%2Fwp%2Fv2%2Fproduct_cat&post=12847"},{"taxonomy":"product_tag","embeddable":true,"href":"https:\/\/cursos.talentup.cl\/index.php?rest_route=%2Fwp%2Fv2%2Fproduct_tag&post=12847"}],"curies":[{"name":"wp","href":"https:\/\/api.w.org\/{rel}","templated":true}]}}