{"id":12850,"date":"2023-01-10T04:41:20","date_gmt":"2023-01-10T07:41:20","guid":{"rendered":"https:\/\/cursos.talentup.cl\/?post_type=product&#038;p=12850"},"modified":"2024-02-07T23:38:12","modified_gmt":"2024-02-08T02:38:12","slug":"copycash-guiones-persuasivos-para-videos-audios-y-blogs","status":"publish","type":"product","link":"https:\/\/cursos.talentup.cl\/?product=copycash-guiones-persuasivos-para-videos-audios-y-blogs","title":{"rendered":"COPYCASH: GUIONES PERSUASIVOS PARA VIDEOS, AUDIOS Y BLOGS"},"content":{"rendered":"<p>Activa tu pensamiento creativo para ESCRIBIR IRRESISTIBLEMENTE y generar ventas contundentes a trav\u00e9s de tus videos audios y blogs.<\/p>\n<p>Con el MasterClass de COPYCASH \u2013 GUIONES PERSUASIVOS PARA VIDEOS, AUDIOS Y BLOGS, conocer\u00e1s los SECRETOS MEJOR GUARDADOS de las personas m\u00e1s exitosas en el mundo del copy, para generar ventas contundentes.<\/p>\n<p>\u00bfQU\u00c9 VAS A LOGRAR?<\/p>\n<p>Escribir\u00e1s GUIONES PERSUASIVOS que generen resultados en VIDEOS, AUDIOS Y BLOGS.<\/p>\n<p>Ofrecer\u00e1s HERRAMIENTAS PR\u00c1CTICAS para REDUCIR EL LENGUAJE COMPLEJO A SIMPLE con copys\/mensajes claros, PROVOCATIVOS y precisos.<\/p>\n<p>Desarrollar\u00e1s un TONO DE COMUNICACI\u00d3N alineado con la estrategia y al c\u00f3digo cultural de tu p\u00fablico objetivo hacia el cual te quieras a dirigir.<\/p>\n<p>Crear\u00e1s una COMUNICACI\u00d3N ENVOLVENTE que se enganchen intuitivamente \u201cy sin anestesia\u201d con las necesidades del mercado.<\/p>\n<p>Dominar\u00e1s los GATILLOS PSICOL\u00d3GICOS que le van a dar fuerza persuasiva a tus VIDEOS, AUDIOS Y BLOGS con f\u00f3rmulas secretas y ganadoras.<\/p>\n<p>Aumentar\u00e1s exponencialmente TUS CONVERSIONES\/VENTAS al conquistar, convencer y enamorar a tus clientes gracias una comunicaci\u00f3n clara.<\/p>\n<p>Crear\u00e1s contenidos atractivos y t\u00edtulos sugestivos para tus VIDEOS, AUDIOS Y BLOGS para que queden irresistiblemente provocativas.<\/p>\n<p>Acceder\u00e1s a EJERCICIOS DONDE PONGAS EN PR\u00c1CTICA las lecciones aprendidas.<\/p>\n<p>Acceder\u00e1s al certificado avalado por Hotmart y Seminarios Online.<\/p>\n<p>\u00bfC\u00d3MO LO VAS A LOGRAR?<\/p>\n<p>A partir de contenidos con una metodolog\u00eda sencilla y pr\u00e1ctica que te guiar\u00e1 paso a paso \u201cy sin dolor\u201d en cada uno de los cap\u00edtulos para que logres \u201csacarla del estadio\u201d con tus copys.<\/p>\n<p>M\u00d3DULO 1 &#8211; ASPECTOS PRELIMINARES<\/p>\n<p>Presentaci\u00f3n del COPYWRITER PAULO RESTREPO.<br \/>\nIMPORTANCIA E INDICACIONES de la Masterclass.<br \/>\nComprensi\u00f3n del C\u00d3DIGO CULTURAL para crear un copy.<br \/>\nEl ATRIBUTO principal; la esencia que conecta un copy.<br \/>\nEl INSIGHT la chispa que enciende el copy<br \/>\nDEFINE EL OBJETIVO de tu contenido.<\/p>\n<p>M\u00d3DULO 2 &#8211; GUIONES PERSUASIVOS PARA PODCAST<\/p>\n<p>Creaci\u00f3n de un PODCAST IRRESITIBLE. (ventajas)<br \/>\nEstructura de un podcast.<br \/>\nEl BACKSTASTAGE Y EL TONO de la marca.<br \/>\nACTO #1 &#8211; LA INTRO.<br \/>\nAplicaci\u00f3n de la INTRO.<br \/>\nACTO # 2 &#8211; Desarrollo o TRAMA de un PODCAST.<br \/>\nAplicaci\u00f3n de la TRAMA (Caso TINDER).<br \/>\nACTO # 3 DESPEDIDA.<br \/>\nAplicaci\u00f3n de la despedida.<br \/>\nEl TONO de la voz.<\/p>\n<p>M\u00d3DULO 3 &#8211; GUIONES PERSUASIVOS PARA VIDEO<\/p>\n<p>ESTRUCTURA de un video persuasivo.<br \/>\nEl poder de STORYTELLING (una buena historia)<br \/>\nF\u00d3RMULA BAB.<br \/>\nF\u00d3RMULA DATA<br \/>\nAnuncios CORTOS.<br \/>\nVideos para GANAR AUTORIDAD.<br \/>\nVideos de PRUEBA SOCIAL.<br \/>\nVideos que apelan al C\u00d3DIGO CULTURAL y el CEREBRO REPTIL.<br \/>\nVideos que apelan a la PROVOCACI\u00d3N.<br \/>\nVideos para generar CONFIANZA.<br \/>\nVideos de ENDOMARKETING.<br \/>\nVideos que FIDELIZAN\/Principio de TRIBU.<br \/>\nVideos de lo COMPLEJO a lo SIMPLE-MARCA PERSONAL.<\/p>\n<p>M\u00d3DULO 4 &#8211; GUIONES PERSUASIVOS PARA UN BLOG<\/p>\n<p>RECOMENDACIONES de un BLOG GANADOR.<br \/>\nDefine el \u201cGRAN POR QU\u00c9\u201d de un BLOG GANADOR.<br \/>\nLa COLUMNA VERTEBAL de un BLOG.<br \/>\nCONSTRUCCI\u00d3N de un buen T\u00cdTULO para un BLOG.<br \/>\nEJEMPLOS aplicados de BLOGS.<br \/>\nESTRUCTURA aplicada de los BLOGS<br \/>\nCASOS de \u00c9XITO de otros BLOGS.<br \/>\nDESPEDIDA del curso.<\/p>\n<p>M\u00d3DULO 5 \u2013 MATERIAL ADICIONAL (BONOS)<\/p>\n<p>Bono 1: Plantillas de ejercicios para videos audio y blogs. Video y PDF.<br \/>\nBono 2: Ejercicios generales del copy.<br \/>\nBono 3: Ejercicios de copy para audio (Podcast).<br \/>\nBono 4: Ejercicios de guion para videos.<br \/>\nBono 5: Ejercicios de copy para escribir art\u00edculos en blogs.<br \/>\nBono 6: Redes sociales.<\/p>\n<p>M\u00d3DULO 6 \u2013 VIDEO RESPUESTAS <\/p>\n<p>\u00bfEs lo mismo decir copywriting, copywriter y copyright?<br \/>\n\u00bfEs lo mismo copywritung que content marketing?<br \/>\n\u00bfPor qu\u00e9 contratar un copywriter?<br \/>\n\u00bfPor qu\u00e9 un cliente debe darle informaci\u00f3n personal al copy?<\/p>\n<p>M\u00d3DULO 7 &#8211; \u00bfC\u00d3MO OBTENER TU CERTIFICADO?<\/p>\n<p>\u00bfC\u00f3mo obtener tu certificado?<\/p>\n<p>ACERCA DEL PRODUCTOR<\/p>\n<p>Desarrollado por PAULO RESTREPO, \u201cDESCUADRICULADOR DE MENTES ABURRIDAS\u201d.<\/p>\n<p>Durante 2 a\u00f1os fue el COPYWRITER DE SEMINARIOS ONLINE. <\/p>\n<p>Gracias a su trabajo y la labor de un equipo altamente apasionado se generaron m\u00e1s de 23 MILLONES DE D\u00d3LARES solo entre los afiliados.<\/p>\n<p>DIRECTOR CREATIVO DE LA AGENCIA DE INNOVACI\u00d3N INFOCUSLAB por m\u00e1s de 10 a\u00f1os como consultor para m\u00e1s de 100 empresas y universidades en Colombia, M\u00e9xico, Australia y USA.<\/p>\n<p>PSIC\u00d3LOGO, ESPECIALISTA EN MERCADEO Y ESTUDIOS EN PSICOLOG\u00cdA DEL CONSUMIDOR de la Universidad Javeriana (Colombia), adem\u00e1s BUSINESS en S\u00eddney (Australia).<\/p>\n<p>PREMIO JOHNSON &#038; JOHNSON A LA INNOVACI\u00d3N impactando a la Regi\u00f3n (Latam). Amante de la \u201cLOCURA CREATIVA\u201d.<\/p>\n<p>MENTOR del convenio entre las universidades STANFORD y JAVERIANA para el programa de Innovaci\u00f3n ME310 (Design Thinking) en m\u00e1s de 20 proyectos presentados en Silicon Valley (USA)<\/p>\n<p>Como COPYWRITER, ha llevado a + DE 600 PRODUCTORES DE CURSOS DIGITALES en Am\u00e9rica y Europa a mejorar su comunicaci\u00f3n persuasiva y generar ventas sorprendentes.<\/p>\n<p>Adem\u00e1s, creador de los MasterClass: \u201cCOPYWRITING\u201d (Mensajes que venden), COPYCASH (Anuncios y p\u00e1ginas que facturan), \u201cHABLA CON PODER\u201d, MARKETING EN TIENDAS DE ROPA, MODA Y ACCESORIOS, 21 F\u00d3RMULAS DE COPY PARA CERRAR VENTAS y coproductor del curso \u201cPINTURA ART\u00cdSTICA SOBRE OBJETOS\u201d de la reconocida artista internacional DIANA PAGE.<\/p>\n","protected":false},"excerpt":{"rendered":"<p>Activa tu pensamiento creativo para ESCRIBIR IRRESISTIBLEMENTE y generar ventas contundentes a trav\u00e9s de tus videos audios y blogs.<\/p>\n<p>Con el MasterClass de COPYCASH \u2013 GUIONES PERSUASIVOS PARA VIDEOS, AUDIOS Y BLOGS, conocer\u00e1s los SECRETOS MEJOR GUARDADOS de las personas m\u00e1s exitosas en el mundo del copy, para generar ventas contundentes.<\/p>\n","protected":false},"featured_media":4880,"template":"","meta":{"_joinchat":[]},"product_brand":[],"product_cat":[333,344],"product_tag":[],"class_list":{"0":"post-12850","1":"product","2":"type-product","3":"status-publish","4":"has-post-thumbnail","6":"product_cat-negocios-y-marketing","7":"product_cat-todos","9":"first","10":"instock","11":"sale","12":"shipping-taxable","13":"product-type-external"},"_links":{"self":[{"href":"https:\/\/cursos.talentup.cl\/index.php?rest_route=\/wp\/v2\/product\/12850","targetHints":{"allow":["GET"]}}],"collection":[{"href":"https:\/\/cursos.talentup.cl\/index.php?rest_route=\/wp\/v2\/product"}],"about":[{"href":"https:\/\/cursos.talentup.cl\/index.php?rest_route=\/wp\/v2\/types\/product"}],"version-history":[{"count":2,"href":"https:\/\/cursos.talentup.cl\/index.php?rest_route=\/wp\/v2\/product\/12850\/revisions"}],"predecessor-version":[{"id":14720,"href":"https:\/\/cursos.talentup.cl\/index.php?rest_route=\/wp\/v2\/product\/12850\/revisions\/14720"}],"wp:featuredmedia":[{"embeddable":true,"href":"https:\/\/cursos.talentup.cl\/index.php?rest_route=\/wp\/v2\/media\/4880"}],"wp:attachment":[{"href":"https:\/\/cursos.talentup.cl\/index.php?rest_route=%2Fwp%2Fv2%2Fmedia&parent=12850"}],"wp:term":[{"taxonomy":"product_brand","embeddable":true,"href":"https:\/\/cursos.talentup.cl\/index.php?rest_route=%2Fwp%2Fv2%2Fproduct_brand&post=12850"},{"taxonomy":"product_cat","embeddable":true,"href":"https:\/\/cursos.talentup.cl\/index.php?rest_route=%2Fwp%2Fv2%2Fproduct_cat&post=12850"},{"taxonomy":"product_tag","embeddable":true,"href":"https:\/\/cursos.talentup.cl\/index.php?rest_route=%2Fwp%2Fv2%2Fproduct_tag&post=12850"}],"curies":[{"name":"wp","href":"https:\/\/api.w.org\/{rel}","templated":true}]}}