{"id":12956,"date":"2023-01-10T04:41:32","date_gmt":"2023-01-10T07:41:32","guid":{"rendered":"https:\/\/cursos.talentup.cl\/?post_type=product&#038;p=12956"},"modified":"2024-02-07T23:38:19","modified_gmt":"2024-02-08T02:38:19","slug":"de-cero-a-profesional-en-car-audio","status":"publish","type":"product","link":"https:\/\/cursos.talentup.cl\/?product=de-cero-a-profesional-en-car-audio","title":{"rendered":"DE CERO A PROFESIONAL EN CAR AUDIO"},"content":{"rendered":"<p>\u00bfTe gustar\u00eda aprender a mejorar el audio de tu carro, pero no sabes por d\u00f3nde empezar?<\/p>\n<p>En el MasterClass, DE CERO A PROFESIONAL EN CAR AUDIO, aprender\u00e1s toda la teor\u00eda y la pr\u00e1ctica para convertirte en todo un profesional en la industria del car audio.<\/p>\n<p>\u00bfQU\u00c9 VAS A LOGRAR?<\/p>\n<p>Conocer las bases que se necesita saber para un buen sistema de corriente en car audio.<\/p>\n<p>C\u00f3mo sacarle provecho a un sistema de sonido.<\/p>\n<p>Empezaras a manejar de manera profesional los sistemas de corriente.<\/p>\n<p>Aprender una profesi\u00f3n de creciente y amplia demanda en el mercado actual.<\/p>\n<p>Sabr\u00e1s como realizar las instalaciones en tu veh\u00edculo y as\u00ed lograr una mayor potencia. <\/p>\n<p>Podr\u00e1s desarrollarte como trabajador de empresas especializadas en el rubro o iniciar tu propio emprendimiento brindando el servicio de instalaciones de car audio.<\/p>\n<p>Aprender\u00e1s de manera profesional como hacer una correcta instalaci\u00f3n de un sistema de sonido para autos, tanto para uso comercial como para competiciones.<\/p>\n<p>Podr\u00e1s generar ingresos adicionales desempe\u00f1\u00e1ndote como profesional independiente, brindando el servicio particular de instalaciones de car audio.<\/p>\n<p>Acceder\u00e1s al certificado avalado por Hotmart y Seminarios Online.<\/p>\n<p>\u00bfC\u00d3MO LO VAS A LOGRAR?<\/p>\n<p>A trav\u00e9s del siguiente contenido, estructurado paso a paso:<\/p>\n<p>M\u00f3dulo 1: Sistemas de corriente<\/p>\n<p>Introducci\u00f3n y bienvenida.<br \/>\nObjetivos.<br \/>\nConoce a tu instructor.<br \/>\nClase 1 La ley de ohm.<br \/>\nClase 2 Ley de watts o ley de potencia.<br \/>\nClase 3 Conexiones en car audio.<br \/>\nClase 4 Bater\u00edas y tipos de uso.<br \/>\nClase 5 Qu\u00e9 es y para qu\u00e9 sirve un isolator.<br \/>\nClase 6 Capacitores.<br \/>\nClase 7 Alternadores.<br \/>\nClase 8 Que es y c\u00f3mo realizar el big 3.<br \/>\nClase 9 Cableado y barras usadas en car audio.<br \/>\nClase 10 Que calibre de cable usado en car audio.<br \/>\nClase 11 Que tipo de protecci\u00f3n usar en el motor.<br \/>\nClase 12 C\u00f3mo usar el relay en car audio.<br \/>\nClase 13 Lo que debes evitar en tu instalaci\u00f3n.<br \/>\nClase 14 Los secretos del car audio c\u00f3mo llegar a 16v en tu sistema. <\/p>\n<p>M\u00f3dulo no.2: Instalaciones<\/p>\n<p>Clase 1 Instalaci\u00f3n de radios e integraci\u00f3n oem.<br \/>\nClase 2 Instalaci\u00f3n de amplificadores y conexi\u00f3n.<br \/>\nClase 3 Instalaci\u00f3n dsp.<br \/>\nClase 4 Instalaci\u00f3n de ecualizadores y crossover.<br \/>\nClase 5 Instalaci\u00f3n de epicenter. <\/p>\n<p>M\u00f3dulo no.3: Material adicional &#8211; bonos<\/p>\n<p>E-book: pdf conceptos fundamentales en car audio.<br \/>\nMasterclass: ventas aplicadas al car audio.<br \/>\nUso de app: ultimate car audio.<br \/>\nUso de app: dsp expert.<\/p>\n<p>M\u00f3dulo no.4: Preguntas frecuentes<\/p>\n<p>\u00bfPor qu\u00e9 usar cable de car audio?<br \/>\n\u00bfQu\u00e9 amperaje usar en la porta fusible?<br \/>\n\u00bfQu\u00e9 sucede si no le pones protecci\u00f3n al carro?<br \/>\n\u00bfSe puede llegar a 16v en cualquier amplificador?<br \/>\n\u00bfQu\u00e9 es un epicenter?<\/p>\n<p>ACERCA DEL PRODUCTOR<\/p>\n<p>Desarrollado por LEONIDAS ESCOBAR director ejecutivo de Global Academy EC Car Audio &#038; Tuning e Instructor de Car Audio.<\/p>\n<p>Con 14 a\u00f1os en la industria como profesional en Car Audio, ayudando a clientes, emprendedores y entusiastas a conocer el proceso para tener un audio de calidad y si eres competidor sacar el mayor provecho a tus equipos, lo cual les ha permitido vivir haciendo lo que tanto les apasiona.<\/p>\n<p>Como instructor de CAR AUDIO ha compartido con varias generaciones graduando a nuevos emprendedores con conocimientos t\u00e9cnicos y aplicables para la industria.<\/p>\n<p>Como juez de eventos tuning ha podido guiar a muchos competidores a mejorar sus autos y estar en los primeros lugares de competencia.<\/p>\n<p>Con toda la informaci\u00f3n llevada a la pr\u00e1ctica encontrar\u00e1s una verdadera transformaci\u00f3n en los sistemas de sonido en los veh\u00edculos creando nuevas experiencias. <\/p>\n<p>Ahora quiere impactar a miles de personas en todo el mundo y que esta pasi\u00f3n no se detenga.<\/p>\n","protected":false},"excerpt":{"rendered":"<p>\u00bfTe gustar\u00eda aprender a mejorar el audio de tu carro, pero no sabes por d\u00f3nde empezar?<\/p>\n<p>En el MasterClass, DE CERO A PROFESIONAL EN CAR AUDIO, aprender\u00e1s toda la teor\u00eda y la pr\u00e1ctica para convertirte en todo un profesional en la industria del car audio.<\/p>\n","protected":false},"featured_media":4928,"template":"","meta":{"_joinchat":[]},"product_brand":[],"product_cat":[333,344],"product_tag":[],"class_list":{"0":"post-12956","1":"product","2":"type-product","3":"status-publish","4":"has-post-thumbnail","6":"product_cat-negocios-y-marketing","7":"product_cat-todos","9":"first","10":"instock","11":"sale","12":"shipping-taxable","13":"product-type-external"},"_links":{"self":[{"href":"https:\/\/cursos.talentup.cl\/index.php?rest_route=\/wp\/v2\/product\/12956","targetHints":{"allow":["GET"]}}],"collection":[{"href":"https:\/\/cursos.talentup.cl\/index.php?rest_route=\/wp\/v2\/product"}],"about":[{"href":"https:\/\/cursos.talentup.cl\/index.php?rest_route=\/wp\/v2\/types\/product"}],"version-history":[{"count":2,"href":"https:\/\/cursos.talentup.cl\/index.php?rest_route=\/wp\/v2\/product\/12956\/revisions"}],"predecessor-version":[{"id":14765,"href":"https:\/\/cursos.talentup.cl\/index.php?rest_route=\/wp\/v2\/product\/12956\/revisions\/14765"}],"wp:featuredmedia":[{"embeddable":true,"href":"https:\/\/cursos.talentup.cl\/index.php?rest_route=\/wp\/v2\/media\/4928"}],"wp:attachment":[{"href":"https:\/\/cursos.talentup.cl\/index.php?rest_route=%2Fwp%2Fv2%2Fmedia&parent=12956"}],"wp:term":[{"taxonomy":"product_brand","embeddable":true,"href":"https:\/\/cursos.talentup.cl\/index.php?rest_route=%2Fwp%2Fv2%2Fproduct_brand&post=12956"},{"taxonomy":"product_cat","embeddable":true,"href":"https:\/\/cursos.talentup.cl\/index.php?rest_route=%2Fwp%2Fv2%2Fproduct_cat&post=12956"},{"taxonomy":"product_tag","embeddable":true,"href":"https:\/\/cursos.talentup.cl\/index.php?rest_route=%2Fwp%2Fv2%2Fproduct_tag&post=12956"}],"curies":[{"name":"wp","href":"https:\/\/api.w.org\/{rel}","templated":true}]}}