{"id":12962,"date":"2023-01-10T04:41:33","date_gmt":"2023-01-10T07:41:33","guid":{"rendered":"https:\/\/cursos.talentup.cl\/?post_type=product&#038;p=12962"},"modified":"2024-02-07T23:38:19","modified_gmt":"2024-02-08T02:38:19","slug":"cajas-de-corrugado-sorpresa-como-negocio","status":"publish","type":"product","link":"https:\/\/cursos.talentup.cl\/?product=cajas-de-corrugado-sorpresa-como-negocio","title":{"rendered":"CAJAS DE CORRUGADO SORPRESA COMO NEGOCIO"},"content":{"rendered":"<p>\u00bfSab\u00edas que el cart\u00f3n corrugado es econ\u00f3mico, resistente y adaptable a casi cualquier dise\u00f1o? <\/p>\n<p>Con el MasterClass CAJAS SORPRESA EN CORRUGADO COMO NEGOCIO aprender\u00e1s a empacar tus regalos y productos en un material de gran utilidad en la log\u00edstica del transporte, sin mencionar que es biodegradable y ecol\u00f3gico.<\/p>\n<p>\u00bfQU\u00c9 VAS A LOGRAR?<\/p>\n<p>Lograr\u00e1s crear un negocio con una m\u00ednima inversi\u00f3n que te genere buenos ingresos desde casa.<\/p>\n<p>Aprender\u00e1s el proceso paso a paso en la elaboraci\u00f3n de cajas de papel corrugado combin\u00e1ndolos con papel acetato.<\/p>\n<p>Lograr\u00e1s crear cajas de papel corrugado con ventanas de papel acetato de diferentes dise\u00f1os.<\/p>\n<p>Aprender\u00e1s a realizar un pegado perfecto para armar las cajas de papel corrugado, haciendo uso de las t\u00e9cnicas que te ense\u00f1aremos.<\/p>\n<p>Crear\u00e1s cajas de papel corrugado en forma de coraz\u00f3n, estrella, cil\u00edndrica, cuadrada y doble coraz\u00f3n.<\/p>\n<p>Aprender\u00e1s a crear hermosos arreglos combinando chocolates, peluches y flores, dentro de las cajas de papel corrugado.<\/p>\n<p>Lograr\u00e1s identificar las necesidades de tus clientes para crear hermosas creaciones que enamoren a tus clientes.<\/p>\n<p>Aprender\u00e1s a instalar lamparitas dentro de tus cajas de papel corrugado.<\/p>\n<p>Aprender\u00e1s a fijar precio a tus productos.<\/p>\n<p>Aprender\u00e1s a vender tus creaciones con estrategias que funcionan en las principales redes sociales para impulsar las ventas de tus productos.<\/p>\n<p>Acceder\u00e1s al certificado avalado por Hotmart y Seminarios Online.<\/p>\n<p>\u00bfC\u00d3MO LO VAS A LOGRAR?<\/p>\n<p>A trav\u00e9s del siguiente contenido, estructurado paso a paso:<\/p>\n<p>M\u00f3dulo No. 1 \u2013 Cajas de Corrugado Sorpresa<\/p>\n<p>Lecci\u00f3n No. 1: Introducci\u00f3n al curso.<br \/>\nLecci\u00f3n No. 2: Recomendaciones.<br \/>\nLecci\u00f3n No. 3: Porque iniciar un negocio de detalles sorpresa.<br \/>\nLecci\u00f3n No. 4: Tres herramientas indispensables para impulsar las ventas de mi negocio.<br \/>\nLecci\u00f3n No. 5: Herramienta indispensable para crear post para mi negocio.<br \/>\nLecci\u00f3n No. 6: Material base para crear nuestros proyectos.<br \/>\nLecci\u00f3n No. 7: Material complementario para nuestros proyectos.<br \/>\nLecci\u00f3n No. 8: Material para crear moldes.<br \/>\nLecci\u00f3n No. 9: Material principal para realizar el pegado.<br \/>\nLecci\u00f3n No. 10: Proyectos en los que vamos a trabajar.<br \/>\nLecci\u00f3n No. 11: Materiales y herramientas.<br \/>\nLecci\u00f3n No. 12: como fijar precio a tus productos.<\/p>\n<p>M\u00f3dulo No. 2 &#8211; Elaboraci\u00f3n de cajas de corrugado<\/p>\n<p>Lecci\u00f3n No. 1: Caja forma de estrella con ventana acetato parte 1.<br \/>\nLecci\u00f3n No. 2: Caja forma de estrella con ventana acetato parte 2.<br \/>\nLecci\u00f3n No. 3: Caja forma de estrella con ventana acetato parte 3.<br \/>\nLecci\u00f3n No. 4: Caja forma cil\u00edndrica con ventana acetato parte 1.<br \/>\nLecci\u00f3n No. 5: Caja forma cil\u00edndrica con ventana acetato parte 2.<br \/>\nLecci\u00f3n No. 6: Caja forma cil\u00edndrica con ventana acetato parte 3.<br \/>\nLecci\u00f3n No. 7: Caja de acetato en forma de coraz\u00f3n parte 1.<br \/>\nLecci\u00f3n No. 8: Caja de acetato en forma de coraz\u00f3n parte 2.<br \/>\nLecci\u00f3n No. 9: Caja mitad acetato y mitad corrugado parte 1.<br \/>\nLecci\u00f3n No. 10: Caja mitad acetato y mitad corrugado parte 2.<br \/>\nLecci\u00f3n No. 11: Caja cuadrada con ventana de acetato parte 1.<br \/>\nLecci\u00f3n No. 12: Caja cuadrada con ventana de acetato parte 2.<br \/>\nLecci\u00f3n No. 13: Caja cuadrada con ventana de acetato parte 3.<br \/>\nLecci\u00f3n No. 14: Caja cuadrada con ventana de acetato parte 4.<\/p>\n<p>M\u00f3dulo No. 3 \u2013 Elaboraci\u00f3n de Arreglos<\/p>\n<p>Lecci\u00f3n No. 1: Instalaci\u00f3n de lamparitas.<br \/>\nLecci\u00f3n No. 2: Empalado de chocolates.<br \/>\nLecci\u00f3n No. 3: empalado de peluches.<br \/>\nLecci\u00f3n No. 4: Estructura b\u00e1sica de los arreglos.<br \/>\nLecci\u00f3n No. 5: Arreglo I parte 1.<br \/>\nLecci\u00f3n No. 6: Arreglo I parte 2.<br \/>\nLecci\u00f3n No. 7: Arreglo II parte 1.<br \/>\nLecci\u00f3n No. 8: Arreglo II parte 2.<br \/>\nLecci\u00f3n No. 9: Arreglo III parte 1.<br \/>\nLecci\u00f3n No. 10: Arreglo III parte 2.<br \/>\nLecci\u00f3n No. 11: Cuidados y precauciones para las cajas de corrugado sorpresa.<\/p>\n<p>M\u00f3dulo No. 4 &#8211; Bonos<\/p>\n<p>Lecci\u00f3n No. 1: Caja de corrugado en forma doble coraz\u00f3n con ventana parte 1.<br \/>\nLecci\u00f3n No. 2: Caja de corrugado en forma doble coraz\u00f3n con ventana parte 2.<br \/>\nLecci\u00f3n No. 3: Caja de corrugado en forma doble coraz\u00f3n con ventana parte 3.<br \/>\nLecci\u00f3n No. 4: Caja de corrugado en forma doble coraz\u00f3n con ventana parte 4.<br \/>\nLecci\u00f3n No. 5: Arreglo I parte 1.<br \/>\nLecci\u00f3n No. 6: Arreglo I parte 2.<\/p>\n<p>M\u00f3dulo No. 5 \u2013 Preguntas frecuentes<\/p>\n<p>\u00bfPuedo elaborar cajas de corrugado o de acetato m\u00e1s grandes de lo que hemos realizado?.<\/p>\n<p>ACERCA DEL PRODUCTOR<\/p>\n<p>Desarrollado por WENDY USEN con m\u00e1s de 7 a\u00f1os de experiencia en el negocio de las cajas de corrugado sorpresa.<\/p>\n<p>Su experiencia ha ayudado a otras a convertirse en personas independientes y due\u00f1os de sus propios negocios generando ingresos desde su casa.<\/p>\n","protected":false},"excerpt":{"rendered":"<p>\u00bfSab\u00edas que el cart\u00f3n corrugado es econ\u00f3mico, resistente y adaptable a casi cualquier dise\u00f1o? <\/p>\n<p>Con el MasterClass CAJAS SORPRESA EN CORRUGADO COMO NEGOCIO aprender\u00e1s a empacar tus regalos y productos en un material de gran utilidad en la log\u00edstica del transporte, sin mencionar que es biodegradable y ecol\u00f3gico.<\/p>\n","protected":false},"featured_media":4934,"template":"","meta":{"_joinchat":[]},"product_brand":[],"product_cat":[333,344],"product_tag":[],"class_list":{"0":"post-12962","1":"product","2":"type-product","3":"status-publish","4":"has-post-thumbnail","6":"product_cat-negocios-y-marketing","7":"product_cat-todos","9":"first","10":"instock","11":"sale","12":"shipping-taxable","13":"product-type-external"},"_links":{"self":[{"href":"https:\/\/cursos.talentup.cl\/index.php?rest_route=\/wp\/v2\/product\/12962","targetHints":{"allow":["GET"]}}],"collection":[{"href":"https:\/\/cursos.talentup.cl\/index.php?rest_route=\/wp\/v2\/product"}],"about":[{"href":"https:\/\/cursos.talentup.cl\/index.php?rest_route=\/wp\/v2\/types\/product"}],"version-history":[{"count":2,"href":"https:\/\/cursos.talentup.cl\/index.php?rest_route=\/wp\/v2\/product\/12962\/revisions"}],"predecessor-version":[{"id":14771,"href":"https:\/\/cursos.talentup.cl\/index.php?rest_route=\/wp\/v2\/product\/12962\/revisions\/14771"}],"wp:featuredmedia":[{"embeddable":true,"href":"https:\/\/cursos.talentup.cl\/index.php?rest_route=\/wp\/v2\/media\/4934"}],"wp:attachment":[{"href":"https:\/\/cursos.talentup.cl\/index.php?rest_route=%2Fwp%2Fv2%2Fmedia&parent=12962"}],"wp:term":[{"taxonomy":"product_brand","embeddable":true,"href":"https:\/\/cursos.talentup.cl\/index.php?rest_route=%2Fwp%2Fv2%2Fproduct_brand&post=12962"},{"taxonomy":"product_cat","embeddable":true,"href":"https:\/\/cursos.talentup.cl\/index.php?rest_route=%2Fwp%2Fv2%2Fproduct_cat&post=12962"},{"taxonomy":"product_tag","embeddable":true,"href":"https:\/\/cursos.talentup.cl\/index.php?rest_route=%2Fwp%2Fv2%2Fproduct_tag&post=12962"}],"curies":[{"name":"wp","href":"https:\/\/api.w.org\/{rel}","templated":true}]}}