{"id":12963,"date":"2023-01-10T04:41:33","date_gmt":"2023-01-10T07:41:33","guid":{"rendered":"https:\/\/cursos.talentup.cl\/?post_type=product&#038;p=12963"},"modified":"2024-02-07T23:38:19","modified_gmt":"2024-02-08T02:38:19","slug":"entrenamiento-en-ventas-inmobiliarias","status":"publish","type":"product","link":"https:\/\/cursos.talentup.cl\/?product=entrenamiento-en-ventas-inmobiliarias","title":{"rendered":"ENTRENAMIENTO EN VENTAS INMOBILIARIAS"},"content":{"rendered":"<p>\u00bfSab\u00edas que las ventas en el sector inmobiliario tienen estrategias particulares y distintas a las que usan otros vendedores?<\/p>\n<p>Con el MasterClass ENTRENAMIENTO EN VENTAS INMOBILIARIAS aprender\u00e1s t\u00e9cnicas de cuestionamiento y escucha activa para poder satisfacer la necesidad de tu cliente inmobiliario.<\/p>\n<p>\u00bfQU\u00c9 VAS A LOGRAR?<\/p>\n<p>Tendr\u00e1s la oportunidad de aprender a vender de manera profesional en el mercado inmobiliario.<\/p>\n<p>Aprender\u00e1s a manejar de manera profesional el proceso de negociaci\u00f3n de una transacci\u00f3n de compra venta de propiedades.<\/p>\n<p>Aprender\u00e1s a condicionar tu mente y tu comportamiento para tener \u00e9xito en el mercado inmobiliario.<\/p>\n<p>Aprender\u00e1s a reconocer a los clientes que no tienen intenci\u00f3n de compra y sabr\u00e1s c\u00f3mo calificar o descalificar a este tipo de clientes.<\/p>\n<p>Aprender\u00e1s a ganarte la confianza de los clientes inmobiliarios para lograr m\u00e1s ventas.<\/p>\n<p>Tambi\u00e9n aprender\u00e1s a desarrollar y aplicar el \u201cacuerdo previo\u201d con tu cliente, el cual te va a ayudar cerrar m\u00e1s ventas.<\/p>\n<p>Aprender\u00e1s las t\u00e9cnicas de cuestionamiento y escucha activa para encontrar el dolor del cliente inmobiliario.<\/p>\n<p>Aprender\u00e1s las t\u00e9cnicas de persuasi\u00f3n para averiguar el presupuesto de gasto del cliente inmobiliario.<\/p>\n<p>Aprender\u00e1s tambi\u00e9n a lograr un compromiso por parte del cliente respecto a su decisi\u00f3n de compra y cumplimiento de su palabra para realizar la compra.<\/p>\n<p>Finalmente aprender\u00e1s a desarrollar una estrategia de postventa que evitar\u00e1 que el cliente anule su compra luego de acabada la reuni\u00f3n final de negociaci\u00f3n.<\/p>\n<p>Acceder\u00e1s al certificado avalado por Hotmart y Seminarios Online.<\/p>\n<p>\u00bfC\u00d3MO LO VAS A LOGRAR?<\/p>\n<p>A trav\u00e9s del siguiente contenido, estructurado paso a paso:<\/p>\n<p>Modulo No. 1 CORE<\/p>\n<p>Lecci\u00f3n 1 Introducci\u00f3n.<br \/>\nLecci\u00f3n 2 Justificaci\u00f3n.<br \/>\nLecci\u00f3n 3 Recomendaciones.<br \/>\nLecci\u00f3n 4 Metodolog\u00eda.<\/p>\n<p>Modulo No. 2 Cambia tu forma de pensar<\/p>\n<p>Lecci\u00f3n 5 Condicionando tu mente para * vender.<br \/>\nLecci\u00f3n 6 10 reglas para convertirte en vendedor profesional.<\/p>\n<p>Modulo No. 3 Que es el Sistema de ventas<\/p>\n<p>Lecci\u00f3n 7 Qu\u00e9 es un sistema de ventas.<br \/>\nLecci\u00f3n 8 Pasos a seguir para que funcione el sistema.<\/p>\n<p>M\u00f3dulo No. 4 Establece Confianza con el cliente<\/p>\n<p>Lecci\u00f3n 9 Programaci\u00f3n Neuroling\u00fc\u00edstica.<br \/>\nLecci\u00f3n 10 Sistema de percepci\u00f3n sensorial.<br \/>\nLecci\u00f3n 11 T\u00e9cnicas de escucha activa.<\/p>\n<p>M\u00f3dulo No. 5 Acuerdo previo<\/p>\n<p>Lecci\u00f3n 12 Elementos del acuerdo previo.<br \/>\nLecci\u00f3n 13 Cuando estamos al tel\u00e9fono.<br \/>\nLecci\u00f3n 14 Respuesta a anuncios.<br \/>\nLecci\u00f3n 15 7 razones para usar un acuerdo previo fuerte.<\/p>\n<p>M\u00f3dulo No. 6 Estrategias de cuestionamiento<\/p>\n<p>Lecci\u00f3n 16 Estrategia del aprendiz.<br \/>\nLecci\u00f3n 17 Las reversiones como estrategia de cuestionamiento.<\/p>\n<p>M\u00f3dulo No. 7 Motivos de Compra &#8211; El dolor<\/p>\n<p>Lecci\u00f3n 18 Descubriendo el motivo de compra.<br \/>\nLecci\u00f3n 19 Buscando el dolor del cliente.<\/p>\n<p>M\u00f3dulo No. 8 El Presupuesto &#8211; El dinero<\/p>\n<p>Lecci\u00f3n 20 Presupuesto.<br \/>\nLecci\u00f3n 21 Averigua cu\u00e1nto dinero hay.<\/p>\n<p>M\u00f3dulo No. 9 La decisi\u00f3n m\u00e1s importante<\/p>\n<p>Lecci\u00f3n 22 Decisi\u00f3n.<br \/>\nLecci\u00f3n 23 Obt\u00e9n un compromiso irrenunciable.<\/p>\n<p>M\u00f3dulo No. 10 La mejor presentaci\u00f3n del mundo<\/p>\n<p>Lecci\u00f3n 24 Pasos para una presentaci\u00f3n espectacular.<br \/>\nLecci\u00f3n 25 Estrategias de cierre.<\/p>\n<p>M\u00f3dulo No. 11 Sella tu venta<\/p>\n<p>Lecci\u00f3n 26 Post cierre.<\/p>\n<p>M\u00f3dulo No. 12 (Material adicional &#8211; BONOS).<\/p>\n<p>Lecci\u00f3n 27 PDF.<\/p>\n<p>M\u00f3dulo No. 13 (Video respuestas).<\/p>\n<p>Lecci\u00f3n 28 Respuesta a pregunta frecuente No. 1.<br \/>\nLecci\u00f3n 29 Respuesta a pregunta frecuente No. 2.<\/p>\n<p>ACERCA DEL PRODUCTOR<\/p>\n<p>Desarrollado por RENZO NICOLINI experimentado profesional de las ventas, egresado de la carrera de administraci\u00f3n de empresas de la Universidad de Lima en Per\u00fa, trabajo en diversas \u00e1reas comerciales de los rubros cervecer\u00eda, consumo masivo de alimentos, tabaco, restaurantes, retail de ferreter\u00eda, software empresarial. <\/p>\n<p>Fund\u00f3 empresas relacionadas al rubro vehicular, telecomunicaciones y head hunter de profesionales, es aqu\u00ed donde incluyen las capacitaciones y entrenamiento para fuerza de ventas como unidad de negocio, aplicando toda su experiencia y conocimiento comercial para desarrollar este curso de entrenamiento de ventas dirigido al mercado inmobiliario.<\/p>\n","protected":false},"excerpt":{"rendered":"<p>\u00bfSab\u00edas que las ventas en el sector inmobiliario tienen estrategias particulares y distintas a las que usan otros vendedores?<\/p>\n<p>Con el MasterClass ENTRENAMIENTO EN VENTAS INMOBILIARIAS aprender\u00e1s t\u00e9cnicas de cuestionamiento y escucha activa para poder satisfacer la necesidad de tu cliente inmobiliario.<\/p>\n","protected":false},"featured_media":4935,"template":"","meta":{"_joinchat":[]},"product_brand":[],"product_cat":[333,344],"product_tag":[],"class_list":{"0":"post-12963","1":"product","2":"type-product","3":"status-publish","4":"has-post-thumbnail","6":"product_cat-negocios-y-marketing","7":"product_cat-todos","9":"first","10":"instock","11":"sale","12":"shipping-taxable","13":"product-type-external"},"_links":{"self":[{"href":"https:\/\/cursos.talentup.cl\/index.php?rest_route=\/wp\/v2\/product\/12963","targetHints":{"allow":["GET"]}}],"collection":[{"href":"https:\/\/cursos.talentup.cl\/index.php?rest_route=\/wp\/v2\/product"}],"about":[{"href":"https:\/\/cursos.talentup.cl\/index.php?rest_route=\/wp\/v2\/types\/product"}],"version-history":[{"count":2,"href":"https:\/\/cursos.talentup.cl\/index.php?rest_route=\/wp\/v2\/product\/12963\/revisions"}],"predecessor-version":[{"id":14772,"href":"https:\/\/cursos.talentup.cl\/index.php?rest_route=\/wp\/v2\/product\/12963\/revisions\/14772"}],"wp:featuredmedia":[{"embeddable":true,"href":"https:\/\/cursos.talentup.cl\/index.php?rest_route=\/wp\/v2\/media\/4935"}],"wp:attachment":[{"href":"https:\/\/cursos.talentup.cl\/index.php?rest_route=%2Fwp%2Fv2%2Fmedia&parent=12963"}],"wp:term":[{"taxonomy":"product_brand","embeddable":true,"href":"https:\/\/cursos.talentup.cl\/index.php?rest_route=%2Fwp%2Fv2%2Fproduct_brand&post=12963"},{"taxonomy":"product_cat","embeddable":true,"href":"https:\/\/cursos.talentup.cl\/index.php?rest_route=%2Fwp%2Fv2%2Fproduct_cat&post=12963"},{"taxonomy":"product_tag","embeddable":true,"href":"https:\/\/cursos.talentup.cl\/index.php?rest_route=%2Fwp%2Fv2%2Fproduct_tag&post=12963"}],"curies":[{"name":"wp","href":"https:\/\/api.w.org\/{rel}","templated":true}]}}