{"id":12975,"date":"2023-01-10T04:41:33","date_gmt":"2023-01-10T07:41:33","guid":{"rendered":"https:\/\/cursos.talentup.cl\/?post_type=product&#038;p=12975"},"modified":"2024-02-07T23:38:21","modified_gmt":"2024-02-08T02:38:21","slug":"secretos-para-administrar-tu-restaurante","status":"publish","type":"product","link":"https:\/\/cursos.talentup.cl\/?product=secretos-para-administrar-tu-restaurante","title":{"rendered":"SECRETOS PARA ADMINISTRAR TU RESTAURANTE"},"content":{"rendered":"<p>\u00bfTe gustar\u00eda aprender a administrar tu restaurante de forma efectiva?<\/p>\n<p>Con el masterclass SECRETOS PARA ADMINISTRAR TU RESTAURANTE aprender\u00e1s, de forma sencilla y amena, diferentes t\u00e9cnicas, herramientas<\/p>\n<p>y consejos para mejorar la administraci\u00f3n de tu restaurante y as\u00ed lograr el \u00e9xito esperado en el negocio de comidas.<\/p>\n<p>\u00bfQU\u00c9 VAS A LOGRAR?<\/p>\n<p>Aprender\u00e1s, de forma sencilla y amena, diferentes t\u00e9cnicas, herramientas y consejos para mejorar la administraci\u00f3n de tu restaurante.<\/p>\n<p>Entender\u00e1s C\u00d3MO puedes lograr el \u00e9xito esperado en el negocio de comidas. <\/p>\n<p>Tendr\u00e1s bajo control los costos e inventarios para proyectar a futuro y tomar las mejores decisiones.<\/p>\n<p>Acceder\u00e1s al certificado avalado por Hotmart y Seminarios Online.<\/p>\n<p>\u00bfC\u00d3MO LO VAS A LOGRAR?<\/p>\n<p>A trav\u00e9s del siguiente contenido, estructurado paso a paso:<\/p>\n<p>M\u00f3dulo 1 &#8211; Secretos para administrar tu restaurante.<\/p>\n<p>Introducci\u00f3n y Justificaci\u00f3n.<br \/>\nClase 1 &#8211; Quiero vivir de mi pasi\u00f3n &#8211; El emprendimiento gastron\u00f3mico. \u00bfDescubriendo que necesito saber y dominar?<br \/>\nClase 2 &#8211; El marco de la foto &#8211; Conocimiento de los costos y su aplicaci\u00f3n.<br \/>\nClase 3 &#8211; Plan de vuelo &#8211; Objetivos que debo fijar.<br \/>\nClase 4 &#8211; Agarrando el tim\u00f3n &#8211; Como tomar el control de tu restaurante.<\/p>\n<p>M\u00f3dulo 2 &#8211; Secretos para administrar tu restaurante &#8211; Parte Pr\u00e1ctica.<\/p>\n<p>Clase 5 &#8211; Carreteando por la pista. Fijar precios de venta e identificar costos e inventarios.<br \/>\nClase 6 &#8211; Chequeando instrumentos. C\u00e1lculo del valor de inventarios iniciales y finales. Valorizaci\u00f3n de compras y registro de la informaci\u00f3n.<br \/>\nClase 7 &#8211; El term\u00f3metro de la rentabilidad. Diagnosticar y monitorear el negocio.<\/p>\n<p>M\u00f3dulo No.3 Resumen Final<\/p>\n<p>Clase 8 &#8211; Resumen de lo aprendido.<\/p>\n<p>M\u00f3dulo No.4 &#8211; Material adicional &#8211; BONOS.<\/p>\n<p>Material adicional 1 &#8211; Ebooks en PDF<br \/>\nMaterial adicional 2 &#8211; Plantillas en PDF y para Excel<\/p>\n<p>Modulo 5 &#8211; Video respuestas a preguntas frecuentes.<\/p>\n<p>ACERCA DEL PRODUCTOR<\/p>\n<p>Desarrollado por ALEX MARINUCCI graduado en Gerenciamiento de Hoteles y Restaurantes en Triple T Travel School (Washington DC, Estados Unidos)<\/p>\n<p>Actual Coordinador de la Universidad Nacional de Entre R\u00edos , para las Facultades de Ciencias de la Alimentaci\u00f3n (Concordia) y Bromatolog\u00eda ( Gualeguaych\u00fa hasta 2015), de la Carrera Tecnicatura en Gesti\u00f3n Gastron\u00f3mica.<\/p>\n<p>Ex director de la Universidad de Concepci\u00f3n del Uruguay, de la Carrera T\u00e9cnico Universitario en Hoteler\u00eda.<\/p>\n<p>Docente Universitario de: Calidad en Atenci\u00f3n al Cliente, Introducci\u00f3n al mundo de la Hospitalidad, Gerenciamiento, Departamento de Alimentos y Bebidas, Recepci\u00f3n Hotelera, Gesti\u00f3n Gastron\u00f3mica, \u00c9tica y Deontolog\u00eda Profesional, Seguridad y Mantenimiento Hotelero, Dpto. De Housekeeping (entre otras)<\/p>\n","protected":false},"excerpt":{"rendered":"<p>\u00bfTe gustar\u00eda aprender a administrar tu restaurante de forma efectiva?<\/p>\n<p>Con el masterclass SECRETOS PARA ADMINISTRAR TU RESTAURANTE aprender\u00e1s, de forma sencilla y amena, diferentes t\u00e9cnicas, herramientas<\/p>\n<p>y consejos para mejorar la administraci\u00f3n de tu restaurante y as\u00ed lograr el \u00e9xito esperado en el negocio de comidas.<\/p>\n","protected":false},"featured_media":4947,"template":"","meta":{"_joinchat":[]},"product_brand":[],"product_cat":[333,344],"product_tag":[],"class_list":{"0":"post-12975","1":"product","2":"type-product","3":"status-publish","4":"has-post-thumbnail","6":"product_cat-negocios-y-marketing","7":"product_cat-todos","9":"first","10":"instock","11":"sale","12":"shipping-taxable","13":"product-type-external"},"_links":{"self":[{"href":"https:\/\/cursos.talentup.cl\/index.php?rest_route=\/wp\/v2\/product\/12975","targetHints":{"allow":["GET"]}}],"collection":[{"href":"https:\/\/cursos.talentup.cl\/index.php?rest_route=\/wp\/v2\/product"}],"about":[{"href":"https:\/\/cursos.talentup.cl\/index.php?rest_route=\/wp\/v2\/types\/product"}],"version-history":[{"count":2,"href":"https:\/\/cursos.talentup.cl\/index.php?rest_route=\/wp\/v2\/product\/12975\/revisions"}],"predecessor-version":[{"id":14783,"href":"https:\/\/cursos.talentup.cl\/index.php?rest_route=\/wp\/v2\/product\/12975\/revisions\/14783"}],"wp:featuredmedia":[{"embeddable":true,"href":"https:\/\/cursos.talentup.cl\/index.php?rest_route=\/wp\/v2\/media\/4947"}],"wp:attachment":[{"href":"https:\/\/cursos.talentup.cl\/index.php?rest_route=%2Fwp%2Fv2%2Fmedia&parent=12975"}],"wp:term":[{"taxonomy":"product_brand","embeddable":true,"href":"https:\/\/cursos.talentup.cl\/index.php?rest_route=%2Fwp%2Fv2%2Fproduct_brand&post=12975"},{"taxonomy":"product_cat","embeddable":true,"href":"https:\/\/cursos.talentup.cl\/index.php?rest_route=%2Fwp%2Fv2%2Fproduct_cat&post=12975"},{"taxonomy":"product_tag","embeddable":true,"href":"https:\/\/cursos.talentup.cl\/index.php?rest_route=%2Fwp%2Fv2%2Fproduct_tag&post=12975"}],"curies":[{"name":"wp","href":"https:\/\/api.w.org\/{rel}","templated":true}]}}