{"id":12976,"date":"2023-01-10T04:41:33","date_gmt":"2023-01-10T07:41:33","guid":{"rendered":"https:\/\/cursos.talentup.cl\/?post_type=product&#038;p=12976"},"modified":"2024-02-07T23:38:21","modified_gmt":"2024-02-08T02:38:21","slug":"metodo-magnet-para-vender-mas","status":"publish","type":"product","link":"https:\/\/cursos.talentup.cl\/?product=metodo-magnet-para-vender-mas","title":{"rendered":"M\u00c9TODO MAGNET PARA VENDER M\u00c1S"},"content":{"rendered":"<p>\u00bfSabias que existe un m\u00e9todo para aumentar tus ventas de manera efectiva e inmediata?<\/p>\n<p>Con el masterclass METODO MAGNET PARA VENDER MAS lograras inducir a tu cliente a comprarte sin que ni siquiera se percate de ello.<\/p>\n<p>\u00bfQU\u00c9 VAS A LOGRAR?<\/p>\n<p>Conocer\u00e1s la programaci\u00f3n neuroling\u00fc\u00edstica.<\/p>\n<p>Comprender\u00e1s c\u00f3mo es que esta tecnolog\u00eda te ayudar\u00e1 a vender m\u00e1s.<\/p>\n<p>Aprender\u00e1s a aplicar el marketing disruptivo.<\/p>\n<p>Aprender\u00e1s que cada persona tiene una manera de expresarse seg\u00fan su modo de interpretar el mundo.<\/p>\n<p>Aprender\u00e1s a aplicar la herramienta preferida por los grandes vendedores: el rapport.<\/p>\n<p>Aprender\u00e1s en qu\u00e9 consiste la sintaxis mental y c\u00f3mo identificarla en tu cliente para aplicarla en tu beneficio.<\/p>\n<p>Aprender\u00e1s c\u00f3mo anclar a tu cliente a ti y a tu producto o servicio.<\/p>\n<p>Aprender\u00e1s a aplicar el paquete verbal en tus ventas.<\/p>\n<p>Aprender\u00e1s a convertir las caracter\u00edsticas de tu producto en beneficios.<\/p>\n<p>Aprender\u00e1s c\u00f3mo replantear el contexto de tu cliente en la venta.<\/p>\n<p>Sabr\u00e1s c\u00f3mo ordenarle a tu cliente que te compre, sin que se percate de ello.<\/p>\n<p>Aprender\u00e1s c\u00f3mo aplicar las siete creencias de los triunfadores en tu labor de ventas.<\/p>\n<p>Acceder\u00e1s al certificado avalado por Hotmart y seminarios online.<\/p>\n<p>\u00bfC\u00d3MO LO VAS A LOGRAR?<\/p>\n<p>A trav\u00e9s del siguiente contenido, estructurado paso a paso:<\/p>\n<p>M\u00d3DULO 1: M\u00c9TODO MAGNET PARA VENDER M\u00c1S<\/p>\n<p>INTRODUCCI\u00d3N Al m\u00e9todo magnet para vender m\u00e1s.<br \/>\nLECCI\u00d3N 1: La Programaci\u00f3n neuroling\u00fc\u00edstica con mi sal y pimienta.<br \/>\nLECCI\u00d3N 2: \u00bfSab\u00edas esto?&#8230; \u00a1te lo cuento!<br \/>\nLECCI\u00d3N 3: Al\u00edate con tu inconsciente.<br \/>\nLECCI\u00d3N 4: Reconc\u00edliate con tu inconsciente.<br \/>\nLECCI\u00d3N 5: Pensamiento t\u00e1ctico y estrat\u00e9gico. ELABORA TU PROYECTO DE VIDA.<br \/>\nLECCI\u00d3N 6: Usa el marketing disruptivo a tu favor.<br \/>\nLECCI\u00d3N 7: Rapport y calibraci\u00f3n. \u00a1\u00fasalos desde ya!<br \/>\nLECCI\u00d3N 8: V\u00e9ndele al visual, al sensorial y al auditivo.<br \/>\nLECCI\u00d3N 9: Sintaxis mental. \u00a1apl\u00edcala ya!<br \/>\nLECCI\u00d3N 10: Ancla a tu cliente a ti y a tu producto o servicio.<br \/>\nLECCI\u00d3N 11: Aplica el paquete verbal en tu cliente. ya!<br \/>\nLECCI\u00d3N 12: Convierte caracter\u00edsticas en beneficios.<br \/>\nLECCI\u00d3N 13: Replantea el contexto de tu cliente.<br \/>\nLECCI\u00d3N 14: Hazles peticiones ocultas a tus clientes.<br \/>\nLECCI\u00d3N 15: Las cosas ocurren por algo y siempre son en tu beneficio.<br \/>\nLECCI\u00d3N 16: No hay fracasos, s\u00f3lo hay resultados.<br \/>\nLECCI\u00d3N 17: Asume la responsabilidad, pase lo que pase.<br \/>\nLECCI\u00d3N 18: No es necesario saber de todo para poder utilizarlo.<br \/>\nLECCI\u00d3N 19: Tu mayor recurso es: \u00a1TU GENTE!<br \/>\nLECCI\u00d3N 20: Haz de tu labor&#8230; \u00a1UN JUEGO!<br \/>\nLECCI\u00d3N 21: \u00bfQuieres que TU \u00c9XITO Sea duradero? \u00a1PONLE CUERPO, ALMA Y CORAZ\u00d3N!<\/p>\n<p>M\u00d3DULO 2: BONOS: MATERIAL ADICIONAL Y COMPLEMENTARIO<\/p>\n<p>BONO 1: Frecuencias solfeggio.<br \/>\nBONO 2: Gimnasia cerebral.<\/p>\n<p>M\u00d3DULO 3: VIDEO RESPUESTAS A PREGUNTAS FRECUENTES<\/p>\n<p>1. \u00bfQu\u00e9 pasa si no me reconcilio con mi mente inconsciente?<br \/>\n2. \u00bfQu\u00e9 pasa si no haces rapport con tu cliente?<br \/>\n3. \u00bfQu\u00e9 pasa si no elaboras tu proyecto de vida?<br \/>\n4. \u00bfQu\u00e9 pasa si no usas los sistemas representacionales?<br \/>\n5. \u00bfQu\u00e9 pasa si no usas la sintaxis mental en tu cliente?<br \/>\n6. \u00bfQu\u00e9 pasa si no anclas a tu cliente, a ti y a tu producto o servicio?<br \/>\n7. \u00bfQu\u00e9 pasa si no conviertes caracter\u00edsticas en beneficios?<br \/>\n8. \u00bfQu\u00e9 pasa si no usas el paquete verbal en tu cliente?<br \/>\n9. \u00bfQu\u00e9 pasa si no replanteas el contexto del cliente?<br \/>\n10. \u00bfQu\u00e9 pasa si no le haces peticiones ocultas a tu cliente?<\/p>\n<p>ACERCA DEL PRODUCTOR<\/p>\n<p>Desarrollado por RAFAEL ALBERTO PERAZA TORRES, profesional experto en Programaci\u00f3n Neuroling\u00fc\u00edstica, Neuroventas, Geometr\u00eda Sagrada, Aprendizaje acelerado, Frecuencias Solfeggio y mucho m\u00e1s.<\/p>\n<p>Le apasiona ense\u00f1ar c\u00f3mo conectar f\u00e1cilmente con los dem\u00e1s.<\/p>\n<p>Ha capacitado a miles de personas y logrados resultados incre\u00edbles con su M\u00e9todo Magnet para Vender M\u00e1s.<\/p>\n","protected":false},"excerpt":{"rendered":"<p>\u00bfSabias que existe un m\u00e9todo para aumentar tus ventas de manera efectiva e inmediata?<\/p>\n<p>Con el masterclass METODO MAGNET PARA VENDER MAS lograras inducir a tu cliente a comprarte sin que ni siquiera se percate de ello.<\/p>\n","protected":false},"featured_media":4948,"template":"","meta":{"_joinchat":[]},"product_brand":[],"product_cat":[333,344],"product_tag":[],"class_list":{"0":"post-12976","1":"product","2":"type-product","3":"status-publish","4":"has-post-thumbnail","6":"product_cat-negocios-y-marketing","7":"product_cat-todos","9":"first","10":"instock","11":"sale","12":"shipping-taxable","13":"product-type-external"},"_links":{"self":[{"href":"https:\/\/cursos.talentup.cl\/index.php?rest_route=\/wp\/v2\/product\/12976","targetHints":{"allow":["GET"]}}],"collection":[{"href":"https:\/\/cursos.talentup.cl\/index.php?rest_route=\/wp\/v2\/product"}],"about":[{"href":"https:\/\/cursos.talentup.cl\/index.php?rest_route=\/wp\/v2\/types\/product"}],"version-history":[{"count":2,"href":"https:\/\/cursos.talentup.cl\/index.php?rest_route=\/wp\/v2\/product\/12976\/revisions"}],"predecessor-version":[{"id":14784,"href":"https:\/\/cursos.talentup.cl\/index.php?rest_route=\/wp\/v2\/product\/12976\/revisions\/14784"}],"wp:featuredmedia":[{"embeddable":true,"href":"https:\/\/cursos.talentup.cl\/index.php?rest_route=\/wp\/v2\/media\/4948"}],"wp:attachment":[{"href":"https:\/\/cursos.talentup.cl\/index.php?rest_route=%2Fwp%2Fv2%2Fmedia&parent=12976"}],"wp:term":[{"taxonomy":"product_brand","embeddable":true,"href":"https:\/\/cursos.talentup.cl\/index.php?rest_route=%2Fwp%2Fv2%2Fproduct_brand&post=12976"},{"taxonomy":"product_cat","embeddable":true,"href":"https:\/\/cursos.talentup.cl\/index.php?rest_route=%2Fwp%2Fv2%2Fproduct_cat&post=12976"},{"taxonomy":"product_tag","embeddable":true,"href":"https:\/\/cursos.talentup.cl\/index.php?rest_route=%2Fwp%2Fv2%2Fproduct_tag&post=12976"}],"curies":[{"name":"wp","href":"https:\/\/api.w.org\/{rel}","templated":true}]}}