{"id":13037,"date":"2023-01-10T04:41:40","date_gmt":"2023-01-10T07:41:40","guid":{"rendered":"https:\/\/cursos.talentup.cl\/?post_type=product&#038;p=13037"},"modified":"2024-02-07T23:38:25","modified_gmt":"2024-02-08T02:38:25","slug":"de-emprendedor-a-empresario","status":"publish","type":"product","link":"https:\/\/cursos.talentup.cl\/?product=de-emprendedor-a-empresario","title":{"rendered":"DE EMPRENDEDOR A EMPRESARIO"},"content":{"rendered":"<p>La mayor\u00eda de personas tenemos una idea de negocio en la cabeza, pero pocos nos atrevemos a llevarla a cabo.<\/p>\n<p>Con el MasterClass DE EMPRENDEDOR A EMPRESARIO, domina una herramienta f\u00e1cil y din\u00e1mica para generar planes de acci\u00f3n que te ayuden a montar estrat\u00e9gicamente tu emprendimiento.<\/p>\n<p>El M\u00c9TODO KAISEN ha llevado a empresas tan importantes cono TOYOTA y a emprendedores de todo el mundo a consolidar modelos de negocio exitosos.<\/p>\n<p>Conoce los riesgos y la viabilidad de tu idea, desarrolla tu propuesta de valor con un diferencial y genera resultados.<\/p>\n<p>\u00bfQU\u00c9 VAS A LOGRAR?<\/p>\n<p>Aprender\u00e1s a entender con un enfoque sencillo y pr\u00e1ctico herramientas de visi\u00f3n, liderazgo y administraci\u00f3n muy \u00fatiles para tu emprendimiento.<\/p>\n<p>Incorporar\u00e1s en tu sistema de pensamiento m\u00e9todos y herramientas que provienen de grandes empresarios y pensadores, aterrizadas a tu realidad de emprendedor.<\/p>\n<p>Desarrollar\u00e1s un sentido cr\u00edtico m\u00e1s profundo que te brindar\u00e1 elementos de juicio m\u00e1s aterrizados y propositivos los cuales te ayudar\u00e1n a ver tu idea con otros ojos y maximizar as\u00ed tus posibilidades.<\/p>\n<p>Adquirir\u00e1s las habilidades necesarias para avanzar o descartar tus ideas r\u00e1pidamente, sin sesgos ni decisiones impulsivas, habilidad necesaria para no incurrir en riesgos innecesarios.<\/p>\n<p>Aprender\u00e1s las bondades de los distintos tipos de pensamiento que requieres utilizar para sacar adelantes tus ideas. <\/p>\n<p>Aprender\u00e1s a avanzar paso a paso, de forma r\u00e1pida y estructurada, en la direcci\u00f3n de las metas que te has propuesto, evitando procrastinar y evitando que las oportunidades pasen delante de ti sin que las aproveches.<\/p>\n<p>Acceder\u00e1s al certificado avalado por Hotmart y Seminarios Online.<\/p>\n<p>\u00bfC\u00d3MO LO VAS A LOGRAR?<\/p>\n<p>A trav\u00e9s del siguiente contenido estructurado paso a paso:<\/p>\n<p>VIDEO 1: Introducci\u00f3n.<br \/>\nVIDEO 2: Trayectoria.<br \/>\nVIDEO 3: Importancia.<br \/>\nVIDEO 4: Bases del m\u00e9todo Kaizen.<br \/>\nVIDEO 5: Segundo pilar.<br \/>\nVIDEO 6: Tercer pilar.<br \/>\nVIDEO 7: Tipos de pensamiento.<br \/>\nVIDEO 8: El Prop\u00f3sito.<br \/>\nVIDEO 9: Historia del m\u00e9todo.<br \/>\nVIDEO 10: Tendencias.<br \/>\nVIDEO 11: Mejorar continuamente.<br \/>\nVIDEO 12: Liderazgo.<br \/>\nVIDEO 13: Actuar.<br \/>\nVIDEO 14: Pensar defectuosamente.<br \/>\nVIDEO 15: En busca de acciones.<br \/>\nVIDEO 16: Tipos de problemas.<br \/>\nVIDEO 17: Definici\u00f3n del problema.<br \/>\nVIDEO 18: Identificaci\u00f3n del problema.<br \/>\nVIDEO 19: Lienzo de valor.<br \/>\nVIDEO 20: Muda, mura, Muri.<br \/>\nVIDEO 21: Resultados.<\/p>\n<p>ACERCA DEL PRODUCTOR<\/p>\n<p>Desarrollado por ALFREDO SOLARTE ANGULO; colombiano, empresario y emprendedor, con grandes deseos de transmitir sus aprendizajes a los dem\u00e1s. <\/p>\n<p>Apasionado por el pensamiento \u00e1gil, el pensamiento cient\u00edfico y en general por la mejora permanente de los procesos organizacionales. <\/p>\n<p>Ha trabajado como alto ejecutivo para empresas locales e internacionales, como consultor de gerencia para empresas multinacionales, latinoamericanas y locales y tambi\u00e9n para todo tipo de emprendedores.<\/p>\n<p>Ha sido profesor de pregrado y post grado en la Universidad de Los Andes y ha dictado m\u00faltiples talleres de liderazgo, gesti\u00f3n y emprendimiento.<\/p>\n<p>Su experiencia es amplia y variada en t\u00e9rminos de sectores: alimentos y bebidas, tecnolog\u00eda, manufacturas, comercio, log\u00edstica internacional, servicios financieros, impacto social, as\u00ed como tambi\u00e9n en t\u00e9rminos de procesos y funciones de empresa: gesti\u00f3n estrat\u00e9gica, gesti\u00f3n comercial, gesti\u00f3n de operaciones, manufactura y calidad, tecnolog\u00eda, gesti\u00f3n humana, gesti\u00f3n financiera.<\/p>\n","protected":false},"excerpt":{"rendered":"<p>La mayor\u00eda de personas tenemos una idea de negocio en la cabeza, pero pocos nos atrevemos a llevarla a cabo.<\/p>\n<p>Con el MasterClass DE EMPRENDEDOR A EMPRESARIO, domina una herramienta f\u00e1cil y din\u00e1mica para generar planes de acci\u00f3n que te ayuden a montar estrat\u00e9gicamente tu emprendimiento.<\/p>\n<p>El M\u00c9TODO KAISEN ha llevado a empresas tan importantes cono TOYOTA y a emprendedores de todo el mundo a consolidar modelos de negocio exitosos.<\/p>\n<p>Conoce los riesgos y la viabilidad de tu idea, desarrolla tu propuesta de valor con un diferencial y genera resultados.<\/p>\n","protected":false},"featured_media":4983,"template":"","meta":{"_joinchat":[]},"product_brand":[],"product_cat":[333,344],"product_tag":[],"class_list":{"0":"post-13037","1":"product","2":"type-product","3":"status-publish","4":"has-post-thumbnail","6":"product_cat-negocios-y-marketing","7":"product_cat-todos","9":"first","10":"instock","11":"sale","12":"shipping-taxable","13":"product-type-external"},"_links":{"self":[{"href":"https:\/\/cursos.talentup.cl\/index.php?rest_route=\/wp\/v2\/product\/13037","targetHints":{"allow":["GET"]}}],"collection":[{"href":"https:\/\/cursos.talentup.cl\/index.php?rest_route=\/wp\/v2\/product"}],"about":[{"href":"https:\/\/cursos.talentup.cl\/index.php?rest_route=\/wp\/v2\/types\/product"}],"version-history":[{"count":2,"href":"https:\/\/cursos.talentup.cl\/index.php?rest_route=\/wp\/v2\/product\/13037\/revisions"}],"predecessor-version":[{"id":14819,"href":"https:\/\/cursos.talentup.cl\/index.php?rest_route=\/wp\/v2\/product\/13037\/revisions\/14819"}],"wp:featuredmedia":[{"embeddable":true,"href":"https:\/\/cursos.talentup.cl\/index.php?rest_route=\/wp\/v2\/media\/4983"}],"wp:attachment":[{"href":"https:\/\/cursos.talentup.cl\/index.php?rest_route=%2Fwp%2Fv2%2Fmedia&parent=13037"}],"wp:term":[{"taxonomy":"product_brand","embeddable":true,"href":"https:\/\/cursos.talentup.cl\/index.php?rest_route=%2Fwp%2Fv2%2Fproduct_brand&post=13037"},{"taxonomy":"product_cat","embeddable":true,"href":"https:\/\/cursos.talentup.cl\/index.php?rest_route=%2Fwp%2Fv2%2Fproduct_cat&post=13037"},{"taxonomy":"product_tag","embeddable":true,"href":"https:\/\/cursos.talentup.cl\/index.php?rest_route=%2Fwp%2Fv2%2Fproduct_tag&post=13037"}],"curies":[{"name":"wp","href":"https:\/\/api.w.org\/{rel}","templated":true}]}}