{"id":13039,"date":"2023-01-10T04:41:40","date_gmt":"2023-01-10T07:41:40","guid":{"rendered":"https:\/\/cursos.talentup.cl\/?post_type=product&#038;p=13039"},"modified":"2024-02-07T23:38:25","modified_gmt":"2024-02-08T02:38:25","slug":"el-negocio-de-los-nectares-de-fruta-envasados","status":"publish","type":"product","link":"https:\/\/cursos.talentup.cl\/?product=el-negocio-de-los-nectares-de-fruta-envasados","title":{"rendered":"EL NEGOCIO DE LOS N\u00c9CTARES DE FRUTA ENVASADOS"},"content":{"rendered":"<p>Existe una tendencia en personas que quieren verse saludables en todo el mundo. Es el consumo de los n\u00e9ctares de fruta naturales.<\/p>\n<p>Con el MasterClass EL NEGOCIO DE LOS N\u00c9CTARES DE FRUTA ENVASADOS, aprende las t\u00e9cnicas m\u00e1s f\u00e1ciles para procesar estos alimentos y generar altos ingresos.<\/p>\n<p>Conoce el funcionamiento de las m\u00e1quinas y equipos para lograrlo, conservando el sabor original de las frutas.<\/p>\n<p>Domina aspectos como el control da calidad, los sabores y todo lo que necesitas saber para tener tu propia planta de procesamiento de N\u00c9CTARES DE FRUTA ENVASADOS. <\/p>\n<p>\u00bfQU\u00c9 VAS A LOGRAR?<\/p>\n<p>Identificar\u00e1s y describir\u00e1s los par\u00e1metros que influyen en el procesamiento de los Jugos envasados o N\u00e9ctares.<\/p>\n<p>Identificar\u00e1s y describir\u00e1s las operaciones que conforman el flujo de procesamiento en la elaboraci\u00f3n de los Jugos envasados o N\u00e9ctares.<\/p>\n<p>Conocer\u00e1s las caracter\u00edsticas y funcionamiento de las m\u00e1quinas y equipos que influyen en el procesamiento de los Jugos Envasados o N\u00e9ctares.<\/p>\n<p>Determinar\u00e1s los costos y ganancias de producci\u00f3n de Jugos Envasados o N\u00e9ctares, as\u00ed como su punto de equilibrio en la producci\u00f3n.<\/p>\n<p>Identificar\u00e1s el control de calidad para la producci\u00f3n de N\u00e9ctar de frutas.<\/p>\n<p>Identificar\u00e1s los defectos m\u00e1s comunes (causas y sus soluciones) en la elaboraci\u00f3n del n\u00e9ctar.<\/p>\n<p>Emprender\u00e1s tu propio negocio de Jugos Envasados o N\u00e9ctares desde Casa y seguir creciendo hasta tener tu propia planta de procesamiento.<\/p>\n<p>Acceder\u00e1s al certificado avalado por Hotmart y Seminarios Online.<\/p>\n<p>\u00bfC\u00d3MO LO VAS A LOGRAR?<\/p>\n<p>A trav\u00e9s del siguiente contenido estructurado paso a paso:<\/p>\n<p>Video 01: Comienza aqu\u00ed.<br \/>\nVideo 02: Justificaci\u00f3n y estructura de la Masterclass.<br \/>\nVideo 03: Recomendaciones.<br \/>\nVideo 04: Jugo o Zumo de Frutas.<br \/>\nVideo 05: Jugo o Zumo a partir de concentrado de frutas.<br \/>\nVideo 06: Caracter\u00edsticas Principales de la Pulpa de Fruta.<br \/>\nVideo 07: \u00bfQu\u00e9 es N\u00e9ctar o Jugo envasado? y Caracter\u00edsticas F\u00edsico-qu\u00edmicas.<br \/>\nVideo 08: Determinaci\u00f3n de az\u00facares en frutas, zumos y N\u00e9ctares.<br \/>\nVideo 09: Frutas y su grado de Madurez.<br \/>\nVideo 10: Caracter\u00edsticas del Agua, su pH aceptable y cantidad que se debe diluir en las pulpas de frutas.<br \/>\nVideo 11: F\u00f3rmula para la determinaci\u00f3n de la cantidad de az\u00facar para la elaboraci\u00f3n del n\u00e9ctar.<br \/>\nVideo 12: \u00c1cido C\u00edtrico y f\u00f3rmula para su determinaci\u00f3n.<br \/>\nVideo 13: Conservante qu\u00edmico requerido y f\u00f3rmula para su determinaci\u00f3n.<br \/>\nVideo 14: Estabilizantes y f\u00f3rmula para su determinaci\u00f3n.<br \/>\nVideo 15: Plantilla Excel para determinar la cantidad de az\u00facar, \u00e1cido, estabilizante y conservante (Bono 1).<br \/>\nVideo 16: Recepci\u00f3n y Almacenamiento.<br \/>\nVideo 17: Saneo (Lavado y Desinfecci\u00f3n).<br \/>\nVideo 18: Pelado y Trozado.<br \/>\nVideo 19: Escaldado de las frutas.<br \/>\nVideo 20: Pulpeado y Refinado de Frutas.<br \/>\nVideo 21: Estandarizaci\u00f3n de los insumos y la materia prima.<br \/>\nVideo 22: Homogenizaci\u00f3n con el molino coloidal.<br \/>\nVideo 23: Pausterizaci\u00f3n.<br \/>\nVideo 24: Envasado, Sellado y Enfriado.<br \/>\nVideo 25: Etiquetado, Rotulado y Empacado.<br \/>\nVideo 26: Diagrama de flujos para la obtenci\u00f3n del N\u00e9ctar.<br \/>\nVideo 27: Equipos, materiales y utensilios generales.<br \/>\nVideo 28: Equipos de Medici\u00f3n de calidad.<br \/>\nVideo 29: Materiales para envasado.<br \/>\nVideo 30: Dise\u00f1o de planta para n\u00e9ctares.<br \/>\nVideo 31: An\u00e1lisis Organol\u00e9pticos, Fisicoqu\u00edmicos y Microbiol\u00f3gicos.<br \/>\nVideo 32: Defectos m\u00e1s comunes (causas y sus soluciones) en la elaboraci\u00f3n del n\u00e9ctar.<br \/>\nVideo 33: Buenas pr\u00e1cticas de manipulaci\u00f3n y fabricaci\u00f3n.<br \/>\nVideo 34: Balance de materia para la obtenci\u00f3n de pulpa.<br \/>\nVideo 35: Balance de materia para la obtenci\u00f3n de n\u00e9ctar.<br \/>\nVideo 36: Determinaci\u00f3n de costos y del punto de equilibrio en la producci\u00f3n de n\u00e9ctar.<br \/>\nVideo 37: An\u00e1lisis de la elaboraci\u00f3n de pulpa de fresas.<br \/>\nVideo 38: An\u00e1lisis de la elaboraci\u00f3n de N\u00e9ctar de Pi\u00f1a.<br \/>\nVideo 39: An\u00e1lisis de la elaboraci\u00f3n de N\u00e9ctar de Manzana.<br \/>\nVideo 40: An\u00e1lisis de la elaboraci\u00f3n de pulpa de Guan\u00e1bana.<br \/>\nVideo 41: An\u00e1lisis de la elaboraci\u00f3n de N\u00e9ctar de mango.<br \/>\nVideo 42: 2 Libros impresionantes que debes leer antes de elaborar tu n\u00e9ctar o Jugo envasado (Gratis para descargar).<\/p>\n<p>Anexo1: Otros T\u00edtulos que pueden considerar para promocionar el Curso, Masterclass, taller, evento, etc.<br \/>\nAnexo 2: Estructura Feldman.<\/p>\n<p>ACERCA DEL PRODUCTOR<\/p>\n<p>Desarrollado por el Ingeniero Agroindustrial LUIS S\u00c1NCHEZ con m\u00e1s de 8 a\u00f1os de experiencia.<\/p>\n<p>Este Master Class va dirigido para ingenieros alimentarios, agroindustriales, t\u00e9cnicos de alimentos, qu\u00edmicos, due\u00f1os de gimnasios, comerciantes, snack bar, emprendedores, toda persona relacionada en la industria alimentaria y p\u00fablico en general.<\/p>\n","protected":false},"excerpt":{"rendered":"<p>Existe una tendencia en personas que quieren verse saludables en todo el mundo. Es el consumo de los n\u00e9ctares de fruta naturales.<\/p>\n<p>Con el MasterClass EL NEGOCIO DE LOS N\u00c9CTARES DE FRUTA ENVASADOS, aprende las t\u00e9cnicas m\u00e1s f\u00e1ciles para procesar estos alimentos y generar altos ingresos.<\/p>\n<p>Conoce el funcionamiento de las m\u00e1quinas y equipos para lograrlo, conservando el sabor original de las frutas.<\/p>\n<p>Domina aspectos como el control da calidad, los sabores y todo lo que necesitas saber para tener tu propia planta de procesamiento de N\u00c9CTARES DE FRUTA ENVASADOS. <\/p>\n","protected":false},"featured_media":4985,"template":"","meta":{"_joinchat":[]},"product_brand":[],"product_cat":[333,344],"product_tag":[],"class_list":{"0":"post-13039","1":"product","2":"type-product","3":"status-publish","4":"has-post-thumbnail","6":"product_cat-negocios-y-marketing","7":"product_cat-todos","9":"first","10":"instock","11":"sale","12":"shipping-taxable","13":"product-type-external"},"_links":{"self":[{"href":"https:\/\/cursos.talentup.cl\/index.php?rest_route=\/wp\/v2\/product\/13039","targetHints":{"allow":["GET"]}}],"collection":[{"href":"https:\/\/cursos.talentup.cl\/index.php?rest_route=\/wp\/v2\/product"}],"about":[{"href":"https:\/\/cursos.talentup.cl\/index.php?rest_route=\/wp\/v2\/types\/product"}],"version-history":[{"count":2,"href":"https:\/\/cursos.talentup.cl\/index.php?rest_route=\/wp\/v2\/product\/13039\/revisions"}],"predecessor-version":[{"id":14821,"href":"https:\/\/cursos.talentup.cl\/index.php?rest_route=\/wp\/v2\/product\/13039\/revisions\/14821"}],"wp:featuredmedia":[{"embeddable":true,"href":"https:\/\/cursos.talentup.cl\/index.php?rest_route=\/wp\/v2\/media\/4985"}],"wp:attachment":[{"href":"https:\/\/cursos.talentup.cl\/index.php?rest_route=%2Fwp%2Fv2%2Fmedia&parent=13039"}],"wp:term":[{"taxonomy":"product_brand","embeddable":true,"href":"https:\/\/cursos.talentup.cl\/index.php?rest_route=%2Fwp%2Fv2%2Fproduct_brand&post=13039"},{"taxonomy":"product_cat","embeddable":true,"href":"https:\/\/cursos.talentup.cl\/index.php?rest_route=%2Fwp%2Fv2%2Fproduct_cat&post=13039"},{"taxonomy":"product_tag","embeddable":true,"href":"https:\/\/cursos.talentup.cl\/index.php?rest_route=%2Fwp%2Fv2%2Fproduct_tag&post=13039"}],"curies":[{"name":"wp","href":"https:\/\/api.w.org\/{rel}","templated":true}]}}