{"id":13069,"date":"2023-01-10T04:41:44","date_gmt":"2023-01-10T07:41:44","guid":{"rendered":"https:\/\/cursos.talentup.cl\/?post_type=product&#038;p=13069"},"modified":"2024-02-07T23:38:25","modified_gmt":"2024-02-08T02:38:25","slug":"odontologos-del-futuro-marketing","status":"publish","type":"product","link":"https:\/\/cursos.talentup.cl\/?product=odontologos-del-futuro-marketing","title":{"rendered":"ODONT\u00d3LOGOS DEL FUTURO MARKETING"},"content":{"rendered":"<p>El 75% de los odont\u00f3logos cierran sus puertas al p\u00fablico por falta de clientes. Est\u00e1n perdidos al no tener una estrategia publicitaria clara.<\/p>\n<p>Con el programa ODONT\u00d3LOGOS DEL FUTURO aprende el MARKETING DIGITAL que ha llevado a profesionales y consultorios a duplicar sus ventas gracias al poder de las plataformas y aplicaciones digitales.<\/p>\n<p>Domina claves valiosas para aumentar el tr\u00e1fico de las campa\u00f1as con Facebook, Instagram y herramientas como Google Site, Google Maps, WhatsApp marketing y mucho m\u00e1s.<\/p>\n<p>\u00bfQU\u00c9 VAS A LOGRAR?<\/p>\n<p>Aprender\u00e1s la estrategia completa de marketing digital para tu consultorio. <\/p>\n<p>Dominar\u00e1s las plataformas de Facebook e Instagram para impactar a tus clientes potenciales.<\/p>\n<p>Aumentar\u00e1s el tr\u00e1fico de personas hacia tus paginas digitales para tener una mayor cantidad de prospectos convertidos\/ventas.<\/p>\n<p>Provocar\u00e1s altos niveles de recordaci\u00f3n con im\u00e1genes de publicidad inolvidables.<\/p>\n<p>Aprender\u00e1s a utilizar las herramientas de Google site para crear un sitio web y Google business para localizar tu negocio en el Google maps.<\/p>\n<p>Crear\u00e1s tu propio ecosistema completo y automatizado de atenci\u00f3n a clientes y ventas para lograr duplicar tus clientes.<\/p>\n<p>Aprender\u00e1s acerca de la plataforma de manychat y poder crear tu propio Chatbot para atender a tus clientes en autom\u00e1tico.<\/p>\n<p>Identificar\u00e1s como abordar con tu informaci\u00f3n real y concreta cada una de las redes sociales que se utilizan m\u00e1s en el mercado digital para dar un mejor servicio a tus pacientes.<\/p>\n<p>Aprender\u00e1s a crear tus propios dise\u00f1os digitales para optimizar la imagen y publicidad de todas tus redes sociales y as\u00ed atraer a m\u00e1s personas. <\/p>\n<p>Aprender\u00e1s a utilizar la herramienta m\u00e1s poderosa que es Facebook ADS para crear y enviar tu publicidad de una manera precisa y letal para impactar a tus prospectos y volverlos tus pacientes. <\/p>\n<p>Acceder\u00e1s al certificado avalado por Hotmart y Seminarios Online.<\/p>\n<p>\u00bfC\u00d3MO LO VAS A LOGRAR?<\/p>\n<p>A trav\u00e9s del siguiente contenido estructurado paso a paso:<\/p>\n<p>Video 1: Bienvenidos al programa.<br \/>\nVideo 2: Recomendaciones del curso antes de empezar.<br \/>\nVideo 3: Por qu\u00e9 utilizar herramientas digitales.<br \/>\nVideo 4: C\u00f3mo crear un logotipo en CANVA.<br \/>\nVideo 5: C\u00f3mo crear una p\u00e1gina de Facebook.<br \/>\nVideo 6: C\u00f3mo utilizar Whatsapp Bussines.<br \/>\nVideo 7: C\u00f3mo crear una cuenta de empresa en Instagram.<br \/>\nVideo 8: C\u00f3mo crear una cuenta en Google Bussines.<br \/>\nVideo 9: Conociendo el creator estudio de Facebook.<br \/>\nVideo 10: C\u00f3mo crear un link personalizado de Whatsapp Bussines.<br \/>\nVideo 11: C\u00f3mo utilizar una plataforma de pago.<\/p>\n<p>En este video ense\u00f1o a utilizar la plataforma de Mercado pago pero tambi\u00e9n hago la recomendaci\u00f3n de estas 2 plataformas para que los alumnos tengas otras maneras de concretar pagos en internet.<\/p>\n<p>(https:\/\/www.paypal.com\/mx\/webapps\/mpp\/home)<br \/>\n(https:\/\/mexico.payu.com\/)<\/p>\n<p>Video 12: C\u00f3mo crear un sitio web en Google Site.<br \/>\nVideo 13: C\u00f3mo integrar nuestras redes sociales.<br \/>\nVideo 14: C\u00f3mo hacer promoci\u00f3n org\u00e1nica en redes sociales.<br \/>\nVideo 15: C\u00f3mo crear un chatbot en Manychat.<br \/>\nVideo 16: Conociendo las pol\u00edticas de Facebook.<br \/>\nVideo 17: C\u00f3mo crear un administrador comercial de Facebook.<br \/>\nVideo 18: Estructura de una campa\u00f1a de Facebook ADS.<br \/>\nVideo 19: Conociendo los objetivos de Facebook ADS.<br \/>\nVideo 20: C\u00f3mo crear una campa\u00f1a de interacciones.<br \/>\nVideo 21: C\u00f3mo crear una campa\u00f1a de tr\u00e1fico.<br \/>\nVideo 22: C\u00f3mo crear una campa\u00f1a de mensajes.<br \/>\nVideo 23: (BONUS 1) C\u00f3mo crear una tarjeta de presentaci\u00f3n digital.<br \/>\nVideo 24: (BONUS 2) Cuentas de Instagram y Tiktok recomendadas.<br \/>\nVideo 25: (BONUS 3) Aplicaciones para dentistas y pacientes.<br \/>\nVideo 26: Conclusi\u00f3n del programa. <\/p>\n<p>ACERCA DEL PRODUCTOR<\/p>\n<p>Desarrollado por FRANCISO ARTURO BONILLA OLIVARES Co-fundador de la empresa Filtralux \u201cTecnolog\u00eda en polarizados\u201d y FiltraADS \u201cTu alternativa Digital\u201d <\/p>\n<p>Ingeniero Industrial de profesi\u00f3n egresado de la carrera en 2017 de la Universidad Popular Aut\u00f3noma de Veracruz-M\u00e9xico.<\/p>\n<p>Emprendedor con a\u00f1os 5 experiencia en temas de emprendimiento y administraci\u00f3n, fundando as\u00ed 2 empresas en su trayectoria.<\/p>\n<p>Especialista en Marketing Digital y Comercio Electr\u00f3nico con 5 a\u00f1os de experiencia.<\/p>\n<p>Marketer apasionado por la promoci\u00f3n e impulso de productos digitales. <\/p>\n<p>Asesor y Mentor de marketing de forma digital o presencial.<\/p>\n<p>Esposo y padre de Familia.<\/p>\n","protected":false},"excerpt":{"rendered":"<p>El 75% de los odont\u00f3logos cierran sus puertas al p\u00fablico por falta de clientes. Est\u00e1n perdidos al no tener una estrategia publicitaria clara.<\/p>\n<p>Con el programa ODONT\u00d3LOGOS DEL FUTURO aprende el MARKETING DIGITAL que ha llevado a profesionales y consultorios a duplicar sus ventas gracias al poder de las plataformas y aplicaciones digitales.<\/p>\n<p>Domina claves valiosas para aumentar el tr\u00e1fico de las campa\u00f1as con Facebook, Instagram y herramientas como Google Site, Google Maps, WhatsApp marketing y mucho m\u00e1s.<\/p>\n","protected":false},"featured_media":4987,"template":"","meta":{"_joinchat":[]},"product_brand":[],"product_cat":[333,344],"product_tag":[],"class_list":{"0":"post-13069","1":"product","2":"type-product","3":"status-publish","4":"has-post-thumbnail","6":"product_cat-negocios-y-marketing","7":"product_cat-todos","9":"first","10":"instock","11":"sale","12":"shipping-taxable","13":"product-type-external"},"_links":{"self":[{"href":"https:\/\/cursos.talentup.cl\/index.php?rest_route=\/wp\/v2\/product\/13069","targetHints":{"allow":["GET"]}}],"collection":[{"href":"https:\/\/cursos.talentup.cl\/index.php?rest_route=\/wp\/v2\/product"}],"about":[{"href":"https:\/\/cursos.talentup.cl\/index.php?rest_route=\/wp\/v2\/types\/product"}],"version-history":[{"count":2,"href":"https:\/\/cursos.talentup.cl\/index.php?rest_route=\/wp\/v2\/product\/13069\/revisions"}],"predecessor-version":[{"id":14823,"href":"https:\/\/cursos.talentup.cl\/index.php?rest_route=\/wp\/v2\/product\/13069\/revisions\/14823"}],"wp:featuredmedia":[{"embeddable":true,"href":"https:\/\/cursos.talentup.cl\/index.php?rest_route=\/wp\/v2\/media\/4987"}],"wp:attachment":[{"href":"https:\/\/cursos.talentup.cl\/index.php?rest_route=%2Fwp%2Fv2%2Fmedia&parent=13069"}],"wp:term":[{"taxonomy":"product_brand","embeddable":true,"href":"https:\/\/cursos.talentup.cl\/index.php?rest_route=%2Fwp%2Fv2%2Fproduct_brand&post=13069"},{"taxonomy":"product_cat","embeddable":true,"href":"https:\/\/cursos.talentup.cl\/index.php?rest_route=%2Fwp%2Fv2%2Fproduct_cat&post=13069"},{"taxonomy":"product_tag","embeddable":true,"href":"https:\/\/cursos.talentup.cl\/index.php?rest_route=%2Fwp%2Fv2%2Fproduct_tag&post=13069"}],"curies":[{"name":"wp","href":"https:\/\/api.w.org\/{rel}","templated":true}]}}