{"id":13070,"date":"2023-01-10T04:41:44","date_gmt":"2023-01-10T07:41:44","guid":{"rendered":"https:\/\/cursos.talentup.cl\/?post_type=product&#038;p=13070"},"modified":"2024-02-07T23:38:25","modified_gmt":"2024-02-08T02:38:25","slug":"el-negocio-de-las-avenas-y-lacteos","status":"publish","type":"product","link":"https:\/\/cursos.talentup.cl\/?product=el-negocio-de-las-avenas-y-lacteos","title":{"rendered":"EL NEGOCIO DE LAS AVENAS Y L\u00c1CTEOS"},"content":{"rendered":"<p>Imag\u00ednate tener tu propia empresa desarrollando los mejores quesos, los postres y las preparaciones m\u00e1s exquisitas desde tu casa.<\/p>\n<p>Con el masterclass EL NEGOCIO DE LOS L\u00c1CTEOS Y AVENAS aprende los secretos para que hagas de esta pasi\u00f3n una oportunidad de negocio altamente rentable.<\/p>\n<p>Aqu\u00ed te ense\u00f1amos pr\u00e1cticas recetas de yogurt, avena, queso doble crema, kumis, arequipe y mucho m\u00e1s.<\/p>\n<p>Adem\u00e1s, conoce ingredientes f\u00e1ciles de conseguir en cualquier lugar para que montes un negocio exitoso.<\/p>\n<p>\u00bfQUE VAS A LOGRAR?<\/p>\n<p>Empezar\u00e1s de cero hasta llegar a ser una profesional en LA ELABORACI\u00d3N DE PRODUCTOS L\u00c1CTEOS Y AVENAS.<\/p>\n<p>Aprender\u00e1s formulaciones b\u00e1sicas para que empieces tu negocio desde casa sin necesidad de adquirir productos o utensilios costosos. Con todo lo que tienes en tu hogar podr\u00e1s lograr hacer las mejores preparaciones.<\/p>\n<p>Desarrollar\u00e1s una empresa rentable de este negocio.<\/p>\n<p>Aprender\u00e1s a ser una profesional independiente, a manejar tu tiempo para dedicarle m\u00e1s tiempo a tu familia. <\/p>\n<p>Conocer\u00e1s formulaciones y materiales necesarios para aprender este fabuloso curso.<\/p>\n<p>Generar\u00e1s ingresos adicionales para mejorar tu calidad de vida y la de tu familia.<\/p>\n<p>Podr\u00e1s capacitarte desde la comodidad de tu casa, a tu propio ritmo y tiempo, y repetir las clases cuantas veces creas conveniente.<\/p>\n<p>Acceder\u00e1s al certificado avalado por Hotmart y Seminarios Online.<\/p>\n<p>\u00bfCOMO LO VAS A LOGRAR?<\/p>\n<p>A trav\u00e9s del siguiente contenido estructurado paso a paso:<\/p>\n<p>PARTE 1: Introducci\u00f3n a la plataforma.<br \/>\nPARTE 2: Bioseguridad.<br \/>\nPARTE 3: Presentaci\u00f3n.<br \/>\nPARTE 4: Elaboraci\u00f3n de la cuajada.<br \/>\nPARTE 5: Elaboraci\u00f3n del queso.<br \/>\nPARTE 6: Elaboraci\u00f3n del Queso doble crema.<br \/>\nPARTE 7: Elaboraci\u00f3n del Queso pera.<br \/>\nPARTE 8: Elaboraci\u00f3n del Queso coste\u00f1o.<br \/>\nPARTE 9: Elaboraci\u00f3n del Queso crema.<br \/>\nPARTE 10: Elaboraci\u00f3n del yogurth.<br \/>\nPARTE 11: Elaboraci\u00f3n del kumis.<br \/>\nPARTE 12: Elaboraci\u00f3n del Arequipe.<br \/>\nPARTE 13: Panelitas de leche.<br \/>\nPARTE 14: Elaboraci\u00f3n de la Mermelada.<br \/>\nPARTE 15: Elaboraci\u00f3n del Yogurth griego.<br \/>\nPARTE 16: Elaboraci\u00f3n de la Leche condensada.<br \/>\nPARTE 17: Leche saborizada.<br \/>\nPARTE 18: Manjar blanco.<br \/>\nPARTE 19: Elaboraci\u00f3n del sabaj\u00f3n.<br \/>\nPARTE 20: Avena centroamericana.<br \/>\nPARTE 21: Avena de lim\u00f3n.<br \/>\nPARTE 22: Avena de coco.<br \/>\nPARTE 23: Avena cremosa.<br \/>\nPARTE 24: Avena de hojuelas.<br \/>\nPARTE 25: Avena cubana.<br \/>\nPARTE 26: Avena cale\u00f1a.<br \/>\nPARTE 27: Elaboraci\u00f3n del pandebono.<br \/>\nPARTE 28: Elaboraci\u00f3n de los bu\u00f1uelos.<br \/>\nPARTE 29: Elaboraci\u00f3n del pandeyuca.<br \/>\nPARTE 30: Elaboraci\u00f3n de la almoj\u00e1bana.<br \/>\nPARTE 31: Costos.<br \/>\nPARTE 32: Finalizaci\u00f3n del curso.<br \/>\nPARTE 33: REVISTA DIGITAL DE LACTEOS.<br \/>\nPARTE 34: REVISTA DIGITAL DE AVENAS.<br \/>\nPARTE 35: DESCARGA DE CERTIFICADO.<\/p>\n<p>ACERCA DEL PRODUCTOR<\/p>\n<p>Desarrollado por CENTRO INTEGRAL DE CAPACITACI\u00d3N ARTESANAL, instituto colombiano con m\u00e1s de 40 a\u00f1os dando capacitaciones a nivel nacional con los m\u00e1s altos est\u00e1ndares de calidad.  <\/p>\n<p>En el \u00faltimo a\u00f1o lleva m\u00e1s de 1500 personas capacitadas en LA gira por todo el pa\u00eds en modalidad presencial en el mundo de la BELLEZA, MESA Y COCINA Y  EXPRESI\u00d3N ARTISTICA. \u201cLA CAPACIDAD ESTA EN TI, LA ENSE\u00d1ANZA ES NUESTRA RESPONSABILIDAD.\u201d<\/p>\n","protected":false},"excerpt":{"rendered":"<p>Imag\u00ednate tener tu propia empresa desarrollando los mejores quesos, los postres y las preparaciones m\u00e1s exquisitas desde tu casa.<\/p>\n<p>Con el masterclass EL NEGOCIO DE LOS L\u00c1CTEOS Y AVENAS aprende los secretos para que hagas de esta pasi\u00f3n una oportunidad de negocio altamente rentable.<\/p>\n<p>Aqu\u00ed te ense\u00f1amos pr\u00e1cticas recetas de yogurt, avena, queso doble crema, kumis, arequipe y mucho m\u00e1s.<\/p>\n<p>Adem\u00e1s, conoce ingredientes f\u00e1ciles de conseguir en cualquier lugar para que montes un negocio exitoso.<\/p>\n","protected":false},"featured_media":4988,"template":"","meta":{"_joinchat":[]},"product_brand":[],"product_cat":[333,344],"product_tag":[],"class_list":{"0":"post-13070","1":"product","2":"type-product","3":"status-publish","4":"has-post-thumbnail","6":"product_cat-negocios-y-marketing","7":"product_cat-todos","9":"first","10":"instock","11":"sale","12":"shipping-taxable","13":"product-type-external"},"_links":{"self":[{"href":"https:\/\/cursos.talentup.cl\/index.php?rest_route=\/wp\/v2\/product\/13070","targetHints":{"allow":["GET"]}}],"collection":[{"href":"https:\/\/cursos.talentup.cl\/index.php?rest_route=\/wp\/v2\/product"}],"about":[{"href":"https:\/\/cursos.talentup.cl\/index.php?rest_route=\/wp\/v2\/types\/product"}],"version-history":[{"count":2,"href":"https:\/\/cursos.talentup.cl\/index.php?rest_route=\/wp\/v2\/product\/13070\/revisions"}],"predecessor-version":[{"id":14824,"href":"https:\/\/cursos.talentup.cl\/index.php?rest_route=\/wp\/v2\/product\/13070\/revisions\/14824"}],"wp:featuredmedia":[{"embeddable":true,"href":"https:\/\/cursos.talentup.cl\/index.php?rest_route=\/wp\/v2\/media\/4988"}],"wp:attachment":[{"href":"https:\/\/cursos.talentup.cl\/index.php?rest_route=%2Fwp%2Fv2%2Fmedia&parent=13070"}],"wp:term":[{"taxonomy":"product_brand","embeddable":true,"href":"https:\/\/cursos.talentup.cl\/index.php?rest_route=%2Fwp%2Fv2%2Fproduct_brand&post=13070"},{"taxonomy":"product_cat","embeddable":true,"href":"https:\/\/cursos.talentup.cl\/index.php?rest_route=%2Fwp%2Fv2%2Fproduct_cat&post=13070"},{"taxonomy":"product_tag","embeddable":true,"href":"https:\/\/cursos.talentup.cl\/index.php?rest_route=%2Fwp%2Fv2%2Fproduct_tag&post=13070"}],"curies":[{"name":"wp","href":"https:\/\/api.w.org\/{rel}","templated":true}]}}