{"id":13071,"date":"2023-01-10T04:41:44","date_gmt":"2023-01-10T07:41:44","guid":{"rendered":"https:\/\/cursos.talentup.cl\/?post_type=product&#038;p=13071"},"modified":"2024-02-07T23:38:25","modified_gmt":"2024-02-08T02:38:25","slug":"la-ciencia-de-los-datos-en-marketing","status":"publish","type":"product","link":"https:\/\/cursos.talentup.cl\/?product=la-ciencia-de-los-datos-en-marketing","title":{"rendered":"LA CIENCIA DE LOS DATOS EN MARKETING"},"content":{"rendered":"<p>La mayor\u00eda de empresas l\u00edderes a nivel mundial pertenecen a la industria de la tecnolog\u00eda.                                            <\/p>\n<p>Todas, tienen algo en com\u00fan: ESTUDIAN Y CONOCEN A LA PERFECCI\u00d3N A SUS CONSUMIDORES.<\/p>\n<p>Aprende c\u00f3mo hacerlo con el MasterClass LA CIENCIA DE LOS DATOS EN MARKETING, y domina los secretos de empresas como Google, Amazon o Facebook.<\/p>\n<p>No te quedes sin saber interpretar los datos de tus campa\u00f1as o los patrones de consumo de tus clientes y genera resultados sorprendentes.<\/p>\n<p>\u00bfQU\u00c9 VAS A LOGRAR?<\/p>\n<p>Aprender\u00e1s conocimientos y habilidades que necesitas para poder analizar tus campa\u00f1as de Marketing. <\/p>\n<p>Desarrollar\u00e1s modelos predictivos para saber cu\u00e1l es el tipo de usuario o consumidor que tiene altas probabilidades de adquirir tu producto o servicio. <\/p>\n<p>Conectar\u00e1s con mayor profundidad con las necesidades de tu cliente ideal en tus campa\u00f1as de Marketing.<\/p>\n<p>Interpretar\u00e1s lo que el mercado est\u00e1 demandando de tu producto o servicio. <\/p>\n<p>Crear\u00e1s mejores campa\u00f1as de marketing o incrementar\u00e1s la eficiencia de tus campa\u00f1as actuales. <\/p>\n<p>Comprender\u00e1s exactamente cu\u00e1les son los factores determinantes que hacen que una persona compre tu producto o servicio. <\/p>\n<p>Acceder\u00e1s al certificado avalado por Hotmart y Seminarios Online.<\/p>\n<p>\u00bfC\u00d3MO LO VAS A LOGRAR?<\/p>\n<p>Parte 1\tData Science aplicado al Marketing.<br \/>\nParte 2\t\u00bfQu\u00e9 aprender\u00e1s en este curso?<br \/>\nParte 3\t\u00bfQui\u00e9n soy?<br \/>\nParte 4\tTomar en cuenta antes de iniciar el curso.<br \/>\nParte 5\tTendencias del Marketing.<br \/>\nParte 6\tTipos de an\u00e1lisis en data.<br \/>\nParte 7\tTipos de algoritmos de aprendizaje.<br \/>\nParte 8\tFlujo de trabajo en Data Science.<br \/>\nParte 9\tInstalaci\u00f3n de Python.<br \/>\nParte 10 Librer\u00edas de Python.<br \/>\nParte 11 Ejercicios de pr\u00e1ctica.<br \/>\nParte 12 Indicadores de desempe\u00f1o en el Marketing.<br \/>\nParte 13 Introducci\u00f3n al an\u00e1lisis descriptivo.<br \/>\nParte 14 Conversi\u00f3n rate.<br \/>\nParte 15 Conversi\u00f3n rate por edad.<br \/>\nParte 16 Conversi\u00f3n rate por edad y estado marital.<br \/>\nParte 17 Modelo de regresi\u00f3n log\u00edstica.<br \/>\nParte 18 An\u00e1lisis de regresi\u00f3n log\u00edstica en Python.<br \/>\nParte 19 Modelo de \u00e1rboles de decisi\u00f3n.<br \/>\nParte 20 An\u00e1lisis descriptivo.<br \/>\nParte 21 Transformaci\u00f3n de variables.<br \/>\nParte 22 Modelo predictivo.<br \/>\nParte 23 Random forest.<br \/>\nParte 24 K-means.<br \/>\nParte 25 Retos de la data science.<\/p>\n<p>BONUS<\/p>\n<p>Bono #1, #2 Y #3.<\/p>\n<p>ACERCA DEL PRODUCTOR<\/p>\n<p>Desarrollado por JAVIER MONTENEGRO.<\/p>\n","protected":false},"excerpt":{"rendered":"<p>La mayor\u00eda de empresas l\u00edderes a nivel mundial pertenecen a la industria de la tecnolog\u00eda.                                            <\/p>\n<p>Todas, tienen algo en com\u00fan: ESTUDIAN Y CONOCEN A LA PERFECCI\u00d3N A SUS CONSUMIDORES.<\/p>\n<p>Aprende c\u00f3mo hacerlo con el MasterClass LA CIENCIA DE LOS DATOS EN MARKETING, y domina los secretos de empresas como Google, Amazon o Facebook.<\/p>\n<p>No te quedes sin saber interpretar los datos de tus campa\u00f1as o los patrones de consumo de tus clientes y genera resultados sorprendentes.<\/p>\n","protected":false},"featured_media":4989,"template":"","meta":{"_joinchat":[]},"product_brand":[],"product_cat":[333,344],"product_tag":[],"class_list":{"0":"post-13071","1":"product","2":"type-product","3":"status-publish","4":"has-post-thumbnail","6":"product_cat-negocios-y-marketing","7":"product_cat-todos","9":"first","10":"instock","11":"sale","12":"shipping-taxable","13":"product-type-external"},"_links":{"self":[{"href":"https:\/\/cursos.talentup.cl\/index.php?rest_route=\/wp\/v2\/product\/13071","targetHints":{"allow":["GET"]}}],"collection":[{"href":"https:\/\/cursos.talentup.cl\/index.php?rest_route=\/wp\/v2\/product"}],"about":[{"href":"https:\/\/cursos.talentup.cl\/index.php?rest_route=\/wp\/v2\/types\/product"}],"version-history":[{"count":2,"href":"https:\/\/cursos.talentup.cl\/index.php?rest_route=\/wp\/v2\/product\/13071\/revisions"}],"predecessor-version":[{"id":14825,"href":"https:\/\/cursos.talentup.cl\/index.php?rest_route=\/wp\/v2\/product\/13071\/revisions\/14825"}],"wp:featuredmedia":[{"embeddable":true,"href":"https:\/\/cursos.talentup.cl\/index.php?rest_route=\/wp\/v2\/media\/4989"}],"wp:attachment":[{"href":"https:\/\/cursos.talentup.cl\/index.php?rest_route=%2Fwp%2Fv2%2Fmedia&parent=13071"}],"wp:term":[{"taxonomy":"product_brand","embeddable":true,"href":"https:\/\/cursos.talentup.cl\/index.php?rest_route=%2Fwp%2Fv2%2Fproduct_brand&post=13071"},{"taxonomy":"product_cat","embeddable":true,"href":"https:\/\/cursos.talentup.cl\/index.php?rest_route=%2Fwp%2Fv2%2Fproduct_cat&post=13071"},{"taxonomy":"product_tag","embeddable":true,"href":"https:\/\/cursos.talentup.cl\/index.php?rest_route=%2Fwp%2Fv2%2Fproduct_tag&post=13071"}],"curies":[{"name":"wp","href":"https:\/\/api.w.org\/{rel}","templated":true}]}}