{"id":13072,"date":"2023-01-10T04:41:44","date_gmt":"2023-01-10T07:41:44","guid":{"rendered":"https:\/\/cursos.talentup.cl\/?post_type=product&#038;p=13072"},"modified":"2024-02-07T23:38:25","modified_gmt":"2024-02-08T02:38:25","slug":"glamping-negocio-rentable","status":"publish","type":"product","link":"https:\/\/cursos.talentup.cl\/?product=glamping-negocio-rentable","title":{"rendered":"GLAMPING NEGOCIO RENTABLE"},"content":{"rendered":"<p>\u00bfTe has preguntado cu\u00e1l es la inversi\u00f3n m\u00e1s rentable en el mundo de los bienes ra\u00edces?<\/p>\n<p>La respuesta a esta y muchas preguntas la encuentras en el MasterClass, GLAMPING: NEGOCIO RENTABLE.<\/p>\n<p>Conoce un modelo de negocio con una inversi\u00f3n inteligente y sostenible que opciones tradicionales como un AIRBNB, un apartamento tradicional o un hotel convencional.<\/p>\n<p>Conoce los tipos de Glamping, las tendencias, las estrategias de marketing y las herramientas para tener \u00e9xito en esta industria.<\/p>\n<p>\u00bfQU\u00c9 VAS A LOGRAR? <\/p>\n<p>Aprender\u00e1s el paso a paso para crear tu propio Glamping y publicitar para conseguir clientes.<\/p>\n<p>Lograr\u00e1s tener todos los conocimientos necesarios para tener \u00e9xito en este nuevo modelo de negocio, desde la creaci\u00f3n de un branding empresarial hasta el marketing y ventas de tu producto.<\/p>\n<p>Tendr\u00e1s la oportunidad exclusiva de obtener descuentos en asesor\u00edas personalizadas y en la instalaci\u00f3n de tu propio glamping.<\/p>\n<p>Aprender\u00e1s diferentes herramientas para diversificar y aumentar tus ingresos si tienes un glamping o un hotel.<\/p>\n<p>Acceder\u00e1s al certificado avalado por Hotmart y Seminarios Online.<\/p>\n<p>\u00bfC\u00d3MO LO VAS A LOGRAR?<\/p>\n<p>A trav\u00e9s del siguiente contenido:<\/p>\n<p>M\u00f3dulo 1<\/p>\n<p>Video 1 Bienvenida.<br \/>\nVideo 2 Bono 1. <\/p>\n<p>M\u00f3dulo 2 <\/p>\n<p>Video 3 Qu\u00e9 es un glamping concepto y tipos de glamping.<br \/>\nVideo 4 Modelo de Negocio y Business Canva. <\/p>\n<p>M\u00f3dulo 3<\/p>\n<p>Video 5 Perfil nuevo turista y tendencias.<\/p>\n<p>M\u00f3dulo 4<\/p>\n<p>Video 6 Cual tipo de glamping tengo?<\/p>\n<p>M\u00f3dulo 5<\/p>\n<p>Video 7 Branding: Concepto de marca y Brief.<br \/>\n5.1.2 Workbook briefing investigaci\u00f3n de mercado.<\/p>\n<p>M\u00f3dulo 6<\/p>\n<p>Video 8 Creaci\u00f3n de redes sociales: Instagram y Facebook.<br \/>\nVideo 9 Introducci\u00f3n a Facebook Business.<br \/>\nVideo 10 Creaci\u00f3n campa\u00f1as publicitarias.<br \/>\nVideo 11 M\u00e9todo manual.<br \/>\nVideo 12 Reglas de Facebook.<br \/>\nVideo 13 Cadena de marketing.<\/p>\n<p>M\u00f3dulo 7<\/p>\n<p>Video 14 Administraci\u00f3n y finanzas f\u00e1cil, claro y r\u00e1pido.<br \/>\n7.1.2 Base de datos y control pagos.<br \/>\nVideo 15 Reservaci\u00f3n y calendario.<br \/>\nVideo 16 Formulario de bioseguridad y recomendaciones.<br \/>\n7.3.2 Workbook Formulario y bioseguridad. <\/p>\n<p>M\u00f3dulo 8<\/p>\n<p>Video 17 Invitaci\u00f3n especial y descuentos en domos con env\u00edo internacional.<\/p>\n<p>ANEXOS<\/p>\n<p>BRIEF para definici\u00f3n de estrategia y branding enfocado a Glamping.<br \/>\nDescargable Excel para base de datos y control de pagos.<br \/>\nDescargable para finanzas y manejo de ingresos y gastos.<br \/>\nGu\u00eda para crear formulario de check in y de bioseguridad. <\/p>\n<p>ACERCA DE LAS PRODUCTORAS<\/p>\n<p>Desarrollado por WAYNE ANTHONY TRIANA y XIMENA PARRA.<\/p>\n<p>Wayne Anthony Triana<\/p>\n<p>Entrenador y master en PNL empresarial, conferencista, ling\u00fcista con \u00e9nfasis en TICS, creador de glamping domos un lugar de sanaci\u00f3n aplicando la geometr\u00eda sagrada, siendo uno de los pioneros en el glamping en Colombia con m\u00e1s de tres a\u00f1os de experiencia en el glamping.<\/p>\n<p>Ximena Parra<\/p>\n<p>Administradora de Negocios Internacionales, con experiencia m\u00e1s de 5 a\u00f1os en multinacionales en Investigaci\u00f3n de mercados, marketing e inteligencia comercial, Green Belt bajo la metodolog\u00eda Lean Six Sigma lo que le ha permitido implementar diferentes herramientas y pr\u00e1cticas al Glamping el negocio del futuro.<\/p>\n","protected":false},"excerpt":{"rendered":"<p>\u00bfTe has preguntado cu\u00e1l es la inversi\u00f3n m\u00e1s rentable en el mundo de los bienes ra\u00edces?<\/p>\n<p>La respuesta a esta y muchas preguntas la encuentras en el MasterClass, GLAMPING: NEGOCIO RENTABLE.<\/p>\n<p>Conoce un modelo de negocio con una inversi\u00f3n inteligente y sostenible que opciones tradicionales como un AIRBNB, un apartamento tradicional o un hotel convencional.<\/p>\n<p>Conoce los tipos de Glamping, las tendencias, las estrategias de marketing y las herramientas para tener \u00e9xito en esta industria.<\/p>\n","protected":false},"featured_media":4990,"template":"","meta":{"_joinchat":[]},"product_brand":[],"product_cat":[333,344],"product_tag":[],"class_list":{"0":"post-13072","1":"product","2":"type-product","3":"status-publish","4":"has-post-thumbnail","6":"product_cat-negocios-y-marketing","7":"product_cat-todos","9":"first","10":"instock","11":"sale","12":"shipping-taxable","13":"product-type-external"},"_links":{"self":[{"href":"https:\/\/cursos.talentup.cl\/index.php?rest_route=\/wp\/v2\/product\/13072","targetHints":{"allow":["GET"]}}],"collection":[{"href":"https:\/\/cursos.talentup.cl\/index.php?rest_route=\/wp\/v2\/product"}],"about":[{"href":"https:\/\/cursos.talentup.cl\/index.php?rest_route=\/wp\/v2\/types\/product"}],"version-history":[{"count":2,"href":"https:\/\/cursos.talentup.cl\/index.php?rest_route=\/wp\/v2\/product\/13072\/revisions"}],"predecessor-version":[{"id":14826,"href":"https:\/\/cursos.talentup.cl\/index.php?rest_route=\/wp\/v2\/product\/13072\/revisions\/14826"}],"wp:featuredmedia":[{"embeddable":true,"href":"https:\/\/cursos.talentup.cl\/index.php?rest_route=\/wp\/v2\/media\/4990"}],"wp:attachment":[{"href":"https:\/\/cursos.talentup.cl\/index.php?rest_route=%2Fwp%2Fv2%2Fmedia&parent=13072"}],"wp:term":[{"taxonomy":"product_brand","embeddable":true,"href":"https:\/\/cursos.talentup.cl\/index.php?rest_route=%2Fwp%2Fv2%2Fproduct_brand&post=13072"},{"taxonomy":"product_cat","embeddable":true,"href":"https:\/\/cursos.talentup.cl\/index.php?rest_route=%2Fwp%2Fv2%2Fproduct_cat&post=13072"},{"taxonomy":"product_tag","embeddable":true,"href":"https:\/\/cursos.talentup.cl\/index.php?rest_route=%2Fwp%2Fv2%2Fproduct_tag&post=13072"}],"curies":[{"name":"wp","href":"https:\/\/api.w.org\/{rel}","templated":true}]}}