{"id":13074,"date":"2023-01-10T04:41:45","date_gmt":"2023-01-10T07:41:45","guid":{"rendered":"https:\/\/cursos.talentup.cl\/?post_type=product&#038;p=13074"},"modified":"2024-02-07T23:38:26","modified_gmt":"2024-02-08T02:38:26","slug":"wedding-planner-master-organizacion-de-bodas","status":"publish","type":"product","link":"https:\/\/cursos.talentup.cl\/?product=wedding-planner-master-organizacion-de-bodas","title":{"rendered":"WEDDING PLANNER MASTER (ORGANIZACI\u00d3N DE BODAS)"},"content":{"rendered":"<p>\u00bfTe apasiona todo lo relacionado con la planeaci\u00f3n, coordinaci\u00f3n y desarrollo de fiestas y eventos para matrimonios?<\/p>\n<p>Con el Programa WEDDING PLANNER MASTER, convi\u00e9rtete en una experta organizando bodas.<\/p>\n<p>Domina todo lo relacionado con el mundo de las flores, las listas de invitados y la decoraci\u00f3n adecuada seg\u00fan la temporada, la tem\u00e1tica y la moda.<\/p>\n<p>Genera propuestas \u00fanicas para que hagas un evento inolvidable.<\/p>\n<p>Monta tu propia empresa como WEDDING PLANNER y emprende en un negocio altamente rentable.<\/p>\n<p>\u00bfQU\u00c9 VAS A LOGRAR?<\/p>\n<p>Una vez hayas realizado el curso online ser\u00e1s capaz de desempe\u00f1ar las siguientes funciones y mucho m\u00e1s.<\/p>\n<p>Organizar\u00e1s la entrevista con la pareja para identificar sus necesidades y conocer sus gustos e ideas.<\/p>\n<p>Preparar\u00e1s un presupuesto detallado en el que est\u00e1n incluidos todos y cada uno de los servicios necesarios.<\/p>\n<p>Realizar\u00e1s una planificaci\u00f3n detallada desde un a\u00f1o antes del evento hasta a unos pocos d\u00edas despu\u00e9s de la boda.<\/p>\n<p>Preparar\u00e1s la lista de asistentes y colaborar y asesorar en la elecci\u00f3n de las invitaciones y en el env\u00edo de estas.<\/p>\n<p>Identificar\u00e1s y asesorar\u00e1s sobre distintos espacios para la celebraci\u00f3n del evento.<\/p>\n<p>Contratar\u00e1s a los profesionales necesarios.<\/p>\n<p>Coordinar\u00e1s todos los servicios y proveedores en el d\u00eda de la boda o evento.<\/p>\n<p>Acceder\u00e1s al certificado de finalizaci\u00f3n descargable avalado por HOTMART y SEMINARIOS ONLINE.<\/p>\n<p>\u00bfC\u00d3MO LO VAS A LOGRAR?<\/p>\n<p>INTRODUCCI\u00d3N: VIDEO PRESENTACI\u00d3N.<\/p>\n<p>VIDEO 1: LA FIGURA DE UNA WEDDING PLANNER.<br \/>\nVIDEO2: FUNCIONES DE UNA WEDDING PLANNER.<br \/>\nVIDEO 3: PRIMERA REUNI\u00d3N CON LOS CLIENTES.<br \/>\nVIDEO 4: ELECCI\u00d3N FECHA Y LUGAR.<br \/>\nVIDEO 5: SELECCI\u00d3N DE PROVEEDORES.<br \/>\nVIDEO 6: TIMING DE LA BODA.<br \/>\nVIDEO 7: ENSAYOS.<br \/>\nVIDEO 8: COORDINACI\u00d3N DEL D\u00cdA B.<br \/>\nVIDEO 9: CRONOGRAMA DE UNA BODA PASO A PASO.<br \/>\nVIDEO 10: PROVEEDORES.<br \/>\nVIDEO 11: DE CLIENTES POTENCIALES A PAREJAS FINALES.<br \/>\nVIDEO 12: PONER NOMBRE A TU EMPRESA.<br \/>\nVIDEO 13: LA IMPORTANCIA DEL BRANDING.<br \/>\nVIDEO 14: P\u00c1GINA WEB PARA WEDDING PLANNERS.<br \/>\nVIDEO 15: CONTENIDO PARA RRSS.<\/p>\n<p>BONUS<\/p>\n<p>MAQUILLAJE PARA NOVIAS.<br \/>\nFLORISTER\u00cdA NUPCIAL.<br \/>\nC\u00d3MO ELEGIR A TUS PROVEEDORES.<br \/>\nC\u00d3MO ELEGIR LA IMAGEN DE TU MARCA.<\/p>\n<p>ACERCA DE LAS PRODUCTORAS<\/p>\n<p>Desarrollado por JOANA ELEXPURU y HELENA TERMERON.<\/p>\n<p>JOANA ELEXPURU Licenciada en Turismo.<\/p>\n<p>Cuenta con un Master en Gesti\u00f3n de eventos y un Postgrado en Marketing digital y gesti\u00f3n hotelera. <\/p>\n<p>Tras a\u00f1os de trayectoria como Guest relations y MICE (Meetings, incentives, congress and events), organizando y produciendo todo tipo de eventos corporativos, decidi\u00f3 trasladar sus conocimientos al mundo de las bodas, pudiendo crear un v\u00ednculo m\u00e1s personal y cercano con sus clientes. <\/p>\n<p>Actualmente, dirige su propia academia de Wedding Planners y sigue organizando, dise\u00f1ando y decorando bodas que superen las expectativas de sus novios con su empresa Entre decorados.<\/p>\n<p>HELENA TERMERON es Graduada en Publicidad y Relaciones P\u00fablicas y con Master Internacional en Direcci\u00f3n de Comunicaci\u00f3n, Protocolo, Eventos, Ceremonial y Relaciones Institucionales.<\/p>\n<p>Ha trabajado en diferentes empresas internacionales en departamentos de comunicaci\u00f3n y tambi\u00e9n como responsable de comunicaci\u00f3n en una agencia de publicidad.<\/p>\n<p>Especializada como organizadora de bodas, dirige su propia empresa de wedding planner \u201cHelte design\u201d y servicios de comunicaci\u00f3n a empresas y negocios locales.<\/p>\n<p>Helena nos aporta su experiencia y conocimientos siendo un pilar fundamental en nuestra academia Bodality.<\/p>\n","protected":false},"excerpt":{"rendered":"<p>\u00bfTe apasiona todo lo relacionado con la planeaci\u00f3n, coordinaci\u00f3n y desarrollo de fiestas y eventos para matrimonios?<\/p>\n<p>Con el Programa WEDDING PLANNER MASTER, convi\u00e9rtete en una experta organizando bodas.<\/p>\n<p>Domina todo lo relacionado con el mundo de las flores, las listas de invitados y la decoraci\u00f3n adecuada seg\u00fan la temporada, la tem\u00e1tica y la moda.<\/p>\n<p>Genera propuestas \u00fanicas para que hagas un evento inolvidable.<\/p>\n<p>Monta tu propia empresa como WEDDING PLANNER y emprende en un negocio altamente rentable.<\/p>\n","protected":false},"featured_media":4999,"template":"","meta":{"_joinchat":[]},"product_brand":[],"product_cat":[333,344],"product_tag":[],"class_list":{"0":"post-13074","1":"product","2":"type-product","3":"status-publish","4":"has-post-thumbnail","6":"product_cat-negocios-y-marketing","7":"product_cat-todos","9":"first","10":"instock","11":"sale","12":"shipping-taxable","13":"product-type-external"},"_links":{"self":[{"href":"https:\/\/cursos.talentup.cl\/index.php?rest_route=\/wp\/v2\/product\/13074","targetHints":{"allow":["GET"]}}],"collection":[{"href":"https:\/\/cursos.talentup.cl\/index.php?rest_route=\/wp\/v2\/product"}],"about":[{"href":"https:\/\/cursos.talentup.cl\/index.php?rest_route=\/wp\/v2\/types\/product"}],"version-history":[{"count":2,"href":"https:\/\/cursos.talentup.cl\/index.php?rest_route=\/wp\/v2\/product\/13074\/revisions"}],"predecessor-version":[{"id":14828,"href":"https:\/\/cursos.talentup.cl\/index.php?rest_route=\/wp\/v2\/product\/13074\/revisions\/14828"}],"wp:featuredmedia":[{"embeddable":true,"href":"https:\/\/cursos.talentup.cl\/index.php?rest_route=\/wp\/v2\/media\/4999"}],"wp:attachment":[{"href":"https:\/\/cursos.talentup.cl\/index.php?rest_route=%2Fwp%2Fv2%2Fmedia&parent=13074"}],"wp:term":[{"taxonomy":"product_brand","embeddable":true,"href":"https:\/\/cursos.talentup.cl\/index.php?rest_route=%2Fwp%2Fv2%2Fproduct_brand&post=13074"},{"taxonomy":"product_cat","embeddable":true,"href":"https:\/\/cursos.talentup.cl\/index.php?rest_route=%2Fwp%2Fv2%2Fproduct_cat&post=13074"},{"taxonomy":"product_tag","embeddable":true,"href":"https:\/\/cursos.talentup.cl\/index.php?rest_route=%2Fwp%2Fv2%2Fproduct_tag&post=13074"}],"curies":[{"name":"wp","href":"https:\/\/api.w.org\/{rel}","templated":true}]}}