{"id":13075,"date":"2023-01-10T04:41:45","date_gmt":"2023-01-10T07:41:45","guid":{"rendered":"https:\/\/cursos.talentup.cl\/?post_type=product&#038;p=13075"},"modified":"2024-02-07T23:38:26","modified_gmt":"2024-02-08T02:38:26","slug":"agente-inmobiliario-pro","status":"publish","type":"product","link":"https:\/\/cursos.talentup.cl\/?product=agente-inmobiliario-pro","title":{"rendered":"AGENTE INMOBILIARIO PRO"},"content":{"rendered":"<p>\u00bfSab\u00edas que el 90% de los millonarios en todo el mundo han amasado su fortuna en el sector de los bienes ra\u00edces?<\/p>\n<p>Tienes que conocer el MasterClass AGENTE INMOBILIARIO PRO.<\/p>\n<p>Mejora tus finanzas para que tengas la prosperidad econ\u00f3mica y la calidad de vida que siempre has so\u00f1ado.<\/p>\n<p>De la mano de una experta, quien ha asesorado empresas nacionales y multinacionales que facturan m\u00e1s de $50 millones de d\u00f3lares al a\u00f1o.<\/p>\n<p>Aprende c\u00f3mo presentar el portafolio, domina los 3 pasos para la venta y las claves para generar altos ingresos en el sector inmobiliario.<\/p>\n<p>\u00bfQU\u00c9 VAS A LOGRAR?<\/p>\n<p>Conocer\u00e1s a detalle el proceso de venta de los bienes ra\u00edces y vas a tener la capacidad de explicarlo de una manera sencilla en 3 simples etapas.<\/p>\n<p>Aprender\u00e1s todo lo que necesita y debe tener listo el propietario a la hora de realizar la venta de su propiedad, y lo que el comprador debe definir a la hora de comprar su inmueble. <\/p>\n<p>Reconocer\u00e1s y analizar\u00e1s limitaciones para la venta de los bienes ra\u00edces.<\/p>\n<p>Aprender\u00e1s cu\u00e1l es la documentaci\u00f3n legal y los requisitos para llevar la venta de una propiedad sin riesgos.<\/p>\n<p>Conocer\u00e1s qu\u00e9 hacemos los agentes inmobiliarios y cu\u00e1l es nuestra importancia en este mercado para nuestros clientes.<\/p>\n<p>Aprender\u00e1s c\u00f3mo participamos en el proceso de venta de un bien ra\u00edz.<\/p>\n<p>Aprender\u00e1s cu\u00e1l es el modelo de negocio de los agentes inmobiliarios y c\u00f3mo vas a generar las comisiones que te pongas como meta.<\/p>\n<p>Conocer\u00e1s de manera pr\u00e1ctica las mejores t\u00e9cnicas y una metodolog\u00eda precisa para que empieces a generar altos ingresos en el sector inmobiliario.<\/p>\n<p>Encontrar\u00e1s formatos y material que te facilitar\u00e1 tu trabajo como agente inmobiliario.<\/p>\n<p>Acceder\u00e1s al certificado avalado por Hotmart y Seminarios Online.<\/p>\n<p>\u00bfC\u00d3MO LO VAS A LOGRAR?<\/p>\n<p>A trav\u00e9s de la siguiente estructura de contenido, que garantiza que te vamos a llevar paso a paso en este recorrido:<\/p>\n<p>Video 1: \u00a1Bienvenidos!<br \/>\nVideo 2: Invitaci\u00f3n al grupo exclusivo de Facebook y al canal de Telegram.<br \/>\nVideo 3: Los 3 pasos en la venta de bienes ra\u00edces.<br \/>\nVideo 4: \u00bfQu\u00e9 debo tener listo para la venta de un inmueble?<br \/>\nVideo 5: \u00bfQu\u00e9 debo tener listo para comprar un inmueble?<br \/>\nVideo 6: Rol del agente inmobiliario.<br \/>\nVideo 7: \u00bfQu\u00e9 debo definir antes de comercializar bienes ra\u00edces?<br \/>\nVideo 8: Proceso comercial de un agente inmobiliario.<br \/>\nVideo 9: Prospecci\u00f3n.<br \/>\nVideo 10: Contacto inicial con el propietario.<br \/>\nVideo 11: Captaci\u00f3n.<br \/>\nVideo 12: Promoci\u00f3n.<br \/>\nVideo 13: Colocaci\u00f3n.<br \/>\nVideo 14: \u00bfC\u00f3mo presentar mi portafolio de ventas a mis clientes?<br \/>\nVideo 15: \u00bfCu\u00e1les son las claves para generar ingresos en la venta de bienes ra\u00edces?<br \/>\nVideo 16: Colegaje y negocio compartido.<\/p>\n<p>BONOS: <\/p>\n<p>BONO 1:  Formato ficha t\u00e9cnica de un inmueble.<br \/>\nBONO 2: Formato calificaci\u00f3n de inmueble.<br \/>\nBONO 3: Plantilla ficha t\u00e9cnica de un inmueble para promoci\u00f3n, editable 100% en Canva.<\/p>\n<p>ACERCA DE LA PRODUCTORA<\/p>\n<p>Desarrollado por MARTHA OCAMPO, con experiencia de m\u00e1s de 40 a\u00f1os.<\/p>\n<p>Experta en planeaci\u00f3n estrat\u00e9gica y en su trayectoria ha tenido la oportunidad de asesorar multinacionales de diferentes industrias y empresas que facturan m\u00e1s de los $50.000.000 USD al a\u00f1o.<\/p>\n<p>Hace 20 a\u00f1os incursion\u00f3 en el sector inmobiliario y ha logrado consolidar el conocimiento de las mejores pr\u00e1cticas para el \u00e9xito en este negocio, apoyando procesos de franquicias internacionales. <\/p>\n<p>Durante varios a\u00f1os consecutivos obtuvo el premio a mejor franquicia vendedora y capacit\u00f3 equipos enteros de agentes inmobiliarios reconocidos a nivel nacional.<\/p>\n<p>Dentro de su filosof\u00eda de vida est\u00e1 el compartir su conocimiento y es as\u00ed como en calidad de voluntaria direcciona una fundaci\u00f3n y apoya de manera gratuita a varios emprendedores en la consolidaci\u00f3n de sus ideas de negocio.<\/p>\n","protected":false},"excerpt":{"rendered":"<p>\u00bfSab\u00edas que el 90% de los millonarios en todo el mundo han amasado su fortuna en el sector de los bienes ra\u00edces?<\/p>\n<p>Tienes que conocer el MasterClass AGENTE INMOBILIARIO PRO.<\/p>\n<p>Mejora tus finanzas para que tengas la prosperidad econ\u00f3mica y la calidad de vida que siempre has so\u00f1ado.<\/p>\n<p>De la mano de una experta, quien ha asesorado empresas nacionales y multinacionales que facturan m\u00e1s de $50 millones de d\u00f3lares al a\u00f1o.<\/p>\n<p>Aprende c\u00f3mo presentar el portafolio, domina los 3 pasos para la venta y las claves para generar altos ingresos en el sector inmobiliario.<\/p>\n","protected":false},"featured_media":4992,"template":"","meta":{"_joinchat":[]},"product_brand":[],"product_cat":[333,344],"product_tag":[],"class_list":{"0":"post-13075","1":"product","2":"type-product","3":"status-publish","4":"has-post-thumbnail","6":"product_cat-negocios-y-marketing","7":"product_cat-todos","9":"first","10":"instock","11":"sale","12":"shipping-taxable","13":"product-type-external"},"_links":{"self":[{"href":"https:\/\/cursos.talentup.cl\/index.php?rest_route=\/wp\/v2\/product\/13075","targetHints":{"allow":["GET"]}}],"collection":[{"href":"https:\/\/cursos.talentup.cl\/index.php?rest_route=\/wp\/v2\/product"}],"about":[{"href":"https:\/\/cursos.talentup.cl\/index.php?rest_route=\/wp\/v2\/types\/product"}],"version-history":[{"count":2,"href":"https:\/\/cursos.talentup.cl\/index.php?rest_route=\/wp\/v2\/product\/13075\/revisions"}],"predecessor-version":[{"id":14829,"href":"https:\/\/cursos.talentup.cl\/index.php?rest_route=\/wp\/v2\/product\/13075\/revisions\/14829"}],"wp:featuredmedia":[{"embeddable":true,"href":"https:\/\/cursos.talentup.cl\/index.php?rest_route=\/wp\/v2\/media\/4992"}],"wp:attachment":[{"href":"https:\/\/cursos.talentup.cl\/index.php?rest_route=%2Fwp%2Fv2%2Fmedia&parent=13075"}],"wp:term":[{"taxonomy":"product_brand","embeddable":true,"href":"https:\/\/cursos.talentup.cl\/index.php?rest_route=%2Fwp%2Fv2%2Fproduct_brand&post=13075"},{"taxonomy":"product_cat","embeddable":true,"href":"https:\/\/cursos.talentup.cl\/index.php?rest_route=%2Fwp%2Fv2%2Fproduct_cat&post=13075"},{"taxonomy":"product_tag","embeddable":true,"href":"https:\/\/cursos.talentup.cl\/index.php?rest_route=%2Fwp%2Fv2%2Fproduct_tag&post=13075"}],"curies":[{"name":"wp","href":"https:\/\/api.w.org\/{rel}","templated":true}]}}