{"id":13078,"date":"2023-01-10T04:41:45","date_gmt":"2023-01-10T07:41:45","guid":{"rendered":"https:\/\/cursos.talentup.cl\/?post_type=product&#038;p=13078"},"modified":"2024-02-07T23:38:26","modified_gmt":"2024-02-08T02:38:26","slug":"reparacion-de-celulares-xpert","status":"publish","type":"product","link":"https:\/\/cursos.talentup.cl\/?product=reparacion-de-celulares-xpert","title":{"rendered":"REPARACI\u00d3N DE CELULARES XPERT"},"content":{"rendered":"<p>\u00bfDe peque\u00f1o, mientras los ni\u00f1os se divert\u00edan jugando, a ti te interesaba desarmar equipos electr\u00f3nicos para saber, c\u00f3mo funcionaba la tecnolog\u00eda?<\/p>\n<p>Tienes que conocer el MasterClass REPARACI\u00d3N DE CELULARES XPERT.<\/p>\n<p>Aprende a arreglar y hacerle mantenimiento correctivo y preventivo a cualquier Smartphone o Tablet.<\/p>\n<p>Desarrolla habilidades para ensamblar, actualizar, diagnosticar y predecir cualquier falla de hardware, generando excelentes ingresos en una industria de alta demanda.<\/p>\n<p>\u00bfQU\u00c9 VAS A LOGRAR?<\/p>\n<p>Aprender\u00e1s todo sobre el servicio t\u00e9cnico de celulares (hardware).<\/p>\n<p>Desarrollar\u00e1s las habilidades para ensamblar y desensamblar cualquier tipo de celular.<\/p>\n<p>Realizar\u00e1s mantenimiento correctivo y preventivo, sustituir\u00e1n componentes defectuosos y en mal estado.<\/p>\n<p>Aprender\u00e1s conocimientos necesarios para reparar, actualizar, diagnosticar y predecir cualquier falla de hardware en cualquier tel\u00e9fono celular, Smartphone, tabletas comerciales, entre otros. <\/p>\n<p>Mejorar\u00e1s tus ingresos trabajando en una profesi\u00f3n rentable y de alta demanda al ofrecer estas reparaciones especializadas.<\/p>\n<p>Tendr\u00e1s la oportunidad de adquirir un mayor conocimiento si eres un apasionado de la tecnolog\u00eda.<\/p>\n<p>Aprender\u00e1s en corto tiempo a reparar celulares desde las primeras clases (obvio, cosas f\u00e1ciles).<\/p>\n<p>Ganar\u00e1s respeto en la industria, autoridad y, sobre todo, ser el m\u00e1s crack con tus clientes, algo que sabemos no es f\u00e1cil.<\/p>\n<p>Acceder\u00e1s al certificado avalado por Hotmart y Seminarios Online.<\/p>\n<p>\u00bfC\u00d3MO LO VAS A LOGRAR?<\/p>\n<p>A trav\u00e9s del siguiente contenido estructurado paso a paso:<\/p>\n<p>M\u00d3DULO 1\t<\/p>\n<p>VIDEO 1: Bienvenida-introducci\u00f3n.<br \/>\nVIDEO 2: Herramientas.<\/p>\n<p>M\u00d3DULO 2 GAMA BAJA <\/p>\n<p>Tel\u00e9fono sencillo.<\/p>\n<p>VIDEO 3: \u00bfC\u00f3mo destaparlo de forma correcta?.<br \/>\nVIDEO 4: Reconociendo las partes de un tel\u00e9fono sencillo.<br \/>\nVIDEO 5: \u00bfC\u00f3mo quitar correctamente un pin de carga?.<br \/>\nVIDEO 6: \u00bfC\u00f3mo poner el pin de carga?.<br \/>\nVIDEO 7: \u00bfC\u00f3mo cambiar un micr\u00f3fono?.<br \/>\nVIDEO 8: \u00bfC\u00f3mo cambiar una caja de timbres o altavoces?.<br \/>\nVIDEO 9: \u00bfC\u00f3mo cambiar el display?.<br \/>\nVIDEO 10: \u00bfC\u00f3mo armarlo de forma correcta?.<\/p>\n<p>M\u00d3DULO 3 BAJA A MEDIA GAMA <\/p>\n<p>Sesi\u00f3n moto g 1ra generaci\u00f3n.<\/p>\n<p>VIDEO 11: C\u00f3mo destaparlo minuciosamente.<br \/>\nVIDEO 12: C\u00f3mo retirar el pin de forma correcta.<br \/>\nVIDEO 13: C\u00f3mo poner el pin de carga de forma correcta.<br \/>\nVIDEO 14: C\u00f3mo armarlo minuciosamente.<\/p>\n<p>Sesi\u00f3n samsung j1.<\/p>\n<p>VIDEO 15: C\u00f3mo extraer un t\u00e1ctil + display de forma sencilla.<br \/>\nVIDEO 16: C\u00f3mo realizar una pre instalaci\u00f3n y prueba de t\u00e1ctil + display de forma correcta.<br \/>\nVIDEO 17: C\u00f3mo limpiar el back over y realizar pegado de t\u00e1ctil + display de forma sencilla.<br \/>\nVIDEO 18: C\u00f3mo realizar la instalaci\u00f3n de forma correcta del t\u00e1ctil y display y referencias de modelos telef\u00f3nicos. <\/p>\n<p>Sesi\u00f3n samsung j2 prime.<\/p>\n<p>VIDEO 19: Reconocimiento de las fallas.<br \/>\nVIDEO 20: C\u00f3mo destaparlo minuciosamente.<br \/>\nVIDEO 21: C\u00f3mo separar t\u00e1ctil y display pieza por pieza.<br \/>\nVIDEO 22: C\u00f3mo ensamblar t\u00e1ctil + display y realizar una primera prueba.<br \/>\nVIDEO 23: Ensamble final de t\u00e1ctil y display.<\/p>\n<p>M\u00d3DULO 4 GAMA MEDIA <\/p>\n<p>Sesi\u00f3n huawei y6 ii.<\/p>\n<p>VIDEO 24: Reconocimiento de fallas y destape inicial.<br \/>\nVIDEO 25: C\u00f3mo desmontar detalladamente una terminal m\u00f3vil con bater\u00eda interna.<br \/>\nVIDEO 26: C\u00f3mo cambiar el display.<br \/>\nVIDEO 27: C\u00f3mo pegar correctamente el display.<br \/>\nVIDEO 28: Ensamble detallado final.<\/p>\n<p>Sesi\u00f3n lg k8.<\/p>\n<p>VIDEO 29: C\u00f3mo abrir minuciosamente la terminal m\u00f3vil.<br \/>\nVIDEO 30: C\u00f3mo cambiar display y ensamble final.<\/p>\n<p>Sesi\u00f3n samsung j5.<\/p>\n<p>VIDEO 31: Reconociendo las fallas de la terminal m\u00f3vil.<br \/>\nVIDEO 32: C\u00f3mo desarmar minuciosamente.<br \/>\nVIDEO 33: Limpieza, cambio y prueba de display.<br \/>\nVIDEO 34: Pegado y ensamble final de la terminal m\u00f3vil.<\/p>\n<p>M\u00d3DULO 5 DE MEDIA A ALTA GAMA\t<\/p>\n<p>Sesion samsung j4 +.<\/p>\n<p>VIDEO 35: C\u00f3mo desarmar correctamente la parte frontal para cambio de display.<br \/>\nVIDEO 36: C\u00f3mo desarmar la parte posterior interna.<br \/>\nVIDEO 37: Conociendo sus partes y sus funcionalidades.<br \/>\nVIDEO 38: C\u00f3mo ensamblar e instalar correctamente el display.<br \/>\nVIDEO 39: Recomendaciones y sugerencias.<\/p>\n<p>M\u00d3DULO 6 ALTA GAMA <\/p>\n<p>Sesi\u00f3n samsung a10 s.<\/p>\n<p>VIDEO 40: C\u00f3mo desarmar correctamente.<br \/>\nVIDEO 41: C\u00f3mo retirar la bater\u00eda y la tapa de la tarjeta l\u00f3gica.<br \/>\nVIDEO 42: C\u00f3mo retirar la tarjeta l\u00f3gica de forma correcta y explicaci\u00f3n sobre sus componentes<br \/>\nVIDEO 43: C\u00f3mo retirar un display + t\u00e1ctil y primera prueba.<br \/>\nVIDEO 44: C\u00f3mo limpiar el back over e instalar t\u00e1ctil + display.<br \/>\nVIDEO 45: C\u00f3mo armarlo correctamente.<\/p>\n<p>M\u00d3DULO 7 SESION INTENSIVA ALTA GAMA <\/p>\n<p>Sesi\u00f3n intensiva samsung a30.<\/p>\n<p>Sesi\u00f3n intensiva xiaomi redmi note 8.<\/p>\n<p>VIDEO 46: Lecci\u00f3n intensiva completa.<br \/>\nVIDEO 47: Lecci\u00f3n intensiva completa.<\/p>\n<p>M\u00d3DULO 8 SESI\u00d3N ESPECIAL <\/p>\n<p>Sesi\u00f3n iPhone.<\/p>\n<p>VIDEO 48: Sesi\u00f3n especial de iPhone (bono).<\/p>\n<p>M\u00d3DULO 9 BATERIAS <\/p>\n<p>Sesi\u00f3n de bater\u00edas.<\/p>\n<p>VIDEO 49: Tips de bater\u00edas.<br \/>\nVIDEO 50: Finalizaci\u00f3n del curso y agradecimientos.<\/p>\n<p>ACERCA DEL PRODUCTOR<\/p>\n<p>Desarrollado por ISMAEL ARCINIEGAS VARGAS colombiano, empresario y emprendedor independiente con deseos de ense\u00f1ar a otros compartiendo su experiencia y conocimiento en el campo. <\/p>\n<p>Profesional en el \u00e1rea de la tecnolog\u00eda como t\u00e9cnico en mantenimiento y reparaci\u00f3n de terminales m\u00f3viles (celulares), con m\u00e1s de 20 a\u00f1os de experiencia en el sector. <\/p>\n<p>Ha trabajado para servicell S.A.S. COMO T\u00c9CNICO EN CIRCUITOS DE POTENCIA ELECTR\u00d3NICA Y MANTENIMIENTO DIGITAL y de manera independiente asesorando a muchos emprendedores due\u00f1os de peque\u00f1os, medianos negocios y a grandes marcas reconocidas de la industria como claro.<\/p>\n","protected":false},"excerpt":{"rendered":"<p>\u00bfDe peque\u00f1o, mientras los ni\u00f1os se divert\u00edan jugando, a ti te interesaba desarmar equipos electr\u00f3nicos para saber, c\u00f3mo funcionaba la tecnolog\u00eda?<\/p>\n<p>Tienes que conocer el MasterClass REPARACI\u00d3N DE CELULARES XPERT.<\/p>\n<p>Aprende a arreglar y hacerle mantenimiento correctivo y preventivo a cualquier Smartphone o Tablet.<\/p>\n<p>Desarrolla habilidades para ensamblar, actualizar, diagnosticar y predecir cualquier falla de hardware, generando excelentes ingresos en una industria de alta demanda.<\/p>\n","protected":false},"featured_media":4995,"template":"","meta":{"_joinchat":[]},"product_brand":[],"product_cat":[333,344],"product_tag":[],"class_list":{"0":"post-13078","1":"product","2":"type-product","3":"status-publish","4":"has-post-thumbnail","6":"product_cat-negocios-y-marketing","7":"product_cat-todos","9":"first","10":"instock","11":"sale","12":"shipping-taxable","13":"product-type-external"},"_links":{"self":[{"href":"https:\/\/cursos.talentup.cl\/index.php?rest_route=\/wp\/v2\/product\/13078","targetHints":{"allow":["GET"]}}],"collection":[{"href":"https:\/\/cursos.talentup.cl\/index.php?rest_route=\/wp\/v2\/product"}],"about":[{"href":"https:\/\/cursos.talentup.cl\/index.php?rest_route=\/wp\/v2\/types\/product"}],"version-history":[{"count":2,"href":"https:\/\/cursos.talentup.cl\/index.php?rest_route=\/wp\/v2\/product\/13078\/revisions"}],"predecessor-version":[{"id":14832,"href":"https:\/\/cursos.talentup.cl\/index.php?rest_route=\/wp\/v2\/product\/13078\/revisions\/14832"}],"wp:featuredmedia":[{"embeddable":true,"href":"https:\/\/cursos.talentup.cl\/index.php?rest_route=\/wp\/v2\/media\/4995"}],"wp:attachment":[{"href":"https:\/\/cursos.talentup.cl\/index.php?rest_route=%2Fwp%2Fv2%2Fmedia&parent=13078"}],"wp:term":[{"taxonomy":"product_brand","embeddable":true,"href":"https:\/\/cursos.talentup.cl\/index.php?rest_route=%2Fwp%2Fv2%2Fproduct_brand&post=13078"},{"taxonomy":"product_cat","embeddable":true,"href":"https:\/\/cursos.talentup.cl\/index.php?rest_route=%2Fwp%2Fv2%2Fproduct_cat&post=13078"},{"taxonomy":"product_tag","embeddable":true,"href":"https:\/\/cursos.talentup.cl\/index.php?rest_route=%2Fwp%2Fv2%2Fproduct_tag&post=13078"}],"curies":[{"name":"wp","href":"https:\/\/api.w.org\/{rel}","templated":true}]}}