{"id":13080,"date":"2023-01-10T04:41:45","date_gmt":"2023-01-10T07:41:45","guid":{"rendered":"https:\/\/cursos.talentup.cl\/?post_type=product&#038;p=13080"},"modified":"2024-02-07T23:38:26","modified_gmt":"2024-02-08T02:38:26","slug":"el-negocio-de-los-jabones-artesanales","status":"publish","type":"product","link":"https:\/\/cursos.talentup.cl\/?product=el-negocio-de-los-jabones-artesanales","title":{"rendered":"EL NEGOCIO DE LOS JABONES ARTESANALES"},"content":{"rendered":"<p>Hoy, La cosm\u00e9tica en Latinoam\u00e9rica representa un negocio de m\u00e1s de 1.000 millones de d\u00f3lares; siendo la industria de los jabones artesanales una de las de mayor crecimiento. <\/p>\n<p>Con el MasterClass EL NEGOCIO DE LOS JABONES ARTESANALES, aprende a elaborar jabones de forma natural.<\/p>\n<p>Conoce el proceso de producci\u00f3n, los aceites, los utensilios y c\u00f3mo calcular los costos de producci\u00f3n para que crees un negocio exitoso.<\/p>\n<p>Este es un mercado muy valorado por los millennials quienes tienen una mayor tendencia a lo natural.  <\/p>\n<p>\u00bfQU\u00c9 VAS A LOGRAR?<\/p>\n<p>Conocer\u00e1s y entender\u00e1s el proceso de saponificaci\u00f3n, los tipos de saponificaci\u00f3n, el \u00edndice de saponificaci\u00f3n y la verdad sobre la soda caustica.<\/p>\n<p>Conocer\u00e1s las caracter\u00edsticas de los aceites saturados e insaturados utilizados en el proceso de elaboraci\u00f3n.<\/p>\n<p>Conocer\u00e1s y aprender\u00e1s sobre los \u00e1cidos grasos.<\/p>\n<p>Aprender\u00e1s c\u00f3mo calcular correctamente la cantidad de los ingredientes a utilizar, seg\u00fan el tipo de jab\u00f3n que desees elaborar.<\/p>\n<p>Comprender\u00e1s el concepto de sobre engrasado y que caracter\u00edsticas aporta a la barra de jab\u00f3n.<\/p>\n<p>Aprender\u00e1s a llegar a la textura ideal de cada tipo de jab\u00f3n.<\/p>\n<p>Aprender\u00e1s que son la oxidaci\u00f3n y el pH, y c\u00f3mo medirlos.<\/p>\n<p>Conocer\u00e1s cuales son los utensilios utilizados y la forma correcta de manipularlos.<\/p>\n<p>Llevar\u00e1s a la pr\u00e1ctica, paso a paso, para elaborar una barra de jab\u00f3n.<\/p>\n<p>Aprender\u00e1s c\u00f3mo calcular los costos de producci\u00f3n de los jabones.<\/p>\n<p>Aprender\u00e1s c\u00f3mo aprovechar el aceite usado de cocina para elaborar jabones.<\/p>\n<p>Podr\u00e1s desarrollar y crear tu propio negocio en esta MEGA industria.<\/p>\n<p>Acceder\u00e1s al certificado avalado por Hotmart y Seminarios Online.<\/p>\n<p>\u00bfC\u00d3MO LO VAS A LOGRAR?<\/p>\n<p>A trav\u00e9s del siguiente contenido, estructurado paso a paso:<\/p>\n<p>M\u00d3DULO 1 &#8211; EL NEGOCIO DE LOS JABONES ARTESANALES<\/p>\n<p>Video Introductorio.<br \/>\nParte 1 Saponificaci\u00f3n.<br \/>\nParte 2 Los aceites.<br \/>\nParte 3 \u00cdndice de saponificaci\u00f3n.<br \/>\nParte 4 Agua y sobre engrasado.<br \/>\nParte 5 Oxidaci\u00f3n y PH.<br \/>\nParte 6 Utensilios b\u00e1sicos.<br \/>\nParte 7 Aplica lo aprendido.<br \/>\nParte 8 Colorantes naturales.<br \/>\nParte 9 Decoraci\u00f3n y empaque de los jabones.<br \/>\nParte 10 Recomendaciones sobre las materias primas.<br \/>\nParte 11 Taller pr\u00e1ctico. <\/p>\n<p>M\u00d3DULO 2 &#8211; JABONES ESPECIALES<\/p>\n<p>Parte 1 Principios para la elaboraci\u00f3n de jabones de glicerina<\/p>\n<p>M\u00d3DULO 3 &#8211; MATERIAL COMPLEMENTARIO &#8211; BONOS<\/p>\n<p>Introducci\u00f3n.<br \/>\nBono 1 Aprende a calcular el costo de tu jab\u00f3n.<br \/>\nBono 2 Aprende a dise\u00f1ar tus piezas publicitarias.<br \/>\nBono 3 \u00a1Nuevas f\u00f3rmulas!<br \/>\nBono 4 Ideas de packing para tus jabones.<\/p>\n<p>M\u00d3DULO 4 &#8211; PON A PRUEBA TUS CONOCIMIENTOS (TEST)<\/p>\n<p>Pon a prueba tus conocimientos.<\/p>\n<p>M\u00d3DULO 5 &#8211; FORMULACI\u00d3N MANUAL DE JABONES<\/p>\n<p>Introducci\u00f3n a la formulaci\u00f3n manual de jabones.<br \/>\nFormulaci\u00f3n manual de jabones.<br \/>\nC\u00f3mo utilizar la calculadora Mendrulandia<\/p>\n<p>M\u00d3DULO 6 &#8211; PREGUNTAS FRECUENTES<\/p>\n<p>Video respuestas No.1.<br \/>\nVideo respuestas No.2.<\/p>\n<p>M\u00d3DULO 7 &#8211; C\u00d3MO OBTENER TU CERTIFICADO<\/p>\n<p>C\u00f3mo obtener tu certificado.<\/p>\n<p>ACERA DE LA PRODUCTORA<\/p>\n<p>Desarrollado por LINA TORO, Dise\u00f1adora Industrial y con alma herbolaria. <\/p>\n<p>Enamorada de la cosm\u00e9tica natural desde hace 6 a\u00f1os, en los cuales se ha dedicado a formarse en el tema con diplomados y seminarios intensivos, presenciales y virtuales de jabones por medio de cold process, cuidado facial y capilar con expertas en el tema como Victoria Moradell y Marcela Burgos.<\/p>\n<p>Actualmente, es la fundadora de Begoratto, anteriormente conocida como Del Herbario, una marca que lleva 5 a\u00f1os en el mercado y actualmente en su portafolio de productos cuenta con: desodorante, shampoo, jabones en barra de diferentes variedades, oleos faciales y corporales y mascarillas. <\/p>\n","protected":false},"excerpt":{"rendered":"<p>Hoy, La cosm\u00e9tica en Latinoam\u00e9rica representa un negocio de m\u00e1s de 1.000 millones de d\u00f3lares; siendo la industria de los jabones artesanales una de las de mayor crecimiento. <\/p>\n<p>Con el MasterClass EL NEGOCIO DE LOS JABONES ARTESANALES, aprende a elaborar jabones de forma natural.<\/p>\n<p>Conoce el proceso de producci\u00f3n, los aceites, los utensilios y c\u00f3mo calcular los costos de producci\u00f3n para que crees un negocio exitoso.<\/p>\n<p>Este es un mercado muy valorado por los millennials quienes tienen una mayor tendencia a lo natural.  <\/p>\n","protected":false},"featured_media":4997,"template":"","meta":{"_joinchat":[]},"product_brand":[],"product_cat":[333,344],"product_tag":[],"class_list":{"0":"post-13080","1":"product","2":"type-product","3":"status-publish","4":"has-post-thumbnail","6":"product_cat-negocios-y-marketing","7":"product_cat-todos","9":"first","10":"instock","11":"sale","12":"shipping-taxable","13":"product-type-external"},"_links":{"self":[{"href":"https:\/\/cursos.talentup.cl\/index.php?rest_route=\/wp\/v2\/product\/13080","targetHints":{"allow":["GET"]}}],"collection":[{"href":"https:\/\/cursos.talentup.cl\/index.php?rest_route=\/wp\/v2\/product"}],"about":[{"href":"https:\/\/cursos.talentup.cl\/index.php?rest_route=\/wp\/v2\/types\/product"}],"version-history":[{"count":2,"href":"https:\/\/cursos.talentup.cl\/index.php?rest_route=\/wp\/v2\/product\/13080\/revisions"}],"predecessor-version":[{"id":14834,"href":"https:\/\/cursos.talentup.cl\/index.php?rest_route=\/wp\/v2\/product\/13080\/revisions\/14834"}],"wp:featuredmedia":[{"embeddable":true,"href":"https:\/\/cursos.talentup.cl\/index.php?rest_route=\/wp\/v2\/media\/4997"}],"wp:attachment":[{"href":"https:\/\/cursos.talentup.cl\/index.php?rest_route=%2Fwp%2Fv2%2Fmedia&parent=13080"}],"wp:term":[{"taxonomy":"product_brand","embeddable":true,"href":"https:\/\/cursos.talentup.cl\/index.php?rest_route=%2Fwp%2Fv2%2Fproduct_brand&post=13080"},{"taxonomy":"product_cat","embeddable":true,"href":"https:\/\/cursos.talentup.cl\/index.php?rest_route=%2Fwp%2Fv2%2Fproduct_cat&post=13080"},{"taxonomy":"product_tag","embeddable":true,"href":"https:\/\/cursos.talentup.cl\/index.php?rest_route=%2Fwp%2Fv2%2Fproduct_tag&post=13080"}],"curies":[{"name":"wp","href":"https:\/\/api.w.org\/{rel}","templated":true}]}}