{"id":13081,"date":"2023-01-10T04:41:45","date_gmt":"2023-01-10T07:41:45","guid":{"rendered":"https:\/\/cursos.talentup.cl\/?post_type=product&#038;p=13081"},"modified":"2024-02-07T23:38:26","modified_gmt":"2024-02-08T02:38:26","slug":"el-negocio-del-cafe-costos-y-finanzas","status":"publish","type":"product","link":"https:\/\/cursos.talentup.cl\/?product=el-negocio-del-cafe-costos-y-finanzas","title":{"rendered":"EL NEGOCIO DEL CAF\u00c9: COSTOS Y FINANZAS"},"content":{"rendered":"<p>Tu finca es una empresa y debe ser administrada como tal. Llevar de forma correcta sus n\u00fameros hacen que sea exitosa.<\/p>\n<p>Con el MasterClas, EL NEGOCIO DEL CAF\u00c9: domina los COSTOS Y FINANZAS para saber cu\u00e1nto vale producir un kilo de caf\u00e9, cu\u00e1les son tus verdaderas ganancias y cu\u00e1l es tu margen de utilidad.<\/p>\n<p>En este programa obtienes las herramientas para convertirte en un empresario cafetero. <\/p>\n<p>\u00bfQU\u00c9 VAS A LOGRAR?<\/p>\n<p>Planificar\u00e1s y presupuestar\u00e1s todas las labores de tu finca.<\/p>\n<p>Aprender\u00e1s a llevar registros de forma organizada.<\/p>\n<p>Generar\u00e1s reportes automatizados que reflejaran tus estados financieros.<\/p>\n<p>Aprender\u00e1s con certeza que te cuesta producir un kilo de caf\u00e9 y tu margen de utilidad.<\/p>\n<p>Acceder\u00e1s al certificado avalado por Hotmart y Seminarios Online.<\/p>\n<p>\u00bfC\u00d3MO LO VAS A LOGRAR?<\/p>\n<p>El programa tiene 17 v\u00eddeos los cuales incluyen 3 herramientas de Excel automatizadas y 7 archivos en PDF.<\/p>\n<p>V\u00eddeo 1: Bienvenida al curso (Links de acceso al grupo privado)<br \/>\nV\u00eddeo 2: Mindset del empresario cafetero.<br \/>\nV\u00eddeo 3: \u00bfEl problema son los costos o es la producci\u00f3n?<br \/>\nV\u00eddeo 4: Plan de renovaci\u00f3n (Herramienta de Excel automatizada)<br \/>\nV\u00eddeo 5 Tips renovaci\u00f3n por zoca tradicional<br \/>\nV\u00eddeo 6: Tips renovaci\u00f3n zoca pulm\u00f3n.<br \/>\nV\u00eddeo 7 Tips renovaci\u00f3n zoca calavera.<br \/>\nV\u00eddeo 8 C\u00f3mo escoger tu densidad de siembra.<br \/>\nV\u00eddeo 9: C\u00e1lculo de densidades de siembra (Cuadro, rect\u00e1ngulo, tri\u00e1ngulo, tres bolillo y fajas)<br \/>\nV\u00eddeo 10: C\u00e1lculo de los indicadores de rendimiento. (Herramienta de Excel automatizada)<br \/>\nV\u00eddeo 12: C\u00f3mo programar la siembra de tus cafetales.<br \/>\nV\u00eddeo 13: Clasificaci\u00f3n de labores y costos.<br \/>\nV\u00eddeo 14: Herramientas de registros. (Herramienta de Excel automatizada)<br \/>\nV\u00eddeo 15: C\u00f3mo calcular el costo de 1 kilo de caf\u00e9.<br \/>\nV\u00eddeo 16: C\u00f3mo calcular el porcentaje de participaci\u00f3n de cada actividad.<br \/>\nV\u00eddeo 17: C\u00f3mo calcular la ganancia y el margen de utilidad.<\/p>\n<p>ACERCA DEL PRODUCTOR<\/p>\n<p>Desarrollado por SERGIO S\u00c1NCHEZ, Ingeniero agr\u00f3nomo, Empresario y Caficultor, Gerente y Seo del Grupo Empresarial Agro-Elite S.A.S.<\/p>\n<p>Desarrollador de cursos digitales enfocados a la caficultura y creador de la tienda online caficultoreselite.com, encargada de la creaci\u00f3n o comercializaci\u00f3n de productos innovadores para la agricultura.<\/p>\n<p>Sergio cuenta con 8 a\u00f1os de experiencia como extensionista de la Federaci\u00f3n Nacional de Cafeteros de Colombia y varias exportadoras de caf\u00e9 en diferentes regiones de Colombia, lo que le permiti\u00f3 pulir sus m\u00e9todos de ense\u00f1anza.<\/p>\n<p>Amante de la caficultura y la agronom\u00eda, empresario caficultor en su finca \u201cEl origen\u201d.<\/p>\n","protected":false},"excerpt":{"rendered":"<p>Tu finca es una empresa y debe ser administrada como tal. Llevar de forma correcta sus n\u00fameros hacen que sea exitosa.<\/p>\n<p>Con el MasterClas, EL NEGOCIO DEL CAF\u00c9: domina los COSTOS Y FINANZAS para saber cu\u00e1nto vale producir un kilo de caf\u00e9, cu\u00e1les son tus verdaderas ganancias y cu\u00e1l es tu margen de utilidad.<\/p>\n<p>En este programa obtienes las herramientas para convertirte en un empresario cafetero. <\/p>\n","protected":false},"featured_media":4998,"template":"","meta":{"_joinchat":[]},"product_brand":[],"product_cat":[333,344],"product_tag":[],"class_list":{"0":"post-13081","1":"product","2":"type-product","3":"status-publish","4":"has-post-thumbnail","6":"product_cat-negocios-y-marketing","7":"product_cat-todos","9":"first","10":"instock","11":"sale","12":"shipping-taxable","13":"product-type-external"},"_links":{"self":[{"href":"https:\/\/cursos.talentup.cl\/index.php?rest_route=\/wp\/v2\/product\/13081","targetHints":{"allow":["GET"]}}],"collection":[{"href":"https:\/\/cursos.talentup.cl\/index.php?rest_route=\/wp\/v2\/product"}],"about":[{"href":"https:\/\/cursos.talentup.cl\/index.php?rest_route=\/wp\/v2\/types\/product"}],"version-history":[{"count":2,"href":"https:\/\/cursos.talentup.cl\/index.php?rest_route=\/wp\/v2\/product\/13081\/revisions"}],"predecessor-version":[{"id":14835,"href":"https:\/\/cursos.talentup.cl\/index.php?rest_route=\/wp\/v2\/product\/13081\/revisions\/14835"}],"wp:featuredmedia":[{"embeddable":true,"href":"https:\/\/cursos.talentup.cl\/index.php?rest_route=\/wp\/v2\/media\/4998"}],"wp:attachment":[{"href":"https:\/\/cursos.talentup.cl\/index.php?rest_route=%2Fwp%2Fv2%2Fmedia&parent=13081"}],"wp:term":[{"taxonomy":"product_brand","embeddable":true,"href":"https:\/\/cursos.talentup.cl\/index.php?rest_route=%2Fwp%2Fv2%2Fproduct_brand&post=13081"},{"taxonomy":"product_cat","embeddable":true,"href":"https:\/\/cursos.talentup.cl\/index.php?rest_route=%2Fwp%2Fv2%2Fproduct_cat&post=13081"},{"taxonomy":"product_tag","embeddable":true,"href":"https:\/\/cursos.talentup.cl\/index.php?rest_route=%2Fwp%2Fv2%2Fproduct_tag&post=13081"}],"curies":[{"name":"wp","href":"https:\/\/api.w.org\/{rel}","templated":true}]}}