{"id":13082,"date":"2023-01-10T04:41:45","date_gmt":"2023-01-10T07:41:45","guid":{"rendered":"https:\/\/cursos.talentup.cl\/?post_type=product&#038;p=13082"},"modified":"2024-02-07T23:38:26","modified_gmt":"2024-02-08T02:38:26","slug":"marketing-digital-para-negocios-en-sos","status":"publish","type":"product","link":"https:\/\/cursos.talentup.cl\/?product=marketing-digital-para-negocios-en-sos","title":{"rendered":"MARKETING DIGITAL PARA NEGOCIOS EN SOS"},"content":{"rendered":"<p>\u00bfTe gustar\u00eda aprender c\u00f3mo funciona el proceso para lograr una venta efectiva y sacar a tu negocio de la crisis?<\/p>\n<p>En el programa MARKETING DIGITAL PARA NEGOCIOS EN S.O.S. aprende \u201cEl camino del cliente\u201d; un m\u00e9todo efectivo para potenciar las ventas de cualquier negocio sin importar su nicho y la dif\u00edcil situaci\u00f3n en la que est\u00e9.<\/p>\n<p>Con esta t\u00e9cnica de marketing digital, tambi\u00e9n puedes comenzar tu propio negocio desde cero.<\/p>\n<p>Domina estrategias de contenidos ganadores, anuncios contundentes, an\u00e1lisis de datos y mucho m\u00e1s.<\/p>\n<p>Influye positivamente en la decisi\u00f3n de compra de tu cliente y genera altos ingresos.<\/p>\n<p>\u00bfQU\u00c9 VAS A LOGRAR?<\/p>\n<p>Aprender\u00e1s y dominar\u00e1s el Marketing Digital.<\/p>\n<p>Aprender\u00e1s cu\u00e1l estrategia implementar y c\u00f3mo hacerla correctamente.<\/p>\n<p>Conocer\u00e1s c\u00f3mo estructurar un plan de marketing de contenidos adaptado a tu negocio.<\/p>\n<p>Aprender\u00e1s c\u00f3mo planificar tus campa\u00f1as de anuncios de la forma profesional.<\/p>\n<p>Comprender\u00e1s el social media marketing y su impacto en el crecimiento de tu negocio.<\/p>\n<p>Aprender\u00e1s buenas pr\u00e1cticas en email marketing para no ahuyentar a tus prospectos.<\/p>\n<p>Estructurar\u00e1s tu estrategia bien planificada de marketing de b\u00fasqueda.<\/p>\n<p>Aplicar\u00e1s el an\u00e1lisis de datos al marketing digital y lo entender\u00e1s perfectamente.<\/p>\n<p>Aprender\u00e1s la optimizaci\u00f3n de tasas de conversi\u00f3n para mejorar tus resultados.<\/p>\n<p>Tendr\u00e1s acceso a plantillas y herramientas exclusivas que usamos todos los d\u00edas en todas nuestras t\u00e1cticas y estrategias para lograr tener un orden y entender qu\u00e9 estamos haciendo y hacia d\u00f3nde vamos.<\/p>\n<p>Acceder\u00e1s al certificado avalado por Hotmart y Seminarios Online.<\/p>\n<p>\u00bfC\u00d3MO LO VAS A LOGRAR?<\/p>\n<p>Este entrenamiento est\u00e1 estructurado de la siguiente forma:<\/p>\n<p>Video 01. Bienvenido (a)<br \/>\nVideo 02 Ser\u00e1 que es para ti<br \/>\nVideo 03 Qu\u00e9 es y C\u00f3mo funciona el Marketing Digital<br \/>\nVideo 04 En qu\u00e9 te beneficia e Informaci\u00f3n Importante<br \/>\nVideo 05 C\u00f3mo est\u00e1 estructurado este entrenamiento<br \/>\nVideo 06 Cap\u00edtulo 01 Tu Estrategia De Marketing Digital<br \/>\nVideo 07 Etapa 1 \u2013 Conocimiento<br \/>\nVideo 08 Etapa 2 \u2013 Compromiso<br \/>\nVideo 09 Etapa 3 \u2013 Suscripci\u00f3n<br \/>\nVideo 10 Etapa 4 \u2013 Conversi\u00f3n<br \/>\nVideo 11 Etapa 5 \u2013 Emocionar<br \/>\nVideo 12 Etapa 6 \u2013 Ascender<br \/>\nVideo 13 Etapa 7 \u2013 Defensores<br \/>\nVideo 14 Etapa 8 \u2013 Promotores<br \/>\nVideo 15 C\u00f3mo mover a los prospectos a trav\u00e9s del CVC<br \/>\nVideo 16 Cap\u00edtulo 02 Tu Estrategia De Marketing De Contenidos<br \/>\nVideo 17 Embudo Completo Para Marketing De Contenidos<br \/>\nVideo 18 Parte Superior Del Embudo (TOFU)<\/p>\n<p>\u00a1Y MUCHAS CLASES M\u00c1S! SON M\u00c1S DE 60 CLASES DIVIDIDAS EN 9 CAP\u00cdTULOS<\/p>\n<p>BONUS<\/p>\n<p>Bono 1 \u2013 Plantilla Del Camino De Valor Del Cliente<br \/>\nBono 2 \u2013 Plantilla De Buyer Persona<br \/>\nBono 3 \u2013 Facebook &#038; Instagram Ads Health Checklist<\/p>\n<p>ACERCA DE LOS PRODUCTORES<\/p>\n<p>Desarrollado por: LUIS VELOZ &#038; JUAN JOS\u00c9 P\u00c9REZ, mexicano &#038; colombiano (respectivamente).<\/p>\n<p>Marketers Certificados en comercio electr\u00f3nico, embudos de venta, estrategias de productos digitales y tradicionales, construcci\u00f3n de buyer persona, pilares de marketing digital, design thinking, liderazgo, fortalecimiento empresarial, desarrollo de competencias, estrategias de venta, comportamientos del consumidor y prospectaci\u00f3n.<\/p>\n<p>Expertos en construcci\u00f3n de sitios con Elementor, Divi y WordPress, certificaci\u00f3n de expertos en: copywriting, SEO, email marketing, marketing digital, anal\u00edtica web, social media marketing, optimizaci\u00f3n web, google analytics, construcci\u00f3n de sitios web con HTML &#038; CSS, Facebook e Instagram, edici\u00f3n de video e imagen y Google &#038; YouTube Ads. <\/p>\n","protected":false},"excerpt":{"rendered":"<p>\u00bfTe gustar\u00eda aprender c\u00f3mo funciona el proceso para lograr una venta efectiva y sacar a tu negocio de la crisis?<\/p>\n<p>En el programa MARKETING DIGITAL PARA NEGOCIOS EN S.O.S. aprende \u201cEl camino del cliente\u201d; un m\u00e9todo efectivo para potenciar las ventas de cualquier negocio sin importar su nicho y la dif\u00edcil situaci\u00f3n en la que est\u00e9.<\/p>\n<p>Con esta t\u00e9cnica de marketing digital, tambi\u00e9n puedes comenzar tu propio negocio desde cero.<\/p>\n<p>Domina estrategias de contenidos ganadores, anuncios contundentes, an\u00e1lisis de datos y mucho m\u00e1s.<\/p>\n<p>Influye positivamente en la decisi\u00f3n de compra de tu cliente y genera altos ingresos.<\/p>\n","protected":false},"featured_media":5000,"template":"","meta":{"_joinchat":[]},"product_brand":[],"product_cat":[333,344],"product_tag":[],"class_list":{"0":"post-13082","1":"product","2":"type-product","3":"status-publish","4":"has-post-thumbnail","6":"product_cat-negocios-y-marketing","7":"product_cat-todos","9":"first","10":"instock","11":"sale","12":"shipping-taxable","13":"product-type-external"},"_links":{"self":[{"href":"https:\/\/cursos.talentup.cl\/index.php?rest_route=\/wp\/v2\/product\/13082","targetHints":{"allow":["GET"]}}],"collection":[{"href":"https:\/\/cursos.talentup.cl\/index.php?rest_route=\/wp\/v2\/product"}],"about":[{"href":"https:\/\/cursos.talentup.cl\/index.php?rest_route=\/wp\/v2\/types\/product"}],"version-history":[{"count":2,"href":"https:\/\/cursos.talentup.cl\/index.php?rest_route=\/wp\/v2\/product\/13082\/revisions"}],"predecessor-version":[{"id":14836,"href":"https:\/\/cursos.talentup.cl\/index.php?rest_route=\/wp\/v2\/product\/13082\/revisions\/14836"}],"wp:featuredmedia":[{"embeddable":true,"href":"https:\/\/cursos.talentup.cl\/index.php?rest_route=\/wp\/v2\/media\/5000"}],"wp:attachment":[{"href":"https:\/\/cursos.talentup.cl\/index.php?rest_route=%2Fwp%2Fv2%2Fmedia&parent=13082"}],"wp:term":[{"taxonomy":"product_brand","embeddable":true,"href":"https:\/\/cursos.talentup.cl\/index.php?rest_route=%2Fwp%2Fv2%2Fproduct_brand&post=13082"},{"taxonomy":"product_cat","embeddable":true,"href":"https:\/\/cursos.talentup.cl\/index.php?rest_route=%2Fwp%2Fv2%2Fproduct_cat&post=13082"},{"taxonomy":"product_tag","embeddable":true,"href":"https:\/\/cursos.talentup.cl\/index.php?rest_route=%2Fwp%2Fv2%2Fproduct_tag&post=13082"}],"curies":[{"name":"wp","href":"https:\/\/api.w.org\/{rel}","templated":true}]}}