{"id":13249,"date":"2023-01-10T04:42:03","date_gmt":"2023-01-10T07:42:03","guid":{"rendered":"https:\/\/cursos.talentup.cl\/?post_type=product&#038;p=13249"},"modified":"2024-02-07T23:38:35","modified_gmt":"2024-02-08T02:38:35","slug":"creando-una-empresa-de-base-tecnologica","status":"publish","type":"product","link":"https:\/\/cursos.talentup.cl\/?product=creando-una-empresa-de-base-tecnologica","title":{"rendered":"CREANDO UNA EMPRESA DE BASE TECNOL\u00d3GICA"},"content":{"rendered":"<p>Las Startups son negocios que se conciben r\u00e1pido y que est\u00e1n buscando convertirse en empresas \u00e1giles donde el crecimiento exponencial y progresivo es el fin en la mente, el indicador y el objetivo principal despu\u00e9s de haber validado su propuesta de valor.<\/p>\n<p>La tecnolog\u00eda de Internet es un componente y variable obligatorio para la operaci\u00f3n en una Startup PERO la propuesta de valor aunque puede ser nativa digital en muchos casos no lo es y se aplica la creaci\u00f3n de los conceptos para crear y\/o mejorar productos y servicios tradicionales. <\/p>\n<p>En este Master Class desarrollado por Jorge Andr\u00e9s Moreno, l\u00edder de negocios de base tecnol\u00f3gica y creador de una startup colombiana muy reconocida; podr\u00e1s aprender los fundamentos desde lo m\u00e1s b\u00e1sico hasta la parte de \u00abaceleraci\u00f3n\u00bb, como crear cualquier tipo de negocio que ofrezca cualquier tipo de producto y\/o servicio (propuesta de valor) que se convierta r\u00e1pidamente en una startup con crecimiento sostenible desde el principio y progresivo (exponencial) en el tiempo.<\/p>\n<p>Jorge Andr\u00e9s Moreno es un emprendedor serial Colombiano de 36 a\u00f1os. A los 19 a\u00f1os cre\u00f3 su primera empresa siendo un estudiante universitario y en los \u00faltimos 6 a\u00f1os se ha dedicado a crear empresas de base tecnol\u00f3gica y digitalizar empresas tradicionales. Actualmente es el CEO de buena People, una plataforma que se encarga de brindar bienestar laboral a los empleados de las empresas por medio de beneficios de calidad de vida. <\/p>\n<p>Contenido:<\/p>\n<p>M\u00f3dulo 1: Bienvenida e introducci\u00f3n al MasterClass<br \/>\nBienvenida e introducci\u00f3n al MasterClass<br \/>\n\u00bfQu\u00e9 aprender\u00e1s?<br \/>\nM\u00f3dulo 2: \u00a1Para y Respira!<br \/>\n\u00bfEncuentra tu porqu\u00e9 para emprender?<br \/>\nTu raz\u00f3n de emprender<br \/>\nAterriza tu sue\u00f1o y crea tu plan de acci\u00f3n.<br \/>\n\u00bfDeber\u00edas emprender? Prep\u00e1rate para hacerlo.<br \/>\nM\u00f3dulo 3: Crea tu empresa en 48 horas.<br \/>\n\u00bfQu\u00e9 es una Startup y qu\u00e9 la hace incre\u00edble?<br \/>\nCrea tu empresa en 48 horas<br \/>\nCrea tu MVP (Producto M\u00ednimo Viable para vender)<br \/>\nCrea y conoce a tu comprador (Buyer Persona)<br \/>\nEstrategias de Marketing para vender<br \/>\nElige a tus socios y a tu equipo sin arrepentirte.<br \/>\nM\u00f3dulo 3: \u00a1A Crecer!<br \/>\nCrea una base s\u00f3lida de tu empresa.<br \/>\nAcelera tu empresa en Latinoam\u00e9rica<br \/>\nAnalizando una Startup Exitosa.<br \/>\nHerramientas y despedida. <\/p>\n","protected":false},"excerpt":{"rendered":"<p>Las Startups son negocios que se conciben r\u00e1pido y que est\u00e1n buscando convertirse en empresas \u00e1giles donde el crecimiento exponencial y progresivo es el fin en la mente, el indicador y el objetivo principal despu\u00e9s de haber validado su propuesta de valor.<\/p>\n<p>La tecnolog\u00eda de Internet es un componente y variable obligatorio para la operaci\u00f3n en una Startup PERO la propuesta de valor aunque puede ser nativa digital en muchos casos no lo es y se aplica la creaci\u00f3n de los conceptos para crear y\/o mejorar productos y servicios tradicionales. <\/p>\n<p>En este Master Class desarrollado por Jorge Andr\u00e9s Moreno, l\u00edder de negocios de base tecnol\u00f3gica y creador de una startup colombiana muy reconocida; podr\u00e1s aprender los fundamentos desde lo m\u00e1s b\u00e1sico hasta la parte de \u00abaceleraci\u00f3n\u00bb, como crear cualquier tipo de negocio que ofrezca cualquier tipo de producto y\/o servicio (propuesta de valor) que se convierta r\u00e1pidamente en una startup con crecimiento sostenible desde el principio y progresivo (exponencial) en el tiempo.<\/p>\n<p>Jorge Andr\u00e9s Moreno es un emprendedor serial Colombiano de 36 a\u00f1os. A los 19 a\u00f1os cre\u00f3 su primera empresa siendo un estudiante universitario y en los \u00faltimos 6 a\u00f1os se ha dedicado a crear empresas de base tecnol\u00f3gica y digitalizar empresas tradicionales. Actualmente es el CEO de buena People, una plataforma que se encarga de brindar bienestar laboral a los empleados de las empresas por medio de beneficios de calidad de vida. <\/p>\n","protected":false},"featured_media":5078,"template":"","meta":{"_joinchat":[]},"product_brand":[],"product_cat":[333,344],"product_tag":[],"class_list":{"0":"post-13249","1":"product","2":"type-product","3":"status-publish","4":"has-post-thumbnail","6":"product_cat-negocios-y-marketing","7":"product_cat-todos","9":"first","10":"instock","11":"sale","12":"shipping-taxable","13":"product-type-external"},"_links":{"self":[{"href":"https:\/\/cursos.talentup.cl\/index.php?rest_route=\/wp\/v2\/product\/13249","targetHints":{"allow":["GET"]}}],"collection":[{"href":"https:\/\/cursos.talentup.cl\/index.php?rest_route=\/wp\/v2\/product"}],"about":[{"href":"https:\/\/cursos.talentup.cl\/index.php?rest_route=\/wp\/v2\/types\/product"}],"version-history":[{"count":2,"href":"https:\/\/cursos.talentup.cl\/index.php?rest_route=\/wp\/v2\/product\/13249\/revisions"}],"predecessor-version":[{"id":14914,"href":"https:\/\/cursos.talentup.cl\/index.php?rest_route=\/wp\/v2\/product\/13249\/revisions\/14914"}],"wp:featuredmedia":[{"embeddable":true,"href":"https:\/\/cursos.talentup.cl\/index.php?rest_route=\/wp\/v2\/media\/5078"}],"wp:attachment":[{"href":"https:\/\/cursos.talentup.cl\/index.php?rest_route=%2Fwp%2Fv2%2Fmedia&parent=13249"}],"wp:term":[{"taxonomy":"product_brand","embeddable":true,"href":"https:\/\/cursos.talentup.cl\/index.php?rest_route=%2Fwp%2Fv2%2Fproduct_brand&post=13249"},{"taxonomy":"product_cat","embeddable":true,"href":"https:\/\/cursos.talentup.cl\/index.php?rest_route=%2Fwp%2Fv2%2Fproduct_cat&post=13249"},{"taxonomy":"product_tag","embeddable":true,"href":"https:\/\/cursos.talentup.cl\/index.php?rest_route=%2Fwp%2Fv2%2Fproduct_tag&post=13249"}],"curies":[{"name":"wp","href":"https:\/\/api.w.org\/{rel}","templated":true}]}}