{"id":13312,"date":"2023-01-10T04:42:09","date_gmt":"2023-01-10T07:42:09","guid":{"rendered":"https:\/\/cursos.talentup.cl\/?post_type=product&#038;p=13312"},"modified":"2024-02-07T23:38:39","modified_gmt":"2024-02-08T02:38:39","slug":"bullet-journal-personalizado-con-porcelana-fria","status":"publish","type":"product","link":"https:\/\/cursos.talentup.cl\/?product=bullet-journal-personalizado-con-porcelana-fria","title":{"rendered":"BULLET JOURNAL PERSONALIZADO CON PORCELANA FR\u00cdA"},"content":{"rendered":"<p>\u00bfEres de las que ama su Bullet Journal o Agenda Personal para organizar su vida y ser m\u00e1s productiva?<\/p>\n<p>Con el Master Class BULLET JOURNAL PERSONALIZADO CON PORCELANA FR\u00cdA, transformar\u00e1s tu agenda con tu propio estilo, logrando colores intensos y duraderos con nuestra receta de pasta flexible.<\/p>\n<p>\u00bfQU\u00c9 VAS A LOGRAR?<\/p>\n<p>Encontrar\u00e1s tu propio estilo y descubrir\u00e1s gustos nuevos por las manualidades.<\/p>\n<p>Aumentar\u00e1s considerablemente tu pensamiento creativo y habilidad motriz al mismo tiempo que personalizas tu agenda.<\/p>\n<p>Conocer\u00e1s todos los secretos para fabricar tu propia porcelana fr\u00eda perfecta con materiales muy econ\u00f3micos y f\u00e1ciles de conseguir.<\/p>\n<p>Empezar\u00e1s a dise\u00f1ar y fabricar una infinidad de piezas con este material, no solo tu agenda, sino tambi\u00e9n adornos, lapiceros, mu\u00f1ecos y muchas cosas m\u00e1s.<\/p>\n<p>Evitar\u00e1s todos los errores que se cometen a la hora de fabricar la pasta flexible o porcelana fr\u00eda.<\/p>\n<p>Conocer\u00e1s las cantidades exactas (receta) que necesitas para preparar tu pasta base sin complicaciones y sin necesidad de microondas.<\/p>\n<p>Aprender\u00e1s la forma correcta de almacenar y guardar la pasta base por largos periodos antes de modelar tus figuras.<\/p>\n<p>Lograr\u00e1s colores intensos y duraderos en tus piezas.<\/p>\n<p>Sellar\u00e1s perfectamente tus creaciones con nuestra laca casera, la cual inmortalizar\u00e1 tu creaci\u00f3n eternamente.<\/p>\n<p>Acceder\u00e1s al certificado avalado por Hotmart y Seminarios Online.<\/p>\n<p>\u00bfC\u00d3MO LO VAS A LOGRAR?<\/p>\n<p>A trav\u00e9s del siguiente contenido, estructurado paso a paso:<\/p>\n<p>M\u00d3DULO 1 &#8211; PORCELANA FR\u00cdA (PASTA FLEXIBLE)<\/p>\n<p>Bienvenida y recomendaciones iniciales.<br \/>\n\u00bfQu\u00e9 es porcelana fr\u00eda y qu\u00e9 usos puedo darle?<br \/>\nBeneficios de este material.<br \/>\n\u00bfPor qu\u00e9 no recomiendo usar moldes?<br \/>\nMateriales y herramientas que utilizaremos.<br \/>\nCantidades (receta).<br \/>\nFabricaci\u00f3n de pasta base.<br \/>\n\u00bf C\u00f3mo te\u00f1ir mi pasta?<br \/>\nCuidados importantes.<br \/>\n\u00bfPor qu\u00e9 no debo dejar la pasta a la intemperie?<br \/>\n\u00bfC\u00f3mo guardar mi pasta en clima fr\u00edo y c\u00e1lido?<br \/>\nSecretos de la porcelana fr\u00eda.<br \/>\n\u00bfC\u00f3mo mantener bien sellada mis figuras?<\/p>\n<p>M\u00d3DULO 2 &#8211; BULLET JOURNAL PERSONALIZADO<\/p>\n<p>Personalizando mi agenda.<br \/>\nAgregando detalles importantes.<br \/>\nRealizando l\u00e1piz \/ lapicero del mismo estilo.<br \/>\nRealizando sacapuntas del mismo estilo.<\/p>\n<p>M\u00d3DULO 3 &#8211; SELLADO<\/p>\n<p>Materiales y fabricaci\u00f3n de laca para sellado.<br \/>\nAplicaci\u00f3n de sellante.<br \/>\nResultado final.<\/p>\n<p>M\u00d3DULO 4 \u2013 MATERIAL ADICIONAL (BONOS)<\/p>\n<p>Bono 1: [E-Book PDF] Los secretos del lettering.<br \/>\nBono 2: [E-Book PDF] Gesti\u00f3n eficaz del tiempo.<br \/>\nBono 3: [E-Book PDF] Pack de mandalas anti-est\u00e9s para colorear.<\/p>\n<p>M\u00d3DULO 5 &#8211; VIDEO RESPUESTAS <\/p>\n<p>\u00bfC\u00f3mo se dise\u00f1a bisuter\u00eda fina con este material?<\/p>\n<p>M\u00d3DULO 6 \u2013 \u00bfC\u00d3MO OBTENER TU CERTIFICADO?<\/p>\n<p>\u00bfC\u00f3mo obtener tu certificado?<\/p>\n<p>ACERCA DE LA PRODUCTORA<\/p>\n<p>Desarrollado por ERIKA MARBELLA CRUZ OLIVARES, profesional experta certificada en educaci\u00f3n virtual y presencial con m\u00e1s de 10 a\u00f1os de experiencia y un amplio cat\u00e1logo de cursos que ense\u00f1an habilidades como hobby y para emprendimientos. <\/p>\n<p>Ha ganado premios y reconocimientos por su dedicaci\u00f3n y profesionalismo a la hora de ense\u00f1ar y a ayudar a miles de personas a crear negocios con baja inversi\u00f3n y alt\u00edsima proyecci\u00f3n. <\/p>\n<p>Actualmente, se encuentra perfeccionando su m\u00e9todo de ense\u00f1anza virtual efectiva que est\u00e1 dando maravillosos resultados al rededor del mundo.<\/p>\n","protected":false},"excerpt":{"rendered":"<p>\u00bfEres de las que ama su Bullet Journal o Agenda Personal para organizar su vida y ser m\u00e1s productiva?<\/p>\n<p>Con el Master Class BULLET JOURNAL PERSONALIZADO CON PORCELANA FR\u00cdA, transformar\u00e1s tu agenda con tu propio estilo, logrando colores intensos y duraderos con nuestra receta de pasta flexible.<\/p>\n","protected":false},"featured_media":6602,"template":"","meta":{"_joinchat":[]},"product_brand":[],"product_cat":[334,344],"product_tag":[],"class_list":{"0":"post-13312","1":"product","2":"type-product","3":"status-publish","4":"has-post-thumbnail","6":"product_cat-otros","7":"product_cat-todos","9":"first","10":"instock","11":"sale","12":"shipping-taxable","13":"product-type-external"},"_links":{"self":[{"href":"https:\/\/cursos.talentup.cl\/index.php?rest_route=\/wp\/v2\/product\/13312","targetHints":{"allow":["GET"]}}],"collection":[{"href":"https:\/\/cursos.talentup.cl\/index.php?rest_route=\/wp\/v2\/product"}],"about":[{"href":"https:\/\/cursos.talentup.cl\/index.php?rest_route=\/wp\/v2\/types\/product"}],"version-history":[{"count":2,"href":"https:\/\/cursos.talentup.cl\/index.php?rest_route=\/wp\/v2\/product\/13312\/revisions"}],"predecessor-version":[{"id":14943,"href":"https:\/\/cursos.talentup.cl\/index.php?rest_route=\/wp\/v2\/product\/13312\/revisions\/14943"}],"wp:featuredmedia":[{"embeddable":true,"href":"https:\/\/cursos.talentup.cl\/index.php?rest_route=\/wp\/v2\/media\/6602"}],"wp:attachment":[{"href":"https:\/\/cursos.talentup.cl\/index.php?rest_route=%2Fwp%2Fv2%2Fmedia&parent=13312"}],"wp:term":[{"taxonomy":"product_brand","embeddable":true,"href":"https:\/\/cursos.talentup.cl\/index.php?rest_route=%2Fwp%2Fv2%2Fproduct_brand&post=13312"},{"taxonomy":"product_cat","embeddable":true,"href":"https:\/\/cursos.talentup.cl\/index.php?rest_route=%2Fwp%2Fv2%2Fproduct_cat&post=13312"},{"taxonomy":"product_tag","embeddable":true,"href":"https:\/\/cursos.talentup.cl\/index.php?rest_route=%2Fwp%2Fv2%2Fproduct_tag&post=13312"}],"curies":[{"name":"wp","href":"https:\/\/api.w.org\/{rel}","templated":true}]}}