{"id":13317,"date":"2023-01-10T04:42:10","date_gmt":"2023-01-10T07:42:10","guid":{"rendered":"https:\/\/cursos.talentup.cl\/?post_type=product&#038;p=13317"},"modified":"2024-02-07T23:38:40","modified_gmt":"2024-02-08T02:38:40","slug":"el-negocio-de-las-auto-alarmas","status":"publish","type":"product","link":"https:\/\/cursos.talentup.cl\/?product=el-negocio-de-las-auto-alarmas","title":{"rendered":"EL NEGOCIO DE LAS AUTO ALARMAS"},"content":{"rendered":"<p>\u00bfQuieres aprender a generar ingresos con una profesi\u00f3n de alta demanda?<\/p>\n<p>Con el MasterClass EL NEGOCIO DE LAS AUTO ALARMAS, aprender\u00edas toda la teor\u00eda y la pr\u00e1ctica desde cero para convertirte en todo un profesional.<\/p>\n<p>\u00bfQU\u00c9 VAS A LOGRAR?<\/p>\n<p>Aprender\u00e1s desde cero como realizar una instalaci\u00f3n profesional.<\/p>\n<p>Conocer\u00e1s las bases que se necesitan saber para realizar una conexi\u00f3n el\u00e9ctrica.<\/p>\n<p>Aprender\u00e1s una profesi\u00f3n de creciente y alta demanda en la industria automotriz.<\/p>\n<p>Podr\u00e1s desarrollarte como trabajador de empresas especializadas en el rubro o iniciar tu propio emprendimiento brindando el servicio de instalaci\u00f3n de auto alarmas.<\/p>\n<p>Podr\u00e1s generar ingresos adicionales desempe\u00f1\u00e1ndote como profesional independiente, brindando el servicio particular de instalaciones de auto alarmas.<\/p>\n<p>Acceder\u00e1s al certificado avalado por Hotmart y Seminarios Online.<\/p>\n<p>\u00bfC\u00d3MO LO VAS A LOGRAR?<\/p>\n<p>A trav\u00e9s del siguiente contenido, estructurado paso a paso:<\/p>\n<p>M\u00d3DULO 1 &#8211; COMO GENERAR INGRESOS CON EL NEGOCIO DE LAS AUTOALARMAS<\/p>\n<p>Bienvenida.<br \/>\nJustificaci\u00f3n.<br \/>\nComo puedes ver tu curso.<\/p>\n<p>M\u00d3DULO 2 &#8211; HERRAMIENTAS A UTILIZAR<\/p>\n<p>\u00bfQu\u00e9 herramientas utilizaras?<br \/>\nComo utilizar un probador de luz.<\/p>\n<p>M\u00d3DULO 3 &#8211; QUE INCLUYE UNA ALARMA Y COMO FUNCIONA<\/p>\n<p>\u00bfQu\u00e9 es una alarma?<br \/>\n\u00bfC\u00f3mo funciona una alarma?<br \/>\n\u00bfQu\u00e9 incluye una alarma?<\/p>\n<p>M\u00d3DULO 4 &#8211; PREPARACI\u00d3N DE UNA ALARMA<\/p>\n<p>Identificaci\u00f3n de las l\u00edneas de la alarma.<br \/>\nComo preparar la conexi\u00f3n de la alarma.<br \/>\nComo preparar la conexi\u00f3n del relay de corte de corriente.<br \/>\nJumper que son y como se programan.<\/p>\n<p>M\u00d3DULO 5 &#8211; COMO FUNCIONA EL SISTEMA EL\u00c9CTRICO DE UN VEH\u00cdCULO<\/p>\n<p>Como funciona el sistema el\u00e9ctrico de un veh\u00edculo.<br \/>\nComo funciona la polaridad negativa dentro del veh\u00edculo.<\/p>\n<p>M\u00d3DULO 6 &#8211; INFORMACI\u00d3N IMPORTANTE ANTES DE EMPEZAR<\/p>\n<p>Revisi\u00f3n el\u00e9ctrica previa a la instalaci\u00f3n.<br \/>\nRevisi\u00f3n de partes pl\u00e1stica antes de empezar.<br \/>\nComo retirar los protectores pl\u00e1sticos.<br \/>\nInformaci\u00f3n importante respecto a las bolsas de aire.<\/p>\n<p>M\u00d3DULO 7 &#8211; RASTREO Y UBICACI\u00d3N DE L\u00cdNEAS PARA CONEXI\u00d3N<\/p>\n<p>Explicaci\u00f3n y rastreo o b\u00fasqueda de corriente directa.<br \/>\nExplicaci\u00f3n y rastreo o b\u00fasqueda de corte de corriente efectivo.<br \/>\nExplicaci\u00f3n y rastreo o b\u00fasqueda de luz media (cuartos).<br \/>\nExplicaci\u00f3n y rastreo o b\u00fasqueda de pulsos de cerradura central (abrir y cerrar).<br \/>\nExplicaci\u00f3n y rastreo o b\u00fasqueda de pines de puerta (puntillas de puerta).<br \/>\nProfundizamos el tema respecto a la b\u00fasqueda de pines de puerta.<br \/>\nExplicaci\u00f3n y rastreo o b\u00fasqueda de pin de ba\u00fal (cajuela).<br \/>\nComo instalar correctamente la sirena.<br \/>\nComo instalar correctamente el pin de capo.<\/p>\n<p>M\u00d3DULO 8 &#8211; CONEXIONES DE L\u00cdNEAS A LA ALARMA<\/p>\n<p>Conexi\u00f3n de corriente, luz media y conexi\u00f3n de relay de corte de corriente.<br \/>\nComo realizar la conexi\u00f3n de cerradura central (abrir y cerrar).<br \/>\nConexi\u00f3n de pines de puerta y ba\u00fal.<br \/>\nConexi\u00f3n de tierra (negativo).<br \/>\nComo realizar la conexi\u00f3n de la sirena y pin de cap\u00f3.<\/p>\n<p>M\u00d3DULO 9 &#8211; COMO ASEGURAR LOS COMPONENTES DE LA ALARMA<\/p>\n<p>Como asegurar correctamente la led indicadora de la alarma.<br \/>\nComo graduar y asegurar el sensor de golpe (sensor de impacto).<br \/>\nComo asegurar el cableado y el relay.<br \/>\nProgramaci\u00f3n con jumper antes de conectar.<br \/>\nConexi\u00f3n del m\u00f3dulo de la alarma.<br \/>\nRevisi\u00f3n previa antes de asegurar el m\u00f3dulo.<br \/>\nProceso de encintado y asegurado del m\u00f3dulo de la alarma.<\/p>\n<p>M\u00d3DULO 10 &#8211; TAPIZADO NUEVAMENTE Y TIPS<\/p>\n<p>Como colocar los protectores pl\u00e1sticos nuevamente.<br \/>\nRecomendaciones al terminar.<\/p>\n<p>M\u00d3DULO 11 &#8211; PROGRAMACI\u00d3N DE FUNCIONES Y CONTROLES<\/p>\n<p>Introducci\u00f3n a la programaci\u00f3n de funciones.<br \/>\nExplicaci\u00f3n de las funciones programables y para qu\u00e9 sirven.<br \/>\nComo ingresar a programaci\u00f3n de funciones.<br \/>\nComo programar los controles de una alarma.<\/p>\n<p>M\u00d3DULO 12 &#8211; PROCESO DE ENTREGA<\/p>\n<p>Proceso de entrega y explicaci\u00f3n a cliente final.<\/p>\n<p>M\u00d3DULO 13 &#8211; MATERIAL ADICIONAL BONOS<\/p>\n<p>Diagramas de conexi\u00f3n para realizar una instalaci\u00f3n en 45 min.<br \/>\nSe\u00f1alizaci\u00f3n de partes pl\u00e1sticas para poder usar los diagramas de conexi\u00f3n.<br \/>\nP\u00e1gina de diagramas que utilizan los profesionales.<\/p>\n<p>M\u00d3DULO 14 &#8211; VIDEO RESPUESTAS <\/p>\n<p>\u00bfPara qu\u00e9 sirve un diodo y como se utiliza?<br \/>\n\u00bfPara qu\u00e9 sirve una resistencia y como se utiliza?<\/p>\n<p>M\u00d3DULO 15 &#8211; \u00bfC\u00d3MO OBTENER TU CERTIFICADO?<\/p>\n<p>\u00bfC\u00f3mo obtener tu certificado?<\/p>\n<p>ACERCA DEL PRODUCTOR<\/p>\n<p>Desarrollado por OSVIN HERNANDEZ profesional experto en instalaciones automotrices de alarmas para autom\u00f3viles.<\/p>\n<p>Con m\u00e1s de 10 a\u00f1os de experiencia en la industria ayudando a clientes, emprendedores y entusiastas.<\/p>\n<p>Actualmente cuenta con su empresa propia dedicada a la industria automotriz ha creado esta MasterClass de \u201cEl negocio de las auto alarmas\u201d donde nos da el paso paso a seguir para brind\u00e1rtelo a ti, ya que quieres empezar desde cero o ya tienes un poco de experiencia.<\/p>\n","protected":false},"excerpt":{"rendered":"<p>\u00bfQuieres aprender a generar ingresos con una profesi\u00f3n de alta demanda?<\/p>\n<p>Con el MasterClass EL NEGOCIO DE LAS AUTO ALARMAS, aprender\u00edas toda la teor\u00eda y la pr\u00e1ctica desde cero para convertirte en todo un profesional.<\/p>\n","protected":false},"featured_media":6607,"template":"","meta":{"_joinchat":[]},"product_brand":[],"product_cat":[334,344],"product_tag":[],"class_list":{"0":"post-13317","1":"product","2":"type-product","3":"status-publish","4":"has-post-thumbnail","6":"product_cat-otros","7":"product_cat-todos","9":"first","10":"instock","11":"sale","12":"shipping-taxable","13":"product-type-external"},"_links":{"self":[{"href":"https:\/\/cursos.talentup.cl\/index.php?rest_route=\/wp\/v2\/product\/13317","targetHints":{"allow":["GET"]}}],"collection":[{"href":"https:\/\/cursos.talentup.cl\/index.php?rest_route=\/wp\/v2\/product"}],"about":[{"href":"https:\/\/cursos.talentup.cl\/index.php?rest_route=\/wp\/v2\/types\/product"}],"version-history":[{"count":2,"href":"https:\/\/cursos.talentup.cl\/index.php?rest_route=\/wp\/v2\/product\/13317\/revisions"}],"predecessor-version":[{"id":14948,"href":"https:\/\/cursos.talentup.cl\/index.php?rest_route=\/wp\/v2\/product\/13317\/revisions\/14948"}],"wp:featuredmedia":[{"embeddable":true,"href":"https:\/\/cursos.talentup.cl\/index.php?rest_route=\/wp\/v2\/media\/6607"}],"wp:attachment":[{"href":"https:\/\/cursos.talentup.cl\/index.php?rest_route=%2Fwp%2Fv2%2Fmedia&parent=13317"}],"wp:term":[{"taxonomy":"product_brand","embeddable":true,"href":"https:\/\/cursos.talentup.cl\/index.php?rest_route=%2Fwp%2Fv2%2Fproduct_brand&post=13317"},{"taxonomy":"product_cat","embeddable":true,"href":"https:\/\/cursos.talentup.cl\/index.php?rest_route=%2Fwp%2Fv2%2Fproduct_cat&post=13317"},{"taxonomy":"product_tag","embeddable":true,"href":"https:\/\/cursos.talentup.cl\/index.php?rest_route=%2Fwp%2Fv2%2Fproduct_tag&post=13317"}],"curies":[{"name":"wp","href":"https:\/\/api.w.org\/{rel}","templated":true}]}}