{"id":13320,"date":"2023-01-10T04:42:10","date_gmt":"2023-01-10T07:42:10","guid":{"rendered":"https:\/\/cursos.talentup.cl\/?post_type=product&#038;p=13320"},"modified":"2024-02-07T23:38:42","modified_gmt":"2024-02-08T02:38:42","slug":"geometria-para-la-u","status":"publish","type":"product","link":"https:\/\/cursos.talentup.cl\/?product=geometria-para-la-u","title":{"rendered":"GEOMETR\u00cdA PARA LA U."},"content":{"rendered":"<p>\u00bfSab\u00edas que la mayor\u00eda de postulantes a la universidad, no superan el examen de admisi\u00f3n por culpa de las matem\u00e1ticas?<\/p>\n<p>Con el MasterClass GEOMETR\u00cdA PARA LA U, tendr\u00e1s el conocimiento necesario para sobrellevar los primeros ciclos de la universidad con \u00e9xito.<\/p>\n<p>\u00bfQU\u00c9 VAS A LOGRAR? <\/p>\n<p>Aprender\u00e1s formas de organizarte para estudiar.<\/p>\n<p>Motivaci\u00f3n para estudiar cada tema.<\/p>\n<p>Entender\u00e1s el proceso de aprendizaje.<\/p>\n<p>Comprender\u00e1s las diferentes ramas de la geometr\u00eda y diferenciarlas.<\/p>\n<p>Resolver\u00e1s ejercicios tipo examen de admisi\u00f3n de universidades reconocidas.<\/p>\n<p>Aprender\u00e1s tips para formar un car\u00e1cter autodidacta y dejar de procrastinar el estudio.<\/p>\n<p>Aprender\u00e1s cada tema de Geometr\u00eda de una manera sencilla y puntual.<\/p>\n<p>Conocer\u00e1s libros, canales, p\u00e1ginas y consejos que te ser\u00e1n de ayuda como estudiante.<\/p>\n<p>Al final, tendr\u00e1s la capacidad de resolver los ejercicios de geometr\u00eda y trigonometr\u00eda que encuentres tipo examen de admisi\u00f3n. <\/p>\n<p>Lograr\u00e1s organizar tu tiempo y conocer los secretos de un autodidacta para estudiar cada tema por su cuenta navegando por internet. <\/p>\n<p>Acceder\u00e1s al certificado avalado por Hotmart y Seminarios Online.<\/p>\n<p>\u00bfC\u00d3MO LO VAS A LOGRAR?<\/p>\n<p>Todo lo anterior a trav\u00e9s del siguiente contenido, estructurado paso a paso:<\/p>\n<p>M\u00f3dulo 1. Introducci\u00f3n a geometr\u00eda para la U<\/p>\n<p>Comienza aqu\u00ed.<br \/>\nMetodolog\u00eda del curso.<br \/>\nRecomendaciones.<\/p>\n<p>M\u00f3dulo 2. Logrando el objetivo (teor\u00eda y pr\u00e1ctica)<\/p>\n<p>Segmentos y \u00e1ngulos.<br \/>\nEjercicios de segmentos y \u00e1ngulos.<br \/>\nComplemento y suplemento + ejercicios.<br \/>\nTri\u00e1ngulos y l\u00edneas notables.<br \/>\nEjercicios de tri\u00e1ngulos y l\u00edneas notables.<br \/>\nPuntos notables de un tri\u00e1ngulo.<br \/>\nEjercicios de puntos notables de un tri\u00e1ngulo.<br \/>\nCongruencia de tri\u00e1ngulos y aplicaciones.<br \/>\nEjercicios de congruencia de tri\u00e1ngulos.<br \/>\nSemejanzas y proporcionalidad de tri\u00e1ngulos.<br \/>\nEjercicios de semejanzas y proporcionalidad de tri\u00e1ngulos.<br \/>\nRazones trigonom\u00e9tricas de \u00e1ngulos agudos y tri\u00e1ngulos rect\u00e1ngulos notables.<br \/>\nEjercicios de razones trigonom\u00e9tricas de \u00e1ngulos agudos y tri\u00e1ngulos rect\u00e1ngulos notables.<br \/>\nReducci\u00f3n al primer cuadrante.<br \/>\nEjercicios de reducci\u00f3n al primer cuadrante.<br \/>\nIdentidades trigonom\u00e9tricas fundamentales y arco compuesto.<br \/>\nEjercicios de identidades trigonom\u00e9tricas fundamentales y arco compuesto.<br \/>\nLey de senos y cosenos + ejercicios.<br \/>\nCuadril\u00e1teros.<br \/>\nEjercicios de cuadril\u00e1teros.<br \/>\nCircunferencias.<br \/>\nEjercicios de circunferencias. <\/p>\n<p>M\u00f3dulo 3. Recursos adicionales (Bonos)<\/p>\n<p>Libros y recomendaciones extra.<br \/>\nVideos recomendados.<\/p>\n<p>M\u00f3dulo 4. V\u00eddeo Respuestas a preguntas frecuentes<\/p>\n<p>Respuestas a preguntas frecuentes.<\/p>\n<p>ACERCA DEL PRODUCTOR<\/p>\n<p>Desarrollado por LOAMMI JEZREEL UGAZ, alumno destacado y becado por la Pontificia Universidad Cat\u00f3lica del Per\u00fa, la universidad peruana de mayor renombre.<\/p>\n<p>Actualmente, estudiando la carrera de Ingenier\u00eda de Telecomunicaciones.<\/p>\n<p>Experimentado en dictado de clases orientado a la postulaci\u00f3n universitaria, donde en los \u00faltimos tres a\u00f1os se ha dedicado a la ense\u00f1anza, desarrollando un m\u00e9todo que permite a los estudiantes asimilar el conocimiento en tiempo record. <\/p>\n<p>Se apasion\u00f3 por las matem\u00e1ticas desde muy peque\u00f1o, en c\u00f3mo estas no se equivocan y siempre otorgan el resultado exacto, y se prepar\u00f3 en principio solo con libros hasta ser aceptado en las mejores academias de matem\u00e1ticas. <\/p>\n<p>Ingresando a la universidad a su primer intento y en los primeros puestos, not\u00f3 la necesidad de adaptarse a esta y lo importante de una base s\u00f3lida en matem\u00e1ticas, ya sea en la facultad de ingenier\u00eda o en cualquier otra que involucre geometr\u00eda al m\u00e1s alto nivel.<\/p>\n","protected":false},"excerpt":{"rendered":"<p>\u00bfSab\u00edas que la mayor\u00eda de postulantes a la universidad, no superan el examen de admisi\u00f3n por culpa de las matem\u00e1ticas?<\/p>\n<p>Con el MasterClass GEOMETR\u00cdA PARA LA U, tendr\u00e1s el conocimiento necesario para sobrellevar los primeros ciclos de la universidad con \u00e9xito.<\/p>\n","protected":false},"featured_media":6610,"template":"","meta":{"_joinchat":[]},"product_brand":[],"product_cat":[334,344],"product_tag":[],"class_list":{"0":"post-13320","1":"product","2":"type-product","3":"status-publish","4":"has-post-thumbnail","6":"product_cat-otros","7":"product_cat-todos","9":"first","10":"instock","11":"sale","12":"shipping-taxable","13":"product-type-external"},"_links":{"self":[{"href":"https:\/\/cursos.talentup.cl\/index.php?rest_route=\/wp\/v2\/product\/13320","targetHints":{"allow":["GET"]}}],"collection":[{"href":"https:\/\/cursos.talentup.cl\/index.php?rest_route=\/wp\/v2\/product"}],"about":[{"href":"https:\/\/cursos.talentup.cl\/index.php?rest_route=\/wp\/v2\/types\/product"}],"version-history":[{"count":2,"href":"https:\/\/cursos.talentup.cl\/index.php?rest_route=\/wp\/v2\/product\/13320\/revisions"}],"predecessor-version":[{"id":14951,"href":"https:\/\/cursos.talentup.cl\/index.php?rest_route=\/wp\/v2\/product\/13320\/revisions\/14951"}],"wp:featuredmedia":[{"embeddable":true,"href":"https:\/\/cursos.talentup.cl\/index.php?rest_route=\/wp\/v2\/media\/6610"}],"wp:attachment":[{"href":"https:\/\/cursos.talentup.cl\/index.php?rest_route=%2Fwp%2Fv2%2Fmedia&parent=13320"}],"wp:term":[{"taxonomy":"product_brand","embeddable":true,"href":"https:\/\/cursos.talentup.cl\/index.php?rest_route=%2Fwp%2Fv2%2Fproduct_brand&post=13320"},{"taxonomy":"product_cat","embeddable":true,"href":"https:\/\/cursos.talentup.cl\/index.php?rest_route=%2Fwp%2Fv2%2Fproduct_cat&post=13320"},{"taxonomy":"product_tag","embeddable":true,"href":"https:\/\/cursos.talentup.cl\/index.php?rest_route=%2Fwp%2Fv2%2Fproduct_tag&post=13320"}],"curies":[{"name":"wp","href":"https:\/\/api.w.org\/{rel}","templated":true}]}}