{"id":13324,"date":"2023-01-10T04:42:10","date_gmt":"2023-01-10T07:42:10","guid":{"rendered":"https:\/\/cursos.talentup.cl\/?post_type=product&#038;p=13324"},"modified":"2024-02-07T23:38:42","modified_gmt":"2024-02-08T02:38:42","slug":"mantenimiento-de-maquina-plana-pro","status":"publish","type":"product","link":"https:\/\/cursos.talentup.cl\/?product=mantenimiento-de-maquina-plana-pro","title":{"rendered":"MANTENIMIENTO DE M\u00c1QUINA PLANA PRO"},"content":{"rendered":"<p>\u00bfSab\u00edas que muchas m\u00e1quinas de coser se descomponen por falta de mantenimiento?<\/p>\n<p>Con el masterclass MANTENIMIENTO DE MAQUINA PLANA PRO<br \/>\nPodr\u00e1s aprender a hacer mantenimiento de m\u00e1quinas de coser para que no se detenga tu producci\u00f3n y tu negocio siga creciendo.<\/p>\n<p>\u00bfQU\u00c9 VAS A LOGRAR?<\/p>\n<p>Aprender\u00e1s a hacer mantenimiento de tu m\u00e1quina de coser plana<\/p>\n<p>Tendr\u00e1s acceso permanente y de \u00fanico pago a un entrenamiento grabado en formato de video de Alta Definici\u00f3n (FULL HD), el cual podr\u00e1s ver de manera reiterada.<\/p>\n<p>Afianzaras tus conocimientos y podr\u00e1s ponerlos en pr\u00e1ctica paso a paso. <\/p>\n<p>Tendr\u00e1s acceso permanente y ser\u00e1s notificado v\u00eda correo electr\u00f3nico con cada actualizaci\u00f3n del curso cuando se suba a la plataforma.<\/p>\n<p>Obtendr\u00e1s una conferencia de crecimiento y mentalidad ganadora, dentro del entrenamiento, que te impulsar\u00e1 a tomar acci\u00f3n.<\/p>\n<p>\u00bfC\u00d3MO LO VAS A LOGRAR?<\/p>\n<p>A trav\u00e9s del siguiente contenido, estructurado paso a paso:<\/p>\n<p>M\u00f3dulo 1: BIENVENIDA Y RECOMENDACIONES<\/p>\n<p>Lecci\u00f3n 1: Bienvenida.<br \/>\nLecci\u00f3n 2: Soy Humberto Contreras y est\u00e1 es m\u00ed historia.<br \/>\nLecci\u00f3n 3: Recomendaciones.<br \/>\nLecci\u00f3n 4 :Comunidad.<\/p>\n<p>M\u00f3dulo 2: Conociendo las m\u00e1quinas de coser<\/p>\n<p>Lecci\u00f3n 1: Introducci\u00f3n a las m\u00e1quinas y tipos de m\u00e1quinas de coser.<br \/>\nLecci\u00f3n 2: Materiales y Herramientas.<\/p>\n<p>M\u00f3dulo 3: Partes de una M\u00e1quina Plana y c\u00f3mo enhebrar la correctamente<\/p>\n<p>Lecci\u00f3n 1: Introducci\u00f3n Modulo 3.<br \/>\nLecci\u00f3n 2: Partes de la m\u00e1quina plana, cabezote y sus partes.<br \/>\nLecci\u00f3n 3: Partes del motor y mantenimiento preventivo.<br \/>\nLecci\u00f3n 4: Enhebrado correcto y tipos de agujas.<\/p>\n<p>M\u00f3dulo 4: Calibraci\u00f3n, ajustes y mantenimiento de barra de aguja y lanzadera<\/p>\n<p>Lecci\u00f3n 1: Partes de la barra de aguja y calibraci\u00f3n.<br \/>\nLecci\u00f3n 2: Desmontaje y partes de la Lanzadera o cangrejo.<br \/>\nLecci\u00f3n 3: Mantenimiento correctivo de la lanzadera.<br \/>\nLecci\u00f3n 4: Calibraci\u00f3n y ajustes de la Lanzadera o cangrejo.<\/p>\n<p>M\u00f3dulo 5: Tensor de Hilo y sistema de arrastre<\/p>\n<p>Lecci\u00f3n 1: Partes del tensor, Desarmado, mantenimiento y ajuste del tensor.<br \/>\nLecci\u00f3n 2: Desarmado, partes y calibraci\u00f3n del pie pr\u00e9nsatelas.<br \/>\nLecci\u00f3n 3: Partes de los dientes de arrastre.<br \/>\nLecci\u00f3n 4: Calibraci\u00f3n de altura y centro de dientes, y cambio de dientes.<\/p>\n<p>Modulo 6: Si yo pude, t\u00fa tambi\u00e9n puedes<\/p>\n<p>Lecci\u00f3n 1: Introducci\u00f3n modulo 6.<br \/>\nLecci\u00f3n 2: Establece una meta clara.<br \/>\nLecci\u00f3n 3: Enf\u00f3cate en adquirir conocimiento y ejecutarlo.<br \/>\nLecci\u00f3n 4: La pr\u00e1ctica hace al maestro.<br \/>\nLecci\u00f3n 5: tus primeros clientes.<br \/>\nMotivaci\u00f3n: El recurso m\u00e1s valioso.<\/p>\n<p>M\u00f3dulo 7: Bonus y tips<\/p>\n<p>Lecci\u00f3n 1: Mantenimiento del c\u00e1rter.<br \/>\nLecci\u00f3n 2: Partes de la aguja, elevaci\u00f3n \u00fatil y para qu\u00e9 sirve.<br \/>\nLecci\u00f3n 3: Corregir traslaci\u00f3n de los dientes a trav\u00e9s de la exc\u00e9ntrica.<br \/>\nLecci\u00f3n 4: Gu\u00eda de apoyo en pdf.<\/p>\n<p>M\u00f3dulo 8: M\u00f3dulo abierto de preguntas y respuestas<\/p>\n<p>Lecci\u00f3n 1: Preguntas y respuestas.<br \/>\nLecci\u00f3n 2: Preguntas m\u00e1s frecuentes.<\/p>\n<p>ACERCA DEL PRODUCTOR<\/p>\n<p>Desarrollado por Humberto Contreras, mec\u00e1nico experto en reparaci\u00f3n y mantenimiento de m\u00e1quinas de coser industriales y domesticas &#8211; tales como maquina plana, fileteado, collaretera y de doble aguja- con m\u00e1s de 13 a\u00f1os de experiencia como operario de confecci\u00f3n industrial, cortador industrial, con experiencia en formaci\u00f3n docente de mayores de edad en el sector textil, tanto en confecci\u00f3n como en maquinaria de costura, director acad\u00e9mico de los programas de confecci\u00f3n en el INSES T\u00e1chira, Venezuela, capacitador y entrenador en los Programas acad\u00e9micos de confecci\u00f3n y costura del Rotary Club International de San Crist\u00f3bal, Venezuela. Actualmente, emprendedor de Reparaciones JH, un emprendimiento dedicado a restaurar y reparar m\u00e1quinas de coser industriales y dom\u00e9sticas, en la ciudad de C\u00facuta, con m\u00e1s de 300 clientes fidelizados en toda Colombia. <\/p>\n<p>Podr\u00e1s ir de la mano con un verdadero experto en el \u00e1rea, que estar\u00e1 sirvi\u00e9ndote a trav\u00e9s de este entrenamiento y del que podr\u00e1s sacar el m\u00e1ximo provecho.<\/p>\n","protected":false},"excerpt":{"rendered":"<p>\u00bfSab\u00edas que muchas m\u00e1quinas de coser se descomponen por falta de mantenimiento?<\/p>\n<p>Con el masterclass MANTENIMIENTO DE MAQUINA PLANA PRO<br \/>\nPodr\u00e1s aprender a hacer mantenimiento de m\u00e1quinas de coser para que no se detenga tu producci\u00f3n y tu negocio siga creciendo.<\/p>\n","protected":false},"featured_media":6617,"template":"","meta":{"_joinchat":[]},"product_brand":[],"product_cat":[334,344],"product_tag":[],"class_list":{"0":"post-13324","1":"product","2":"type-product","3":"status-publish","4":"has-post-thumbnail","6":"product_cat-otros","7":"product_cat-todos","9":"first","10":"instock","11":"sale","12":"shipping-taxable","13":"product-type-external"},"_links":{"self":[{"href":"https:\/\/cursos.talentup.cl\/index.php?rest_route=\/wp\/v2\/product\/13324","targetHints":{"allow":["GET"]}}],"collection":[{"href":"https:\/\/cursos.talentup.cl\/index.php?rest_route=\/wp\/v2\/product"}],"about":[{"href":"https:\/\/cursos.talentup.cl\/index.php?rest_route=\/wp\/v2\/types\/product"}],"version-history":[{"count":2,"href":"https:\/\/cursos.talentup.cl\/index.php?rest_route=\/wp\/v2\/product\/13324\/revisions"}],"predecessor-version":[{"id":14958,"href":"https:\/\/cursos.talentup.cl\/index.php?rest_route=\/wp\/v2\/product\/13324\/revisions\/14958"}],"wp:featuredmedia":[{"embeddable":true,"href":"https:\/\/cursos.talentup.cl\/index.php?rest_route=\/wp\/v2\/media\/6617"}],"wp:attachment":[{"href":"https:\/\/cursos.talentup.cl\/index.php?rest_route=%2Fwp%2Fv2%2Fmedia&parent=13324"}],"wp:term":[{"taxonomy":"product_brand","embeddable":true,"href":"https:\/\/cursos.talentup.cl\/index.php?rest_route=%2Fwp%2Fv2%2Fproduct_brand&post=13324"},{"taxonomy":"product_cat","embeddable":true,"href":"https:\/\/cursos.talentup.cl\/index.php?rest_route=%2Fwp%2Fv2%2Fproduct_cat&post=13324"},{"taxonomy":"product_tag","embeddable":true,"href":"https:\/\/cursos.talentup.cl\/index.php?rest_route=%2Fwp%2Fv2%2Fproduct_tag&post=13324"}],"curies":[{"name":"wp","href":"https:\/\/api.w.org\/{rel}","templated":true}]}}