{"id":13327,"date":"2023-01-10T04:42:10","date_gmt":"2023-01-10T07:42:10","guid":{"rendered":"https:\/\/cursos.talentup.cl\/?post_type=product&#038;p=13327"},"modified":"2024-02-07T23:38:42","modified_gmt":"2024-02-08T02:38:42","slug":"video-entrevista-exitosa","status":"publish","type":"product","link":"https:\/\/cursos.talentup.cl\/?product=video-entrevista-exitosa","title":{"rendered":"VIDEO ENTREVISTA EXITOSA"},"content":{"rendered":"<p>Prep\u00e1rate para ser todo un profesional a la hora de presentar tu pr\u00f3xima VIDEOENTREVISTA y convi\u00e9rtete en ese candidato que las empresas desear\u00edan contratar.<\/p>\n<p>Con el MasterClass VIDEO ENTREVISTA EXITOSA, conoce 15 estrategias ganadoras que har\u00e1n de ti el candidato ideal.<\/p>\n<p>Impacta a tu entrevistador para que contin\u00faen contigo en el proceso de selecci\u00f3n.<\/p>\n<p>Conoce las plataformas, la iluminaci\u00f3n adecuada, el lenguaje verbal y corporal, c\u00f3mo hacer un video curriculum, responder a preguntas dif\u00edciles y mucho m\u00e1s.<\/p>\n<p>\u00bfQU\u00c9 VAS A LOGRAR?<\/p>\n<p>Lograr\u00e1s prepararte para que afrontes con \u00e9xito una video entrevista laboral de manera profesional e impactante.<\/p>\n<p>Obtendr\u00e1s conocimiento de las plataformas m\u00e1s comunes que usan los reclutadores y gerentes de contrataci\u00f3n cuando no pueden reunirse f\u00edsicamente en una oficina o lugar de trabajo.<\/p>\n<p>Conocer\u00e1s los preparativos para atender con \u00e9xito la video entrevista.<\/p>\n<p>Aprender\u00e1s a adecuar el sitio desde donde recibir\u00e1s a tu entrevistador virtual.<\/p>\n<p>Aprender\u00e1s conocimiento de la tecnolog\u00eda que debes utilizar para realizar tu video entrevista.<\/p>\n<p>Aprender\u00e1s el manejo de la c\u00e1mara web adecuadamente.<\/p>\n<p>Aprender\u00e1s el manejo del sonido.<\/p>\n<p>Conocer\u00e1s cual es el sitio m\u00e1s adecuado para que ubiques tu computador en una video entrevista.<\/p>\n<p>Conocer\u00e1s la iluminaci\u00f3n adecuada que debe tener tu entorno de trabajo.<\/p>\n<p>Conocer\u00e1s c\u00f3mo visten en la empresa donde vas a ser entrevistado.<\/p>\n<p>Aprender\u00e1s c\u00f3mo debes vestirte para una video entrevista.<\/p>\n<p>Conocer\u00e1s los aspectos relacionados con el contacto visual.<\/p>\n<p>Aprender\u00e1s cu\u00e1l debe ser la actitud frente a tu entrevistador.<\/p>\n<p>Conocer\u00e1s cu\u00e1l es la expresi\u00f3n corporal como aspecto fundamental en la video entrevista.<\/p>\n<p>Podr\u00e1s apreciar c\u00f3mo se hace una video entrevista desde el punto de vista Entrevistador Entrevistado de manera Real y que debes y no debes hacer.<\/p>\n<p>Conocer\u00e1s que es un Video Curriculum 4.0. \u00a1Herramienta esencial para tener tu primer contacto con tu entrevistador antes de tu entrevista cara a cara!<\/p>\n<p>Aprender\u00e1s en 6 Pasos a hacer tu Video Curriculum Ganador, de manera profesional y \u00fanica.<\/p>\n<p>Acceder\u00e1s al certificado avalado por Hotmart y Seminarios Online.<\/p>\n<p>\u00bfC\u00d3MO LO VAS A LOGRAR?<\/p>\n<p>A trav\u00e9s del siguiente contenido estructurado paso a paso:<\/p>\n<p>M\u00d3DULO 1<\/p>\n<p>Video 1\tAcerca del autor.<br \/>\nVideo 2 Introducci\u00f3n porqu\u00e9 prepararte para una video entrevista.<br \/>\nVideo 3 Tipos de entrevistas en l\u00ednea.<\/p>\n<p>M\u00d3DULO 2<\/p>\n<p>Video 4\tEstrategia 1 Preparaci\u00f3n.<br \/>\nVideo 5\tEstrategia 2 V\u00edstete para impresionar.<br \/>\nVideo 6\tEstrategia 3 Investiga como visten los empleados de la empresa.<br \/>\nVideo 7\tEstrategia 4 La tecnolog\u00eda.<br \/>\nVideo 8\tEstrategia 5 Posici\u00f3n correcta de tu computador.<br \/>\nVideo 9\tEstrategia 6 Cuida la calidad del sonido.<br \/>\nVideo 10 Estrategia 7 La c\u00e1mara web.<br \/>\nVideo 11 Estrategia 8 La iluminaci\u00f3n.<br \/>\nVideo 12 Estrategia 9 La ambientaci\u00f3n.<br \/>\nVideo 13 Estrategia 10 Tu actitud vende.<br \/>\nVideo 14 Estrategia 11 Contacto visual.<br \/>\nVideo 15 Estrategia 12 Expresi\u00f3n corporal.<br \/>\nVideo 16 Estrategia 13 Preguntas y respuestas parte 1.<br \/>\nVideo 17 Estrategia 14 Preguntas y respuestas parte 2.<br \/>\nVideo 18 Estrategia 15 Elabora un video curriculum vendedor.<\/p>\n<p>M\u00d3DULO 3<\/p>\n<p>Video 19 Bono 1 Haz tu video curriculum en 6 pasos.<br \/>\nVideo 20 Bono 2 3 Herramientas Online para crear tu video curriculum.<br \/>\nVideo 21 Bono 3 Portales para subir tu video curriculum.<br \/>\nVideo 22 Bono 4 Conoce como se realiza una video entrevista en vivo.<br \/>\nVideo 23 Bono 5 Que no debes hacer en una video entrevista.<br \/>\nVideo 24 Bono 6 Descargables.<\/p>\n<p>ACERCA DEL PRODUCTOR<\/p>\n<p>Desarrollado por LUIS FERNANDO G\u00d3MEZ DE LA VEGA, Administrador de Empresas, oriundo de Medell\u00edn, Colombia. <\/p>\n<p>Docente Universitario en \u00e1reas administrativas y de Gesti\u00f3n Humana, reconocido como DOCENTE DISTINGUIDO por dos reconocidas universidades de Colombia, asesor de empresas y con m\u00e1s de 30 a\u00f1os experiencia en cargos directivos de primer nivel entre las que se encuentran empresas multinacionales del \u00e1rea de Selecci\u00f3n de Personal y de Gesti\u00f3n del Talento Humano como ADECCO, MANPOWER, SERDAN y MISI\u00d3N TEMPORAL, adem\u00e1s de ser Asesor Empresarial en \u00e1reas Gerenciales.<\/p>\n","protected":false},"excerpt":{"rendered":"<p>Prep\u00e1rate para ser todo un profesional a la hora de presentar tu pr\u00f3xima VIDEOENTREVISTA y convi\u00e9rtete en ese candidato que las empresas desear\u00edan contratar.<\/p>\n<p>Con el MasterClass VIDEO ENTREVISTA EXITOSA, conoce 15 estrategias ganadoras que har\u00e1n de ti el candidato ideal.<\/p>\n<p>Impacta a tu entrevistador para que contin\u00faen contigo en el proceso de selecci\u00f3n.<\/p>\n<p>Conoce las plataformas, la iluminaci\u00f3n adecuada, el lenguaje verbal y corporal, c\u00f3mo hacer un video curriculum, responder a preguntas dif\u00edciles y mucho m\u00e1s.<\/p>\n","protected":false},"featured_media":6620,"template":"","meta":{"_joinchat":[]},"product_brand":[],"product_cat":[334,344],"product_tag":[],"class_list":{"0":"post-13327","1":"product","2":"type-product","3":"status-publish","4":"has-post-thumbnail","6":"product_cat-otros","7":"product_cat-todos","9":"first","10":"instock","11":"sale","12":"shipping-taxable","13":"product-type-external"},"_links":{"self":[{"href":"https:\/\/cursos.talentup.cl\/index.php?rest_route=\/wp\/v2\/product\/13327","targetHints":{"allow":["GET"]}}],"collection":[{"href":"https:\/\/cursos.talentup.cl\/index.php?rest_route=\/wp\/v2\/product"}],"about":[{"href":"https:\/\/cursos.talentup.cl\/index.php?rest_route=\/wp\/v2\/types\/product"}],"version-history":[{"count":2,"href":"https:\/\/cursos.talentup.cl\/index.php?rest_route=\/wp\/v2\/product\/13327\/revisions"}],"predecessor-version":[{"id":14961,"href":"https:\/\/cursos.talentup.cl\/index.php?rest_route=\/wp\/v2\/product\/13327\/revisions\/14961"}],"wp:featuredmedia":[{"embeddable":true,"href":"https:\/\/cursos.talentup.cl\/index.php?rest_route=\/wp\/v2\/media\/6620"}],"wp:attachment":[{"href":"https:\/\/cursos.talentup.cl\/index.php?rest_route=%2Fwp%2Fv2%2Fmedia&parent=13327"}],"wp:term":[{"taxonomy":"product_brand","embeddable":true,"href":"https:\/\/cursos.talentup.cl\/index.php?rest_route=%2Fwp%2Fv2%2Fproduct_brand&post=13327"},{"taxonomy":"product_cat","embeddable":true,"href":"https:\/\/cursos.talentup.cl\/index.php?rest_route=%2Fwp%2Fv2%2Fproduct_cat&post=13327"},{"taxonomy":"product_tag","embeddable":true,"href":"https:\/\/cursos.talentup.cl\/index.php?rest_route=%2Fwp%2Fv2%2Fproduct_tag&post=13327"}],"curies":[{"name":"wp","href":"https:\/\/api.w.org\/{rel}","templated":true}]}}