{"id":13361,"date":"2023-01-10T04:42:15","date_gmt":"2023-01-10T07:42:15","guid":{"rendered":"https:\/\/cursos.talentup.cl\/?post_type=product&#038;p=13361"},"modified":"2024-02-07T23:38:43","modified_gmt":"2024-02-08T02:38:43","slug":"diseno-de-interiores","status":"publish","type":"product","link":"https:\/\/cursos.talentup.cl\/?product=diseno-de-interiores","title":{"rendered":"DISE\u00d1O DE INTERIORES"},"content":{"rendered":"<p>El dise\u00f1o interior influye directamente en la atracci\u00f3n de un cliente a un establecimiento comercial! Incluso, hace m\u00e1s feliz tu vida en casa.<\/p>\n<p>Tienes que conocer el MasterClass DISE\u00d1O DE INTERIORES.<\/p>\n<p>Crea ambientes envolventes conectando visualmente a las personas. <\/p>\n<p>Aprende los estilos, los espacios y los dise\u00f1os para que un lugar sea m\u00e1s acogedor, agradable, lujoso o luminoso. <\/p>\n<p>\u00bfQU\u00c9 VAS A LOGRAR?<\/p>\n<p>Identificar la importancia del dise\u00f1o interior.<\/p>\n<p>Reconocer los diferentes estilos interiores para aplicarlos en tu espacio.<\/p>\n<p>Aprender\u00e1s sobre los principales elementos que conforman un interior.<\/p>\n<p>Conocer el uso adecuado del color, su importancia y aplicaci\u00f3n en tu espacio.<\/p>\n<p>Aprender\u00e1s todo sobre los materiales a usar en interiores y principalmente d\u00f3nde aplicarlos.<\/p>\n<p>Identificar ciertas telas y conocer su aplicaci\u00f3n.<\/p>\n<p>Conocer los peque\u00f1os, pero muy importantes detalles a tomar en cuenta para lucir un espectacular interior.<\/p>\n<p>Aprender\u00e1s sobre los tipos de iluminaci\u00f3n y d\u00f3nde aplicarla.<\/p>\n<p>Darle personalidad y estilo a tu interior.<\/p>\n<p>Conocer lo que es una tabla de inspiraci\u00f3n o mood board.<\/p>\n<p>Elaborar una tabla de inspiraci\u00f3n para poner manos a la obra e iniciar tu proyecto interior.<\/p>\n<p>Aprender\u00e1s sobre vegetaci\u00f3n interior y sus cuidados.<\/p>\n<p>Acceder\u00e1s al certificado descargable avalado por Hotmart y Seminarios Online.<\/p>\n<p>\u00bfC\u00d3MO LO VAS A LOGRAR?<\/p>\n<p>En este curso podr\u00e1s aprender, estudiar, repasar una y otra vez lo siguiente:<\/p>\n<p>Contenido Del Programa:<\/p>\n<p>Parte No.1 &#8211; Bienvenidos interioristas.<br \/>\nParte No.2 &#8211; La Importancia del Dise\u00f1o Interior.<br \/>\nParte No.3 \u2013 \u201cEstilos Interiores\u201d, con su respectiva paleta de color y qu\u00e9 distingue cada estilo.<br \/>\nParte No.3.1 &#8211; Estilo Cl\u00e1sico.<br \/>\nParte No.3.2 &#8211; Estilo R\u00fastico.<br \/>\nParte No.3.3 &#8211; Estilo Pop.<br \/>\nParte No.3.4 &#8211; Estilo Vintage.<br \/>\nParte No.3.5 &#8211; Estilo Zen.<br \/>\nParte No.3.6 &#8211; Estilo Contempor\u00e1neo.<br \/>\nParte No.3.7 &#8211; Estilo Minimalista.<br \/>\nParte No.3.8 &#8211; Estilo Industrial.<br \/>\nParte No.3.9 &#8211; Estilo N\u00f3rdico.<br \/>\nParte No.3.10 &#8211; C\u00f3mo llevar el estilo a nuestro espacio.<br \/>\nParte No.4 &#8211; Introducci\u00f3n a los elementos que conforman un interior.<br \/>\nParte No.5 &#8211; C\u00f3mo hacer una buena elecci\u00f3n del \u201ccolor\u201d y su importancia.<br \/>\nParte No.6 &#8211; Tipos de \u201ciluminaci\u00f3n\u201d, su importancia y d\u00f3nde aplicarla.<br \/>\nParte No.7 &#8211; Qu\u00e9 son las \u201ctexturas\u201d, su importancia y c\u00f3mo elegirlas .<br \/>\nParte No.8 &#8211; Definici\u00f3n de la variedad de \u201ctelas y estampados\u201d, y d\u00f3nde aplicarlas.<br \/>\nParte No.9 &#8211; Variedad de \u201cmateriales\u201d a usar en un interior, d\u00f3nde aplicarlos y c\u00f3mo elegirlos.<br \/>\nParte No.10 &#8211; La importancia de las \u201cformas, la escala y la simetr\u00eda\u201d para el dise\u00f1o interior.<br \/>\nParte No.11 &#8211; Peque\u00f1os pero importantes detalles a tomar en cuenta en el interior, la vegetaci\u00f3n, el uso de espejos, divisi\u00f3n y transici\u00f3n de espacios y tips del color.<br \/>\nParte No.12 \u2013 Analizando f\u00edsicamente un interior.<br \/>\nParte No.13 &#8211; Ahora vamos a la pr\u00e1ctica, aplicaci\u00f3n y desarrollo de las lecciones anteriores.<br \/>\nParte No.14 &#8211; Vegetaci\u00f3n en el interior y sus cuidados.<br \/>\nParte No.15 &#8211; Decoraci\u00f3n interior con aromas.<br \/>\nParte No.16 &#8211; C\u00f3mo medir un espacio.<br \/>\nDocumentos descargables.<\/p>\n<p>ACERCA DE LA PRODUCTORA<\/p>\n<p>Desarrollado por DIANA LAURA M\u00c9NDEZ CARVAJAL, dise\u00f1adora y arquitecta de interiores. <\/p>\n<p>Es especialista en el tema para acompa\u00f1arte en el camino al mundo del dise\u00f1o e ir de la mano con tu proyecto.<\/p>\n","protected":false},"excerpt":{"rendered":"<p>El dise\u00f1o interior influye directamente en la atracci\u00f3n de un cliente a un establecimiento comercial! Incluso, hace m\u00e1s feliz tu vida en casa.<\/p>\n<p>Tienes que conocer el MasterClass DISE\u00d1O DE INTERIORES.<\/p>\n<p>Crea ambientes envolventes conectando visualmente a las personas. <\/p>\n<p>Aprende los estilos, los espacios y los dise\u00f1os para que un lugar sea m\u00e1s acogedor, agradable, lujoso o luminoso. <\/p>\n","protected":false},"featured_media":6633,"template":"","meta":{"_joinchat":[]},"product_brand":[],"product_cat":[334,344],"product_tag":[],"class_list":{"0":"post-13361","1":"product","2":"type-product","3":"status-publish","4":"has-post-thumbnail","6":"product_cat-otros","7":"product_cat-todos","9":"first","10":"instock","11":"sale","12":"shipping-taxable","13":"product-type-external"},"_links":{"self":[{"href":"https:\/\/cursos.talentup.cl\/index.php?rest_route=\/wp\/v2\/product\/13361","targetHints":{"allow":["GET"]}}],"collection":[{"href":"https:\/\/cursos.talentup.cl\/index.php?rest_route=\/wp\/v2\/product"}],"about":[{"href":"https:\/\/cursos.talentup.cl\/index.php?rest_route=\/wp\/v2\/types\/product"}],"version-history":[{"count":2,"href":"https:\/\/cursos.talentup.cl\/index.php?rest_route=\/wp\/v2\/product\/13361\/revisions"}],"predecessor-version":[{"id":14972,"href":"https:\/\/cursos.talentup.cl\/index.php?rest_route=\/wp\/v2\/product\/13361\/revisions\/14972"}],"wp:featuredmedia":[{"embeddable":true,"href":"https:\/\/cursos.talentup.cl\/index.php?rest_route=\/wp\/v2\/media\/6633"}],"wp:attachment":[{"href":"https:\/\/cursos.talentup.cl\/index.php?rest_route=%2Fwp%2Fv2%2Fmedia&parent=13361"}],"wp:term":[{"taxonomy":"product_brand","embeddable":true,"href":"https:\/\/cursos.talentup.cl\/index.php?rest_route=%2Fwp%2Fv2%2Fproduct_brand&post=13361"},{"taxonomy":"product_cat","embeddable":true,"href":"https:\/\/cursos.talentup.cl\/index.php?rest_route=%2Fwp%2Fv2%2Fproduct_cat&post=13361"},{"taxonomy":"product_tag","embeddable":true,"href":"https:\/\/cursos.talentup.cl\/index.php?rest_route=%2Fwp%2Fv2%2Fproduct_tag&post=13361"}],"curies":[{"name":"wp","href":"https:\/\/api.w.org\/{rel}","templated":true}]}}