{"id":13362,"date":"2023-01-10T04:42:15","date_gmt":"2023-01-10T07:42:15","guid":{"rendered":"https:\/\/cursos.talentup.cl\/?post_type=product&#038;p=13362"},"modified":"2024-02-07T23:38:43","modified_gmt":"2024-02-08T02:38:43","slug":"nacionalizate-en-usa-preparacion","status":"publish","type":"product","link":"https:\/\/cursos.talentup.cl\/?product=nacionalizate-en-usa-preparacion","title":{"rendered":"NACIONALIZATE EN USA (PREPARACI\u00d3N)"},"content":{"rendered":"<p>Si ya eres residente de los estados unidos de norteam\u00e9rica, tienes que conocer el programa \u201cNACIONAL\u00cdZATE EN USA\u201d.  Donde te preparamos para que apruebes EL EXAMEN PARA LOGRAR LA CIUDADAN\u00cdA a este pa\u00eds de oportunidades.<\/p>\n<p>Aprende c\u00f3mo entrenarte para la entrevista, domina su estructura y gana seguridad en ti mismo. <\/p>\n<p>Conoce las preguntas frecuentes y los requerimientos necesarios para que presentes y apruebes el examen de forma exitosa.<\/p>\n<p>\u00bfQU\u00c9 VAS A LOGRAR?<\/p>\n<p>Aprender\u00e1s qu\u00e9 hacer y qu\u00e9 documentos necesitas antes de presentar el ex\u00e1men.<br \/>\nConocer\u00e1s qu\u00e9 necesitas saber antes de presentar el ex\u00e1men.<br \/>\nSabr\u00e1s que te van a preguntar en la entrevista.<br \/>\nConocer\u00e1s cu\u00e1les son las preguntas frecuentes antes del ex\u00e1men.<br \/>\nAprender\u00e1s las recomendaciones legales y fuentes de informaci\u00f3n.<br \/>\nConocer\u00e1s las preguntas y respuestas del ex\u00e1men.<br \/>\nSabr\u00e1s como te debes preparar y C\u00f3mo te debes vestir para la entrevista.<br \/>\nAprender\u00e1s las metodolog\u00edas de estudio.<br \/>\nAcceder al certificado avalado por Hotmart y Seminarios Online.<\/p>\n<p>\u00bfC\u00d3MO LO VAS A LOGRAR?<\/p>\n<p>A trav\u00e9s de 4 m\u00f3dulos divididos de la siguiente manera:<\/p>\n<p>M\u00f3dulo 1<\/p>\n<p>Bienvenida.<br \/>\nMi experiencia.<br \/>\n\u00bfQu\u00e9 vamos a lograr? y \u00bfC\u00f3mo lo vamos a lograr?.<\/p>\n<p>M\u00f3dulo 2<\/p>\n<p>Lecciones<br \/>\nPrimera lecci\u00f3n &#8211; Qu\u00e9 hacer y qu\u00e9 documentos tramitar y tener antes de presentar el ex\u00e1men.<br \/>\nSegunda lecci\u00f3n &#8211; lo que necesitas saber antes de presentar el ex\u00e1men.<br \/>\nMentalidad.<br \/>\nPresentaci\u00f3n personal.<br \/>\nOrganiza tus documentos.<br \/>\n\u00datiles y herramientas.<br \/>\nCronograma de estudio.<br \/>\nProceso de aprendizaje.<\/p>\n<p>M\u00f3dulo 3<\/p>\n<p>Tercera lecci\u00f3n \u00bfQu\u00e9 te van a preguntar?.<br \/>\nPreguntas tema 1 &#8211; principios de la democracia.<br \/>\nPop quiz 1.<br \/>\nPreguntas tema 2 &#8211; sistema de gobierno.<br \/>\nPop quiz 2.<br \/>\nPreguntas tema 3 &#8211; derechos y responsabilidades.<br \/>\nPop quiz 3.<br \/>\nPreguntas tema 4 &#8211; \u00e9poca colonial e independencia.<br \/>\nPop quiz 4.<br \/>\nPreguntas tema 5 &#8211; los a\u00f1os 1800.<br \/>\nPop quiz 4.<br \/>\nPreguntas tema 6 &#8211; historia estadounidense reciente.<br \/>\nPop quiz 5.<br \/>\nPreguntas tema 7 &#8211; educaci\u00f3n c\u00edvica.<br \/>\nPop quiz 6.<br \/>\nPreguntas recapitulaci\u00f3n.<\/p>\n<p>M\u00f3dulo 4 <\/p>\n<p>Preparaci\u00f3n ex\u00e1men oral, escritura y lectura.<br \/>\nRecomendaciones y tips generales.<br \/>\nCuarta lecci\u00f3n &#8211; preguntas frecuentes.<br \/>\nQuinta lecci\u00f3n &#8211; recomendaciones legales y fuentes de informaci\u00f3n.<br \/>\nActualizaciones.<br \/>\nMensaje final.<\/p>\n<p>ACERCA DEL PRODUCTOR<\/p>\n<p>Desarrollado por, Juan Felipe Gonzalez de 32 a\u00f1os de edad.<br \/>\nExperto en project management en el \u00e1rea de la ingenier\u00eda civil.<br \/>\nlleg\u00f3 como inmigrante desde colombia a los estados unidos en el a\u00f1o 2002 y desde entonces siempre se apasiono por m\u00e9todos de estudios para cumplir sus objetivos. <\/p>\n<p>Es ciudadano de los Estados Unidos desde el 2010 form\u00e1ndose como profesional y obteniendo experiencia y numerosos logros presentando varios ex\u00e1menes estatales y nacionales para obtener licencias de construccion e ingenieria.<br \/>\nCon los m\u00e9todos de estudio implementados en el transcurso de su vida estudiantil y profesional logr\u00f3 aplicar y aprobar la cita y ex\u00e1men que exige inmigraci\u00f3n para convertirse en ciudadano estadounidense.<\/p>\n","protected":false},"excerpt":{"rendered":"<p>Si ya eres residente de los estados unidos de norteam\u00e9rica, tienes que conocer el programa \u201cNACIONAL\u00cdZATE EN USA\u201d.  Donde te preparamos para que apruebes EL EXAMEN PARA LOGRAR LA CIUDADAN\u00cdA a este pa\u00eds de oportunidades.<\/p>\n<p>Aprende c\u00f3mo entrenarte para la entrevista, domina su estructura y gana seguridad en ti mismo. <\/p>\n<p>Conoce las preguntas frecuentes y los requerimientos necesarios para que presentes y apruebes el examen de forma exitosa.<\/p>\n","protected":false},"featured_media":6631,"template":"","meta":{"_joinchat":[]},"product_brand":[],"product_cat":[334,344],"product_tag":[],"class_list":{"0":"post-13362","1":"product","2":"type-product","3":"status-publish","4":"has-post-thumbnail","6":"product_cat-otros","7":"product_cat-todos","9":"first","10":"instock","11":"sale","12":"shipping-taxable","13":"product-type-external"},"_links":{"self":[{"href":"https:\/\/cursos.talentup.cl\/index.php?rest_route=\/wp\/v2\/product\/13362","targetHints":{"allow":["GET"]}}],"collection":[{"href":"https:\/\/cursos.talentup.cl\/index.php?rest_route=\/wp\/v2\/product"}],"about":[{"href":"https:\/\/cursos.talentup.cl\/index.php?rest_route=\/wp\/v2\/types\/product"}],"version-history":[{"count":2,"href":"https:\/\/cursos.talentup.cl\/index.php?rest_route=\/wp\/v2\/product\/13362\/revisions"}],"predecessor-version":[{"id":14973,"href":"https:\/\/cursos.talentup.cl\/index.php?rest_route=\/wp\/v2\/product\/13362\/revisions\/14973"}],"wp:featuredmedia":[{"embeddable":true,"href":"https:\/\/cursos.talentup.cl\/index.php?rest_route=\/wp\/v2\/media\/6631"}],"wp:attachment":[{"href":"https:\/\/cursos.talentup.cl\/index.php?rest_route=%2Fwp%2Fv2%2Fmedia&parent=13362"}],"wp:term":[{"taxonomy":"product_brand","embeddable":true,"href":"https:\/\/cursos.talentup.cl\/index.php?rest_route=%2Fwp%2Fv2%2Fproduct_brand&post=13362"},{"taxonomy":"product_cat","embeddable":true,"href":"https:\/\/cursos.talentup.cl\/index.php?rest_route=%2Fwp%2Fv2%2Fproduct_cat&post=13362"},{"taxonomy":"product_tag","embeddable":true,"href":"https:\/\/cursos.talentup.cl\/index.php?rest_route=%2Fwp%2Fv2%2Fproduct_tag&post=13362"}],"curies":[{"name":"wp","href":"https:\/\/api.w.org\/{rel}","templated":true}]}}