{"id":13410,"date":"2023-01-10T04:42:20","date_gmt":"2023-01-10T07:42:20","guid":{"rendered":"https:\/\/cursos.talentup.cl\/?post_type=product&#038;p=13410"},"modified":"2024-02-07T23:38:45","modified_gmt":"2024-02-08T02:38:45","slug":"defensa-personal-para-mujeres","status":"publish","type":"product","link":"https:\/\/cursos.talentup.cl\/?product=defensa-personal-para-mujeres","title":{"rendered":"DEFENSA PERSONAL PARA MUJERES"},"content":{"rendered":"<p>Muchas mujeres son v\u00edctimas de injusticias en la calle y de agresiones f\u00edsicas con secuelas importantes. En varios pa\u00edses las cifras van en aumento.<br \/>\nCon este MasterClass podr\u00e1s neutralizar cualquier agresor sin importar su tama\u00f1o, peso o fuerza gracias al conocimiento adecuado de una t\u00e9cnica de defensa personal probada por miles de personas en todo el mundo.<\/p>\n<p>Con este curso desarrollar\u00e1s fortalezas, habilidades f\u00edsicas y Mentales que te har\u00e1n sentir MAS SEGURA Y SIN TEMOR. Esto, te dar\u00e1 mayor autoconfianza y control, aprendiendo las t\u00e9cnicas m\u00e1s efectivas de prevenci\u00f3n para que puedas detectar personas y\/o situaciones de peligro. <\/p>\n<p>De esta forma, podr\u00e1s anticiparte a robos, abusos sexuales, atracos, agresiones y en general a eventos potencialmente tr\u00e1gicos, actuando mucho antes que sea demasiado tarde.<\/p>\n<p>\u00bfQU\u00c9 VAS A LOGRAR?<\/p>\n<p>El sentido de la observaci\u00f3n para tener mayor control sobre tu entorno.<\/p>\n<p>Mecanismos de PREVENCI\u00d3N para detectar personas y situaciones sospechosas y as\u00ed poder evitarlas.<\/p>\n<p>Los SECRETOS para mantenerte alejada de situaciones potencialmente violentas en las calles e inclusive, en tu propio c\u00edrculo cercano.<\/p>\n<p>C\u00f3mo reacciona nuestro cerebro ante situaciones de p\u00e1nico y c\u00f3mo hacer para tomar el control de estas emociones, evitando que estas te superen. <\/p>\n<p>Las claves que pocos saben sobre los delincuentes, c\u00f3mo piensan, sienten y act\u00faan y c\u00f3mo usar esta informaci\u00f3n a tu favor para evitar ser una v\u00edctima.<\/p>\n<p>T\u00e9cnicas RESPALDADAS por Psic\u00f3logos y Psiquiatras sobre c\u00f3mo actuar ante la agresi\u00f3n de un delincuente.<\/p>\n<p>Los PUNTOS VULNERABLES del cuerpo humano y c\u00f3mo atacarlos de forma f\u00e1cil y efectiva sin importar su tama\u00f1o, peso o condici\u00f3n f\u00edsica del atacante.<\/p>\n<p>T\u00e9cnicas f\u00e1ciles y sencillas de ejecutar en caso de intento de violaci\u00f3n y c\u00f3mo liberarte de agarres violentos y estrangulamientos.<\/p>\n<p>Acceso a varios Bonus y las actualizaciones de por vida.<\/p>\n<p>\u00bfC\u00d3MO LO VAS A LOGRAR?<\/p>\n<p>Aprender\u00e1s r\u00e1pidamente con una novedosa t\u00e9cnica explicativa que te permitir\u00e1 asimilar y aprender f\u00e1cilmente a trav\u00e9s de 15 lecciones y un Bonus adicional de 2 lecciones especialmente creadas para ti desarrolladas de la siguiente forma:<\/p>\n<p>El mundo de la Defensa Personal&#8230; LA PREVENCI\u00d3N.<\/p>\n<p>Causas por las que muchas mujeres son v\u00edctimas de agresiones y abusos para que la uses a tu favor.<\/p>\n<p>Aprende los SECRETOS de los delincuentes para que siempre lleves la delantera.<\/p>\n<p>FACTOR SORPRESA\u2026\u00dasalo a tu favor.<\/p>\n<p>Puntos VULNERABLES del cuerpo humano, as\u00ed podr\u00e1s neutralizar al AGRESOR.<\/p>\n<p>Aprende las 7 T\u00e9cnicas m\u00e1s EFECTIVAS y LETALES anti violaci\u00f3n en caso que se te presenten las siguientes situaciones.<\/p>\n<p>Y UN BONUS ESPECIAL: 2 lecciones con 4 T\u00e9cnicas muy EFECTIVAS NO LETALES para ser utilizadas en caso que no quieras lesionar de gravedad a la persona que te ataca y los diferentes tipos de agarres.<\/p>\n<p>Por \u00faltimo, tendr\u00e1s acceso a informaci\u00f3n siempre actualizada del programa en videos e ilustraciones con una metodolog\u00eda que te permitir\u00e1 aprender f\u00e1cil y r\u00e1pido desde la comodidad de tu casa o en cualquier otro lugar y en todo momento con acceso de por vida.<\/p>\n<p>ACERCA DEL PRODUCTOR<\/p>\n<p>Desarrollado por DAVID CALDER\u00d3N, Instructor Certificado en Krav Maga; Sistema de Defensa Personal de Origen israel\u00ed. Con 15 a\u00f1os de experiencia en todo lo relacionado con el tema de la seguridad y fundador de la Academia de Defensa Personal SPARTANS KRAV MAGA. <\/p>\n<p>Gran parte de los conceptos te\u00f3ricos plasmados en esta instrucci\u00f3n han sido reforzados con base informaci\u00f3n recopilada de estudios e investigaciones realizadas por expertos en temas de seguridad, Instructores de defensa personal y un gran n\u00famero de Psiquiatras y Psic\u00f3logos a nivel mundial.<\/p>\n<p>Los procesos, procedimientos y t\u00e9cnicas han sido probados y verificados en situaciones de violencia y riesgo real de forma constante hasta la actualidad por fuerzas militares, cuerpos policiales, organismos oficiales de seguridad y privados a nivel mundial, que HAN SALVADO LA VIDA DE MUCHAS PERSONAS en todo el mundo.<\/p>\n","protected":false},"excerpt":{"rendered":"<p>Muchas mujeres son v\u00edctimas de injusticias en la calle y de agresiones f\u00edsicas con secuelas importantes. En varios pa\u00edses las cifras van en aumento.<br \/>\nCon este MasterClass podr\u00e1s neutralizar cualquier agresor sin importar su tama\u00f1o, peso o fuerza gracias al conocimiento adecuado de una t\u00e9cnica de defensa personal probada por miles de personas en todo el mundo.<\/p>\n<p>Con este curso desarrollar\u00e1s fortalezas, habilidades f\u00edsicas y Mentales que te har\u00e1n sentir MAS SEGURA Y SIN TEMOR. Esto, te dar\u00e1 mayor autoconfianza y control, aprendiendo las t\u00e9cnicas m\u00e1s efectivas de prevenci\u00f3n para que puedas detectar personas y\/o situaciones de peligro. <\/p>\n<p>De esta forma, podr\u00e1s anticiparte a robos, abusos sexuales, atracos, agresiones y en general a eventos potencialmente tr\u00e1gicos, actuando mucho antes que sea demasiado tarde.<\/p>\n","protected":false},"featured_media":6656,"template":"","meta":{"_joinchat":[]},"product_brand":[],"product_cat":[334,344],"product_tag":[],"class_list":{"0":"post-13410","1":"product","2":"type-product","3":"status-publish","4":"has-post-thumbnail","6":"product_cat-otros","7":"product_cat-todos","9":"first","10":"instock","11":"sale","12":"shipping-taxable","13":"product-type-external"},"_links":{"self":[{"href":"https:\/\/cursos.talentup.cl\/index.php?rest_route=\/wp\/v2\/product\/13410","targetHints":{"allow":["GET"]}}],"collection":[{"href":"https:\/\/cursos.talentup.cl\/index.php?rest_route=\/wp\/v2\/product"}],"about":[{"href":"https:\/\/cursos.talentup.cl\/index.php?rest_route=\/wp\/v2\/types\/product"}],"version-history":[{"count":2,"href":"https:\/\/cursos.talentup.cl\/index.php?rest_route=\/wp\/v2\/product\/13410\/revisions"}],"predecessor-version":[{"id":14995,"href":"https:\/\/cursos.talentup.cl\/index.php?rest_route=\/wp\/v2\/product\/13410\/revisions\/14995"}],"wp:featuredmedia":[{"embeddable":true,"href":"https:\/\/cursos.talentup.cl\/index.php?rest_route=\/wp\/v2\/media\/6656"}],"wp:attachment":[{"href":"https:\/\/cursos.talentup.cl\/index.php?rest_route=%2Fwp%2Fv2%2Fmedia&parent=13410"}],"wp:term":[{"taxonomy":"product_brand","embeddable":true,"href":"https:\/\/cursos.talentup.cl\/index.php?rest_route=%2Fwp%2Fv2%2Fproduct_brand&post=13410"},{"taxonomy":"product_cat","embeddable":true,"href":"https:\/\/cursos.talentup.cl\/index.php?rest_route=%2Fwp%2Fv2%2Fproduct_cat&post=13410"},{"taxonomy":"product_tag","embeddable":true,"href":"https:\/\/cursos.talentup.cl\/index.php?rest_route=%2Fwp%2Fv2%2Fproduct_tag&post=13410"}],"curies":[{"name":"wp","href":"https:\/\/api.w.org\/{rel}","templated":true}]}}