{"id":13415,"date":"2023-01-10T04:42:20","date_gmt":"2023-01-10T07:42:20","guid":{"rendered":"https:\/\/cursos.talentup.cl\/?post_type=product&#038;p=13415"},"modified":"2024-02-07T23:38:45","modified_gmt":"2024-02-08T02:38:45","slug":"photoshop-para-facebook-ads","status":"publish","type":"product","link":"https:\/\/cursos.talentup.cl\/?product=photoshop-para-facebook-ads","title":{"rendered":"PHOTOSHOP PARA FACEBOOK ADS"},"content":{"rendered":"<p>\u00bfQU\u00c9 VAS A LOGRAR?<\/p>\n<p>\u00bfSeg\u00fan datos cient\u00edficos el 90% de la informaci\u00f3n transmitida al cerebro es visual, donde las im\u00e1genes tienen un tiempo de respuesta de un 40% m\u00e1s que otros est\u00edmulos. De esta forma, \u201cUna imagen vale m\u00e1s que mil palabras\u201d como lo afirma un antiguo adagio chino.<\/p>\n<p>Una buena imagen en el mundo digital puede generar mucha interacci\u00f3n y exposici\u00f3n si est\u00e1 bien producida y responde a una necesidad. De esta forma, puede llegar a viralizarse con facilidad.<\/p>\n<p>En Facebook, se observa que una publicaci\u00f3n aumenta hasta un 180% con una buena imagen y las fotos reciben el doble de \u201clikes\u201d que el texto.<\/p>\n<p>Con este curso aprender\u00e1s:<\/p>\n<p>C\u00f3mo desarrollar una imagen de manera \u00f3ptima calidad usando Photoshop.<br \/>\nC\u00f3mo mejorar tus publicaciones con un buen desarrollo fotogr\u00e1fico de manera pr\u00e1ctica.<br \/>\nC\u00f3mo plasmar todas las ideas y convertirlas en tarjetas, anuncios, estrategias y conversiones.<br \/>\nC\u00f3mo desarrollar piezas para crear anuncios ganadores en tus campa\u00f1as de Facebook.<br \/>\nC\u00f3mo desarrollar estrategias para que estas im\u00e1genes sean atractivas para el ojo humano.<br \/>\nExpandir nuestras posibilidades creativas para mejorar el valor percibido de nuestra marca.<\/p>\n<p>Desarrollado por JULI\u00c1N RIVAS, Dise\u00f1ador gr\u00e1fico y experto en Facebook quien con un estilo pr\u00e1ctico y efectivo te ense\u00f1a paso a paso como mejorar tus estrategias; haciendo uso efectivo de la valiosa herramienta de PHOTOSHOP PARA FACEBOOK ADS.<\/p>\n<p>\u00bfC\u00d3MO LO VAS A LOGRAR?<\/p>\n<p>Este MasterClass te provee Informaci\u00f3n para potenciar y desarrollar im\u00e1genes que se queden en la memoria de nuestros clientes, a trav\u00e9s de los siguientes m\u00f3dulos:<\/p>\n<p>Introducci\u00f3n al Photoshop para desarrollar im\u00e1genes impactantes.<br \/>\nConocimientos b\u00e1sicos de Photoshop que te facilitan la vida mientras ahorras dinero en dise\u00f1adores.<br \/>\nEstrategias y estructura de una imagen para que quede en la memoria de las personas.<br \/>\nEfecto ne\u00f3n para crear anuncios luminosos y sensaciones \u00fanicas que son tendencia.<br \/>\nCreando nuestra propia publicidad a partir de plantillas para campa\u00f1as perfectas en FB.<\/p>\n","protected":false},"excerpt":{"rendered":"<p>\u00bfQU\u00c9 VAS A LOGRAR?<\/p>\n<p>\u00bfSeg\u00fan datos cient\u00edficos el 90% de la informaci\u00f3n transmitida al cerebro es visual, donde las im\u00e1genes tienen un tiempo de respuesta de un 40% m\u00e1s que otros est\u00edmulos. De esta forma, \u201cUna imagen vale m\u00e1s que mil palabras\u201d como lo afirma un antiguo adagio chino.<\/p>\n<p>Una buena imagen en el mundo digital puede generar mucha interacci\u00f3n y exposici\u00f3n si est\u00e1 bien producida y responde a una necesidad. De esta forma, puede llegar a viralizarse con facilidad.<\/p>\n<p>En Facebook, se observa que una publicaci\u00f3n aumenta hasta un 180% con una buena imagen y las fotos reciben el doble de \u201clikes\u201d que el texto.<\/p>\n<p>Con este curso aprender\u00e1s:<\/p>\n<p>C\u00f3mo desarrollar una imagen de manera \u00f3ptima calidad usando Photoshop.<br \/>\nC\u00f3mo mejorar tus publicaciones con un buen desarrollo fotogr\u00e1fico de manera pr\u00e1ctica.<br \/>\nC\u00f3mo plasmar todas las ideas y convertirlas en tarjetas, anuncios, estrategias y conversiones.<br \/>\nC\u00f3mo desarrollar piezas para crear anuncios ganadores en tus campa\u00f1as de Facebook.<br \/>\nC\u00f3mo desarrollar estrategias para que estas im\u00e1genes sean atractivas para el ojo humano.<br \/>\nExpandir nuestras posibilidades creativas para mejorar el valor percibido de nuestra marca.<\/p>\n<p>Desarrollado por JULI\u00c1N RIVAS, Dise\u00f1ador gr\u00e1fico y experto en Facebook quien con un estilo pr\u00e1ctico y efectivo te ense\u00f1a paso a paso como mejorar tus estrategias; haciendo uso efectivo de la valiosa herramienta de PHOTOSHOP PARA FACEBOOK ADS.<\/p>\n","protected":false},"featured_media":6661,"template":"","meta":{"_joinchat":[]},"product_brand":[],"product_cat":[334,344],"product_tag":[],"class_list":{"0":"post-13415","1":"product","2":"type-product","3":"status-publish","4":"has-post-thumbnail","6":"product_cat-otros","7":"product_cat-todos","9":"first","10":"instock","11":"sale","12":"shipping-taxable","13":"product-type-external"},"_links":{"self":[{"href":"https:\/\/cursos.talentup.cl\/index.php?rest_route=\/wp\/v2\/product\/13415","targetHints":{"allow":["GET"]}}],"collection":[{"href":"https:\/\/cursos.talentup.cl\/index.php?rest_route=\/wp\/v2\/product"}],"about":[{"href":"https:\/\/cursos.talentup.cl\/index.php?rest_route=\/wp\/v2\/types\/product"}],"version-history":[{"count":2,"href":"https:\/\/cursos.talentup.cl\/index.php?rest_route=\/wp\/v2\/product\/13415\/revisions"}],"predecessor-version":[{"id":15000,"href":"https:\/\/cursos.talentup.cl\/index.php?rest_route=\/wp\/v2\/product\/13415\/revisions\/15000"}],"wp:featuredmedia":[{"embeddable":true,"href":"https:\/\/cursos.talentup.cl\/index.php?rest_route=\/wp\/v2\/media\/6661"}],"wp:attachment":[{"href":"https:\/\/cursos.talentup.cl\/index.php?rest_route=%2Fwp%2Fv2%2Fmedia&parent=13415"}],"wp:term":[{"taxonomy":"product_brand","embeddable":true,"href":"https:\/\/cursos.talentup.cl\/index.php?rest_route=%2Fwp%2Fv2%2Fproduct_brand&post=13415"},{"taxonomy":"product_cat","embeddable":true,"href":"https:\/\/cursos.talentup.cl\/index.php?rest_route=%2Fwp%2Fv2%2Fproduct_cat&post=13415"},{"taxonomy":"product_tag","embeddable":true,"href":"https:\/\/cursos.talentup.cl\/index.php?rest_route=%2Fwp%2Fv2%2Fproduct_tag&post=13415"}],"curies":[{"name":"wp","href":"https:\/\/api.w.org\/{rel}","templated":true}]}}