{"id":13416,"date":"2023-01-10T04:42:20","date_gmt":"2023-01-10T07:42:20","guid":{"rendered":"https:\/\/cursos.talentup.cl\/?post_type=product&#038;p=13416"},"modified":"2024-02-07T23:38:46","modified_gmt":"2024-02-08T02:38:46","slug":"ensamble-de-computadores","status":"publish","type":"product","link":"https:\/\/cursos.talentup.cl\/?product=ensamble-de-computadores","title":{"rendered":"ENSAMBLE DE COMPUTADORES"},"content":{"rendered":"<p>\u00bfQu\u00e9 vas a lograr?<\/p>\n<p>La mayor\u00eda de las personas tienen y usan PC\u2019s de Mesa en su d\u00eda a d\u00eda, ya sea en su casa en su oficina o lugar de trabajo, de hecho, puede llegar a ser su principal herramienta de trabajo, PERO no conocen los componentes de su PC, no tienen claro c\u00f3mo funcionan y mucho menos c\u00f3mo se instalan si se debe reemplazar, por esto mismo cuando desean actualizar su equipo, regalan su dinero comprando computadores con precios muy elevados para lo que ofrecen.<\/p>\n<p>Si t\u00fa eres uno de ellos, puedes desarrollar la habilidad para \u201cEnsamblar PC\u2019s de escritorio\u201d a trav\u00e9s de un programa comprobado donde aprender\u00e1s:<\/p>\n<p>Armar tu PC de escritorio desde cero sin muchos conocimientos del tema<br \/>\nConocer a fondo cada componente de un PC<br \/>\nArmar tu PC de Mesa con componentes ajustados a tu necesidad, ya sea para un uso b\u00e1sico como multimedia y ofim\u00e1tica, un uso dedicado a juegos (mundo gamer) y\/o para un uso profesional creativo como renderizados, dise\u00f1o 3d, edici\u00f3n de v\u00eddeo o fotograf\u00eda, animaci\u00f3n 3d, etc\u2026<br \/>\nReemplazar en cualquier momento alg\u00fan componente defectuoso del PC y as\u00ed ahorrar dinero al evitar tener que llevarlo al servicio t\u00e9cnico que por lo general es costoso.<br \/>\nActualizar tu PC de Mesa en cualquier momento con componentes m\u00e1s modernos y potentes.<br \/>\nUtilizar el conocimiento aprendido en el curso para que empieces tu negocio de ensamblaje de PC\u00b4s de mesa.<\/p>\n<p>Desarrollado por SEBASTI\u00c1N GAMBOA, Ingeniero industrial de profesi\u00f3n amante del mundo de la tecnolog\u00eda e inform\u00e1tica, lleva m\u00e1s de 8 a\u00f1os aprendiendo y conociendo el mundo del Hardware y Tecnolog\u00eda en especial el ensamblaje de computadoras de escritorio ha realizado diferentes ensambles personalizados para todo tipo de clientes y necesidades.<\/p>\n<p>\u00bfC\u00f3mo lo vas a lograr?<\/p>\n<p>A trav\u00e9s de un programa completo en alta calidad de v\u00eddeo y audio con 3 m\u00f3dulos muy potentes con un contenido te\u00f3rico-pr\u00e1ctico moderno y muy gr\u00e1fico que har\u00e1n que tu proceso de aprendizaje sea m\u00e1s f\u00e1cil, amigable y divertido. <\/p>\n<p>M\u00f3dulo 1  <\/p>\n<p>\u00bfQu\u00e9 es un computador?<br \/>\n\u00bfCu\u00e1l es la diferencia entre una laptop y un Pc de mesa?<br \/>\n\u00bfQu\u00e9 es un PC de mesa (Sistema completo con perif\u00e9ricos) y qu\u00e9 es una TORRE?<br \/>\nPc prefabricado vs TORRE armada<br \/>\nPresentaci\u00f3n r\u00e1pida de componentes b\u00e1sicos de un PC de mesa<\/p>\n<p>M\u00f3dulo 2<br \/>\nQu\u00e9 es, c\u00f3mo funciona, tipos, tama\u00f1os, marcas, consejos y mucho m\u00e1s de cada uno de estos componentes:<\/p>\n<p>Procesador (CPU)<br \/>\nPlaca Madre (Motherboard)<br \/>\nMemoria RAM<br \/>\nTarjeta de Video (GPU)<br \/>\nUnidad de almacenamiento (HDD, SSD standard, SSD M.2 Sata y SSD M.2 Nvme)<br \/>\nFuente de poder (PSU)<br \/>\nSistema de refrigeraci\u00f3n<br \/>\nGabinete (Case)<\/p>\n<p>M\u00f3dulo 3<br \/>\nPaso a paso del ensamblaje del PC donde se muestra: <\/p>\n<p>Herramientas para utilizar en el ensamblaje<br \/>\nDesempaquetado r\u00e1pido de algunos componentes<br \/>\nTorniller\u00eda utilizada en el proceso<br \/>\nIdentificaci\u00f3n de los diferentes puertos y conexiones<br \/>\nMontaje completo de procesador y disipador t\u00e9rmico<br \/>\nInstalaci\u00f3n correcta de M\u00f3dulos de memoria RAM, tarjeta de v\u00eddeo y HDD o SSD<br \/>\nInstalaci\u00f3n correcta de los fans o ventiladores del gabinete<br \/>\nGesti\u00f3n de cables y mucho m\u00e1s<\/p>\n","protected":false},"excerpt":{"rendered":"<p>\u00bfQu\u00e9 vas a lograr?<\/p>\n<p>La mayor\u00eda de las personas tienen y usan PC\u2019s de Mesa en su d\u00eda a d\u00eda, ya sea en su casa en su oficina o lugar de trabajo, de hecho, puede llegar a ser su principal herramienta de trabajo, PERO no conocen los componentes de su PC, no tienen claro c\u00f3mo funcionan y mucho menos c\u00f3mo se instalan si se debe reemplazar, por esto mismo cuando desean actualizar su equipo, regalan su dinero comprando computadores con precios muy elevados para lo que ofrecen.<\/p>\n<p>Si t\u00fa eres uno de ellos, puedes desarrollar la habilidad para \u201cEnsamblar PC\u2019s de escritorio\u201d a trav\u00e9s de un programa comprobado donde aprender\u00e1s:<\/p>\n<p>Armar tu PC de escritorio desde cero sin muchos conocimientos del tema<br \/>\nConocer a fondo cada componente de un PC<br \/>\nArmar tu PC de Mesa con componentes ajustados a tu necesidad, ya sea para un uso b\u00e1sico como multimedia y ofim\u00e1tica, un uso dedicado a juegos (mundo gamer) y\/o para un uso profesional creativo como renderizados, dise\u00f1o 3d, edici\u00f3n de v\u00eddeo o fotograf\u00eda, animaci\u00f3n 3d, etc\u2026<br \/>\nReemplazar en cualquier momento alg\u00fan componente defectuoso del PC y as\u00ed ahorrar dinero al evitar tener que llevarlo al servicio t\u00e9cnico que por lo general es costoso.<br \/>\nActualizar tu PC de Mesa en cualquier momento con componentes m\u00e1s modernos y potentes.<br \/>\nUtilizar el conocimiento aprendido en el curso para que empieces tu negocio de ensamblaje de PC\u00b4s de mesa.<\/p>\n<p>Desarrollado por SEBASTI\u00c1N GAMBOA, Ingeniero industrial de profesi\u00f3n amante del mundo de la tecnolog\u00eda e inform\u00e1tica, lleva m\u00e1s de 8 a\u00f1os aprendiendo y conociendo el mundo del Hardware y Tecnolog\u00eda en especial el ensamblaje de computadoras de escritorio ha realizado diferentes ensambles personalizados para todo tipo de clientes y necesidades.<\/p>\n","protected":false},"featured_media":6662,"template":"","meta":{"_joinchat":[]},"product_brand":[],"product_cat":[334,344],"product_tag":[],"class_list":{"0":"post-13416","1":"product","2":"type-product","3":"status-publish","4":"has-post-thumbnail","6":"product_cat-otros","7":"product_cat-todos","9":"first","10":"instock","11":"sale","12":"shipping-taxable","13":"product-type-external"},"_links":{"self":[{"href":"https:\/\/cursos.talentup.cl\/index.php?rest_route=\/wp\/v2\/product\/13416","targetHints":{"allow":["GET"]}}],"collection":[{"href":"https:\/\/cursos.talentup.cl\/index.php?rest_route=\/wp\/v2\/product"}],"about":[{"href":"https:\/\/cursos.talentup.cl\/index.php?rest_route=\/wp\/v2\/types\/product"}],"version-history":[{"count":2,"href":"https:\/\/cursos.talentup.cl\/index.php?rest_route=\/wp\/v2\/product\/13416\/revisions"}],"predecessor-version":[{"id":15001,"href":"https:\/\/cursos.talentup.cl\/index.php?rest_route=\/wp\/v2\/product\/13416\/revisions\/15001"}],"wp:featuredmedia":[{"embeddable":true,"href":"https:\/\/cursos.talentup.cl\/index.php?rest_route=\/wp\/v2\/media\/6662"}],"wp:attachment":[{"href":"https:\/\/cursos.talentup.cl\/index.php?rest_route=%2Fwp%2Fv2%2Fmedia&parent=13416"}],"wp:term":[{"taxonomy":"product_brand","embeddable":true,"href":"https:\/\/cursos.talentup.cl\/index.php?rest_route=%2Fwp%2Fv2%2Fproduct_brand&post=13416"},{"taxonomy":"product_cat","embeddable":true,"href":"https:\/\/cursos.talentup.cl\/index.php?rest_route=%2Fwp%2Fv2%2Fproduct_cat&post=13416"},{"taxonomy":"product_tag","embeddable":true,"href":"https:\/\/cursos.talentup.cl\/index.php?rest_route=%2Fwp%2Fv2%2Fproduct_tag&post=13416"}],"curies":[{"name":"wp","href":"https:\/\/api.w.org\/{rel}","templated":true}]}}