{"id":13487,"date":"2023-01-10T04:42:27","date_gmt":"2023-01-10T07:42:27","guid":{"rendered":"https:\/\/cursos.talentup.cl\/?post_type=product&#038;p=13487"},"modified":"2024-02-07T23:38:50","modified_gmt":"2024-02-08T02:38:50","slug":"ortomolecular-para-el-sistema-inmune","status":"publish","type":"product","link":"https:\/\/cursos.talentup.cl\/?product=ortomolecular-para-el-sistema-inmune","title":{"rendered":"ORTOMOLECULAR PARA EL SISTEMA INMUNE"},"content":{"rendered":"<p>\u00bfSab\u00edas que el 85% de las enfermedades graves en tus pacientes se derivan de la desnutrici\u00f3n?<\/p>\n<p>Con el MasterClass ORTOMOLECULAR PARA EL SISTEMA INMUNE, obtendr\u00e1s los conocimientos y la aplicaci\u00f3n pr\u00e1ctica de la terapia para hacerlo de manera responsable, sin rodeos y 100% profesional.<\/p>\n<p>\u00bfQU\u00c9 VAS A LOGRAR?<\/p>\n<p>Tendr\u00e1s los recursos necesarios para la aplicaci\u00f3n de la Terapia Ortomolecular.<\/p>\n<p>Obtendr\u00e1s los conocimientos y la aplicaci\u00f3n pr\u00e1ctica de la Terapia Ortomolecular para hacerlo de manera responsable, sin rodeos y 100% profesional.<\/p>\n<p>Acceder\u00e1s al certificado avalado por Hotmart y Seminarios Online.<\/p>\n<p>\u00bfC\u00d3MO LO VAS A LOGRAR?<\/p>\n<p>A trav\u00e9s del siguiente contenido, estructurado paso a paso:<\/p>\n<p>M\u00d3DULO 1 &#8211; LOS ALCANCES DE ORTOMOLECULAR<\/p>\n<p>C\u00f3mo nace esta ciencia, descubre sus inicios.<br \/>\nLa realidad de la salud actual.<br \/>\nPor qu\u00e9 existe el d\u00e9ficit de nutrientes en tus pacientes.<br \/>\nComparativo de Dosis FDA y Dosis Ortomolecular.<br \/>\n\u00bfQu\u00e9 hace la Nutrici\u00f3n Ortomolecular?<br \/>\nLos primeros investigadores.<br \/>\nQu\u00e9 aporte Ortomolecular al mundo y tus pacientes.<br \/>\nAs\u00ed act\u00faa en la c\u00e9lula.<\/p>\n<p>M\u00d3DULO 2 &#8211; APLICACION PRACTICA<\/p>\n<p>Aplicando el Zinc.<br \/>\nAplicando la C y la D3.<br \/>\nAplicando la C No \u00e1cida.<br \/>\nAplicando la C con Bioflavonoides.<br \/>\nAplicando la C Endovenosa.<br \/>\nEl uso de la C Endovenosa, los alcances.<br \/>\nProtocolos y c\u00f3mo funciona la C Endovenosa.<br \/>\nComo se aplica la C Endovenosa.<br \/>\nAplicando el Resveratrol.<br \/>\nAplicando la Astaxantina.<br \/>\nAplicando los Lactobacillus Acidophilus.<br \/>\nAplicando la Vitamina E natural.<\/p>\n<p>M\u00d3DULO 3 &#8211; MATERIAL ADICIONAL (BONOS)<\/p>\n<p>Bono 1: Podcast &#8211; Alimentaci\u00f3n vegana y como elevar el Sistema Inmune parte 1.<br \/>\nBono 2: Podcast &#8211; Alimentaci\u00f3n vegana y como elevar el Sistema Inmune parte 2.<br \/>\nBono 3: Vitamina C Sobrenatural 1.<br \/>\nBono 4: Vitamina C Sobrenatural 2.<br \/>\nBono 5: Tratamiento Asma.<br \/>\nBono 6: Tratamiento Fibrosis pulmonar.<br \/>\nBono 7: Tratamiento Sistema Inmunol\u00f3gico.<br \/>\nBono 8: Tratamiento Herpes.<\/p>\n<p>M\u00d3DULO 4 &#8211; VIDEO RESPUESTAS<\/p>\n<p>\u00bfCada cu\u00e1ndo se puede aplicar la C endovenosa?<br \/>\n\u00bfSe puede usar para el antienvejecimiento?<\/p>\n<p>M\u00d3DULO 5 &#8211; \u00bfCOMO DESCARGAR TU DIPLOMA?<\/p>\n<p>\u00bfC\u00f3mo descargar tu diploma?<\/p>\n<p>ACERCA DEL PRODUCTOR<\/p>\n<p>Desarrollado por ISAAC BRAVO profesional, experto certificado en Nutrici\u00f3n Ortomolecular por el ISOM y la secretaria del trabajo. Cuenta con 10 a\u00f1os investigando sobre salud complementaria, nuevos nutrientes y formas de llevar este conocimiento a todo el mundo.<\/p>\n<p>Investigador en nuevas terapias, que transforman la salud de sus pacientes.<\/p>\n<p>Capacitador y asesor en nutrici\u00f3n Ortomolecular.<\/p>\n<p>Actualmente, cuenta con una empresa de Nutrici\u00f3n Ortomolecular, donde es asesor, dicta diplomados y aplica la terapia con \u00e9xito.<\/p>\n<p>Con el tiempo ha visto, como sus pacientes mejoran en padecimientos cr\u00f3nicos, con las combinaciones de nutrientes correctas obteniendo una inmejorable calidad de vida.<\/p>\n","protected":false},"excerpt":{"rendered":"<p>\u00bfSab\u00edas que el 85% de las enfermedades graves en tus pacientes se derivan de la desnutrici\u00f3n?<\/p>\n<p>Con el MasterClass ORTOMOLECULAR PARA EL SISTEMA INMUNE, obtendr\u00e1s los conocimientos y la aplicaci\u00f3n pr\u00e1ctica de la terapia para hacerlo de manera responsable, sin rodeos y 100% profesional.<\/p>\n","protected":false},"featured_media":5137,"template":"","meta":{"_joinchat":[]},"product_brand":[],"product_cat":[337,344],"product_tag":[],"class_list":{"0":"post-13487","1":"product","2":"type-product","3":"status-publish","4":"has-post-thumbnail","6":"product_cat-salud-y-deportes","7":"product_cat-todos","9":"first","10":"instock","11":"sale","12":"shipping-taxable","13":"product-type-external"},"_links":{"self":[{"href":"https:\/\/cursos.talentup.cl\/index.php?rest_route=\/wp\/v2\/product\/13487","targetHints":{"allow":["GET"]}}],"collection":[{"href":"https:\/\/cursos.talentup.cl\/index.php?rest_route=\/wp\/v2\/product"}],"about":[{"href":"https:\/\/cursos.talentup.cl\/index.php?rest_route=\/wp\/v2\/types\/product"}],"version-history":[{"count":2,"href":"https:\/\/cursos.talentup.cl\/index.php?rest_route=\/wp\/v2\/product\/13487\/revisions"}],"predecessor-version":[{"id":15043,"href":"https:\/\/cursos.talentup.cl\/index.php?rest_route=\/wp\/v2\/product\/13487\/revisions\/15043"}],"wp:featuredmedia":[{"embeddable":true,"href":"https:\/\/cursos.talentup.cl\/index.php?rest_route=\/wp\/v2\/media\/5137"}],"wp:attachment":[{"href":"https:\/\/cursos.talentup.cl\/index.php?rest_route=%2Fwp%2Fv2%2Fmedia&parent=13487"}],"wp:term":[{"taxonomy":"product_brand","embeddable":true,"href":"https:\/\/cursos.talentup.cl\/index.php?rest_route=%2Fwp%2Fv2%2Fproduct_brand&post=13487"},{"taxonomy":"product_cat","embeddable":true,"href":"https:\/\/cursos.talentup.cl\/index.php?rest_route=%2Fwp%2Fv2%2Fproduct_cat&post=13487"},{"taxonomy":"product_tag","embeddable":true,"href":"https:\/\/cursos.talentup.cl\/index.php?rest_route=%2Fwp%2Fv2%2Fproduct_tag&post=13487"}],"curies":[{"name":"wp","href":"https:\/\/api.w.org\/{rel}","templated":true}]}}