{"id":13520,"date":"2023-01-10T04:42:31","date_gmt":"2023-01-10T07:42:31","guid":{"rendered":"https:\/\/cursos.talentup.cl\/?post_type=product&#038;p=13520"},"modified":"2024-02-07T23:38:50","modified_gmt":"2024-02-08T02:38:50","slug":"pierde-peso-en-21-dias-con-alimentacion-keto-para-mujeres","status":"publish","type":"product","link":"https:\/\/cursos.talentup.cl\/?product=pierde-peso-en-21-dias-con-alimentacion-keto-para-mujeres","title":{"rendered":"PIERDE PESO EN 21 D\u00cdAS CON ALIMENTACI\u00d3N KETO PARA MUJERES"},"content":{"rendered":"<p>\u00bfEst\u00e1s cansada que las dietas no te den resultados que perduren en el tiempo?<\/p>\n<p>Con el MasterClass PIERDE PESO EN 21 D\u00cdAS CON ALIMENTACI\u00d3N KETO PARA MUJERES, aprender\u00e1s sobre cetosis, donde tu cuerpo utiliza la grasa como fuente de energ\u00eda principal, perdiendo peso de manera acelerada.<\/p>\n<p>\u00bfQU\u00c9 VAS A LOGRAR?<\/p>\n<p>Aprender\u00e1s a prepararte para tu propio reto.<\/p>\n<p>Descubrir\u00e1s lo que las mujeres necesitan saber sobre la dieta Keto y como una mujer puede entrar en estado de cetosis m\u00e1s r\u00e1pido.<\/p>\n<p>Tendr\u00e1s acceso a las herramientas esenciales como app y platillas para que el proceso sea m\u00e1s efic\u00e1z.<\/p>\n<p>Tendr\u00e1s un men\u00fa completo para 15 d\u00edas con opciones muy econ\u00f3micas.<\/p>\n<p>Aprender\u00e1s a llevar el control de tu proceso.<\/p>\n<p>Conocer\u00e1s tu cuerpo y como var\u00eda seg\u00fan el somatotipo de las mujeres.<\/p>\n<p>Conocer\u00e1s todo sobre el ayuno intermitente y como puedes sacarle el mayor provecho en el reto.<\/p>\n<p>Entender\u00e1s a que se deben los estancamientos de las mujeres y como superarlos para llegar a la meta deseada.<\/p>\n<p>Estar\u00e1s lista para salir de cetosis de una forma responsable para tu salud y como continuar con el proceso para seguir llevando un estilo de vida Keto.<\/p>\n<p>Tendr\u00e1s acceso a bonos de regalo para que aprendas a comprar los alimentos, como puedes saciar los antojos y tentaciones y muchos tips para las mujeres mayores de 40 a\u00f1os.<\/p>\n<p>Acceder\u00e1s al certificado avalado por Hotmart y Seminarios Online.<\/p>\n<p>\u00bfC\u00d3MO LO VAS A LOGRAR?<\/p>\n<p>A trav\u00e9s del siguiente contenido, estructurado paso a paso:<\/p>\n<p>M\u00d3DULO 1 &#8211; PREPARATE PARA EL RETO MACADAMIA<\/p>\n<p>Bienvenida, saludo y presentaci\u00f3n.<br \/>\nGu\u00eda de Inicio y preparaci\u00f3n para el reto keto.<\/p>\n<p>M\u00d3DULO 2 &#8211; LO QUE LAS MUJERES NECESITAN SABER SOBRE KETO<\/p>\n<p>Inducci\u00f3n a la dieta cetog\u00e9nia para las mujeres Ne\u00f3fitas (Keto talk 1).<br \/>\n\u00bfQu\u00e9 es la dieta keto?, alimentos keto.<br \/>\n\u00bfC\u00f3mo una mujer entra en Cetosis y la Gripe Keto?<br \/>\nPerder y recuperar electrolitos.<\/p>\n<p>M\u00d3DULO 3 &#8211; HERRAMIENTAS ESCENCIALES QUE TODA MUJER DEBE TENER<\/p>\n<p>Aprendiendo a contar Macros (Explicaci\u00f3n de Macros y ejemplos).<br \/>\nLeer las etiquetas (Explicaci\u00f3n con ejemplos de productos con sus etiquetas).<br \/>\nAplicaciones de apoyo.<\/p>\n<p>M\u00d3DULO 4 &#8211; LLEVA EL CONTROL DE TU PROCESO<\/p>\n<p>Libro Ficha t\u00e9cnica para control, inicio y seguimiento diario (Recolecci\u00f3n de datos iniciales y fotos).<br \/>\nMen\u00fa b\u00e1sico 15 d\u00edas. (PDF).<\/p>\n<p>M\u00d3DULO 5 &#8211; CONOCE TU CUERPO<\/p>\n<p>Somatipos de mujeres y explicaci\u00f3n test (PDF).<br \/>\nAnalizando el hambre.<br \/>\nC\u00f3mo funciona la horma de la insulina en las mujeres.<\/p>\n<p>M\u00d3DULO 6 &#8211; AYUNO INTERMITENTE<\/p>\n<p>Qu\u00e9 es y c\u00f3mo funciona el ayuno intermitente.<br \/>\nExpectativas y mejora del proceso.<br \/>\nActiva tu cuerpo<\/p>\n<p>M\u00d3DULO 7 &#8211; DEFINE TU META<\/p>\n<p>T\u00edpicos estancamientos en las mujeres.<br \/>\nMujer delgada por siempre.<br \/>\nSaliendo de cetosis.<\/p>\n<p>M\u00d3DULO 8 &#8211; MATERIAL ADICIONAL (BONOS)<\/p>\n<p>Bono 1: Comprando alimentos y Comiendo keto como una pro.<br \/>\nBono 2: Antojos y tentaciones para las mujeres.<br \/>\nBono 3: Tips para las mujeres mayores de 40.<\/p>\n<p>M\u00d3DULO 9 &#8211; VIDEO RESPUESTAS<\/p>\n<p>\u00bfQu\u00e9 es la dieta cetog\u00e9nica?<br \/>\n\u00bfQu\u00e9 es Keto?<br \/>\n\u00bfQu\u00e9 alimentos podemos comer los vegetarianos y veganos?<br \/>\n\u00bfCu\u00e1nto peso se puede perder en una semana?<br \/>\n\u00bfSe pasa hambre durante la dieta?<br \/>\n\u00bfSe puede seguir la keto si hago ejercicio?<br \/>\n\u00bfQu\u00e9 tipo de personas no pueden hacer la dieta cetog\u00e9nica?<br \/>\n\u00bfCu\u00e1les son los beneficios de la keto?<br \/>\n\u00bfLa margarina es lo mismo que la mantequilla?<br \/>\n\u00bfTengo que utilizar una gr\u00e1mera?<br \/>\n\u00bfDurante la dieta puedo consumir Snacks?<\/p>\n<p>ACERCA DE LA PRODUCTORA<\/p>\n<p>Desarrollado MAR\u00cdA CAMILA M\u00c1RQUEZ, fundadora de Macadamia Keto lifestyle.<\/p>\n<p>Profesional en comunicaci\u00f3n digital, chef y amante del estilo de vida keto. <\/p>\n<p>Trabaj\u00f3 en este reto para cambiar su salud y la de su esposo a\u00f1os atr\u00e1s donde perdieron casi 30 y 25 kilos y considera que ha sido la mejor decisi\u00f3n que han tomado. Tienen m\u00e1s energ\u00eda, se ven y se sienten mucho mejor.  <\/p>\n<p>Ahora se dedica a asesorar y a ayudar a las personas a que tambi\u00e9n alcancen su peso ideal y que puedan mejorar su salud y su estilo de alimentaci\u00f3n. <\/p>\n<p>Ya muchos han aceptado el reto y seria feliz de vivir contigo este proceso y que hagas parte de los testimonios que inspiran a otras personas a dar el primer paso.<\/p>\n","protected":false},"excerpt":{"rendered":"<p>\u00bfEst\u00e1s cansada que las dietas no te den resultados que perduren en el tiempo?<\/p>\n<p>Con el MasterClass PIERDE PESO EN 21 D\u00cdAS CON ALIMENTACI\u00d3N KETO PARA MUJERES, aprender\u00e1s sobre cetosis, donde tu cuerpo utiliza la grasa como fuente de energ\u00eda principal, perdiendo peso de manera acelerada.<\/p>\n","protected":false},"featured_media":5141,"template":"","meta":{"_joinchat":[]},"product_brand":[],"product_cat":[337,344],"product_tag":[],"class_list":{"0":"post-13520","1":"product","2":"type-product","3":"status-publish","4":"has-post-thumbnail","6":"product_cat-salud-y-deportes","7":"product_cat-todos","9":"first","10":"instock","11":"sale","12":"shipping-taxable","13":"product-type-external"},"_links":{"self":[{"href":"https:\/\/cursos.talentup.cl\/index.php?rest_route=\/wp\/v2\/product\/13520","targetHints":{"allow":["GET"]}}],"collection":[{"href":"https:\/\/cursos.talentup.cl\/index.php?rest_route=\/wp\/v2\/product"}],"about":[{"href":"https:\/\/cursos.talentup.cl\/index.php?rest_route=\/wp\/v2\/types\/product"}],"version-history":[{"count":2,"href":"https:\/\/cursos.talentup.cl\/index.php?rest_route=\/wp\/v2\/product\/13520\/revisions"}],"predecessor-version":[{"id":15047,"href":"https:\/\/cursos.talentup.cl\/index.php?rest_route=\/wp\/v2\/product\/13520\/revisions\/15047"}],"wp:featuredmedia":[{"embeddable":true,"href":"https:\/\/cursos.talentup.cl\/index.php?rest_route=\/wp\/v2\/media\/5141"}],"wp:attachment":[{"href":"https:\/\/cursos.talentup.cl\/index.php?rest_route=%2Fwp%2Fv2%2Fmedia&parent=13520"}],"wp:term":[{"taxonomy":"product_brand","embeddable":true,"href":"https:\/\/cursos.talentup.cl\/index.php?rest_route=%2Fwp%2Fv2%2Fproduct_brand&post=13520"},{"taxonomy":"product_cat","embeddable":true,"href":"https:\/\/cursos.talentup.cl\/index.php?rest_route=%2Fwp%2Fv2%2Fproduct_cat&post=13520"},{"taxonomy":"product_tag","embeddable":true,"href":"https:\/\/cursos.talentup.cl\/index.php?rest_route=%2Fwp%2Fv2%2Fproduct_tag&post=13520"}],"curies":[{"name":"wp","href":"https:\/\/api.w.org\/{rel}","templated":true}]}}