{"id":13521,"date":"2023-01-10T04:42:31","date_gmt":"2023-01-10T07:42:31","guid":{"rendered":"https:\/\/cursos.talentup.cl\/?post_type=product&#038;p=13521"},"modified":"2024-02-07T23:38:50","modified_gmt":"2024-02-08T02:38:50","slug":"no-mas-bullying-con-karate-kids","status":"publish","type":"product","link":"https:\/\/cursos.talentup.cl\/?product=no-mas-bullying-con-karate-kids","title":{"rendered":"NO M\u00c1S BULLYING CON KARATE KIDS"},"content":{"rendered":"<p>\u00bfQuieres incentivar a que tus hijos est\u00e9n preparados para agresiones o casos de bullying?<\/p>\n<p>Con el MasterClass CERO BULLYING CON KARATE KIDS, aprender\u00e1s defensa personal junto a tu hijo mientras aumentan su psicomotricidad, su seguridad y confianza.<\/p>\n<p>\u00bfQU\u00c9 VAS A LOGRAR?<\/p>\n<p>La Madre y sus hijos aprender\u00e1n las t\u00e9cnicas b\u00e1sicas para bloquear golpes y a realizar defensas inmediatas.<\/p>\n<p>Desarrollar\u00e1s la autoconfianza y a cuidar su integridad.<\/p>\n<p>Les favorecer\u00e1 en la interacci\u00f3n con las personas.<\/p>\n<p>Conocer\u00e1s los beneficios de practicar cualquier actividad f\u00edsica previamente preparados.<\/p>\n<p>Estimular\u00e1s su coordinaci\u00f3n de cuerpo y mente.<\/p>\n<p>Sabr\u00e1s las alternativas antes de una pelea, evit\u00e1ndola de las mejores maneras posibles.<\/p>\n<p>Acceder\u00e1s al certificado avalado por Hotmart y Seminarios Online.<\/p>\n<p>\u00bfC\u00d3MO LO VAS A LOGRAR?<\/p>\n<p>A trav\u00e9s del siguiente contenido, estructurado paso a paso:<\/p>\n<p>M\u00d3DULO 1: Introducci\u00f3n y bienvenida<\/p>\n<p>Bienvenida.<br \/>\nJustificaci\u00f3n.<br \/>\nRecomendaciones.<\/p>\n<p>M\u00d3DULO.2: T\u00e9cnicas de bloqueo y ataque<\/p>\n<p>Calentamiento.<br \/>\nPosiciones b\u00e1sicas.<br \/>\nMovimiento de pierna.<br \/>\nBloqueo bajo.<br \/>\nBloqueo medio.<br \/>\nBloqueo alto.<br \/>\nPu\u00f1o avanzando.<br \/>\nPu\u00f1o brazo contrario.<br \/>\nPu\u00f1o adelantado.<br \/>\nCombinaci\u00f3n pu\u00f1os.<br \/>\nPatada frontal.<br \/>\nPatada circular.<br \/>\nEnfriamiento final.<\/p>\n<p>M\u00d3DULO 3: Clases pr\u00e1cticas de T\u00e9cnicas Mixtas<\/p>\n<p>Clase pr\u00e1ctica de t\u00e9cnicas mixtas 1.<br \/>\nClase pr\u00e1ctica de t\u00e9cnicas mixtas 2.<br \/>\nClase pr\u00e1ctica de t\u00e9cnicas mixtas 3.<br \/>\nClase pr\u00e1ctica de t\u00e9cnicas mixtas 4.<br \/>\nClase pr\u00e1ctica de t\u00e9cnicas mixtas 5.<br \/>\nClase pr\u00e1ctica de t\u00e9cnicas mixtas 6.<br \/>\nClase pr\u00e1ctica de t\u00e9cnicas mixtas 7.<br \/>\nKata Taikyoku Shodan para lograr certificado.<\/p>\n<p>M\u00d3DULO 4: Demostraci\u00f3n de Kata<\/p>\n<p>Kata Heian Shodan.<\/p>\n<p>M\u00d3DULO 5: Referentes en Karate<\/p>\n<p>Referentes del Karate: Maestro Okasaki.<\/p>\n<p>M\u00d3DULO 6: Clases Pr\u00e1cticas adicionales<\/p>\n<p>Clase Pr\u00e1ctica 1.<br \/>\nClase Pr\u00e1ctica 2.<br \/>\nClase Pr\u00e1ctica 3.<br \/>\nClase Pr\u00e1ctica 4.<br \/>\nClase Pr\u00e1ctica 5.<\/p>\n<p>M\u00d3DULO 7: Material adicional (BONOS)<\/p>\n<p>PDF. Lecci\u00f3n por Gichin Funakoshi.<br \/>\nN\u00fameros en japon\u00e9s.<br \/>\nPalabras t\u00e9cnicas en japon\u00e9s.<br \/>\nN\u00fameros en japon\u00e9s para ni\u00f1os.<br \/>\nPalabras en japon\u00e9s para ni\u00f1os.<\/p>\n<p>M\u00d3DULO No.8: Video Respuestas<\/p>\n<p>\u00bfQu\u00e9 es y por qu\u00e9 practicamos la defensa personal?<br \/>\n\u00bfPor qu\u00e9 doblar la rodilla para dar las patadas?<br \/>\n\u00bfC\u00f3mo aplicar la defensa personal cuando me atacan varias personas?<\/p>\n<p>M\u00d3DULO 9: \u00bfC\u00d3MO OBTENER TU CERTIFICADO?<\/p>\n<p>\u00bfC\u00f3mo obtener tu certificado?<\/p>\n<p>ACERCA DEL PRODUCTOR<\/p>\n<p>Desarrollado por DOUGLAS MOORE, Sensei de Karate con m\u00e1s de 10 a\u00f1os de experiencia con ni\u00f1os.<\/p>\n<p>Practica las artes marciales desde mi infancia, se convirti\u00f3 en instructor \/ Sensei de Karate desde hace 10 a\u00f1os.<\/p>\n<p>Su pr\u00e1ctica fue creciendo paso a paso y ahora su deseo es transmitir sus conocimientos del karate do estilo Shotokan tradicional de Jap\u00f3n.<\/p>\n<p>Fundador de la academia online Karate Kids y la academia presencial Karate do Shotokan.<\/p>\n","protected":false},"excerpt":{"rendered":"<p>\u00bfQuieres incentivar a que tus hijos est\u00e9n preparados para agresiones o casos de bullying?<\/p>\n<p>Con el MasterClass CERO BULLYING CON KARATE KIDS, aprender\u00e1s defensa personal junto a tu hijo mientras aumentan su psicomotricidad, su seguridad y confianza.<\/p>\n","protected":false},"featured_media":5142,"template":"","meta":{"_joinchat":[]},"product_brand":[],"product_cat":[337,344],"product_tag":[],"class_list":{"0":"post-13521","1":"product","2":"type-product","3":"status-publish","4":"has-post-thumbnail","6":"product_cat-salud-y-deportes","7":"product_cat-todos","9":"first","10":"instock","11":"sale","12":"shipping-taxable","13":"product-type-external"},"_links":{"self":[{"href":"https:\/\/cursos.talentup.cl\/index.php?rest_route=\/wp\/v2\/product\/13521","targetHints":{"allow":["GET"]}}],"collection":[{"href":"https:\/\/cursos.talentup.cl\/index.php?rest_route=\/wp\/v2\/product"}],"about":[{"href":"https:\/\/cursos.talentup.cl\/index.php?rest_route=\/wp\/v2\/types\/product"}],"version-history":[{"count":2,"href":"https:\/\/cursos.talentup.cl\/index.php?rest_route=\/wp\/v2\/product\/13521\/revisions"}],"predecessor-version":[{"id":15048,"href":"https:\/\/cursos.talentup.cl\/index.php?rest_route=\/wp\/v2\/product\/13521\/revisions\/15048"}],"wp:featuredmedia":[{"embeddable":true,"href":"https:\/\/cursos.talentup.cl\/index.php?rest_route=\/wp\/v2\/media\/5142"}],"wp:attachment":[{"href":"https:\/\/cursos.talentup.cl\/index.php?rest_route=%2Fwp%2Fv2%2Fmedia&parent=13521"}],"wp:term":[{"taxonomy":"product_brand","embeddable":true,"href":"https:\/\/cursos.talentup.cl\/index.php?rest_route=%2Fwp%2Fv2%2Fproduct_brand&post=13521"},{"taxonomy":"product_cat","embeddable":true,"href":"https:\/\/cursos.talentup.cl\/index.php?rest_route=%2Fwp%2Fv2%2Fproduct_cat&post=13521"},{"taxonomy":"product_tag","embeddable":true,"href":"https:\/\/cursos.talentup.cl\/index.php?rest_route=%2Fwp%2Fv2%2Fproduct_tag&post=13521"}],"curies":[{"name":"wp","href":"https:\/\/api.w.org\/{rel}","templated":true}]}}