{"id":13522,"date":"2023-01-10T04:42:31","date_gmt":"2023-01-10T07:42:31","guid":{"rendered":"https:\/\/cursos.talentup.cl\/?post_type=product&#038;p=13522"},"modified":"2024-02-07T23:38:50","modified_gmt":"2024-02-08T02:38:50","slug":"el-negocio-del-cuidado-de-enfermos-y-ancianos","status":"publish","type":"product","link":"https:\/\/cursos.talentup.cl\/?product=el-negocio-del-cuidado-de-enfermos-y-ancianos","title":{"rendered":"EL NEGOCIO DEL CUIDADO DE ENFERMOS Y ANCIANOS"},"content":{"rendered":"<p>\u00bfSabes que la \u00fanica certeza en la vida es que envejeceremos y moriremos?<\/p>\n<p>Con el MasterClass EL NEGOCIO DEL CUIDADO DE ENFERMOS Y ANCIANOS, desarrollar\u00e1s las destrezas necesarias para cuidar de quien lo requiera.<\/p>\n<p>\u00bfQU\u00c9 VAS A LOGRAR?<\/p>\n<p>Aprender\u00e1s sobre diferentes modelos de negocio en el rubro.<\/p>\n<p>Veras anexos rentables del negocio.<\/p>\n<p>Te explicaremos sobre los convenios comerciales.<\/p>\n<p>Sabr\u00e1s de los permisos y habilitaciones.<\/p>\n<p>Veras como conseguir empleo o empleados.<\/p>\n<p>Aprender\u00e1s a obtener clientes.<\/p>\n<p>Aprender\u00e1s generalidades de: administraci\u00f3n de medicamentos, cuidados de la piel y prevenci\u00f3n de lesiones posturales, cuidados del descanso y el sue\u00f1o, prevenci\u00f3n de las ca\u00eddas, cuidados generales diarios y cuidados de la alimentaci\u00f3n.<\/p>\n<p>Sabr\u00e1s el manejo de una obstrucci\u00f3n de la v\u00eda a\u00e9rea y de una convulsi\u00f3n.<\/p>\n<p>Sabr\u00e1s el manejo de la eliminaci\u00f3n.<\/p>\n<p>Tendr\u00e1s acceso a una gu\u00eda de evaluaci\u00f3n domiciliaria.<\/p>\n<p>Aprender\u00e1s el manejo del sangrado y las contusiones.<\/p>\n<p>Te explicaremos la maniobra de Heimlich para las obstrucciones.<\/p>\n<p>Sabr\u00e1s sobre reanimaci\u00f3n cardio pulmonar b\u00e1sica.<\/p>\n<p>Te mostraremos los cambios de posici\u00f3n.<\/p>\n<p>Cuidados de la oxigenoterapia.<\/p>\n<p>Acceder\u00e1s al certificado avalado por Hotmart y Seminarios Online.<\/p>\n<p>\u00bfC\u00d3MO LO VAS A LOGRAR?<\/p>\n<p>A trav\u00e9s del siguiente contenido, estructurado paso a paso:<\/p>\n<p>M\u00d3DULO 1 &#8211; El negocio del cuidado<\/p>\n<p>Introducci\u00f3n general.<br \/>\nModelos de negocio.<br \/>\nAnexos rentables del negocio.<br \/>\nConvenios comerciales.<br \/>\nPermisos y habilitaciones.<br \/>\nC\u00f3mo conseguir empleo o empleados.<br \/>\nObteniendo clientes.<\/p>\n<p>M\u00d3DULO 2 &#8211; Cuidado pr\u00e1ctico del paciente <\/p>\n<p>Administraci\u00f3n de medicamentos.<br \/>\nCuidados de la piel (parte 1).<br \/>\nCuidados de la piel (parte 2).<br \/>\nCuidados de la piel (parte 3).<br \/>\nCuidados del sue\u00f1o.<br \/>\nPrevenci\u00f3n de ca\u00eddas.<br \/>\nCuidados generales.<br \/>\nCuidados de la alimentaci\u00f3n.<br \/>\nObstrucci\u00f3n de la v\u00eda a\u00e9rea.<br \/>\nManejo de la convulsi\u00f3n.<br \/>\nManejo de la eliminaci\u00f3n.<br \/>\nGu\u00eda de evaluaci\u00f3n domiciliaria.<\/p>\n<p>M\u00d3DULO 3 \u2013 Material Complementario (BONOS)<\/p>\n<p>Explicaci\u00f3n maniobra de Heimlich.<br \/>\nCuidado de la oxigenoterapia.<br \/>\nReanimaci\u00f3n cardio pulmonar b\u00e1sica.<br \/>\nExplicaci\u00f3n de los cambios de posici\u00f3n.<br \/>\nExplicaci\u00f3n del manejo del sangrado.<\/p>\n<p>M\u00d3DULO 4 &#8211; Preguntas y Respuestas<\/p>\n<p>\u00bfCu\u00e1nto debo invertir en el negocio?<br \/>\n\u00bfTengo que tener un local f\u00edsico?<br \/>\n\u00bfCu\u00e1les son los principales problemas del negocio?<br \/>\n\u00bfQu\u00e9 tipo de contrato hacer a los funcionarios?<br \/>\n\u00bfC\u00f3mo calcular mis precios?<\/p>\n<p>M\u00d3DULO 5 &#8211; \u00bfC\u00d3MO OBTENER TU CERTIFICADO?<\/p>\n<p>\u00bfC\u00f3mo obtener tu certificado?<\/p>\n<p>ACERCA DEL PRODUCTOR<\/p>\n<p>Desarrollado por MARCOS AMORIN, Licenciado en Enfermer\u00eda por la Universidad de la Republica del Uruguay con Master en Atenci\u00f3n Geri\u00e1trica y Gerontol\u00f3gica. <\/p>\n<p>Cuenta con vasta experiencia nacional e internacional en sectores cr\u00edticos como las \u00e1reas del Centro Intensivo del Adulto (CTI, UTI). <\/p>\n<p>Ha desarrollado m\u00faltiples empresas entre las cuales se destac\u00f3 fuertemente en el rubro salud con el servicio de Cuidado de Enfermos y Ancianos a cargo de m\u00e1s de 40 funcionarios.  <\/p>\n<p>Hoy en d\u00eda se dedica a la docencia tanto presencial como virtualmente y desarrolla contenidos valiosos para cuidadores y personal de enfermer\u00eda domiciliaria.<\/p>\n","protected":false},"excerpt":{"rendered":"<p>\u00bfSabes que la \u00fanica certeza en la vida es que envejeceremos y moriremos?<\/p>\n<p>Con el MasterClass EL NEGOCIO DEL CUIDADO DE ENFERMOS Y ANCIANOS, desarrollar\u00e1s las destrezas necesarias para cuidar de quien lo requiera.<\/p>\n","protected":false},"featured_media":5143,"template":"","meta":{"_joinchat":[]},"product_brand":[],"product_cat":[337,344],"product_tag":[],"class_list":{"0":"post-13522","1":"product","2":"type-product","3":"status-publish","4":"has-post-thumbnail","6":"product_cat-salud-y-deportes","7":"product_cat-todos","9":"first","10":"instock","11":"sale","12":"shipping-taxable","13":"product-type-external"},"_links":{"self":[{"href":"https:\/\/cursos.talentup.cl\/index.php?rest_route=\/wp\/v2\/product\/13522","targetHints":{"allow":["GET"]}}],"collection":[{"href":"https:\/\/cursos.talentup.cl\/index.php?rest_route=\/wp\/v2\/product"}],"about":[{"href":"https:\/\/cursos.talentup.cl\/index.php?rest_route=\/wp\/v2\/types\/product"}],"version-history":[{"count":2,"href":"https:\/\/cursos.talentup.cl\/index.php?rest_route=\/wp\/v2\/product\/13522\/revisions"}],"predecessor-version":[{"id":15049,"href":"https:\/\/cursos.talentup.cl\/index.php?rest_route=\/wp\/v2\/product\/13522\/revisions\/15049"}],"wp:featuredmedia":[{"embeddable":true,"href":"https:\/\/cursos.talentup.cl\/index.php?rest_route=\/wp\/v2\/media\/5143"}],"wp:attachment":[{"href":"https:\/\/cursos.talentup.cl\/index.php?rest_route=%2Fwp%2Fv2%2Fmedia&parent=13522"}],"wp:term":[{"taxonomy":"product_brand","embeddable":true,"href":"https:\/\/cursos.talentup.cl\/index.php?rest_route=%2Fwp%2Fv2%2Fproduct_brand&post=13522"},{"taxonomy":"product_cat","embeddable":true,"href":"https:\/\/cursos.talentup.cl\/index.php?rest_route=%2Fwp%2Fv2%2Fproduct_cat&post=13522"},{"taxonomy":"product_tag","embeddable":true,"href":"https:\/\/cursos.talentup.cl\/index.php?rest_route=%2Fwp%2Fv2%2Fproduct_tag&post=13522"}],"curies":[{"name":"wp","href":"https:\/\/api.w.org\/{rel}","templated":true}]}}