{"id":13524,"date":"2023-01-10T04:42:31","date_gmt":"2023-01-10T07:42:31","guid":{"rendered":"https:\/\/cursos.talentup.cl\/?post_type=product&#038;p=13524"},"modified":"2024-02-07T23:38:50","modified_gmt":"2024-02-08T02:38:50","slug":"supervivencia-urbana-defensa-personal-pro","status":"publish","type":"product","link":"https:\/\/cursos.talentup.cl\/?product=supervivencia-urbana-defensa-personal-pro","title":{"rendered":"SUPERVIVENCIA URBANA DEFENSA PERSONAL PRO"},"content":{"rendered":"<p>\u00bfSab\u00edas que la supervivencia es un estado mental?<\/p>\n<p>Con el MasterClass DEFENSA PERSONAL PRO, dominar\u00e1s t\u00e9cnicas avanzadas de prevenci\u00f3n, reconectando tu mente con tu entorno y evitando ser presa f\u00e1cil de los violentos.<\/p>\n<p>\u00bfQU\u00c9 VAS A LOGRAR?<\/p>\n<p>Aprender\u00e1s la IMPORTANCIA DE LA DEFENSA PERSONAL para potenciar el trabajo mental sobre las t\u00e9cnicas f\u00edsicas y el uso devastador de estas cuando sea necesario. <\/p>\n<p>Dominar\u00e1s la TRIADA DE DEFENSA PERSONAL para aumentar exponencialmente nuestras posibilidades de supervivencia frente a cualquier situaci\u00f3n violenta que se nos presente. <\/p>\n<p>Comprender\u00e1s el uso efectivo de los C\u00d3DIGOS DE COLOR para establecer nuestros estados mentales como lo hacen militares y polic\u00edas en estados unidos. <\/p>\n<p>Ejecutar\u00e1s EJERCICIOS MENTALES para hacer una lectura efectiva del entorno como lo hacen los verdaderos esp\u00edas en todo el planeta. <\/p>\n<p>Expandir\u00e1s TUS CINCO SENTIDOS para que veas todo lo que pasa a tu alrededor, \u201ccomo si tuvieras ojos detr\u00e1s de tu cabeza\u201d. <\/p>\n<p>Conocer\u00e1s los EFECTOS DEL SHOCK DE ADRENALINA en nuestro cuerpo al enfrentarnos a situaciones de alto riesgo. <\/p>\n<p>Realizar\u00e1s EJERCICIOS DE MANEJO DE LAS EMOCIONES Y DOMINIO MENTAL, como lo hace un monje budista. <\/p>\n<p>Aplicar\u00e1s PRINCIPIOS IMPORTANTES EN DEFENSA PERSONAL para actual asertivamente en una situaci\u00f3n de peligro inminente. <\/p>\n<p>Desarrollar\u00e1s poderosas T\u00c9CNICAS DE ENTRENAMIENTO DE 2 MINUTOS rid\u00edculamente pr\u00e1cticas; multiplicando tu capacidad de confianza en ti mismo y ataque en un 1000%. <\/p>\n<p>Identificar\u00e1s con PRECISI\u00d3N QUIR\u00daRJICA C\u00d3MO Y DONDE GOLPEAR a un adversario de manera efectiva y contundente. <\/p>\n<p>Aprender\u00e1s a EVADIR GOLPES, SOLTARTE DE AGARRES Y SALIR DE SITUACIONES DE PELIGRO que jam\u00e1s hab\u00edas imaginado que podr\u00edas lograr.<\/p>\n<p>Acceder\u00e1s al certificado avalado por Hotmart y Seminarios Online.<\/p>\n<p>\u00bfC\u00d3MO LO VAS A LOGRAR?<\/p>\n<p>A trav\u00e9s del siguiente contenido, estructurado paso a paso:<\/p>\n<p>M\u00d3DULO 1. PUV <\/p>\n<p>Video 1. Introducci\u00f3n. La historia del Sensei Villegas.<br \/>\nVideo 2. Introducci\u00f3n. Mi camino por las artes marciales.<br \/>\nVideo 3. \u00bfQu\u00e9 es defensa personal? Importancia.<br \/>\nVideo 4. La triada de defensa personal.<\/p>\n<p>M\u00d3DULO 2. PREVENCI\u00d3N <\/p>\n<p>Video 5. Consideraciones preliminares en prevenci\u00f3n.<br \/>\nVideo 6. C\u00f3digos de color de Cooper. Estados mentales para la calle.<br \/>\nVideo 7. Ejercicio #1: El circulo de seguridad.<br \/>\nVideo 8. Ejercicio #2: Figuras geom\u00e9tricas.<br \/>\nVideo 9. Ejercicio #3: An\u00e1lisis de personas.<br \/>\nVideo 10. Ejercicio #4: Localizaci\u00f3n de objetos.<br \/>\nVideo 11. Ejercicio #5: Conciencia situacional.<br \/>\nVideo 12. Consideraciones finales en prevenci\u00f3n: Conf\u00ede en su instinto. <\/p>\n<p>M\u00d3DULO 3. REACCI\u00d3N <\/p>\n<p>Video 13. Introducci\u00f3n al shock de adrenalina.<br \/>\nVideo 14. Ejercicio #1: Meditaci\u00f3n.<br \/>\nVideo 15. Ejercicio #2: Meditaci\u00f3n con compa\u00f1ero.<br \/>\nVideo 16. Ejercicio #3: Salga de su zona de confort: \u00a1incom\u00f3dese!<br \/>\nVideo 17. Ejercicio #4: Enam\u00f3rese de la Adrenalina. <\/p>\n<p>M\u00d3DULO 4. AUTODEFENSA <\/p>\n<p>Video 18. Importantes principios de autodefensa.<br \/>\nVideo 19. Aprenda como golpear correcta y eficientemente.<br \/>\nVideo 20. Aprenda como evadir golpes.<br \/>\nVideo 21. Controle a su oponente con estos puntos de agarre.<br \/>\nVideo 22. Su\u00e9ltese de cualquier tipo de agarres.<br \/>\nVideo 23. Aprenda a golpear y defenderse con un palo.<br \/>\nVideo 24. Sobreviva un ataque con un arma de fuego. <\/p>\n<p>M\u00d3DULO 5. BONOS <\/p>\n<p>Video 25. Tips de un abogado sobre leg\u00edtima defensa.<\/p>\n<p>MODULO 6. VIDEO RESPUESTAS<\/p>\n<p>\u00bfQu\u00e9 hacer si veo un delincuente viniendo con un arma hacia mi?<\/p>\n<p>ACERCA DEL PRODUCTOR<\/p>\n<p>Desarrollado por el Sensei GUILLERMO VILLEGAS, instructor de artes marciales y defensa personal con 20 a\u00f1os de experiencia con civiles, grupos empresariales y patrulleros de polic\u00eda y es tambi\u00e9n teniente del grupo 006 de oficiales profesionales de la reserva de la Polic\u00eda en Colombia. <\/p>\n<p>Guillermo es el \u00fanico colombiano en obtener un cintur\u00f3n negro bajo el maestro de Aikido y reconocido actor de los 90 Steven Seagal y es alumno personal de Sifu Chris Clarke y Guru Shawn Summers (alumnos de Dan Inosanto, el \u201cprotegido\u201d de Bruce Lee). <\/p>\n<p>Tuvo la oportunidad de entrenar artes marciales con oficiales de polic\u00eda y del FBI en las ciudades de Los \u00c1ngeles y Seattle de donde aprendi\u00f3 algunas de las t\u00e9cnicas explicadas en este curso. <\/p>\n<p>Actualmente, el Sensei Villegas dicta clases personalizadas, charlas empresariales y trabaja con selectos grupos de polic\u00eda del pa\u00eds.<\/p>\n","protected":false},"excerpt":{"rendered":"<p>\u00bfSab\u00edas que la supervivencia es un estado mental?<\/p>\n<p>Con el MasterClass DEFENSA PERSONAL PRO, dominar\u00e1s t\u00e9cnicas avanzadas de prevenci\u00f3n, reconectando tu mente con tu entorno y evitando ser presa f\u00e1cil de los violentos.<\/p>\n","protected":false},"featured_media":5145,"template":"","meta":{"_joinchat":[]},"product_brand":[],"product_cat":[337,344],"product_tag":[],"class_list":{"0":"post-13524","1":"product","2":"type-product","3":"status-publish","4":"has-post-thumbnail","6":"product_cat-salud-y-deportes","7":"product_cat-todos","9":"first","10":"instock","11":"sale","12":"shipping-taxable","13":"product-type-external"},"_links":{"self":[{"href":"https:\/\/cursos.talentup.cl\/index.php?rest_route=\/wp\/v2\/product\/13524","targetHints":{"allow":["GET"]}}],"collection":[{"href":"https:\/\/cursos.talentup.cl\/index.php?rest_route=\/wp\/v2\/product"}],"about":[{"href":"https:\/\/cursos.talentup.cl\/index.php?rest_route=\/wp\/v2\/types\/product"}],"version-history":[{"count":2,"href":"https:\/\/cursos.talentup.cl\/index.php?rest_route=\/wp\/v2\/product\/13524\/revisions"}],"predecessor-version":[{"id":15051,"href":"https:\/\/cursos.talentup.cl\/index.php?rest_route=\/wp\/v2\/product\/13524\/revisions\/15051"}],"wp:featuredmedia":[{"embeddable":true,"href":"https:\/\/cursos.talentup.cl\/index.php?rest_route=\/wp\/v2\/media\/5145"}],"wp:attachment":[{"href":"https:\/\/cursos.talentup.cl\/index.php?rest_route=%2Fwp%2Fv2%2Fmedia&parent=13524"}],"wp:term":[{"taxonomy":"product_brand","embeddable":true,"href":"https:\/\/cursos.talentup.cl\/index.php?rest_route=%2Fwp%2Fv2%2Fproduct_brand&post=13524"},{"taxonomy":"product_cat","embeddable":true,"href":"https:\/\/cursos.talentup.cl\/index.php?rest_route=%2Fwp%2Fv2%2Fproduct_cat&post=13524"},{"taxonomy":"product_tag","embeddable":true,"href":"https:\/\/cursos.talentup.cl\/index.php?rest_route=%2Fwp%2Fv2%2Fproduct_tag&post=13524"}],"curies":[{"name":"wp","href":"https:\/\/api.w.org\/{rel}","templated":true}]}}