{"id":13526,"date":"2023-01-10T04:42:32","date_gmt":"2023-01-10T07:42:32","guid":{"rendered":"https:\/\/cursos.talentup.cl\/?post_type=product&#038;p=13526"},"modified":"2024-02-07T23:38:50","modified_gmt":"2024-02-08T02:38:50","slug":"gluteos-de-infarto","status":"publish","type":"product","link":"https:\/\/cursos.talentup.cl\/?product=gluteos-de-infarto","title":{"rendered":"GL\u00daTEOS DE INFARTO"},"content":{"rendered":"<p>\u00bfSabias que existe una rutina muy efectiva que logra aumentar y tonificar tus gl\u00fateos en corto tiempo?<\/p>\n<p>Con el MasterClass GLUTEOS DE INFARTO aprender\u00e1s a fortalecer y levantar tus gl\u00fateos para que luzcas un derrier que se robe las miradas.<\/p>\n<p>\u00bfQU\u00c9 VAS A LOGRAR?<\/p>\n<p>Aprender\u00e1s todos los ejercicios que necesitas para conseguir unos gl\u00fateos de infarto.<\/p>\n<p>Conseguir\u00e1s una mejor postura.<\/p>\n<p>Aprender\u00e1s a fortalecer y levantar los gl\u00fateos.<\/p>\n<p>Conocer\u00e1s el sistema de entrenamiento que est\u00e1 revolucionando en el mundo del fitness.<\/p>\n<p>Conseguir\u00e1s un entrenamiento especializado en gl\u00fateos con ejercicios de c\u00fabito dorsal, c\u00fabito abdominal, verticales, con aperturas y de cuatro puntas.<\/p>\n<p>Contar\u00e1s con un plan de entrenamiento eficaz.<\/p>\n<p>Entrenar requiere de una alimentaci\u00f3n saludable y es lo que aprender\u00e1s con los distintos tips que te brindamos.<\/p>\n<p>Tendr\u00e1s una rutina efectiva para fortalecer una de las zonas m\u00e1s importantes del cuerpo.<\/p>\n<p>Aprender\u00e1s a establecer una rutina efectiva sin lesionarte.<\/p>\n<p>Conocer\u00e1s al gl\u00fateo mayor, al gl\u00fateo medio y al gl\u00fateo menor.<\/p>\n<p>Tendr\u00e1s a la mano las claves exactas para mejorar el aspecto de tus gl\u00fateos.<\/p>\n<p>Si quieres mayor volumen y densidad en tus gl\u00fateos, est\u00e1s en el programa correcto.<\/p>\n<p>Acceder\u00e1s al certificado avalado por Hotmart y Seminarios Online.<\/p>\n<p>\u00bfC\u00d3MO LO VAS A LOGRAR?<\/p>\n<p>A trav\u00e9s del siguiente contenido, estructurado paso a paso:<\/p>\n<p>Video 1: Bienvenida al programa gl\u00fateos de infarto.<br \/>\nVideo 2: Conociendo tu estado de salud.<br \/>\nVideo 3: Materiales que necesitamos para iniciar.<br \/>\nVideo 4: Evaluaci\u00f3n y toma de medidas.<br \/>\nVideo 5: Mot\u00edvate.<br \/>\nVideo 6: Rutina de ejercicios en vertical.<br \/>\nVideo 7: Rutina de ejercicios cardio.<br \/>\nVideo 8: Rutina de ejercicios horizontal en c\u00fabito dorsal.<br \/>\nVideo 9: Rutina de ejercicios horizontal en c\u00fabito abdominal.<br \/>\nVideo 10: Errores que cometemos al entrenar gl\u00fateos.<br \/>\nVideo 11: Estiramientos para oxigenar el m\u00fasculo.<br \/>\nVideo 12: Recomendaciones de alimentos para consumir antes y despu\u00e9s de entrenar.<br \/>\nVideo 13: Apps que debes tener para entrenar.<br \/>\nVideo 14: Qu\u00e9 hacer ante una lesi\u00f3n.<br \/>\nVideo 15: Preguntas frecuentes.<br \/>\nVideo 16: Bloppers.<\/p>\n<p>Bonos:<\/p>\n<p>Plan de entrenamiento semanal.<br \/>\nGu\u00eda de alimentaci\u00f3n para aumentar los gl\u00fateos.<br \/>\nEl secreto de la motivaci\u00f3n &#8211; ebook de Ricardo Perret.<\/p>\n<p>ACERCA DEL PRODUCTOR<\/p>\n<p>Este programa est\u00e1 creado por CARLOS BRICE\u00d1O, personal trainer advance, con certificaciones en coach de vida y deporte profesional.<\/p>\n<p>Carlos cuenta con muchas certificaciones como: campeonato estatal de fisicoculturismo y fitness, programa de evaluaci\u00f3n y prescripci\u00f3n del ejercicio f\u00edsico y tiene certificados internacionales como coach de funtional trainer.<\/p>\n<p>Al ingresar contar\u00e1s con la asesor\u00eda de Carlos, qui\u00e9n estar\u00e1 para responder todas tus preguntas y guiarte en todo tu proceso.<\/p>\n","protected":false},"excerpt":{"rendered":"<p>\u00bfSabias que existe una rutina muy efectiva que logra aumentar y tonificar tus gl\u00fateos en corto tiempo?<\/p>\n<p>Con el MasterClass GLUTEOS DE INFARTO aprender\u00e1s a fortalecer y levantar tus gl\u00fateos para que luzcas un derrier que se robe las miradas.<\/p>\n","protected":false},"featured_media":5148,"template":"","meta":{"_joinchat":[]},"product_brand":[],"product_cat":[337,344],"product_tag":[],"class_list":{"0":"post-13526","1":"product","2":"type-product","3":"status-publish","4":"has-post-thumbnail","6":"product_cat-salud-y-deportes","7":"product_cat-todos","9":"first","10":"instock","11":"sale","12":"shipping-taxable","13":"product-type-external"},"_links":{"self":[{"href":"https:\/\/cursos.talentup.cl\/index.php?rest_route=\/wp\/v2\/product\/13526","targetHints":{"allow":["GET"]}}],"collection":[{"href":"https:\/\/cursos.talentup.cl\/index.php?rest_route=\/wp\/v2\/product"}],"about":[{"href":"https:\/\/cursos.talentup.cl\/index.php?rest_route=\/wp\/v2\/types\/product"}],"version-history":[{"count":2,"href":"https:\/\/cursos.talentup.cl\/index.php?rest_route=\/wp\/v2\/product\/13526\/revisions"}],"predecessor-version":[{"id":15053,"href":"https:\/\/cursos.talentup.cl\/index.php?rest_route=\/wp\/v2\/product\/13526\/revisions\/15053"}],"wp:featuredmedia":[{"embeddable":true,"href":"https:\/\/cursos.talentup.cl\/index.php?rest_route=\/wp\/v2\/media\/5148"}],"wp:attachment":[{"href":"https:\/\/cursos.talentup.cl\/index.php?rest_route=%2Fwp%2Fv2%2Fmedia&parent=13526"}],"wp:term":[{"taxonomy":"product_brand","embeddable":true,"href":"https:\/\/cursos.talentup.cl\/index.php?rest_route=%2Fwp%2Fv2%2Fproduct_brand&post=13526"},{"taxonomy":"product_cat","embeddable":true,"href":"https:\/\/cursos.talentup.cl\/index.php?rest_route=%2Fwp%2Fv2%2Fproduct_cat&post=13526"},{"taxonomy":"product_tag","embeddable":true,"href":"https:\/\/cursos.talentup.cl\/index.php?rest_route=%2Fwp%2Fv2%2Fproduct_tag&post=13526"}],"curies":[{"name":"wp","href":"https:\/\/api.w.org\/{rel}","templated":true}]}}