{"id":13527,"date":"2023-01-10T04:42:32","date_gmt":"2023-01-10T07:42:32","guid":{"rendered":"https:\/\/cursos.talentup.cl\/?post_type=product&#038;p=13527"},"modified":"2024-02-07T23:38:50","modified_gmt":"2024-02-08T02:38:50","slug":"mujeres-en-forma-21-dias-de-reto-fitness","status":"publish","type":"product","link":"https:\/\/cursos.talentup.cl\/?product=mujeres-en-forma-21-dias-de-reto-fitness","title":{"rendered":"MUJERES EN FORMA: 21 D\u00cdAS DE RETO FITNESS"},"content":{"rendered":"<p>\u00bfTe gustar\u00eda conocer las herramientas y trucos m\u00e1s poderosos a nivel mundial para realizar tus ejercicios en casa en un reto de 21 d\u00edas?<\/p>\n<p>Con el MasterClass MUJERES EN FORMA: 21 D\u00cdAS DE RETO FITNESS aprender\u00e1s c\u00f3mo crear h\u00e1bitos de ejercicios en casa de 10 a 15 minutos, para aquellas mujeres que quieran ver resultados en poco tiempo.<\/p>\n<p>\u00bfQU\u00c9 VAS A LOGRAR?<\/p>\n<p>Desarrollar y fortalecer tus m\u00fasculos para una condici\u00f3n \u00f3ptima.<\/p>\n<p>Lograr\u00e1s aumentar tu condici\u00f3n f\u00edsica.<\/p>\n<p>Podr\u00e1s perder peso mientras activas tu zona metab\u00f3lica.<\/p>\n<p>Aprender\u00e1s a alimentarte y escoger mejor tus alimentos.<\/p>\n<p>Lograr\u00e1s combatir afecciones y enfermedades.<\/p>\n<p>Lograr\u00e1s Disminuir hasta un 85% el riesgo de padecer enfermedades cardiorrespiratorias.<\/p>\n<p>Lucir\u00e1s un cuerpo m\u00e1s sexy y definido.<\/p>\n<p>Acceder\u00e1s al certificado avalado por Hotmart y Seminarios Online.<\/p>\n<p>\u00bfC\u00d3MO LO VAS A LOGRAR?<\/p>\n<p>A trav\u00e9s del siguiente contenido, estructurado paso a paso:<\/p>\n<p>M\u00f3dulo 01- Introducci\u00f3n<\/p>\n<p>Bienvenida.<br \/>\nEstructura del curso.<br \/>\nImplementos a utilizar.<br \/>\nConsejos de alimentaci\u00f3n.<\/p>\n<p>M\u00f3dulo 02 &#8211; D\u00eda 1 de entrenamiento<\/p>\n<p>Previa al entrenamiento.<br \/>\nIndicando el movimiento.<\/p>\n<p>Modulo 03 &#8211; D\u00eda 2 de entrenamiento<\/p>\n<p>Acondicionamiento.<br \/>\nSentadilla con elevaci\u00f3n de brazos, marcha, jack tijeras, jab jab.<\/p>\n<p>M\u00f3dulo 04 &#8211; D\u00eda 3 de entrenamiento<\/p>\n<p>Flexiones de pecho y abdominales (core).<\/p>\n<p>M\u00f3dulo 05 &#8211; D\u00eda 4 de entrenamiento<\/p>\n<p>Hablemos de las sentadillas.<br \/>\nPractiquemos las sentadillas.<br \/>\nSentadillas con elevaci\u00f3n de talones.<br \/>\n1er desaf\u00edo &#8211; 50 sentadillas.<\/p>\n<p>M\u00f3dulo 06 &#8211; D\u00eda 5 de entrenamiento<\/p>\n<p>2do desaf\u00edo &#8211; Practiquemos todo lo visto hasta ahora.<\/p>\n<p>M\u00f3dulo 07 &#8211; D\u00eda 6 de entrenamiento<\/p>\n<p>Los Burpees &#8211; Aprendamos a hacerlo.<br \/>\nAplicaci\u00f3n TIMER &#8211; C\u00f3mo instalarla.<\/p>\n<p>M\u00f3dulo 08 &#8211; D\u00eda 7 de entrenamiento<\/p>\n<p>El Burpee &#8211; M\u00e1s detalles sobre el ejercicio.<br \/>\n3er Desaf\u00edo &#8211; Ejercicios integrados y burpees &#8211; Parte 1.<br \/>\n3er Desaf\u00edo &#8211; Ejercicios integrados y burpees &#8211; Parte 2.<br \/>\n3er Desaf\u00edo &#8211; Ejercicios integrados y burpees &#8211; Parte 3.<br \/>\nEstiramientos.<br \/>\nActividad extra.<\/p>\n<p>M\u00f3dulo 09 &#8211; D\u00eda 8 de entrenamiento<\/p>\n<p>Hablemos del Core o N\u00facleo corporal.<br \/>\nAbdominales Parte 1.<br \/>\nAbdominales Parte 2.<br \/>\nAbdominales Parte 3.<br \/>\nAbdominales Parte 4.<\/p>\n<p>M\u00f3dulo 10 &#8211; D\u00eda 9 de entrenamiento<\/p>\n<p>Ejercicios con bandas el\u00e1sticas Parte 1.<br \/>\nCardio training.<br \/>\nEjercicios con bandas el\u00e1sticas Parte 2.<br \/>\nEstiramiento muscular.<\/p>\n<p>M\u00f3dulo 11 &#8211; D\u00eda 10 de entrenamiento<\/p>\n<p>Ejercicios funcionales con ligas de resistencia y mancuernas -Parte 1.<br \/>\nEjercicios funcionales con ligas de resistencia y mancuernas -Parte 2.<br \/>\nEjercicios funcionales con ligas de resistencia y mancuernas -Parte 3.<br \/>\nEjercicios funcionales con ligas de resistencia y mancuernas -Parte 4.<br \/>\nEjercicios funcionales con ligas de resistencia y mancuernas -Parte 5.<\/p>\n<p>M\u00f3dulo 12 &#8211; D\u00eda 11 de entrenamiento<\/p>\n<p>Introducci\u00f3n &#8211; Ejercicios para cintura y abdomen.<br \/>\nEjercicios para cintura y abdomen.<\/p>\n<p>M\u00f3dulo 13 &#8211; D\u00eda 12 de entrenamiento<\/p>\n<p>Rutina full body &#8211; Parte 1.<br \/>\nRutina full body &#8211; Parte 2.<br \/>\nRutina full body &#8211; Parte 3.<br \/>\nRutina full body &#8211; Parte 4.<\/p>\n<p>M\u00f3dulo 14 &#8211; D\u00eda 13 de entrenamiento<\/p>\n<p>Ejercicios funcionales Parte 1.<br \/>\nEjercicios funcionales Parte 2.<\/p>\n<p>M\u00f3dulo 15 &#8211; D\u00eda 14 de entrenamiento<\/p>\n<p>Introducci\u00f3n a HIIT.<br \/>\nEjercicios HIIT.<\/p>\n<p>M\u00f3dulo 16 &#8211; D\u00eda 15 de entrenamiento<\/p>\n<p>Rutina de abdominales.<\/p>\n<p>M\u00f3dulo 17 &#8211; D\u00eda 16 de entrenamiento<\/p>\n<p>Full Body con ligas de resistencia &#8211; Parte 1.<br \/>\nFull Body con ligas de resistencia &#8211; Parte 2.<br \/>\nFull Body con ligas de resistencia &#8211; Parte 3.<\/p>\n<p>M\u00f3dulo 18 &#8211; D\u00eda 17 de entrenamiento<\/p>\n<p>Ejercicios de pie.<\/p>\n<p>M\u00f3dulo 19 &#8211; D\u00eda 18 de entrenamiento<\/p>\n<p>Running en casa- Lleg\u00f3 el momento de correr.<\/p>\n<p>M\u00f3dulo 20 &#8211; D\u00eda 19 de entrenamiento<\/p>\n<p>Tabata parte 1.<br \/>\nTabata parte 2.<\/p>\n<p>M\u00f3dulo 21 &#8211; D\u00eda 20 de entrenamiento<\/p>\n<p>Funcional training -1.<br \/>\nFuncional training -2.<br \/>\nFuncional training -3.<\/p>\n<p>ACERCA DEL PRODUCTOR<\/p>\n<p>Desarrollado por CRISTHIAN VALENCIA, consultor fitness y entrenador personal con m\u00e1s de 10 a\u00f1os de experiencia en entrenamiento funcional. Instructor certificado en LES MILLS GRIT\u2122, Instructor certificado en T\u00e9cnicas de Boxeo PROBOX\u2122. <\/p>\n<p>Profesor de baile e instructor profesional en Ventura Fitness Club Ecuador<\/p>\n","protected":false},"excerpt":{"rendered":"<p>\u00bfTe gustar\u00eda conocer las herramientas y trucos m\u00e1s poderosos a nivel mundial para realizar tus ejercicios en casa en un reto de 21 d\u00edas?<\/p>\n<p>Con el MasterClass MUJERES EN FORMA: 21 D\u00cdAS DE RETO FITNESS aprender\u00e1s c\u00f3mo crear h\u00e1bitos de ejercicios en casa de 10 a 15 minutos, para aquellas mujeres que quieran ver resultados en poco tiempo.<\/p>\n","protected":false},"featured_media":5149,"template":"","meta":{"_joinchat":[]},"product_brand":[],"product_cat":[337,344],"product_tag":[],"class_list":{"0":"post-13527","1":"product","2":"type-product","3":"status-publish","4":"has-post-thumbnail","6":"product_cat-salud-y-deportes","7":"product_cat-todos","9":"first","10":"instock","11":"sale","12":"shipping-taxable","13":"product-type-external"},"_links":{"self":[{"href":"https:\/\/cursos.talentup.cl\/index.php?rest_route=\/wp\/v2\/product\/13527","targetHints":{"allow":["GET"]}}],"collection":[{"href":"https:\/\/cursos.talentup.cl\/index.php?rest_route=\/wp\/v2\/product"}],"about":[{"href":"https:\/\/cursos.talentup.cl\/index.php?rest_route=\/wp\/v2\/types\/product"}],"version-history":[{"count":2,"href":"https:\/\/cursos.talentup.cl\/index.php?rest_route=\/wp\/v2\/product\/13527\/revisions"}],"predecessor-version":[{"id":15054,"href":"https:\/\/cursos.talentup.cl\/index.php?rest_route=\/wp\/v2\/product\/13527\/revisions\/15054"}],"wp:featuredmedia":[{"embeddable":true,"href":"https:\/\/cursos.talentup.cl\/index.php?rest_route=\/wp\/v2\/media\/5149"}],"wp:attachment":[{"href":"https:\/\/cursos.talentup.cl\/index.php?rest_route=%2Fwp%2Fv2%2Fmedia&parent=13527"}],"wp:term":[{"taxonomy":"product_brand","embeddable":true,"href":"https:\/\/cursos.talentup.cl\/index.php?rest_route=%2Fwp%2Fv2%2Fproduct_brand&post=13527"},{"taxonomy":"product_cat","embeddable":true,"href":"https:\/\/cursos.talentup.cl\/index.php?rest_route=%2Fwp%2Fv2%2Fproduct_cat&post=13527"},{"taxonomy":"product_tag","embeddable":true,"href":"https:\/\/cursos.talentup.cl\/index.php?rest_route=%2Fwp%2Fv2%2Fproduct_tag&post=13527"}],"curies":[{"name":"wp","href":"https:\/\/api.w.org\/{rel}","templated":true}]}}