{"id":13541,"date":"2023-01-10T04:42:32","date_gmt":"2023-01-10T07:42:32","guid":{"rendered":"https:\/\/cursos.talentup.cl\/?post_type=product&#038;p=13541"},"modified":"2024-02-07T23:38:52","modified_gmt":"2024-02-08T02:38:52","slug":"elimina-la-eyaculacion-precoz-y-mejora-tu-ereccion","status":"publish","type":"product","link":"https:\/\/cursos.talentup.cl\/?product=elimina-la-eyaculacion-precoz-y-mejora-tu-ereccion","title":{"rendered":"ELIMINA LA EYACULACI\u00d3N PRECOZ Y MEJORA TU ERECCI\u00d3N"},"content":{"rendered":"<p>\u00bfSabias que existe un tratamiento muy efectivo para evitar la eyaculaci\u00f3n precoz y la disfunci\u00f3n er\u00e9ctil?<\/p>\n<p>Con el masterclass ELIMINA LA EYACULACI\u00d3N PRECOZ Y MEJORA TU ERECCI\u00d3N podr\u00e1s tener control sobre tu eyaculaci\u00f3n y tu erecci\u00f3n, y as\u00ed disfrutar plenamente de tu relaci\u00f3n.<\/p>\n<p>\u00bfQU\u00c9 VAS A LOGRAR?<\/p>\n<p>Entender\u00e1s las razones por las cuales est\u00e1s padeciendo eyaculaci\u00f3n precoz y disfunci\u00f3n er\u00e9ctil.<\/p>\n<p>Aprender\u00e1s a gobernar tu cuerpo y tu mente para poder tener el control de tu eyaculaci\u00f3n.<\/p>\n<p>Te librar\u00e1s de inseguridades que te impiden disfrutar tu sexualidad y complacer a tu pareja.<\/p>\n<p>Obtendr\u00e1s t\u00e9cnicas que te permitir\u00e1n retrasar la eyaculaci\u00f3n y convertirte en un hombre multiorg\u00e1smico.<\/p>\n<p>Nunca m\u00e1s tendr\u00e1s miedo ni ansiedad en un encuentro sexual.<\/p>\n<p>Acceder\u00e1s al certificado avalado por Hotmart y Seminarios Online.<\/p>\n<p>\u00bfC\u00d3MO LO VAS A LOGRAR?<\/p>\n<p>A trav\u00e9s del siguiente contenido, estructurado paso a paso:<\/p>\n<p>M\u00f3dulo No.1 (CORE) PUV<\/p>\n<p>Introducci\u00f3n<br \/>\n\u00bfQu\u00e9 es la E.P. y la D.E. y c\u00f3mo afecta a los hombres?<br \/>\nJustificaci\u00f3n<br \/>\nRompiendo mitos sexuales<br \/>\nIdentif\u00edcate con Criss<br \/>\nSituaciones embarazosas en la cama<br \/>\nPaso No.1 Una mentalidad ganadora<br \/>\nPaso No.2 \u00bfPor qu\u00e9 eyaculo tan r\u00e1pido?<br \/>\nPaso No.3 \u00bfCu\u00e1l es el tiempo normal de la eyaculaci\u00f3n?<br \/>\nPaso No.4 Nuestro amigo \u201cel cerebro\u201d<br \/>\nPaso No.5 Conociendo nuestro aliado \u201cel pene\u201d<br \/>\nPaso No.6 Dominando nuestra mente masculina<br \/>\nPaso No.7 Mindfullsex<br \/>\nPaso No.8 Eyaculaci\u00f3n vs orgasmo (La peque\u00f1a muerte)<br \/>\nPaso No.9 Tu energ\u00eda sexual lo m\u00e1s sagrado<br \/>\nPaso No.10 Domina tu excitaci\u00f3n sexual<br \/>\nPaso No.11 Todo sobre la eyaculaci\u00f3n controlada<br \/>\nPaso No.12 Orgasmo eyaculatorio vs Orgasmo consciente<\/p>\n<p>M\u00f3dulo No.2 (Parte pr\u00e1ctica)<\/p>\n<p>Los ejercicios de respiraci\u00f3n<br \/>\nLos ejercicios de suelo p\u00e9lvico<br \/>\nSiempre pract\u00edcalo mientras orinas<br \/>\nPractica contigo mismo<br \/>\nAutoafirmaciones<br \/>\nMeditaci\u00f3n guiada de empoderamiento sexual masculino<\/p>\n<p>M\u00f3dulo No.3 (Material adicional &#8211; BONOS)<\/p>\n<p>Ejerc\u00edtate para ser mejor amante<br \/>\nLa dieta del sexo<br \/>\nLas drogas y la sexualidad masculina<\/p>\n<p>M\u00f3dulo No.4 (Video respuestas)<\/p>\n<p>Preguntas y respuestas<\/p>\n<p>ACERCA DEL PRODUCTOR<\/p>\n<p>Desarrollado por CRISS ZULETA, psic\u00f3logo con \u00e9nfasis en sexolog\u00eda, terapia de parejas y terapia sexual. <\/p>\n<p>En los \u00faltimos 3 a\u00f1os ha formado una comunidad en redes sociales de m\u00e1s de 50.000 personas que se est\u00e1n empoderando de su sexualidad.<\/p>\n<p>Ha venido desarrollando talleres, cursos, encuentros para parejas, charlas educativas relacionados con la sexualidad masculina y femenina. Llev\u00e1ndolas a tener una trasformaci\u00f3n duradera en sus relaciones sexo afectivas. <\/p>\n","protected":false},"excerpt":{"rendered":"<p>\u00bfSabias que existe un tratamiento muy efectivo para evitar la eyaculaci\u00f3n precoz y la disfunci\u00f3n er\u00e9ctil?<\/p>\n<p>Con el masterclass ELIMINA LA EYACULACI\u00d3N PRECOZ Y MEJORA TU ERECCI\u00d3N podr\u00e1s tener control sobre tu eyaculaci\u00f3n y tu erecci\u00f3n, y as\u00ed disfrutar plenamente de tu relaci\u00f3n.<\/p>\n","protected":false},"featured_media":5167,"template":"","meta":{"_joinchat":[]},"product_brand":[],"product_cat":[337,344],"product_tag":[],"class_list":{"0":"post-13541","1":"product","2":"type-product","3":"status-publish","4":"has-post-thumbnail","6":"product_cat-salud-y-deportes","7":"product_cat-todos","9":"first","10":"instock","11":"sale","12":"shipping-taxable","13":"product-type-external"},"_links":{"self":[{"href":"https:\/\/cursos.talentup.cl\/index.php?rest_route=\/wp\/v2\/product\/13541","targetHints":{"allow":["GET"]}}],"collection":[{"href":"https:\/\/cursos.talentup.cl\/index.php?rest_route=\/wp\/v2\/product"}],"about":[{"href":"https:\/\/cursos.talentup.cl\/index.php?rest_route=\/wp\/v2\/types\/product"}],"version-history":[{"count":2,"href":"https:\/\/cursos.talentup.cl\/index.php?rest_route=\/wp\/v2\/product\/13541\/revisions"}],"predecessor-version":[{"id":15064,"href":"https:\/\/cursos.talentup.cl\/index.php?rest_route=\/wp\/v2\/product\/13541\/revisions\/15064"}],"wp:featuredmedia":[{"embeddable":true,"href":"https:\/\/cursos.talentup.cl\/index.php?rest_route=\/wp\/v2\/media\/5167"}],"wp:attachment":[{"href":"https:\/\/cursos.talentup.cl\/index.php?rest_route=%2Fwp%2Fv2%2Fmedia&parent=13541"}],"wp:term":[{"taxonomy":"product_brand","embeddable":true,"href":"https:\/\/cursos.talentup.cl\/index.php?rest_route=%2Fwp%2Fv2%2Fproduct_brand&post=13541"},{"taxonomy":"product_cat","embeddable":true,"href":"https:\/\/cursos.talentup.cl\/index.php?rest_route=%2Fwp%2Fv2%2Fproduct_cat&post=13541"},{"taxonomy":"product_tag","embeddable":true,"href":"https:\/\/cursos.talentup.cl\/index.php?rest_route=%2Fwp%2Fv2%2Fproduct_tag&post=13541"}],"curies":[{"name":"wp","href":"https:\/\/api.w.org\/{rel}","templated":true}]}}