{"id":13576,"date":"2023-01-10T04:42:37","date_gmt":"2023-01-10T07:42:37","guid":{"rendered":"https:\/\/cursos.talentup.cl\/?post_type=product&#038;p=13576"},"modified":"2024-02-07T23:38:53","modified_gmt":"2024-02-08T02:38:53","slug":"helados-saludables-master","status":"publish","type":"product","link":"https:\/\/cursos.talentup.cl\/?product=helados-saludables-master","title":{"rendered":"HELADOS SALUDABLES MASTER"},"content":{"rendered":"<p>\u00bfQui\u00e9n no recuerda ese cremoso helado preferido de ni\u00f1o y que a\u00fan te encanta comer?<\/p>\n<p>Con el MASTER CLASS HELADOS SALUDABLES MASTER sin complicaciones desde casa, crear\u00e1s un postre cremoso, delicioso, sin gluten y que a trav\u00e9s de la alimentaci\u00f3n te permita elevar tu energ\u00eda vital, prevenir enfermedades, tanto en ni\u00f1os como adultos.<\/p>\n<p>Crear\u00e1s una oportunidad de negocios comercializando este tipo de postres tan demandados a nivel mundial y que aportan a tu salud.<\/p>\n<p>\u00bfQU\u00c9 VAS A LOGRAR?<\/p>\n<p>Elaborar\u00e1s desde cero, paso a paso y a tu ritmo suculentos y cremosos helados saludables  en diferentes formas.<\/p>\n<p>Crear\u00e1s Helados sin gluten, y en gran parte veganos teniendo la misma satisfacci\u00f3n de comer un helado tradicional, pero de manera saludable y sin culpa.<\/p>\n<p>Fusionar\u00e1s helados ricos y cremosos a postres fr\u00edos.<\/p>\n<p>Aprender\u00e1s a aplicar los secretos de la alquimia para transformar un helado saturado en grasas en un rico postre saludable para todas las edades.<\/p>\n<p>Disfrutar\u00e1s del sabor de uno de los postres m\u00e1s delicioso del mundo sin sentir culpa.<\/p>\n<p>Lograr\u00e1s que todos tus amigos y familia, ni\u00f1os y grandes quieran que les prepares los mejores postres y aportar beneficios a su salud.<\/p>\n<p>Conocer\u00e1s todos los ingredientes que puedes sustituir y convertir tu helado en un super alimento.<\/p>\n<p>Crear\u00e1s de esto un negocio rentable, con alta demanda a nivel mundial.<\/p>\n<p>Acceder\u00e1s al certificado avalado por Hotmart y Seminarios Online.<\/p>\n<p>\u00bfCOMO LO VAS A LOGRAR?<\/p>\n<p>A trav\u00e9s del siguiente contenido estructurado paso a paso:<\/p>\n<p>Video 1\tPresentaci\u00f3n y bienvenida.<br \/>\nVideo 2\tRecomendaciones iniciales y canal de telegram.<br \/>\nVideo 3\tIngredientes que necesitar\u00e1s.<br \/>\nVideo 4\tConsecuencias de una mala alimentaci\u00f3n.<br \/>\nVideo 5\tPreparemos helado de yogurt griego de vainilla.<br \/>\nVideo 6\tReceta de helado de yogurt y mango.<br \/>\nVideo 7\tHagamos una rica paleta de yogurt y maracuy\u00e1.<br \/>\nVideo 8\tQue tal una paleta de mora.<br \/>\nVideo 9\tRefrescante helado de coco.<br \/>\nVideo 10 Conozcamos los super alimentos y el helado de spirulina.<br \/>\nVideo 11 S\u00faper Alimentos 2: Paleta de c\u00farcuma y naranja.<br \/>\nVideo 12 S\u00faper Alimentos 3: Paleta de aloe y lim\u00f3n.<br \/>\nVideo 13 S\u00faper Alimentos 4: Helado magnum saludable.<br \/>\nVideo 14 C\u00f3mo hacer helado cremoso de fresa.<br \/>\nVideo 15 El m\u00e1s pedido: Helado cremoso de chocolate.<br \/>\nVideo 16 Hagamos helado cremoso de mora y coco.<br \/>\nVideo 17 Cremoso de mantequilla de man\u00ed y chocolate.<br \/>\nVideo 18 Cremoso de cacao y canela.<br \/>\nVideo 19 Helados cremosos refrigerados<br \/>\nVideo 20 Brownie saludable.<br \/>\nVideo 21 Brownie al gelato.<br \/>\nVideo 22 Galletas rellenas con helado.<br \/>\nVideo 23 Tartaletas con helado.<br \/>\nVideo 24 Bono I: Helados divertidos.<br \/>\nVideo 25 Bono II: Desayuno sorpresa.<br \/>\nVideo 26 Bono III: Emplatado elegante.<br \/>\nVideo 27 Bono IV: Tabla alqu\u00edmica de sustituciones.<br \/>\nVideo 28 Preguntas frecuentes.<\/p>\n<p>ACERCA DE LA PRODUCTORA<\/p>\n<p>Desarrollado por NATALIA ORAH, sobreviviente de C\u00e1ncer, lo que ha inspirado su trabajo ya que atribuye en gran parte su sanaci\u00f3n a la Alimentaci\u00f3n Alcalina.<\/p>\n<p>Chef Especialista en Alimentaci\u00f3n Alcalina, Energ\u00e9tica y Biofot\u00f3nica.<\/p>\n<p>Con m\u00e1s de 15 a\u00f1os de experiencia en Nutrici\u00f3n Saludable para ni\u00f1os y adultos.<\/p>\n<p>Certifica que este tipo de alimentaci\u00f3n ha ayudado a sanar a muchas otras personas de diferentes dolencias tanto en Latinoam\u00e9rica, Estados unidos y Europa y muchos de sus alumnos lo agradecen y dan su testimonio.<\/p>\n","protected":false},"excerpt":{"rendered":"<p>\u00bfQui\u00e9n no recuerda ese cremoso helado preferido de ni\u00f1o y que a\u00fan te encanta comer?<\/p>\n<p>Con el MASTER CLASS HELADOS SALUDABLES MASTER sin complicaciones desde casa, crear\u00e1s un postre cremoso, delicioso, sin gluten y que a trav\u00e9s de la alimentaci\u00f3n te permita elevar tu energ\u00eda vital, prevenir enfermedades, tanto en ni\u00f1os como adultos.<\/p>\n<p>Crear\u00e1s una oportunidad de negocios comercializando este tipo de postres tan demandados a nivel mundial y que aportan a tu salud.<\/p>\n","protected":false},"featured_media":5176,"template":"","meta":{"_joinchat":[]},"product_brand":[],"product_cat":[337,344],"product_tag":[],"class_list":{"0":"post-13576","1":"product","2":"type-product","3":"status-publish","4":"has-post-thumbnail","6":"product_cat-salud-y-deportes","7":"product_cat-todos","9":"first","10":"instock","11":"sale","12":"shipping-taxable","13":"product-type-external"},"_links":{"self":[{"href":"https:\/\/cursos.talentup.cl\/index.php?rest_route=\/wp\/v2\/product\/13576","targetHints":{"allow":["GET"]}}],"collection":[{"href":"https:\/\/cursos.talentup.cl\/index.php?rest_route=\/wp\/v2\/product"}],"about":[{"href":"https:\/\/cursos.talentup.cl\/index.php?rest_route=\/wp\/v2\/types\/product"}],"version-history":[{"count":2,"href":"https:\/\/cursos.talentup.cl\/index.php?rest_route=\/wp\/v2\/product\/13576\/revisions"}],"predecessor-version":[{"id":15073,"href":"https:\/\/cursos.talentup.cl\/index.php?rest_route=\/wp\/v2\/product\/13576\/revisions\/15073"}],"wp:featuredmedia":[{"embeddable":true,"href":"https:\/\/cursos.talentup.cl\/index.php?rest_route=\/wp\/v2\/media\/5176"}],"wp:attachment":[{"href":"https:\/\/cursos.talentup.cl\/index.php?rest_route=%2Fwp%2Fv2%2Fmedia&parent=13576"}],"wp:term":[{"taxonomy":"product_brand","embeddable":true,"href":"https:\/\/cursos.talentup.cl\/index.php?rest_route=%2Fwp%2Fv2%2Fproduct_brand&post=13576"},{"taxonomy":"product_cat","embeddable":true,"href":"https:\/\/cursos.talentup.cl\/index.php?rest_route=%2Fwp%2Fv2%2Fproduct_cat&post=13576"},{"taxonomy":"product_tag","embeddable":true,"href":"https:\/\/cursos.talentup.cl\/index.php?rest_route=%2Fwp%2Fv2%2Fproduct_tag&post=13576"}],"curies":[{"name":"wp","href":"https:\/\/api.w.org\/{rel}","templated":true}]}}