{"id":13577,"date":"2023-01-10T04:42:37","date_gmt":"2023-01-10T07:42:37","guid":{"rendered":"https:\/\/cursos.talentup.cl\/?post_type=product&#038;p=13577"},"modified":"2024-02-07T23:38:53","modified_gmt":"2024-02-08T02:38:53","slug":"patinaje-de-carreras-master","status":"publish","type":"product","link":"https:\/\/cursos.talentup.cl\/?product=patinaje-de-carreras-master","title":{"rendered":"PATINAJE DE CARRERAS MASTER"},"content":{"rendered":"<p>Eres un apasionado por la adrenalina, la velocidad, el recorrido en las calles en patines, o si simplemente te gustar\u00eda aprender a patinar, este MASTER CLASS PATINAJE DE CARRERAS MASTER es para ti.<\/p>\n<p>Aqu\u00ed aprender\u00e1s a reconocer, a adaptarte, a desplazarte en tus patines, Aprender\u00e1s a realizar m\u00faltiples habilidades que te ayudaran a superar diferentes situaciones, como esquivar un obst\u00e1culo, subir un and\u00e9n, rodar en una pista de patinaje, y mucho m\u00e1s.<\/p>\n<p>\u00bfQU\u00c9 VAS A LOGRAR?<\/p>\n<p>Entender\u00e1s y ejecutar\u00e1s los diferentes ejercicios planteados en el curso por medio de la ense\u00f1anza te\u00f3rico-pr\u00e1ctica y audiovisual.<\/p>\n<p>Realizar\u00e1s habilidades b\u00e1sicas y complejas en patines.<\/p>\n<p>Entender\u00e1s el \u00bfPor qu\u00e9? Y \u00bfPara qu\u00e9? Sirve cada ejercicio planteado en el curso.<\/p>\n<p>Realizar\u00e1s t\u00e9cnica b\u00e1sica de patinaje de carreras.<\/p>\n<p>Entender\u00e1s la ejecuci\u00f3n adecuada de cada ejercicio para evitar lesiones y ca\u00eddas.<\/p>\n<p>Aprender\u00e1s a patinar de una forma segura, si ayuda.<\/p>\n<p>Desarrollar\u00e1s confianza y seguridad sobre ruedas.<\/p>\n<p>Desarrollar\u00e1s capacidades en los patines para superar diferentes situaciones u obst\u00e1culos ejemplo: Subir un and\u00e9n, esquivar un hueco, saltar un obst\u00e1culo, etc.<\/p>\n<p>Acceder\u00e1s al certificado avalado por Hotmart y Seminarios Online.<\/p>\n<p>\u00bfC\u00d3MO LO VAS A LOGRAR?<\/p>\n<p>A trav\u00e9s del siguiente paso a paso:<\/p>\n<p>INTRODUCCI\u00d3N<\/p>\n<p>Video 1\tIntroducci\u00f3n al mundo del patinaje. <\/p>\n<p>M\u00f3dulo 1 <\/p>\n<p>Video 2\tFamiliarizaci\u00f3n.<br \/>\nVideo 3\tConfianza en dos patines.<br \/>\nVideo 4\tConfianza en dos patines #2.<br \/>\nVideo 5\tPrimeros pasos.<br \/>\nVideo 6\tBraceo.<br \/>\nVideo 7\tLevantamiento.<\/p>\n<p>M\u00f3dulo 2 <\/p>\n<p>Video 8\tCarrito b\u00e1sico.<br \/>\nVideo 9\tZig zag.<br \/>\nVideo 10 Giros.<br \/>\nVideo 11 Levantamiento pat\u00edn.<br \/>\nVideo 12 Desaceleraci\u00f3n.<\/p>\n<p>M\u00f3dulo 3<\/p>\n<p>Video 13 Carrito medio # 2.<br \/>\nVideo 14 Slalom.<br \/>\nVideo 15 Zigzag # 2.<br \/>\nVideo 16 Globitos.<br \/>\nVideo 17 Gruya.<br \/>\nVideo 18 Motico.<br \/>\nVideo 19 Patineta.<br \/>\nVideo 20 Freno en globo.<br \/>\nVideo 21 Freno en rapaje.<br \/>\nVideo 22 Frenado en T.<br \/>\nVideo 23 Saltos.<br \/>\nVideo 24 Patinar hacia atr\u00e1s.<br \/>\nVideo 25 Salto hacia atr\u00e1s.<br \/>\nVideo 26 Giros sin levantamiento de pat\u00edn.<br \/>\nVideo 27 Giros en A.<br \/>\nVideo 28 Carrito bajo.<\/p>\n<p>M\u00f3dulo 4<\/p>\n<p>Video 29 Posici\u00f3n.<br \/>\nVideo 30 Braceo.<br \/>\nVideo 31 Empuje y Recobro.<br \/>\nVideo 32 Trenzado.<br \/>\nVideo 33 Mantenimiento de patines.<br \/>\nVideo 34 Recomendaciones.<br \/>\nVideo 35 Creaci\u00f3n sesi\u00f3n de patinaje 1.<br \/>\nVideo 36 Creaci\u00f3n sesi\u00f3n de patinaje 2.<br \/>\nVideo 37 Creaci\u00f3n sesi\u00f3n de patinaje 3.<\/p>\n<p>ACERCA DEL PRODUCTOR<\/p>\n<p>Desarrollado por ALEJANDRO VELASCO, estudiante de entrenamiento deportivo y adem\u00e1s de ello soy mercad\u00f3logo, cumplo la funci\u00f3n de entrenador deportivo hace casi 6 a\u00f1os en la cual se ha enfocado en el patinaje de carreras con diferentes categor\u00edas, desde el nivel de ni\u00f1os en iniciaci\u00f3n hasta el nivel de deportistas de rendimiento.<\/p>\n<p>Ha manejado deportistas entre los 4 a los 40 a\u00f1os.<\/p>\n<p>Director y fundador del club de patinaje Dynasty Skaters.<\/p>\n<p>Lleva practicando esta disciplina deportiva hace 9 a\u00f1os, en la cual se enfoc\u00f3 m\u00e1s en la ense\u00f1anza del deporte, compiti\u00f3 durante algunos a\u00f1os, hoy con este curso quiere motivarte y ofrecerte una herramienta para que aprendas este deporte, una herramienta la cual tendr\u00e1s acceso en cualquier momento.<\/p>\n","protected":false},"excerpt":{"rendered":"<p>Eres un apasionado por la adrenalina, la velocidad, el recorrido en las calles en patines, o si simplemente te gustar\u00eda aprender a patinar, este MASTER CLASS PATINAJE DE CARRERAS MASTER es para ti.<\/p>\n<p>Aqu\u00ed aprender\u00e1s a reconocer, a adaptarte, a desplazarte en tus patines, Aprender\u00e1s a realizar m\u00faltiples habilidades que te ayudaran a superar diferentes situaciones, como esquivar un obst\u00e1culo, subir un and\u00e9n, rodar en una pista de patinaje, y mucho m\u00e1s.<\/p>\n","protected":false},"featured_media":5177,"template":"","meta":{"_joinchat":[]},"product_brand":[],"product_cat":[337,344],"product_tag":[],"class_list":{"0":"post-13577","1":"product","2":"type-product","3":"status-publish","4":"has-post-thumbnail","6":"product_cat-salud-y-deportes","7":"product_cat-todos","9":"first","10":"instock","11":"sale","12":"shipping-taxable","13":"product-type-external"},"_links":{"self":[{"href":"https:\/\/cursos.talentup.cl\/index.php?rest_route=\/wp\/v2\/product\/13577","targetHints":{"allow":["GET"]}}],"collection":[{"href":"https:\/\/cursos.talentup.cl\/index.php?rest_route=\/wp\/v2\/product"}],"about":[{"href":"https:\/\/cursos.talentup.cl\/index.php?rest_route=\/wp\/v2\/types\/product"}],"version-history":[{"count":2,"href":"https:\/\/cursos.talentup.cl\/index.php?rest_route=\/wp\/v2\/product\/13577\/revisions"}],"predecessor-version":[{"id":15074,"href":"https:\/\/cursos.talentup.cl\/index.php?rest_route=\/wp\/v2\/product\/13577\/revisions\/15074"}],"wp:featuredmedia":[{"embeddable":true,"href":"https:\/\/cursos.talentup.cl\/index.php?rest_route=\/wp\/v2\/media\/5177"}],"wp:attachment":[{"href":"https:\/\/cursos.talentup.cl\/index.php?rest_route=%2Fwp%2Fv2%2Fmedia&parent=13577"}],"wp:term":[{"taxonomy":"product_brand","embeddable":true,"href":"https:\/\/cursos.talentup.cl\/index.php?rest_route=%2Fwp%2Fv2%2Fproduct_brand&post=13577"},{"taxonomy":"product_cat","embeddable":true,"href":"https:\/\/cursos.talentup.cl\/index.php?rest_route=%2Fwp%2Fv2%2Fproduct_cat&post=13577"},{"taxonomy":"product_tag","embeddable":true,"href":"https:\/\/cursos.talentup.cl\/index.php?rest_route=%2Fwp%2Fv2%2Fproduct_tag&post=13577"}],"curies":[{"name":"wp","href":"https:\/\/api.w.org\/{rel}","templated":true}]}}