{"id":13580,"date":"2023-01-10T04:42:37","date_gmt":"2023-01-10T07:42:37","guid":{"rendered":"https:\/\/cursos.talentup.cl\/?post_type=product&#038;p=13580"},"modified":"2024-02-07T23:38:53","modified_gmt":"2024-02-08T02:38:53","slug":"guia-para-un-aliento-fresco","status":"publish","type":"product","link":"https:\/\/cursos.talentup.cl\/?product=guia-para-un-aliento-fresco","title":{"rendered":"GU\u00cdA PARA UN ALIENTO FRESCO"},"content":{"rendered":"<p>Si no conoces de halitosis y c\u00f3mo se soluciona, el MASTER CLASS GU\u00cdA PARA UN ALIENTO FRESCO, es para ti.<\/p>\n<p>Conocer\u00e1s de manera ci\u00e9ntifica y probada que tener un aliento fresco es posible para tu bienestar bio-sico-social.<\/p>\n<p>Adem\u00e1s, conocer\u00e1s sus causas, s\u00edntomas y la mejor manera de tratarla mejorando tu calidad de vida y aumentando tu autoestima.<\/p>\n<p>\u00bfQU\u00c9 VAS A LOGRAR?<\/p>\n<p>Conocer\u00e1s porqu\u00e9 tienes halitosis y c\u00f3mo solucionarlo. (Ir a la ra\u00edz del problema).<\/p>\n<p>Lograr\u00e1s con una metodolog\u00eda cient\u00edficamente probada que tener un aliento fresco es posible para tu bienestar bio-sico-social. <\/p>\n<p>Conocer\u00e1s qu\u00e9 es la halitosis, causas, s\u00edntomas y la mejor manera de tratarla a trav\u00e9s de una gu\u00eda pr\u00e1ctica paso a paso. <\/p>\n<p>Conocer\u00e1s qu\u00e9 es el tab\u00fa y como evitarlo en la halitosis. <\/p>\n<p>Conocer\u00e1s qu\u00e9 la halitosis puede ser tratada con \u00e9xito. <\/p>\n<p>Mejorar\u00e1s tu calidad de vida aumentando tu autoestima. <\/p>\n<p>Ayudar\u00e1s a promover que la halitosis es una enfermedad socialmente comprendida y reconocida. <\/p>\n<p>Ayudar\u00e1s a m\u00e9dicos, dentistas, higienista dental a trav\u00e9s de un protocolo m\u00e9dico-paciente a tratar a estos pacientes y sus familiares. <\/p>\n<p>Acceder\u00e1s al certificado avalado por Hotmart y Seminarios Online.<\/p>\n<p>\u00bfC\u00d3MO LO VAS A LOGRAR?<\/p>\n<p>A trav\u00e9s del siguiente contenido estructurado paso a paso:<\/p>\n<p>Modulo 1<\/p>\n<p>Video 1: Bienvenida.<br \/>\nVideo 2: Presentaci\u00f3n. Quien soy, mi experiencia y logros.<br \/>\nVideo 3: Lo que vas a aprender, c\u00f3mo lo vas a lograr y emprender.<br \/>\nVideo 4: Importancia de conocer y tratar la halitosis.<br \/>\nVideo 5: Marco hist\u00f3rico. Investigaciones m\u00e1s relevantes sobre la halitosis.<br \/>\nVideo 6: Concepto de halitosis o mal aliento.<br \/>\nVideo 7: Causas del mal aliento o halitosis.<br \/>\nVideo 8. C\u00f3mo diagnosticar la halitosis.<br \/>\nVideo 9: S\u00edntomas del mal aliento.<br \/>\nVideo 10: C\u00f3mo diagnosticar la halitosis.<br \/>\nVideo 11: M\u00e9todo m\u00e1s adecuado para tratar la halitosis.<br \/>\nVideo 12: Qu\u00e9 es tab\u00fa y como evitarlo en la halitosis.<br \/>\nVideo 13: C\u00f3mo elevar autoestima producto de la halitosis.<\/p>\n<p>Modulo 2. <\/p>\n<p>Video 1: Introducci\u00f3n.<br \/>\nVideo 2: Paso 1. Concierte o acuerde una cita con su dentista.<br \/>\nVideo 3: Paso 2. C\u00f3mo mejorar su higiene oral o bucal.<br \/>\nVideo 4: Paso 3. C\u00f3mo detectar mal aliento que provienen de infecciones bucales y problemas de la enc\u00eda.<br \/>\nVideo 5: Paso 4. Realice el test de halitosis A para detectar e identificar mal aliento de infecciones y problemas bucales.<br \/>\nVideo 6: Paso 5. C\u00f3mo reconocer una lengua poco saludable.<br \/>\nVideo 7: Paso 6. Realice el test de halitosis B para identificar mal aliento de la lengua.<br \/>\nVideo 8: Paso 7. C\u00f3mo identificar y tratar la boca seca o xerostom\u00eda.<br \/>\nVideo 9: Paso 8. Acude a esa importante cita con tu dentista.<br \/>\nVideo 10: Paso 9. Realiza los tratamientos dentales pertinentes.<br \/>\nVideo 11: Paso 10. Despu\u00e9s del tratamiento dental. Repita el test de halitosis  A y B.<br \/>\nVideo 12: Paso 11. C\u00f3mo identificar el mal aliento que proviene de la v\u00eda respiratoria alta. Senos nasales, goteo post nasal y rinitis.<br \/>\nVideo 13: Paso 12. Realice el test de halitosis C para identificar mal aliento de senos paranasales.<br \/>\nVideo 14: Paso 13. C\u00f3mo tratar las infecciones en los senos nasales, rinitis y goteo post nasal.<br \/>\nVideo 15: Paso 14. Irrigador nasal. \u00bfQu\u00e9 es Instrucciones, sugerencias y consejos?<br \/>\nVideo 16: Paso 15. C\u00f3mo utilizar los distintos tipos de irrigadores nasales en 7 pasos.<br \/>\nVideo 17: Paso 16. C\u00f3mo identificar Infecciones en la garganta, tonsilolitos, c\u00e1lculos de las am\u00edgdalas o bolitas blancas.<br \/>\nVideo 18: Paso 17. C\u00f3mo prevenir la formaci\u00f3n de tonsilolitos y reducir su frecuencia.<br \/>\nVideo 19: Paso 18. C\u00f3mo extraer los tonsilolitos en casa. M\u00e9todos eficaces.<br \/>\nVideo 20: Paso 19. Realice el test de halitosis D para identificar mal aliento que provienen de la garganta.<br \/>\nVideo 21: Paso 20. C\u00f3mo identificar y tratar Infecciones por hongos o micosis.<br \/>\nVideo 22: Paso 21. Realice el test de halitosis E para identificar mal aliento por hongos o micosis.<br \/>\nVideo 23: Paso 22. Acuda a la importante cita con el otorrinolaring\u00f3logo.<br \/>\nVideo 24: Paso 23. Repita el test de halitosis C, D y E.<br \/>\nVideo 25: Paso 24. Halitosis por otras causas. Halitosis en diab\u00e9ticos por estr\u00e9s, alimentaci\u00f3n, dieta de origen renal, del h\u00edgado y el est\u00f3mago.<br \/>\nVideo 26: Paso 25. C\u00f3mo combatir la halitosis temporalmente con enjuagues, prebi\u00f3ticos orales y otros remedios.<\/p>\n<p>Modulo 3<\/p>\n<p>Video 1: Introducci\u00f3n. Modulo 3. Protocolo m\u00e9dico odontol\u00f3gico. Para asistentes dentales o higienistas dentales, odont\u00f3logos y m\u00e9dicos.<br \/>\nVideo 2: C\u00f3mo desarrollar tu marca personal.<br \/>\nVideo 3: C\u00f3mo detectar posibles pacientes clientes.<br \/>\nVideo 4: C\u00f3mo est\u00e1 emocionalmente tu paciente cliente.<br \/>\nVideo 5: Qu\u00e9 herramientas b\u00e1sicas debes de tener a la mano para atender y tratar a tu paciente.<br \/>\nVideo 6: C\u00f3mo encontrar posibles pacientes clientes usando redes sociales.<br \/>\nVideo 7: C\u00f3mo establecer estrategias de asociaci\u00f3n y con quien asociarse para la mejor atenci\u00f3n de tu paciente cliente.<br \/>\nVideo 8: Qu\u00e9 producto, infoproducto o servicios puedes ofrecerles a tus pacientes clientes.<br \/>\nVideo 9: C\u00f3mo apalancarse de empresas establecidas para la venta de tus productos a tus clientes y ganar una comisi\u00f3n.<br \/>\nVideo 10: Qu\u00e9 productos de Amazon les puedes ofrecer a tus clientes.<br \/>\nVideo 11: C\u00f3mo buscar productos vendibles en Alibaba para tus clientes.<\/p>\n<p>Modulo 4<\/p>\n<p>Material Complementario Carpeta. 3 reportes de odontolog\u00eda para Pacientes en formato PDF. <\/p>\n<p>Conquista el dolor de muelas con remedios caseros.<br \/>\nDientes sensibles Maneras infalibles de reducir y eliminar las molestias.<br \/>\nTodo lo que debes saber sobre gingivitis, diabetes. <\/p>\n<p>Carpeta. Informaci\u00f3n tratamientos y costos del instituto del aliento. <\/p>\n<p>INFO-Tratamiento y costos del instituto del aliento.<\/p>\n<p>Carpeta con 4 PDF. Irrigadores nasales, dentales. Probi\u00f3ticos y estimulantes de la saliva para la boca seca.<\/p>\n<p>Estimulantes de la saliva para boca seca.<br \/>\nIrrigadores dentales recomendados.<br \/>\nIrrigadores nasales.<br \/>\nProductos con probi\u00f3ticos.<\/p>\n<p>Carpeta Con 5 PDF. Test de halitosis a realizar. <\/p>\n<p>Test de halitosis A.<br \/>\nTest de halitosis B.<br \/>\nTest de halitosis C.<br \/>\nTest de halitosis D.<br \/>\nTest de halitosis E.<\/p>\n<p>Video del material complementario.<\/p>\n<p>Recomendado el instituto del aliento para hacer prueba de halitosis ONLINE a trav\u00e9s de la telemedicina.  <\/p>\n<p>ACERCA DEL PRODUCTOR <\/p>\n<p>Desarrollado por EDGLY ARNAO VELEZQUEZ. <\/p>\n<p>\u25cf Dr. En estomatolog\u00eda (Dentista).<br \/>\n\u25cf Especialista 1.er grado en Estomatolog\u00eda General Integral.<br \/>\n\u25cf Con m\u00e1s de 25 a\u00f1os de experiencia de trabajo ininterrumpido.<br \/>\n\u25cf Laborado en diferentes pa\u00edses<br \/>\n\u25cf Ayudado a m\u00e1s de 250 000 pacientes a lograr salud bucal plena.<br \/>\n\u25cf Docente.<br \/>\n\u25cf Investigador.<br \/>\n\u25cf Cubano. Amante de los negocios online y el f\u00fatbol.<\/p>\n","protected":false},"excerpt":{"rendered":"<p>Si no conoces de halitosis y c\u00f3mo se soluciona, el MASTER CLASS GU\u00cdA PARA UN ALIENTO FRESCO, es para ti.<\/p>\n<p>Conocer\u00e1s de manera ci\u00e9ntifica y probada que tener un aliento fresco es posible para tu bienestar bio-sico-social.<\/p>\n<p>Adem\u00e1s, conocer\u00e1s sus causas, s\u00edntomas y la mejor manera de tratarla mejorando tu calidad de vida y aumentando tu autoestima.<\/p>\n","protected":false},"featured_media":5181,"template":"","meta":{"_joinchat":[]},"product_brand":[],"product_cat":[337,344],"product_tag":[],"class_list":{"0":"post-13580","1":"product","2":"type-product","3":"status-publish","4":"has-post-thumbnail","6":"product_cat-salud-y-deportes","7":"product_cat-todos","9":"first","10":"instock","11":"sale","12":"shipping-taxable","13":"product-type-external"},"_links":{"self":[{"href":"https:\/\/cursos.talentup.cl\/index.php?rest_route=\/wp\/v2\/product\/13580","targetHints":{"allow":["GET"]}}],"collection":[{"href":"https:\/\/cursos.talentup.cl\/index.php?rest_route=\/wp\/v2\/product"}],"about":[{"href":"https:\/\/cursos.talentup.cl\/index.php?rest_route=\/wp\/v2\/types\/product"}],"version-history":[{"count":2,"href":"https:\/\/cursos.talentup.cl\/index.php?rest_route=\/wp\/v2\/product\/13580\/revisions"}],"predecessor-version":[{"id":15078,"href":"https:\/\/cursos.talentup.cl\/index.php?rest_route=\/wp\/v2\/product\/13580\/revisions\/15078"}],"wp:featuredmedia":[{"embeddable":true,"href":"https:\/\/cursos.talentup.cl\/index.php?rest_route=\/wp\/v2\/media\/5181"}],"wp:attachment":[{"href":"https:\/\/cursos.talentup.cl\/index.php?rest_route=%2Fwp%2Fv2%2Fmedia&parent=13580"}],"wp:term":[{"taxonomy":"product_brand","embeddable":true,"href":"https:\/\/cursos.talentup.cl\/index.php?rest_route=%2Fwp%2Fv2%2Fproduct_brand&post=13580"},{"taxonomy":"product_cat","embeddable":true,"href":"https:\/\/cursos.talentup.cl\/index.php?rest_route=%2Fwp%2Fv2%2Fproduct_cat&post=13580"},{"taxonomy":"product_tag","embeddable":true,"href":"https:\/\/cursos.talentup.cl\/index.php?rest_route=%2Fwp%2Fv2%2Fproduct_tag&post=13580"}],"curies":[{"name":"wp","href":"https:\/\/api.w.org\/{rel}","templated":true}]}}