{"id":13584,"date":"2023-01-10T04:42:37","date_gmt":"2023-01-10T07:42:37","guid":{"rendered":"https:\/\/cursos.talentup.cl\/?post_type=product&#038;p=13584"},"modified":"2024-02-07T23:38:53","modified_gmt":"2024-02-08T02:38:53","slug":"preparacion-psicoprofilactica-para-futuros-padres","status":"publish","type":"product","link":"https:\/\/cursos.talentup.cl\/?product=preparacion-psicoprofilactica-para-futuros-padres","title":{"rendered":"PREPARACI\u00d3N PSICOPROFIL\u00c1CTICA PARA FUTUROS PADRES"},"content":{"rendered":"<p>Uno de los estados m\u00e1s complejos de la mujer es el embarazo.<\/p>\n<p>Buscamos mil formas de reducir la tensi\u00f3n o eliminar el estr\u00e9s de la mujer y su pareja.<\/p>\n<p>Con el MasterClass PREPARACI\u00d3N PSICOPROFIL\u00c1CTICA PARA FUTUROS PADRES, conoce todo sobre la gestaci\u00f3n, las transformaciones f\u00edsicas, psicol\u00f3gicas y hormonales para vivir a conciencia esta incre\u00edble etapa.<\/p>\n<p>Aprende sobre las se\u00f1ales de alarma y realiza los ajustes en la prevenci\u00f3n de posibles complicaciones.<\/p>\n<p>Visualiza el maravilloso momento del nacimiento y accede a una gu\u00eda completa para reducir los riesgos antes, durante y despu\u00e9s del embarazo.<\/p>\n<p>\u00bfQU\u00c9 VAS A LOGRAR?<\/p>\n<p>1. Conocer\u00e1s todo a cerca de la gestaci\u00f3n, sus trasformaciones, manejo y preparaci\u00f3n, reflejada en  la culminaci\u00f3n exitosa de esta maravillosa etapa. <\/p>\n<p>2. Aprender\u00e1s de manera ordenada la secuencia de los cambios a los que una mujer tiene durante la gestaci\u00f3n, alertando cuales son las se\u00f1ales de alarma para realizar la intervenci\u00f3n oportuna por parte del personal de salud  y realizar los ajustes en la prevenci\u00f3n de posibles complicaciones. <\/p>\n<p>3. Aprender\u00e1s a convivir maternalmente con todos esos cambios incomodos que genera el estar embarazada para llevarlo como una experiencia plena y placentera. <\/p>\n<p>4. Obtendr\u00e1s una gran gu\u00eda reflejada en la disminuci\u00f3n en porcentajes de las complicaciones antes, durante y despu\u00e9s de la gestaci\u00f3n.<\/p>\n<p>5. Visualizar\u00e1s este proceso maravilloso como lo es la gestaci\u00f3n, parto y nacimiento.<\/p>\n<p>6. Acceder\u00e1s al certificado avalado por Hotmart y Seminarios OnLine.<\/p>\n<p>\u00bfC\u00d3MO LO VAS A LOGRAR?<\/p>\n<p>A trav\u00e9s del siguiente contenido estructurado paso a paso:<\/p>\n<p>Video 1: Introducci\u00f3n.<br \/>\nVideo 2: Recomendaciones generales.<br \/>\nVideo 3: Recomendaciones especiales.<br \/>\nVideo 4: Compromisos durante el embarazo.<br \/>\nVideo 5: Gestaci\u00f3n: primeras acciones.<br \/>\nVideo 6: Desarrollo embrionario.<br \/>\nVideo 7: Desarrollo embrionario.<br \/>\nVideo 8: Signos de alarma: controles m\u00e9dicos.<br \/>\nVideo 9: Cambios f\u00edsicos.<br \/>\nVideo 10: Cambios musculo esquel\u00e9tico.<br \/>\nVideo 11: Cambios gastro intestinales.<br \/>\nVideo 12: Estimulaci\u00f3n intrauterina.<br \/>\nVideo 13: Cambios comportamentales.<br \/>\nVideo 14: Resumen cambios.<br \/>\nVideo 15: Cambios hormonales.<br \/>\nVideo 16: Alimentaci\u00f3n durante el embarazo.<br \/>\nVideo 17: Parto: alistamiento.<br \/>\nVideo 18: Parto: ejercicios de respiraci\u00f3n.<br \/>\nVideo 19: Parto: semana 36 cambios y manejo.<br \/>\nVideo 20: Parto: ejercicio perineal.<br \/>\nVideo 21: Parto: ejercicios f\u00edsicos.<br \/>\nVideo 22: Parto: video resumen.<br \/>\nVideo 23: Parto: inicio trabajo de parto.<br \/>\nVideo 24: Parto: nacimiento. Video parto real.<\/p>\n<p>ACERCA DE LA PRODUCTORA<\/p>\n<p>Desarrollado por FABIOLA GONZALEZ TAMAYO graduada con t\u00edtulo de Enfermera Profesional de la Universidad FUNDACION UNIVERSITARIA DEL AREA ANDINA, Pereira.<\/p>\n<p>Enfermera jefa con 17 a\u00f1os de experiencia que incluye: Manejo de programas de prevenci\u00f3n y promoci\u00f3n.<\/p>\n<p>L\u00edder del Programa Materno-Perinatal, Certificada en las \u00e1reas requeridas, integrante activa de los Comit\u00e9s de Calidad Institucional, manejo del programa VIH materno. <\/p>\n<p>Realizadora de todos los Talleres del Curso Psicoprofil\u00e1ctico de la IPS ESIMED.<\/p>\n<p>Realizaci\u00f3n TRIAGE servicio de urgencias, talleres y capacitaciones a empresas.<\/p>\n","protected":false},"excerpt":{"rendered":"<p>Uno de los estados m\u00e1s complejos de la mujer es el embarazo.<\/p>\n<p>Buscamos mil formas de reducir la tensi\u00f3n o eliminar el estr\u00e9s de la mujer y su pareja.<\/p>\n<p>Con el MasterClass PREPARACI\u00d3N PSICOPROFIL\u00c1CTICA PARA FUTUROS PADRES, conoce todo sobre la gestaci\u00f3n, las transformaciones f\u00edsicas, psicol\u00f3gicas y hormonales para vivir a conciencia esta incre\u00edble etapa.<\/p>\n<p>Aprende sobre las se\u00f1ales de alarma y realiza los ajustes en la prevenci\u00f3n de posibles complicaciones.<\/p>\n<p>Visualiza el maravilloso momento del nacimiento y accede a una gu\u00eda completa para reducir los riesgos antes, durante y despu\u00e9s del embarazo.<\/p>\n","protected":false},"featured_media":5185,"template":"","meta":{"_joinchat":[]},"product_brand":[],"product_cat":[337,344],"product_tag":[],"class_list":{"0":"post-13584","1":"product","2":"type-product","3":"status-publish","4":"has-post-thumbnail","6":"product_cat-salud-y-deportes","7":"product_cat-todos","9":"first","10":"instock","11":"sale","12":"shipping-taxable","13":"product-type-external"},"_links":{"self":[{"href":"https:\/\/cursos.talentup.cl\/index.php?rest_route=\/wp\/v2\/product\/13584","targetHints":{"allow":["GET"]}}],"collection":[{"href":"https:\/\/cursos.talentup.cl\/index.php?rest_route=\/wp\/v2\/product"}],"about":[{"href":"https:\/\/cursos.talentup.cl\/index.php?rest_route=\/wp\/v2\/types\/product"}],"version-history":[{"count":2,"href":"https:\/\/cursos.talentup.cl\/index.php?rest_route=\/wp\/v2\/product\/13584\/revisions"}],"predecessor-version":[{"id":15082,"href":"https:\/\/cursos.talentup.cl\/index.php?rest_route=\/wp\/v2\/product\/13584\/revisions\/15082"}],"wp:featuredmedia":[{"embeddable":true,"href":"https:\/\/cursos.talentup.cl\/index.php?rest_route=\/wp\/v2\/media\/5185"}],"wp:attachment":[{"href":"https:\/\/cursos.talentup.cl\/index.php?rest_route=%2Fwp%2Fv2%2Fmedia&parent=13584"}],"wp:term":[{"taxonomy":"product_brand","embeddable":true,"href":"https:\/\/cursos.talentup.cl\/index.php?rest_route=%2Fwp%2Fv2%2Fproduct_brand&post=13584"},{"taxonomy":"product_cat","embeddable":true,"href":"https:\/\/cursos.talentup.cl\/index.php?rest_route=%2Fwp%2Fv2%2Fproduct_cat&post=13584"},{"taxonomy":"product_tag","embeddable":true,"href":"https:\/\/cursos.talentup.cl\/index.php?rest_route=%2Fwp%2Fv2%2Fproduct_tag&post=13584"}],"curies":[{"name":"wp","href":"https:\/\/api.w.org\/{rel}","templated":true}]}}