{"id":13586,"date":"2023-01-10T04:42:37","date_gmt":"2023-01-10T07:42:37","guid":{"rendered":"https:\/\/cursos.talentup.cl\/?post_type=product&#038;p=13586"},"modified":"2024-02-07T23:38:53","modified_gmt":"2024-02-08T02:38:53","slug":"ayurveda-para-el-autoconocimiento","status":"publish","type":"product","link":"https:\/\/cursos.talentup.cl\/?product=ayurveda-para-el-autoconocimiento","title":{"rendered":"AYURVEDA PARA EL AUTOCONOCIMIENTO"},"content":{"rendered":"<p>\u00bfQuieres tener claridad sobre tu personalidad, estado f\u00edsico y cu\u00e1les alimentos son los que te ayudan a tener una vida en equilibrio?<\/p>\n<p>Con el MasterClass AYURVEDA PARA EL AUTOCONOCIMIENTO, aprende una sabidur\u00eda milenaria desarrollada por los grandes Maestros de la india a partir del Yoga.<\/p>\n<p>Recon\u00e9ctate para que tengas una vida m\u00e1s sana y plena. <\/p>\n<p>Con una gu\u00eda de autodiagn\u00f3stico, descubre la enfermedad que padeces para saber c\u00f3mo corregirla.<\/p>\n<p>Conoce los alimentos y los ejercicios que te llevan a encontrar ese balance ideal entre la mente y el cuerpo.<\/p>\n<p>\u00bfQU\u00c9 VAS A LOGRAR?<\/p>\n<p>Aprender\u00e1s (Autoconocimiento) c\u00f3mo eres seg\u00fan el ayurveda y esas caracter\u00edsticas que te hacen \u00fanico y c\u00f3mo sacarle el mayor provecho.<\/p>\n<p>Conocer\u00e1s cu\u00e1l es tu dosha o personalidad en el ayurveda. Incluye un Dosha Test y y una gu\u00eda de las diferentes personalidades.<\/p>\n<p>Conocer\u00e1s cu\u00e1les son las etapas de la enfermedad y c\u00f3mo corregirlas, incluye una gu\u00eda de autodiagn\u00f3stico. <\/p>\n<p>Conocer\u00e1s cu\u00e1les alimentos y sabores te benefician y mejoran tu salud y cu\u00e1les al contrario seguramente te est\u00e1n haciendo un desbalance en todo tu cuerpo y psiquis. Incluye una gu\u00eda de alimentaci\u00f3n ayurveda por dosha.<\/p>\n<p>Aprender\u00e1s a identificar a tiempo cuando entras en desequilibrio o enfermedad con ejercicios pr\u00e1cticos que propone el ayurveda.<\/p>\n<p>Encontrar\u00e1s un paso a paso desde lo m\u00e1s b\u00e1sico hasta la nutrici\u00f3n que seguramente te ayudar\u00e1 a recuperar la salud que por desconocimiento sufres d\u00eda a d\u00eda. <\/p>\n<p>Conocer\u00e1s tu ser de una manera m\u00e1s hol\u00edstica, aprender\u00e1s c\u00f3mo eres y qu\u00e9 comportamientos o alimentos hacen que entres en desbalance o enfermedad.<\/p>\n<p>Identificar\u00e1s a tiempo algunas se\u00f1ales que te mostrar\u00e1n que debes poder atenci\u00f3n a tu salud y seguramente evitar complicaciones m\u00e1s adelante.<\/p>\n<p>Acceder\u00e1s al certificado avalado por Hotmart y Seminarios Online.<\/p>\n<p>\u00bfC\u00d3MO LO VAS A LOGRAR?<\/p>\n<p>Aprender\u00e1s a trav\u00e9s de los siguientes m\u00f3dulos:<\/p>\n<p>M\u00f3dulo 1<\/p>\n<p>1.1 Video 1 Origenes.<br \/>\n1.2 Video 2 Los objetivos de la realizaci\u00f3n del ser.<\/p>\n<p>M\u00f3dulo 2<\/p>\n<p>2.1 Video 3 Microcosmos, macrocosmos y elementos.<br \/>\n2.2 Video 4 Doshas.<\/p>\n<p>M\u00f3dulo 3<\/p>\n<p>3.1 Video 5 Vata Dosha.<br \/>\n3.2 Video 6 Kapha Dosha.<br \/>\n3.3 Video 7 Pitta Dosha.<\/p>\n<p>M\u00f3dulo 4<\/p>\n<p>4.1 Video 8 Origen de la enfermedad.<br \/>\n4.2 Video 9 AGNI fuego digestivo.<br \/>\n4.3 Video 10 DATHUS y 6 etapas de la enfermedad.<br \/>\n4.4 Video 11 Conclusion Doshas.<\/p>\n<p>M\u00f3dulo 5<\/p>\n<p>5.1 Video 12 Alimentaci\u00f3n consciente.<br \/>\n5.2 Video 13 Seis Sabores Ayurveda.<\/p>\n<p>M\u00f3dulo 6<\/p>\n<p>6.1 Video 14 10 secretos de la rutina Ayurveda.<\/p>\n<p>M\u00f3dulo 7<\/p>\n<p>BONUS 4 Workbooks para que descargues:<\/p>\n<p>7.1 Bono 1 Dosha Test Ayurveda PDF.<br \/>\n7.2 Bono 2 Gu\u00eda Doshas PDF.<br \/>\n7.3 Bono 3 Gu\u00eda Autodiagn\u00f3stico PDF.<br \/>\n7.4 Bono 4 Gu\u00eda Alimentaci\u00f3n Ayurveda por Dosha + especias sanadoras PDF.<br \/>\n7.5 Video 15 Bono 5 Programaci\u00f3n neuroling\u00fc\u00edstica (PNL) personalidades y comunicaci\u00f3n.<\/p>\n<p>ACERCA DE LOS PRODUCTORES <\/p>\n<p>Este curso es desarrollado por la escuela de desarrollo personal y espiritual Crece desde el interior.<\/p>\n<p>WAYNE ANTHONY TRIANA<\/p>\n<p>Entrenador y master en PNL empresarial, Neurofisiolog\u00eda enfocada a la salud, experto en comportamiento humano, Sanador Pr\u00e1nico, Arhat Yogui, Astr\u00f3logo, practicante ayurveda certificado en Rishikersh, India por el centro de Maharishi, estudios especializados del Chopra center liderado por Deepak Chopra.<\/p>\n<p>Conferencista con m\u00e1s de 8 a\u00f1os de experiencia, creador de glamping domos un lugar de sanaci\u00f3n aplicando la geometr\u00eda sagrada y fundador de crece desde el interior. <\/p>\n<p>Enfocado al desarrollo personal y espiritual de las personas.<\/p>\n<p>XIMENA PARRA<\/p>\n<p>Astr\u00f3loga, Sanadora pr\u00e1nica, Arhat Yogui. Practicante zazen, y practicante ayurveda certificado en Rishikersh, India por el centro de Maharishi, estudios especializados del Chopra center liderado por Deepak Chopra y en Dharamshala en budismo tibetano.<\/p>\n<p>Fundadora de crece desde el interior. <\/p>\n<p>Con experiencia de m\u00e1s de 5 a\u00f1os en multinacionales lo que la ayud\u00f3 a tener una visi\u00f3n m\u00e1s hol\u00edstica de todos los aspectos de la vida para ayudar a las personas en desarrollo personal y espiritual.<\/p>\n","protected":false},"excerpt":{"rendered":"<p>\u00bfQuieres tener claridad sobre tu personalidad, estado f\u00edsico y cu\u00e1les alimentos son los que te ayudan a tener una vida en equilibrio?<\/p>\n<p>Con el MasterClass AYURVEDA PARA EL AUTOCONOCIMIENTO, aprende una sabidur\u00eda milenaria desarrollada por los grandes Maestros de la india a partir del Yoga.<\/p>\n<p>Recon\u00e9ctate para que tengas una vida m\u00e1s sana y plena. <\/p>\n<p>Con una gu\u00eda de autodiagn\u00f3stico, descubre la enfermedad que padeces para saber c\u00f3mo corregirla.<\/p>\n<p>Conoce los alimentos y los ejercicios que te llevan a encontrar ese balance ideal entre la mente y el cuerpo.<\/p>\n","protected":false},"featured_media":5187,"template":"","meta":{"_joinchat":[]},"product_brand":[],"product_cat":[337,344],"product_tag":[],"class_list":{"0":"post-13586","1":"product","2":"type-product","3":"status-publish","4":"has-post-thumbnail","6":"product_cat-salud-y-deportes","7":"product_cat-todos","9":"first","10":"instock","11":"sale","12":"shipping-taxable","13":"product-type-external"},"_links":{"self":[{"href":"https:\/\/cursos.talentup.cl\/index.php?rest_route=\/wp\/v2\/product\/13586","targetHints":{"allow":["GET"]}}],"collection":[{"href":"https:\/\/cursos.talentup.cl\/index.php?rest_route=\/wp\/v2\/product"}],"about":[{"href":"https:\/\/cursos.talentup.cl\/index.php?rest_route=\/wp\/v2\/types\/product"}],"version-history":[{"count":2,"href":"https:\/\/cursos.talentup.cl\/index.php?rest_route=\/wp\/v2\/product\/13586\/revisions"}],"predecessor-version":[{"id":15084,"href":"https:\/\/cursos.talentup.cl\/index.php?rest_route=\/wp\/v2\/product\/13586\/revisions\/15084"}],"wp:featuredmedia":[{"embeddable":true,"href":"https:\/\/cursos.talentup.cl\/index.php?rest_route=\/wp\/v2\/media\/5187"}],"wp:attachment":[{"href":"https:\/\/cursos.talentup.cl\/index.php?rest_route=%2Fwp%2Fv2%2Fmedia&parent=13586"}],"wp:term":[{"taxonomy":"product_brand","embeddable":true,"href":"https:\/\/cursos.talentup.cl\/index.php?rest_route=%2Fwp%2Fv2%2Fproduct_brand&post=13586"},{"taxonomy":"product_cat","embeddable":true,"href":"https:\/\/cursos.talentup.cl\/index.php?rest_route=%2Fwp%2Fv2%2Fproduct_cat&post=13586"},{"taxonomy":"product_tag","embeddable":true,"href":"https:\/\/cursos.talentup.cl\/index.php?rest_route=%2Fwp%2Fv2%2Fproduct_tag&post=13586"}],"curies":[{"name":"wp","href":"https:\/\/api.w.org\/{rel}","templated":true}]}}