{"id":13595,"date":"2023-01-10T04:42:38","date_gmt":"2023-01-10T07:42:38","guid":{"rendered":"https:\/\/cursos.talentup.cl\/?post_type=product&#038;p=13595"},"modified":"2024-02-07T23:38:55","modified_gmt":"2024-02-08T02:38:55","slug":"post-parto-saludable-training","status":"publish","type":"product","link":"https:\/\/cursos.talentup.cl\/?product=post-parto-saludable-training","title":{"rendered":"POST PARTO SALUDABLE TRAINING"},"content":{"rendered":"<p>\u00bfEstas embarazada o acabas de tener a tu bebe y deseas volver a sentirte segura y linda con tu cuerpo?      <\/p>\n<p>Los cambios corporales en este proceso son reales pero existe una forma de verte incre\u00edble.<\/p>\n<p>Con el programa POSPARTO SALUDABLE TRAINING, tienes una metodolog\u00eda para recuperar tu figura despu\u00e9s del embarazo.<\/p>\n<p>Fortalece tu suelo p\u00e9lvico y tu abdomen sin sufrir de depresi\u00f3n postparto. <\/p>\n<p>Enfoca tu mente en el ejercicio, produciendo las endorfinas que necesitas para sentirte mejor mientras controlas tu respiraci\u00f3n y tu postura corporal con un plan de entrenamiento especializado<\/p>\n<p>\u00bfQU\u00c9 VAS A LOGRAR?<\/p>\n<p>Tendr\u00e1s una metodolog\u00eda al alcance de tu mano, que te ayudar\u00e1 en el proceso de tu recuperaci\u00f3n posparto, desde el d\u00eda 1 en que tuviste a tu beb\u00e9.<\/p>\n<p>Lograr\u00e1s recudir la diastasa abdominal, fortalecer\u00e1s tu suelo p\u00e9lvico y recuperar\u00e1s tu per\u00edmetro abdominal.<\/p>\n<p>Evitar\u00e1s la depresi\u00f3n posparto, ya que tu mente estar\u00e1 enfocada en tu recuperaci\u00f3n, de una manera pr\u00e1ctica y divertida.<\/p>\n<p>Organizar\u00e1s tu tiempo sin descuidar a tu bebe y motiv\u00e1ndolo a trav\u00e9s de la actividad f\u00edsica.<\/p>\n<p>Aprender\u00e1s t\u00e9cnicas hipopresivas que te ayudaran a controlar tu respiraci\u00f3n, postura corporal, fortalecer tu cintur\u00f3n abdominal y suelo p\u00e9lvico.<\/p>\n<p>Tendr\u00e1s un plan de entrenamiento b\u00e1sico con ejercicios de bajo impacto, con el que lograr\u00e1s activar y fortalecer tu cuerpo una vez termine tu dieta (Cuarentena).<\/p>\n<p>Tendr\u00e1s un plan de entrenamiento intermedio con ejercicios funcionales, que te ayudar\u00e1n a tonificar tu cuerpo, sentirte m\u00e1s saludable y adquirir el h\u00e1bito de la actividad f\u00edsica.<\/p>\n<p>Recuperar\u00e1s tu autoestima y dejar\u00e1s a un lado las inseguridades causadas por tus cambios corporales.<\/p>\n<p>Acceder\u00e1s al certificado avalado por Hotmart y Seminarios Online.<\/p>\n<p>\u00bfC\u00d3MO LO VAS A LOGRAR?<\/p>\n<p>Temario del curso:<\/p>\n<p>1.\tBienvenida al programa.<br \/>\n2.\tRecomendaciones<br \/>\n3.\tDescubre los 10 pasos para recuperar tu figura despu\u00e9s del parto.<br \/>\n4.\tTest de evaluaci\u00f3n corporal.<br \/>\n5.\tEjercicios hipopresivos.<br \/>\n6.\tEjercicios de Kegel.<br \/>\n7.\tIntroducci\u00f3n nivel 1 rutinas de ejercicio.<br \/>\n8.\tD\u00eda 1 lunes tren inferior.<br \/>\n9.\tD\u00eda 2 martes tren superior.<br \/>\n10.\tD\u00eda 3 mi\u00e9rcoles ejercicios cardiovasculares.<br \/>\n11.\tD\u00eda 4 jueves ejercicios para gl\u00fateo.<br \/>\n12.\tD\u00eda 5 viernes ejercicios espalda, hombro y pectorales.<br \/>\n13.\tintroducci\u00f3n nivel 2.<br \/>\n14.\tD\u00eda 1 lunes ejercicios para pierna.<br \/>\n15.\tD\u00eda 2 martes ejercicios tren superior.<br \/>\n16.\tD\u00eda 3 mi\u00e9rcoles ejercicios cardiovasculares.<br \/>\n17.\tD\u00eda 4 jueves ejercicios para gl\u00fateo.<br \/>\n18.\tD\u00eda 5 viernes ejercicios funcionales.<br \/>\n19.\tDespedida y sorpresa especial.<\/p>\n<p>ACERCA DE LOS PRODUCTORES<\/p>\n<p>Desarrollado por NATALIA ALARC\u00d3N, Profesional en cultura f\u00edsica, deportista y bailarina y CRISTIAN ESPINOSA, amante de la actividad f\u00edsica, artista y bailar\u00edn profesional.<\/p>\n<p>Tienen m\u00e1s de 15 a\u00f1os de experiencia en estas \u00e1reas y le han ayudado a cientos de personas de distintas partes del mundo a mejorar su salud f\u00edsica y emocional.<\/p>\n<p>Crearon este curso basado en su experiencia personal luego de tener a su beb\u00e9 y desarrollaron una metodolog\u00eda de 10 pasos altamente efectiva, que les ayud\u00f3 en su recuperaci\u00f3n posparto, con resultados efectivos en menos de 3 MESES.<\/p>\n","protected":false},"excerpt":{"rendered":"<p>\u00bfEstas embarazada o acabas de tener a tu bebe y deseas volver a sentirte segura y linda con tu cuerpo?      <\/p>\n<p>Los cambios corporales en este proceso son reales pero existe una forma de verte incre\u00edble.<\/p>\n<p>Con el programa POSPARTO SALUDABLE TRAINING, tienes una metodolog\u00eda para recuperar tu figura despu\u00e9s del embarazo.<\/p>\n<p>Fortalece tu suelo p\u00e9lvico y tu abdomen sin sufrir de depresi\u00f3n postparto. <\/p>\n<p>Enfoca tu mente en el ejercicio, produciendo las endorfinas que necesitas para sentirte mejor mientras controlas tu respiraci\u00f3n y tu postura corporal con un plan de entrenamiento especializado<\/p>\n","protected":false},"featured_media":5197,"template":"","meta":{"_joinchat":[]},"product_brand":[],"product_cat":[337,344],"product_tag":[],"class_list":{"0":"post-13595","1":"product","2":"type-product","3":"status-publish","4":"has-post-thumbnail","6":"product_cat-salud-y-deportes","7":"product_cat-todos","9":"first","10":"instock","11":"sale","12":"shipping-taxable","13":"product-type-external"},"_links":{"self":[{"href":"https:\/\/cursos.talentup.cl\/index.php?rest_route=\/wp\/v2\/product\/13595","targetHints":{"allow":["GET"]}}],"collection":[{"href":"https:\/\/cursos.talentup.cl\/index.php?rest_route=\/wp\/v2\/product"}],"about":[{"href":"https:\/\/cursos.talentup.cl\/index.php?rest_route=\/wp\/v2\/types\/product"}],"version-history":[{"count":2,"href":"https:\/\/cursos.talentup.cl\/index.php?rest_route=\/wp\/v2\/product\/13595\/revisions"}],"predecessor-version":[{"id":15094,"href":"https:\/\/cursos.talentup.cl\/index.php?rest_route=\/wp\/v2\/product\/13595\/revisions\/15094"}],"wp:featuredmedia":[{"embeddable":true,"href":"https:\/\/cursos.talentup.cl\/index.php?rest_route=\/wp\/v2\/media\/5197"}],"wp:attachment":[{"href":"https:\/\/cursos.talentup.cl\/index.php?rest_route=%2Fwp%2Fv2%2Fmedia&parent=13595"}],"wp:term":[{"taxonomy":"product_brand","embeddable":true,"href":"https:\/\/cursos.talentup.cl\/index.php?rest_route=%2Fwp%2Fv2%2Fproduct_brand&post=13595"},{"taxonomy":"product_cat","embeddable":true,"href":"https:\/\/cursos.talentup.cl\/index.php?rest_route=%2Fwp%2Fv2%2Fproduct_cat&post=13595"},{"taxonomy":"product_tag","embeddable":true,"href":"https:\/\/cursos.talentup.cl\/index.php?rest_route=%2Fwp%2Fv2%2Fproduct_tag&post=13595"}],"curies":[{"name":"wp","href":"https:\/\/api.w.org\/{rel}","templated":true}]}}