{"id":13636,"date":"2023-01-10T04:42:43","date_gmt":"2023-01-10T07:42:43","guid":{"rendered":"https:\/\/cursos.talentup.cl\/?post_type=product&#038;p=13636"},"modified":"2024-02-07T23:38:56","modified_gmt":"2024-02-08T02:38:56","slug":"reto-dieta-en-24-horas","status":"publish","type":"product","link":"https:\/\/cursos.talentup.cl\/?product=reto-dieta-en-24-horas","title":{"rendered":"RETO DIETA EN 24 HORAS"},"content":{"rendered":"<p>\u00bfSab\u00edas que m\u00e1s del 90% de las personas que inician una dieta y la terminan abandonando despu\u00e9s del primer mes? <\/p>\n<p>Ocurre porque el plan de alimentaci\u00f3n es muy r\u00edgido. <\/p>\n<p>Con tanta presi\u00f3n f\u00edsica y psicol\u00f3gica es dif\u00edcil de soportar.<\/p>\n<p>Con este MasterClass PUEDES CREAR TU PROPIA DIETA EN 24 HORAS.<\/p>\n<p>\u00bfQU\u00c9 VAS A LOGRAR?<\/p>\n<p>Crear una dieta en 24 HORAS DESDE TU CASA.<\/p>\n<p>Revelar desde cero, estrategias f\u00e1ciles de seguir.<\/p>\n<p>Crear\u00e1s el plan de alimentaci\u00f3n de tus sue\u00f1os en 24 horas.<\/p>\n<p>Lograr\u00e1s a\u00f1adir tus antojos, llevando un estilo de vida saludable.<\/p>\n<p>Aprender\u00e1s a dise\u00f1ar una dieta sin sacrificios.<\/p>\n<p>Conocer\u00e1s las estrategias que utilizan famosos en su alimentaci\u00f3n, comiendo hamburguesas, pizza, chocolate, pasteles, entre otros.<\/p>\n<p>Incluir alimentos que de verdad te gustan y seguir perdiendo peso sin estancarte.<\/p>\n<p>Llevar una alimentaci\u00f3n sin dietas estrictas, ins\u00edpidas o aburridas que solo te permiten comer vegetales.<\/p>\n<p>Conocer estrategias poco reveladas de los entrenadores personales y nutricionistas, para hacer que sus asesorados pierdan peso m\u00e1s r\u00e1pido.<\/p>\n<p>Incluir las bebidas m\u00e1s recomendadas en un proceso de p\u00e9rdida de grasa, para que tu logres tus objetivos m\u00e1s r\u00e1pido.<\/p>\n<p>Las mejores recomendaciones basadas es los estudios cient\u00edficos m\u00e1s recientes, sobre la nutrici\u00f3n, la salud y el estilo de vida en general.<\/p>\n<p>Acceder al certificado descargable avalado por Hotmart y Seminarios Online.<\/p>\n<p>\u00bfC\u00d3MO LO VAS A LOGRAR?<\/p>\n<p>A trav\u00e9s de los siguientes m\u00f3dulos pr\u00e1cticos:<\/p>\n<p>Introducci\u00f3n al programa Crea Tu Dieta en 24 horas.<br \/>\nLa Pir\u00e1mide de la Nutrici\u00f3n.<br \/>\nCalcula tus calor\u00edas.<br \/>\nCalcula tus macronutrientes.<br \/>\nApp para contar tus calor\u00edas.<br \/>\nMide tus progresos.<br \/>\nLos 10 trucos para perder peso m\u00e1s r\u00e1pido.<br \/>\nLas 5 razones por las que te estancas (Clase Complementaria)<br \/>\nEl plato de Harvard<br \/>\nBebidas en tu dieta<br \/>\n5 claves para elegir tus alimentos<br \/>\nIdentifica el tipo de hambre (Clase complementaria)<br \/>\nMitos de la Nutrici\u00f3n (Clase Complementaria)<br \/>\nEntrenamiento para complementar tu dieta (Clase complementaria)<br \/>\nPierde grasa durmiendo (Clase complementaria)<\/p>\n<p>ACERCA DEL PRODUCTOR<\/p>\n<p>Desarrollado por Hamilton Montero, especialista en p\u00e9rdida de grasa para mejorar la salud. <\/p>\n<p>En su trayectoria, ha trabajado como asesor y entrenador de periodistas, escritores, empresarios, entre otras personalidades. Con m\u00e1s de 7 a\u00f1os de experiencia en el mundo deportivo, ha trabajado en algunos de los mejores gimnasios en Colombia. <\/p>\n<p>Egresado de la facultad de Educaci\u00f3n F\u00edsica de la Universidad Pedag\u00f3gica Nacional, Entrenador personal certificado, Diplomado en Entrenamiento Deportivo y Diplomado en Promoci\u00f3n de la Salud.<\/p>\n","protected":false},"excerpt":{"rendered":"<p>\u00bfSab\u00edas que m\u00e1s del 90% de las personas que inician una dieta y la terminan abandonando despu\u00e9s del primer mes? <\/p>\n<p>Ocurre porque el plan de alimentaci\u00f3n es muy r\u00edgido. <\/p>\n<p>Con tanta presi\u00f3n f\u00edsica y psicol\u00f3gica es dif\u00edcil de soportar.<\/p>\n<p>Con este MasterClass PUEDES CREAR TU PROPIA DIETA EN 24 HORAS.<\/p>\n","protected":false},"featured_media":5210,"template":"","meta":{"_joinchat":[]},"product_brand":[],"product_cat":[337,344],"product_tag":[],"class_list":{"0":"post-13636","1":"product","2":"type-product","3":"status-publish","4":"has-post-thumbnail","6":"product_cat-salud-y-deportes","7":"product_cat-todos","9":"first","10":"instock","11":"sale","12":"shipping-taxable","13":"product-type-external"},"_links":{"self":[{"href":"https:\/\/cursos.talentup.cl\/index.php?rest_route=\/wp\/v2\/product\/13636","targetHints":{"allow":["GET"]}}],"collection":[{"href":"https:\/\/cursos.talentup.cl\/index.php?rest_route=\/wp\/v2\/product"}],"about":[{"href":"https:\/\/cursos.talentup.cl\/index.php?rest_route=\/wp\/v2\/types\/product"}],"version-history":[{"count":2,"href":"https:\/\/cursos.talentup.cl\/index.php?rest_route=\/wp\/v2\/product\/13636\/revisions"}],"predecessor-version":[{"id":15107,"href":"https:\/\/cursos.talentup.cl\/index.php?rest_route=\/wp\/v2\/product\/13636\/revisions\/15107"}],"wp:featuredmedia":[{"embeddable":true,"href":"https:\/\/cursos.talentup.cl\/index.php?rest_route=\/wp\/v2\/media\/5210"}],"wp:attachment":[{"href":"https:\/\/cursos.talentup.cl\/index.php?rest_route=%2Fwp%2Fv2%2Fmedia&parent=13636"}],"wp:term":[{"taxonomy":"product_brand","embeddable":true,"href":"https:\/\/cursos.talentup.cl\/index.php?rest_route=%2Fwp%2Fv2%2Fproduct_brand&post=13636"},{"taxonomy":"product_cat","embeddable":true,"href":"https:\/\/cursos.talentup.cl\/index.php?rest_route=%2Fwp%2Fv2%2Fproduct_cat&post=13636"},{"taxonomy":"product_tag","embeddable":true,"href":"https:\/\/cursos.talentup.cl\/index.php?rest_route=%2Fwp%2Fv2%2Fproduct_tag&post=13636"}],"curies":[{"name":"wp","href":"https:\/\/api.w.org\/{rel}","templated":true}]}}